{"id":57284,"date":"2025-11-19T12:31:11","date_gmt":"2025-11-19T10:31:11","guid":{"rendered":"https:\/\/keluvo.com\/no\/produkt\/armlenebrett-i-bambus-til-sofa\/"},"modified":"2025-12-01T15:17:05","modified_gmt":"2025-12-01T13:17:05","slug":"armlenebrett-i-bambus-til-sofa","status":"publish","type":"product","link":"https:\/\/keluvo.com\/no\/produkt\/armlenebrett-i-bambus-til-sofa\/","title":{"rendered":"Armlenebrett i bambus til sofa"},"content":{"rendered":"<p style=\"text-align: center;\" data-start=\"0\" data-end=\"77\"><strong data-start=\"0\" data-end=\"77\">Nyt en stabil, stilig og plassbesparende overflate rett p\u00e5 sofaarmen. \u2615<\/strong><\/p>\n<p style=\"text-align: center;\" data-start=\"79\" data-end=\"334\">Dette armlenebrettet i bambus gir deg et praktisk sted for drinker, snacks, fjernkontroller eller telefonen &#8211; uten at du trenger et helt sidebord. Den buede designen, de hevede kantene og den sklisikre strukturen holder det viktigste trygt og innen rekkevidde mens du slapper av.<\/p>\n<p data-start=\"79\" data-end=\"334\"><img fetchpriority=\"high\" decoding=\"async\" class=\"size-full wp-image-41696 aligncenter\" src=\"https:\/\/keluvo.com\/template\/wp-content\/uploads\/sites\/5\/2025\/11\/10225-ezgif.com-video-to-webp-converter-5.webp\" alt=\"\" width=\"500\" height=\"500\" \/><\/p>\n<h2 style=\"text-align: center;\" data-start=\"341\" data-end=\"362\"><strong>Hovedfordeler<\/strong><\/h2>\n<p data-start=\"365\" data-end=\"466\">\ud83c\udf43 Avrundet design for sikkerhet &#8211; Jevne kurver forhindrer st\u00f8t og gj\u00f8r det tryggere enn firkantede brett.<\/p>\n<p data-start=\"469\" data-end=\"557\">\ud83d\udd12 Hevede kanter for sikkerhet &#8211; Holder drinker, snacks og enheter fra \u00e5 skli av.<\/p>\n<p data-start=\"560\" data-end=\"654\">\u2615 Komfortabel og praktisk &#8211; Gir en jevn, stabil overflate akkurat der du trenger det.<\/p>\n<p data-start=\"657\" data-end=\"755\">\ud83e\udde9 Plassbesparende l\u00f8sning &#8211; Erstatter klumpete sidebord og kan enkelt brettes sammen n\u00e5r det ikke er i bruk.<\/p>\n<p data-start=\"758\" data-end=\"846\">\ud83e\udeb5 Milj\u00f8vennlig og slitesterk &#8211; Laget av sterk bambus for langvarig hverdagsbruk.<\/p>\n<p data-start=\"849\" data-end=\"946\">\ud83d\udecb\ufe0f Sklisikker og stabil &#8211; Holder seg godt p\u00e5 plass p\u00e5 sofaarmen, selv ved sm\u00e5 bevegelser.<\/p>\n<p data-start=\"849\" data-end=\"946\"><img decoding=\"async\" class=\"size-full wp-image-41700 aligncenter\" src=\"https:\/\/keluvo.com\/template\/wp-content\/uploads\/sites\/5\/2025\/11\/8e7fc96237e07fa44c7aa478b8d4d382f0ad045b-700.avif\" alt=\"\" \/><\/p>\n<h2 style=\"text-align: center;\" data-start=\"953\" data-end=\"972\"><strong>Slik Bruker Du Det<\/strong><\/h2>\n<ol data-start=\"973\" data-end=\"1159\">\n<li data-start=\"973\" data-end=\"1016\">\n<p data-start=\"976\" data-end=\"1016\">Plasser brettet over armlenet i sofaen.<\/p>\n<\/li>\n<li data-start=\"1017\" data-end=\"1055\">\n<p data-start=\"1020\" data-end=\"1055\">Juster det slik at det sitter flatt og stabilt.<\/p>\n<\/li>\n<li data-start=\"1056\" data-end=\"1109\">\n<p data-start=\"1059\" data-end=\"1109\">Sett drikke, snacks, fjernkontroll eller enhet p\u00e5 toppen.<\/p>\n<\/li>\n<li data-start=\"1110\" data-end=\"1159\">\n<p data-start=\"1113\" data-end=\"1159\">Brett eller oppbevar brettet n\u00e5r det ikke er i bruk.<\/p>\n<\/li>\n<\/ol>\n<h2 style=\"text-align: center;\" data-start=\"1166\" data-end=\"1190\"><strong>Produktdetaljer<\/strong><\/h2>\n<ul data-start=\"1191\" data-end=\"1368\">\n<li data-start=\"1191\" data-end=\"1218\">\n<p data-start=\"1193\" data-end=\"1218\">Materiale: Bambus + tre<\/p>\n<\/li>\n<li data-start=\"1219\" data-end=\"1234\">\n<p data-start=\"1221\" data-end=\"1234\">St\u00f8rrelse: 25 cm<\/p>\n<\/li>\n<li data-start=\"1235\" data-end=\"1252\">\n<p data-start=\"1237\" data-end=\"1252\">Vekt: 423 g<\/p>\n<\/li>\n<li data-start=\"1253\" data-end=\"1309\">\n<p data-start=\"1255\" data-end=\"1309\">Design: Avrundede kanter, hevede kanter, sklisikker base<\/p>\n<\/li>\n<li data-start=\"1310\" data-end=\"1368\">\n<p data-start=\"1312\" data-end=\"1368\">Bruk: Sofa armlener, sofasiden, stue bekvemmelighet<\/p>\n<\/li>\n<\/ul>\n<h2 style=\"text-align: center;\" data-start=\"1375\" data-end=\"1400\"><strong>Pakken inkluderer<\/strong><\/h2>\n<ul data-start=\"1401\" data-end=\"1433\">\n<li data-start=\"1401\" data-end=\"1433\">\n<p data-start=\"1403\" data-end=\"1433\">1x bambus sofa armlenebrett.<\/p>\n<\/li>\n<\/ul>\n","protected":false},"excerpt":{"rendered":"<p>Nyt en stabil, stilig og plassbesparende overflate rett p\u00e5 sofaarmen. \u2615 Dette armlenebrettet i bambus gir deg et praktisk sted [&hellip;]<\/p>\n","protected":false},"featured_media":57280,"comment_status":"open","ping_status":"closed","template":"","meta":{"site-sidebar-layout":"default","site-content-layout":"","ast-site-content-layout":"default","site-content-style":"default","site-sidebar-style":"default","ast-global-header-display":"","ast-banner-title-visibility":"","ast-main-header-display":"","ast-hfb-above-header-display":"","ast-hfb-below-header-display":"","ast-hfb-mobile-header-display":"","site-post-title":"","ast-breadcrumbs-content":"","ast-featured-img":"","footer-sml-layout":"","theme-transparent-header-meta":"default","adv-header-id-meta":"","stick-header-meta":"","header-above-stick-meta":"","header-main-stick-meta":"","header-below-stick-meta":"","astra-migrate-meta-layouts":"set","ast-page-background-enabled":"default","ast-page-background-meta":{"desktop":{"background-color":"var(--ast-global-color-4)","background-image":"","background-repeat":"repeat","background-position":"center center","background-size":"auto","background-attachment":"scroll","background-type":"","background-media":"","overlay-type":"","overlay-color":"","overlay-opacity":"","overlay-gradient":""},"tablet":{"background-color":"","background-image":"","background-repeat":"repeat","background-position":"center center","background-size":"auto","background-attachment":"scroll","background-type":"","background-media":"","overlay-type":"","overlay-color":"","overlay-opacity":"","overlay-gradient":""},"mobile":{"background-color":"","background-image":"","background-repeat":"repeat","background-position":"center center","background-size":"auto","background-attachment":"scroll","background-type":"","background-media":"","overlay-type":"","overlay-color":"","overlay-opacity":"","overlay-gradient":""}},"ast-content-background-meta":{"desktop":{"background-color":"var(--ast-global-color-5)","background-image":"","background-repeat":"repeat","background-position":"center center","background-size":"auto","background-attachment":"scroll","background-type":"","background-media":"","overlay-type":"","overlay-color":"","overlay-opacity":"","overlay-gradient":""},"tablet":{"background-color":"var(--ast-global-color-5)","background-image":"","background-repeat":"repeat","background-position":"center center","background-size":"auto","background-attachment":"scroll","background-type":"","background-media":"","overlay-type":"","overlay-color":"","overlay-opacity":"","overlay-gradient":""},"mobile":{"background-color":"var(--ast-global-color-5)","background-image":"","background-repeat":"repeat","background-position":"center center","background-size":"auto","background-attachment":"scroll","background-type":"","background-media":"","overlay-type":"","overlay-color":"","overlay-opacity":"","overlay-gradient":""}}},"product_brand":[],"product_cat":[1001],"product_tag":[],"class_list":{"0":"post-57284","1":"product","2":"type-product","3":"status-publish","4":"has-post-thumbnail","6":"product_cat-husholdningsartikler","7":"desktop-align-left","8":"tablet-align-left","9":"mobile-align-left","11":"first","12":"instock","13":"shipping-taxable","14":"purchasable","15":"product-type-simple"},"_links":{"self":[{"href":"https:\/\/keluvo.com\/no\/wp-json\/wp\/v2\/product\/57284","targetHints":{"allow":["GET"]}}],"collection":[{"href":"https:\/\/keluvo.com\/no\/wp-json\/wp\/v2\/product"}],"about":[{"href":"https:\/\/keluvo.com\/no\/wp-json\/wp\/v2\/types\/product"}],"replies":[{"embeddable":true,"href":"https:\/\/keluvo.com\/no\/wp-json\/wp\/v2\/comments?post=57284"}],"wp:featuredmedia":[{"embeddable":true,"href":"https:\/\/keluvo.com\/no\/wp-json\/wp\/v2\/media\/57280"}],"wp:attachment":[{"href":"https:\/\/keluvo.com\/no\/wp-json\/wp\/v2\/media?parent=57284"}],"wp:term":[{"taxonomy":"product_brand","embeddable":true,"href":"https:\/\/keluvo.com\/no\/wp-json\/wp\/v2\/product_brand?post=57284"},{"taxonomy":"product_cat","embeddable":true,"href":"https:\/\/keluvo.com\/no\/wp-json\/wp\/v2\/product_cat?post=57284"},{"taxonomy":"product_tag","embeddable":true,"href":"https:\/\/keluvo.com\/no\/wp-json\/wp\/v2\/product_tag?post=57284"}],"curies":[{"name":"wp","href":"https:\/\/api.w.org\/{rel}","templated":true}]}}