{"id":57243,"date":"2025-11-19T12:28:58","date_gmt":"2025-11-19T10:28:58","guid":{"rendered":"https:\/\/keluvo.com\/no\/produkt\/hansker-for-vektlofting-2-par\/"},"modified":"2025-12-01T15:16:52","modified_gmt":"2025-12-01T13:16:52","slug":"hansker-for-vektlofting-2-par","status":"publish","type":"product","link":"https:\/\/keluvo.com\/no\/produkt\/hansker-for-vektlofting-2-par\/","title":{"rendered":"Hansker for vektl\u00f8fting (2 par)"},"content":{"rendered":"<p style=\"text-align: center;\" data-start=\"0\" data-end=\"45\"><strong data-start=\"0\" data-end=\"45\">L\u00f8ft Tyngre Med Et Sterkere Og Tryggere Grep. \ud83c\udfcb\ufe0f<\/strong><\/p>\n<p style=\"text-align: center;\" data-start=\"47\" data-end=\"294\">Disse vektl\u00f8fterhansker er designet for \u00e5 hjelpe deg med \u00e5 l\u00f8fte med selvtillit. Den ergonomiske silikonutformingen passer naturlig i h\u00e5ndflaten din, \u00f8ker grepstyrken og reduserer glidning under tunge trenings\u00f8kter, noe som gj\u00f8r hver rep tryggere og mer komfortabel.<\/p>\n<p data-start=\"47\" data-end=\"294\"><img fetchpriority=\"high\" decoding=\"async\" class=\"size-full wp-image-41667 aligncenter\" src=\"https:\/\/keluvo.com\/template\/wp-content\/uploads\/sites\/5\/2025\/11\/10223-ezgif.com-video-to-webp-converter-5.webp\" alt=\"\" width=\"500\" height=\"500\" \/><\/p>\n<h2 style=\"text-align: center;\" data-start=\"301\" data-end=\"322\">\u2b50 Hovedfordeler<\/h2>\n<p data-start=\"325\" data-end=\"408\">\ud83d\udcaa Sterkere grep &#8211; Silikontekstur \u00f8ker friksjonen og forhindrer glidning.<\/p>\n<p data-start=\"411\" data-end=\"515\">\ud83e\udde4 Komfortabelt design &#8211; Buet form passer til h\u00e5ndflaten og fingrene for et naturlig, komfortabelt grep.<\/p>\n<p data-start=\"518\" data-end=\"634\">\ud83c\udfcb\ufe0f Perfekt for enhver trenings\u00f8kt &#8211; Ideell for vektl\u00f8fting, kroppsbygging, styrketrening og vektstang\u00f8velser.<\/p>\n<p data-start=\"637\" data-end=\"733\">\u2728 Forbedrer h\u00e5ndstyrken &#8211; Hjelper med \u00e5 bygge styrke og fleksibilitet i fingre, h\u00e5ndledd og underarm.<\/p>\n<p data-start=\"736\" data-end=\"827\">\ud83c\udf92 Lett \u00e5 ta med &#8211; Universell st\u00f8rrelse og leveres med en oppbevaringspose for bruk p\u00e5 treningssenteret eller hjemme.<\/p>\n<p data-start=\"736\" data-end=\"827\"><img decoding=\"async\" class=\" wp-image-41668 aligncenter\" src=\"https:\/\/keluvo.com\/template\/wp-content\/uploads\/sites\/5\/2025\/11\/73964b11d09f91ae64e3440c00d2752bfe112573.webp\" alt=\"\" width=\"502\" height=\"342\" \/><\/p>\n<h2 style=\"text-align: center;\" data-start=\"834\" data-end=\"853\">\ud83d\udd27 Slik Bruker Du<\/h2>\n<ol data-start=\"854\" data-end=\"1072\">\n<li data-start=\"854\" data-end=\"891\">\n<p data-start=\"857\" data-end=\"891\">Gli h\u00e5ndtakene p\u00e5 h\u00e5ndflatene dine.<\/p>\n<\/li>\n<li data-start=\"892\" data-end=\"959\">\n<p data-start=\"895\" data-end=\"959\">Legg hendene p\u00e5 vektstangen, manualen eller maskinh\u00e5ndtakene.<\/p>\n<\/li>\n<li data-start=\"960\" data-end=\"1017\">\n<p data-start=\"963\" data-end=\"1017\">L\u00f8ft som vanlig mens du nyter ekstra grep og kontroll.<\/p>\n<\/li>\n<li data-start=\"1018\" data-end=\"1072\">\n<p data-start=\"1021\" data-end=\"1072\">Etter trening, oppbevar dem i den medf\u00f8lgende posen.<\/p>\n<\/li>\n<\/ol>\n<h2 style=\"text-align: center;\" data-start=\"1079\" data-end=\"1103\">\ud83d\udccc Produktdetaljer<\/h2>\n<ul data-start=\"1104\" data-end=\"1217\">\n<li data-start=\"1104\" data-end=\"1126\">\n<p data-start=\"1106\" data-end=\"1126\">Materiale: Silikon<\/p>\n<\/li>\n<li data-start=\"1127\" data-end=\"1153\">\n<p data-start=\"1129\" data-end=\"1153\">St\u00f8rrelse: 9,1 x 4,3 x 2 cm<\/p>\n<\/li>\n<li data-start=\"1154\" data-end=\"1172\">\n<p data-start=\"1156\" data-end=\"1172\">Kj\u00f8nn: Unisex<\/p>\n<\/li>\n<li data-start=\"1173\" data-end=\"1217\">\n<p data-start=\"1175\" data-end=\"1217\">Funksjoner: Sklisikre, ergonomiske, b\u00e6rbare<\/p>\n<\/li>\n<\/ul>\n<h2 style=\"text-align: center;\" data-start=\"1224\" data-end=\"1249\">\ud83c\udf81 Pakken inneholder<\/h2>\n<ul data-start=\"1250\" data-end=\"1284\">\n<li data-start=\"1250\" data-end=\"1284\">\n<p data-start=\"1252\" data-end=\"1284\">2x par vektl\u00f8ftergrep (4 stk).<\/p>\n<\/li>\n<\/ul>\n","protected":false},"excerpt":{"rendered":"<p>L\u00f8ft Tyngre Med Et Sterkere Og Tryggere Grep. \ud83c\udfcb\ufe0f Disse vektl\u00f8fterhansker er designet for \u00e5 hjelpe deg med \u00e5 l\u00f8fte [&hellip;]<\/p>\n","protected":false},"featured_media":57239,"comment_status":"open","ping_status":"closed","template":"","meta":{"site-sidebar-layout":"default","site-content-layout":"","ast-site-content-layout":"default","site-content-style":"default","site-sidebar-style":"default","ast-global-header-display":"","ast-banner-title-visibility":"","ast-main-header-display":"","ast-hfb-above-header-display":"","ast-hfb-below-header-display":"","ast-hfb-mobile-header-display":"","site-post-title":"","ast-breadcrumbs-content":"","ast-featured-img":"","footer-sml-layout":"","theme-transparent-header-meta":"default","adv-header-id-meta":"","stick-header-meta":"","header-above-stick-meta":"","header-main-stick-meta":"","header-below-stick-meta":"","astra-migrate-meta-layouts":"set","ast-page-background-enabled":"default","ast-page-background-meta":{"desktop":{"background-color":"var(--ast-global-color-4)","background-image":"","background-repeat":"repeat","background-position":"center center","background-size":"auto","background-attachment":"scroll","background-type":"","background-media":"","overlay-type":"","overlay-color":"","overlay-opacity":"","overlay-gradient":""},"tablet":{"background-color":"","background-image":"","background-repeat":"repeat","background-position":"center center","background-size":"auto","background-attachment":"scroll","background-type":"","background-media":"","overlay-type":"","overlay-color":"","overlay-opacity":"","overlay-gradient":""},"mobile":{"background-color":"","background-image":"","background-repeat":"repeat","background-position":"center center","background-size":"auto","background-attachment":"scroll","background-type":"","background-media":"","overlay-type":"","overlay-color":"","overlay-opacity":"","overlay-gradient":""}},"ast-content-background-meta":{"desktop":{"background-color":"var(--ast-global-color-5)","background-image":"","background-repeat":"repeat","background-position":"center center","background-size":"auto","background-attachment":"scroll","background-type":"","background-media":"","overlay-type":"","overlay-color":"","overlay-opacity":"","overlay-gradient":""},"tablet":{"background-color":"var(--ast-global-color-5)","background-image":"","background-repeat":"repeat","background-position":"center center","background-size":"auto","background-attachment":"scroll","background-type":"","background-media":"","overlay-type":"","overlay-color":"","overlay-opacity":"","overlay-gradient":""},"mobile":{"background-color":"var(--ast-global-color-5)","background-image":"","background-repeat":"repeat","background-position":"center center","background-size":"auto","background-attachment":"scroll","background-type":"","background-media":"","overlay-type":"","overlay-color":"","overlay-opacity":"","overlay-gradient":""}}},"product_brand":[],"product_cat":[999],"product_tag":[],"class_list":{"0":"post-57243","1":"product","2":"type-product","3":"status-publish","4":"has-post-thumbnail","6":"product_cat-sportsutstyr","7":"pa_52016_uvbzs722-bla","8":"pa_52016_uvbzs722-gra","9":"pa_52016_uvbzs722-gronn","10":"pa_52016_uvbzs722-rosa","11":"pa_52016_uvbzs722-svart","12":"desktop-align-left","13":"tablet-align-left","14":"mobile-align-left","16":"first","17":"instock","18":"shipping-taxable","19":"purchasable","20":"product-type-variable"},"_links":{"self":[{"href":"https:\/\/keluvo.com\/no\/wp-json\/wp\/v2\/product\/57243","targetHints":{"allow":["GET"]}}],"collection":[{"href":"https:\/\/keluvo.com\/no\/wp-json\/wp\/v2\/product"}],"about":[{"href":"https:\/\/keluvo.com\/no\/wp-json\/wp\/v2\/types\/product"}],"replies":[{"embeddable":true,"href":"https:\/\/keluvo.com\/no\/wp-json\/wp\/v2\/comments?post=57243"}],"wp:featuredmedia":[{"embeddable":true,"href":"https:\/\/keluvo.com\/no\/wp-json\/wp\/v2\/media\/57239"}],"wp:attachment":[{"href":"https:\/\/keluvo.com\/no\/wp-json\/wp\/v2\/media?parent=57243"}],"wp:term":[{"taxonomy":"product_brand","embeddable":true,"href":"https:\/\/keluvo.com\/no\/wp-json\/wp\/v2\/product_brand?post=57243"},{"taxonomy":"product_cat","embeddable":true,"href":"https:\/\/keluvo.com\/no\/wp-json\/wp\/v2\/product_cat?post=57243"},{"taxonomy":"product_tag","embeddable":true,"href":"https:\/\/keluvo.com\/no\/wp-json\/wp\/v2\/product_tag?post=57243"}],"curies":[{"name":"wp","href":"https:\/\/api.w.org\/{rel}","templated":true}]}}