{"id":57214,"date":"2025-11-19T12:27:40","date_gmt":"2025-11-19T10:27:40","guid":{"rendered":"https:\/\/keluvo.com\/no\/produkt\/multifunksjonell-sterkt-absorberende-svamp\/"},"modified":"2025-11-21T19:22:47","modified_gmt":"2025-11-21T17:22:47","slug":"multifunksjonell-sterkt-absorberende-svamp","status":"publish","type":"product","link":"https:\/\/keluvo.com\/no\/produkt\/multifunksjonell-sterkt-absorberende-svamp\/","title":{"rendered":"Multifunksjonell, sterkt absorberende svamp"},"content":{"rendered":"<p style=\"text-align: center;\" data-start=\"0\" data-end=\"58\"><strong data-start=\"0\" data-end=\"58\">Dyp Rengj\u00f8ring Av Alle Overflater Med Kraftig Vannabsorpsjon. \ud83e\uddfd<\/strong><\/p>\n<p style=\"text-align: center;\" data-start=\"60\" data-end=\"295\">Denne multifunksjonelle, sterkt absorberende svampen gj\u00f8r den daglige rengj\u00f8ringen raskere og enklere. Med sitt myke PVA-materiale og h\u00f8ye vannabsorpsjonsevne fjerner den smuss, st\u00f8v og s\u00f8l p\u00e5 sekunder &#8211; perfekt for kj\u00f8kken, hjem og bil.<\/p>\n<p data-start=\"60\" data-end=\"295\"><img decoding=\"async\" class=\"size-full wp-image-41637 aligncenter\" src=\"https:\/\/keluvo.com\/template\/wp-content\/uploads\/sites\/5\/2025\/11\/10222-ezgif.com-video-to-webp-converter-5.webp\" alt=\"\" \/><\/p>\n<h2 style=\"text-align: center;\" data-start=\"302\" data-end=\"324\">\ud83c\udf1f Hovedfordeler<\/h2>\n<p data-start=\"327\" data-end=\"411\">\ud83d\udca7 Superabsorberende &#8211; Tette PVA-porer suger opp store mengder vann umiddelbart.<\/p>\n<p data-start=\"414\" data-end=\"495\">\ud83e\uddfd Myk, men slitesterk &#8211; Sk\u00e5nsom mot overflater, men t\u00f8ff nok til gjentatt bruk.<\/p>\n<p data-start=\"498\" data-end=\"591\">\ud83d\udd04 Gjenbrukbar design &#8211; Bare bl\u00f8tlegg for \u00e5 myke opp, skyll etter bruk og bruk igjen og igjen.<\/p>\n<p data-start=\"594\" data-end=\"672\">\ud83c\udf00 U-formet rille &#8211; Hjelper med \u00e5 fange opp st\u00f8v, smuler og partikler lettere.<\/p>\n<p data-start=\"675\" data-end=\"769\">\ud83c\udfe0 Allsidig &#8211; Perfekt for gryter, vasker, ovner, vinduer, ventilasjons\u00e5pninger, persienner, biler og mer.<\/p>\n<p data-start=\"675\" data-end=\"769\"><img decoding=\"async\" class=\"size-full wp-image-41638 aligncenter\" src=\"https:\/\/keluvo.com\/template\/wp-content\/uploads\/sites\/5\/2025\/11\/61c526c6e9094d1270a5944f3a3dd7fca7171a13-700.avif\" alt=\"\" \/><\/p>\n<h2 style=\"text-align: center;\" data-start=\"776\" data-end=\"796\">\ud83d\udee0\ufe0f Slik Bruker Du<\/h2>\n<ol data-start=\"797\" data-end=\"982\">\n<li data-start=\"797\" data-end=\"848\">\n<p data-start=\"800\" data-end=\"848\">Sett svampen i bl\u00f8t i vann til den er helt myk.<\/p>\n<\/li>\n<li data-start=\"849\" data-end=\"879\">\n<p data-start=\"852\" data-end=\"879\">Klem ut overfl\u00f8dig vann.<\/p>\n<\/li>\n<li data-start=\"880\" data-end=\"931\">\n<p data-start=\"883\" data-end=\"931\">T\u00f8rk av overflater for \u00e5 fjerne st\u00f8v, smuss eller s\u00f8l.<\/p>\n<\/li>\n<li data-start=\"932\" data-end=\"982\">\n<p data-start=\"935\" data-end=\"982\">Skyll etter bruk og la den t\u00f8rke til neste gang.<\/p>\n<\/li>\n<\/ol>\n<h2 style=\"text-align: center;\" data-start=\"989\" data-end=\"1013\">\ud83d\udccc Produktdetaljer<\/h2>\n<ul data-start=\"1014\" data-end=\"1209\">\n<li data-start=\"1014\" data-end=\"1038\">\n<p data-start=\"1016\" data-end=\"1038\">Materiale: PVA-svamp<\/p>\n<\/li>\n<li data-start=\"1081\" data-end=\"1131\">\n<p data-start=\"1083\" data-end=\"1131\">St\u00f8rrelse: 10,5 x 5,5 x 4,5 cm<\/p>\n<\/li>\n<li data-start=\"1132\" data-end=\"1209\">\n<p data-start=\"1134\" data-end=\"1209\">Funksjoner: H\u00f8y absorpsjon, gjenbrukbar, myk tekstur, U-formet spordesign<\/p>\n<\/li>\n<\/ul>\n<h2 style=\"text-align: center;\" data-start=\"1216\" data-end=\"1241\">\ud83c\udf81 Pakken inneholder<\/h2>\n<ul data-start=\"1242\" data-end=\"1287\">\n<li data-start=\"1242\" data-end=\"1287\">\n<p data-start=\"1244\" data-end=\"1287\">5, 10, 15x multifunksjonelle sterkt absorberende svamper.<\/p>\n<\/li>\n<\/ul>\n","protected":false},"excerpt":{"rendered":"<p>Dyp Rengj\u00f8ring Av Alle Overflater Med Kraftig Vannabsorpsjon. \ud83e\uddfd Denne multifunksjonelle, sterkt absorberende svampen gj\u00f8r den daglige rengj\u00f8ringen raskere og [&hellip;]<\/p>\n","protected":false},"featured_media":57210,"comment_status":"open","ping_status":"closed","template":"","meta":{"site-sidebar-layout":"default","site-content-layout":"","ast-site-content-layout":"default","site-content-style":"default","site-sidebar-style":"default","ast-global-header-display":"","ast-banner-title-visibility":"","ast-main-header-display":"","ast-hfb-above-header-display":"","ast-hfb-below-header-display":"","ast-hfb-mobile-header-display":"","site-post-title":"","ast-breadcrumbs-content":"","ast-featured-img":"","footer-sml-layout":"","theme-transparent-header-meta":"default","adv-header-id-meta":"","stick-header-meta":"","header-above-stick-meta":"","header-main-stick-meta":"","header-below-stick-meta":"","astra-migrate-meta-layouts":"set","ast-page-background-enabled":"default","ast-page-background-meta":{"desktop":{"background-color":"var(--ast-global-color-4)","background-image":"","background-repeat":"repeat","background-position":"center center","background-size":"auto","background-attachment":"scroll","background-type":"","background-media":"","overlay-type":"","overlay-color":"","overlay-opacity":"","overlay-gradient":""},"tablet":{"background-color":"","background-image":"","background-repeat":"repeat","background-position":"center center","background-size":"auto","background-attachment":"scroll","background-type":"","background-media":"","overlay-type":"","overlay-color":"","overlay-opacity":"","overlay-gradient":""},"mobile":{"background-color":"","background-image":"","background-repeat":"repeat","background-position":"center center","background-size":"auto","background-attachment":"scroll","background-type":"","background-media":"","overlay-type":"","overlay-color":"","overlay-opacity":"","overlay-gradient":""}},"ast-content-background-meta":{"desktop":{"background-color":"var(--ast-global-color-5)","background-image":"","background-repeat":"repeat","background-position":"center center","background-size":"auto","background-attachment":"scroll","background-type":"","background-media":"","overlay-type":"","overlay-color":"","overlay-opacity":"","overlay-gradient":""},"tablet":{"background-color":"var(--ast-global-color-5)","background-image":"","background-repeat":"repeat","background-position":"center center","background-size":"auto","background-attachment":"scroll","background-type":"","background-media":"","overlay-type":"","overlay-color":"","overlay-opacity":"","overlay-gradient":""},"mobile":{"background-color":"var(--ast-global-color-5)","background-image":"","background-repeat":"repeat","background-position":"center center","background-size":"auto","background-attachment":"scroll","background-type":"","background-media":"","overlay-type":"","overlay-color":"","overlay-opacity":"","overlay-gradient":""}}},"product_brand":[],"product_cat":[1001],"product_tag":[],"class_list":{"0":"post-57214","1":"product","2":"type-product","3":"status-publish","4":"has-post-thumbnail","6":"product_cat-husholdningsartikler","7":"pa_52010_19hk9gcs-10-stk","8":"pa_52010_19hk9gcs-15-stk","9":"pa_52010_19hk9gcs-5-stk","10":"pa_52010_8ixoojhs-gra","11":"pa_52010_8ixoojhs-gul","12":"pa_52010_8ixoojhs-rosa","13":"desktop-align-left","14":"tablet-align-left","15":"mobile-align-left","17":"first","18":"instock","19":"shipping-taxable","20":"purchasable","21":"product-type-variable","22":"has-default-attributes"},"_links":{"self":[{"href":"https:\/\/keluvo.com\/no\/wp-json\/wp\/v2\/product\/57214","targetHints":{"allow":["GET"]}}],"collection":[{"href":"https:\/\/keluvo.com\/no\/wp-json\/wp\/v2\/product"}],"about":[{"href":"https:\/\/keluvo.com\/no\/wp-json\/wp\/v2\/types\/product"}],"replies":[{"embeddable":true,"href":"https:\/\/keluvo.com\/no\/wp-json\/wp\/v2\/comments?post=57214"}],"wp:featuredmedia":[{"embeddable":true,"href":"https:\/\/keluvo.com\/no\/wp-json\/wp\/v2\/media\/57210"}],"wp:attachment":[{"href":"https:\/\/keluvo.com\/no\/wp-json\/wp\/v2\/media?parent=57214"}],"wp:term":[{"taxonomy":"product_brand","embeddable":true,"href":"https:\/\/keluvo.com\/no\/wp-json\/wp\/v2\/product_brand?post=57214"},{"taxonomy":"product_cat","embeddable":true,"href":"https:\/\/keluvo.com\/no\/wp-json\/wp\/v2\/product_cat?post=57214"},{"taxonomy":"product_tag","embeddable":true,"href":"https:\/\/keluvo.com\/no\/wp-json\/wp\/v2\/product_tag?post=57214"}],"curies":[{"name":"wp","href":"https:\/\/api.w.org\/{rel}","templated":true}]}}