{"id":57203,"date":"2025-11-19T12:26:35","date_gmt":"2025-11-19T10:26:35","guid":{"rendered":"https:\/\/keluvo.com\/no\/produkt\/aaa-til-aa-batterikonverter-20-stk\/"},"modified":"2025-12-01T15:16:56","modified_gmt":"2025-12-01T13:16:56","slug":"aaa-til-aa-batterikonverter-20-stk","status":"publish","type":"product","link":"https:\/\/keluvo.com\/no\/produkt\/aaa-til-aa-batterikonverter-20-stk\/","title":{"rendered":"AAA til AA-batterikonverter (20 stk)"},"content":{"rendered":"<p style=\"text-align: center;\" data-start=\"0\" data-end=\"47\"><strong data-start=\"0\" data-end=\"47\">Gj\u00f8r Om Et AAA-Batteri Til Et AA-Batteri P\u00e5 F\u00e5 Sekunder. \ud83d\udd0b<\/strong><\/p>\n<p style=\"text-align: center;\" data-start=\"49\" data-end=\"285\">Med denne AAA til AA-batterikonverteren kan du bruke et AAA-batteri overalt der du trenger et AA-batteri. Det er en enkel, lett og b\u00e6rbar l\u00f8sning som sparer tid, penger og frustrasjon &#8211; perfekt for fjernkontroller, leker, lommelykter og mer.<\/p>\n<p data-start=\"49\" data-end=\"285\"><img decoding=\"async\" class=\"size-full wp-image-41629 aligncenter\" src=\"https:\/\/keluvo.com\/template\/wp-content\/uploads\/sites\/5\/2025\/11\/a9248084-53fd-462e-9957-4a8df7668690.gif\" alt=\"\" \/><\/p>\n<h2 style=\"text-align: center;\" data-start=\"292\" data-end=\"314\">\ud83c\udf1f Hovedfordeler<\/h2>\n<p data-start=\"317\" data-end=\"392\">\ud83d\udd0b \u00d8yeblikkelig AA-erstatning \u2014 Ett AAA-batteri fungerer som et AA-batteri.<\/p>\n<p data-start=\"395\" data-end=\"469\">\ud83e\uddf3 Liten og b\u00e6rbar \u2014 lett \u00e5 ha med seg i vesker, skuffer eller verkt\u00f8ykasser.<\/p>\n<p data-start=\"472\" data-end=\"541\">\ud83d\udc8e Slitesterkt PP-materiale \u2014 Sterkt, lett og langvarig.<\/p>\n<p data-start=\"544\" data-end=\"616\">\ud83d\udee0\ufe0f Ryddig og organisert \u2014 Hjelper med \u00e5 holde reservebatterier trygt lagret.<\/p>\n<p data-start=\"619\" data-end=\"687\">\ud83d\udca1 Kostnadseffektivt \u2014 Reduserer behovet for \u00e5 kj\u00f8pe ekstra AA-batterier.<\/p>\n<p data-start=\"619\" data-end=\"687\"><img fetchpriority=\"high\" decoding=\"async\" class=\" wp-image-41628 aligncenter\" src=\"https:\/\/keluvo.com\/template\/wp-content\/uploads\/sites\/5\/2025\/11\/5a8f5662-8126-496c-aa03-ad1187922ac5.webp\" alt=\"\" width=\"500\" height=\"500\" \/><\/p>\n<h2 style=\"text-align: center;\" data-start=\"694\" data-end=\"714\">\ud83d\udee0\ufe0f Slik Bruker Du Det<\/h2>\n<ol data-start=\"715\" data-end=\"856\">\n<li data-start=\"715\" data-end=\"744\">\n<p data-start=\"718\" data-end=\"744\">\u00c5pne konverteringsetuiet.<\/p>\n<\/li>\n<li data-start=\"745\" data-end=\"778\">\n<p data-start=\"748\" data-end=\"778\">Sett inn et AAA-batteri.<\/p>\n<\/li>\n<li data-start=\"779\" data-end=\"808\">\n<p data-start=\"782\" data-end=\"808\">Lukk etuiet godt.<\/p>\n<\/li>\n<li data-start=\"809\" data-end=\"856\">\n<p data-start=\"812\" data-end=\"856\">Bruk det overalt der det er behov for et AA-batteri.<\/p>\n<\/li>\n<\/ol>\n<h2 style=\"text-align: center;\" data-start=\"863\" data-end=\"887\">\ud83d\udccc Produktdetaljer<\/h2>\n<ul data-start=\"888\" data-end=\"1027\">\n<li data-start=\"888\" data-end=\"912\">\n<p data-start=\"890\" data-end=\"912\">Materiale: PP-plast<\/p>\n<\/li>\n<li data-start=\"936\" data-end=\"955\">\n<p data-start=\"938\" data-end=\"955\">Nettovekt: 10g<\/p>\n<\/li>\n<li data-start=\"956\" data-end=\"1027\">\n<p data-start=\"958\" data-end=\"1027\">Funksjon: Konverterer 1x AAA-batteri til AA-st\u00f8rrelse (batteri ikke inkludert)<\/p>\n<\/li>\n<\/ul>\n<h2 style=\"text-align: center;\" data-start=\"1034\" data-end=\"1059\">\ud83c\udf81 Pakken inneholder<\/h2>\n<ul data-start=\"1060\" data-end=\"1139\">\n<li data-start=\"1060\" data-end=\"1139\">\n<p data-start=\"1062\" data-end=\"1139\">20x AAA til AA-batterikonvertere.<\/p>\n<\/li>\n<\/ul>\n","protected":false},"excerpt":{"rendered":"<p>Gj\u00f8r Om Et AAA-Batteri Til Et AA-Batteri P\u00e5 F\u00e5 Sekunder. \ud83d\udd0b Med denne AAA til AA-batterikonverteren kan du bruke et [&hellip;]<\/p>\n","protected":false},"featured_media":57199,"comment_status":"open","ping_status":"closed","template":"","meta":{"site-sidebar-layout":"default","site-content-layout":"","ast-site-content-layout":"default","site-content-style":"default","site-sidebar-style":"default","ast-global-header-display":"","ast-banner-title-visibility":"","ast-main-header-display":"","ast-hfb-above-header-display":"","ast-hfb-below-header-display":"","ast-hfb-mobile-header-display":"","site-post-title":"","ast-breadcrumbs-content":"","ast-featured-img":"","footer-sml-layout":"","theme-transparent-header-meta":"default","adv-header-id-meta":"","stick-header-meta":"","header-above-stick-meta":"","header-main-stick-meta":"","header-below-stick-meta":"","astra-migrate-meta-layouts":"set","ast-page-background-enabled":"default","ast-page-background-meta":{"desktop":{"background-color":"var(--ast-global-color-4)","background-image":"","background-repeat":"repeat","background-position":"center center","background-size":"auto","background-attachment":"scroll","background-type":"","background-media":"","overlay-type":"","overlay-color":"","overlay-opacity":"","overlay-gradient":""},"tablet":{"background-color":"","background-image":"","background-repeat":"repeat","background-position":"center center","background-size":"auto","background-attachment":"scroll","background-type":"","background-media":"","overlay-type":"","overlay-color":"","overlay-opacity":"","overlay-gradient":""},"mobile":{"background-color":"","background-image":"","background-repeat":"repeat","background-position":"center center","background-size":"auto","background-attachment":"scroll","background-type":"","background-media":"","overlay-type":"","overlay-color":"","overlay-opacity":"","overlay-gradient":""}},"ast-content-background-meta":{"desktop":{"background-color":"var(--ast-global-color-5)","background-image":"","background-repeat":"repeat","background-position":"center center","background-size":"auto","background-attachment":"scroll","background-type":"","background-media":"","overlay-type":"","overlay-color":"","overlay-opacity":"","overlay-gradient":""},"tablet":{"background-color":"var(--ast-global-color-5)","background-image":"","background-repeat":"repeat","background-position":"center center","background-size":"auto","background-attachment":"scroll","background-type":"","background-media":"","overlay-type":"","overlay-color":"","overlay-opacity":"","overlay-gradient":""},"mobile":{"background-color":"var(--ast-global-color-5)","background-image":"","background-repeat":"repeat","background-position":"center center","background-size":"auto","background-attachment":"scroll","background-type":"","background-media":"","overlay-type":"","overlay-color":"","overlay-opacity":"","overlay-gradient":""}}},"product_brand":[],"product_cat":[996],"product_tag":[],"class_list":{"0":"post-57203","1":"product","2":"type-product","3":"status-publish","4":"has-post-thumbnail","6":"product_cat-verktoy","7":"desktop-align-left","8":"tablet-align-left","9":"mobile-align-left","11":"first","12":"instock","13":"shipping-taxable","14":"purchasable","15":"product-type-simple"},"_links":{"self":[{"href":"https:\/\/keluvo.com\/no\/wp-json\/wp\/v2\/product\/57203","targetHints":{"allow":["GET"]}}],"collection":[{"href":"https:\/\/keluvo.com\/no\/wp-json\/wp\/v2\/product"}],"about":[{"href":"https:\/\/keluvo.com\/no\/wp-json\/wp\/v2\/types\/product"}],"replies":[{"embeddable":true,"href":"https:\/\/keluvo.com\/no\/wp-json\/wp\/v2\/comments?post=57203"}],"wp:featuredmedia":[{"embeddable":true,"href":"https:\/\/keluvo.com\/no\/wp-json\/wp\/v2\/media\/57199"}],"wp:attachment":[{"href":"https:\/\/keluvo.com\/no\/wp-json\/wp\/v2\/media?parent=57203"}],"wp:term":[{"taxonomy":"product_brand","embeddable":true,"href":"https:\/\/keluvo.com\/no\/wp-json\/wp\/v2\/product_brand?post=57203"},{"taxonomy":"product_cat","embeddable":true,"href":"https:\/\/keluvo.com\/no\/wp-json\/wp\/v2\/product_cat?post=57203"},{"taxonomy":"product_tag","embeddable":true,"href":"https:\/\/keluvo.com\/no\/wp-json\/wp\/v2\/product_tag?post=57203"}],"curies":[{"name":"wp","href":"https:\/\/api.w.org\/{rel}","templated":true}]}}