{"id":57191,"date":"2025-11-19T12:25:51","date_gmt":"2025-11-19T10:25:51","guid":{"rendered":"https:\/\/keluvo.com\/no\/produkt\/glassflaskeskjaerer\/"},"modified":"2025-11-21T19:19:35","modified_gmt":"2025-11-21T17:19:35","slug":"glassflaskeskjaerer","status":"publish","type":"product","link":"https:\/\/keluvo.com\/no\/produkt\/glassflaskeskjaerer\/","title":{"rendered":"Glassflaskeskj\u00e6rer"},"content":{"rendered":"<p style=\"text-align: center;\" data-start=\"0\" data-end=\"72\"><strong data-start=\"0\" data-end=\"72\">Kutt Enkelt Glassflasker Og Gj\u00f8r Dem Om Til Vakre DIY-Kreasjoner. \ud83c\udf77<\/strong><\/p>\n<p style=\"text-align: center;\" data-start=\"74\" data-end=\"291\">Denne glassflaskeskj\u00e6reren hjelper deg med \u00e5 skj\u00e6re flasker jevnt, trygt og presist. Enten du lager innredning, lamper, kopper eller vaser, gir dette verkt\u00f8yet deg den perfekte kuttelinjen hver gang &#8211; ingen erfaring er n\u00f8dvendig.<\/p>\n<p data-start=\"74\" data-end=\"291\"><img fetchpriority=\"high\" decoding=\"async\" class=\"size-full wp-image-41625 aligncenter\" src=\"https:\/\/keluvo.com\/template\/wp-content\/uploads\/sites\/5\/2025\/11\/10221-ezgif.com-video-to-webp-converter-5.webp\" alt=\"\" width=\"500\" height=\"894\" \/><\/p>\n<h2 style=\"text-align: center;\" data-start=\"298\" data-end=\"320\"><strong>Hovedfordeler<\/strong><\/h2>\n<p data-start=\"323\" data-end=\"402\">\ud83d\udd27 Justerbar bladvinkel &#8211; Passer til forskjellige flaskest\u00f8rrelser for perfekte kutt.<\/p>\n<p data-start=\"405\" data-end=\"491\">\u2702\ufe0f Skarpt og slitesterkt blad &#8211; Laget av materialer av h\u00f8y kvalitet for rene kutt.<\/p>\n<p data-start=\"494\" data-end=\"586\">\ud83c\udfa8 Ideell for DIY-prosjekter &#8211; Flott for h\u00e5ndverk, boliginnredning og resirkulering av glassflasker.<\/p>\n<p data-start=\"589\" data-end=\"665\">\ud83e\udd1d Enkel for nybegynnere &#8211; Enkel design gj\u00f8r det enkelt for alle \u00e5 bruke den.<\/p>\n<p data-start=\"668\" data-end=\"770\">\ud83d\udcaa Sterk konstruksjon &#8211; Laget av solid PC-materiale og rustfritt st\u00e5l for langvarig ytelse.<\/p>\n<p data-start=\"668\" data-end=\"770\"><img decoding=\"async\" class=\"size-full wp-image-41623 aligncenter\" src=\"https:\/\/keluvo.com\/template\/wp-content\/uploads\/sites\/5\/2025\/11\/12c9e0d07a242c75bd25fe6d77acf253ae367acb19e71e954048b259b751fec0-700.jpg\" alt=\"\" width=\"1080\" height=\"1080\" \/><\/p>\n<h2 style=\"text-align: center;\" data-start=\"777\" data-end=\"797\"><strong>Slik Bruker Du Den<\/strong><\/h2>\n<ol data-start=\"798\" data-end=\"1099\">\n<li data-start=\"798\" data-end=\"871\">\n<p data-start=\"801\" data-end=\"871\">Plasser flasken p\u00e5 kutteren og justerer bredden og bladvinkelen.<\/p>\n<\/li>\n<li data-start=\"872\" data-end=\"934\">\n<p data-start=\"875\" data-end=\"934\">Roter flasken sakte for \u00e5 lage en ren linje rundt den.<\/p>\n<\/li>\n<li data-start=\"935\" data-end=\"1006\">\n<p data-start=\"938\" data-end=\"1006\">Varm opp den rissede linjen med varmt vann, og avkj\u00f8l den deretter med kaldt vann.<\/p>\n<\/li>\n<li data-start=\"1007\" data-end=\"1058\">\n<p data-start=\"1010\" data-end=\"1058\">Flasken vil skille seg langs risselinjen.<\/p>\n<\/li>\n<li data-start=\"1059\" data-end=\"1099\">\n<p data-start=\"1062\" data-end=\"1099\">Slip kantene for \u00e5 f\u00e5 en jevn finish.<\/p>\n<\/li>\n<\/ol>\n<h2 style=\"text-align: center;\" data-start=\"1106\" data-end=\"1130\"><strong>Produktdetaljer<\/strong><\/h2>\n<ul data-start=\"1131\" data-end=\"1301\">\n<li data-start=\"1131\" data-end=\"1175\">\n<p data-start=\"1133\" data-end=\"1175\">Materiale: PC + skruestang i rustfritt st\u00e5l<\/p>\n<\/li>\n<li data-start=\"1176\" data-end=\"1203\">\n<p data-start=\"1178\" data-end=\"1203\">St\u00f8rrelse: 200 x 150 mm<\/p>\n<\/li>\n<li data-start=\"1234\" data-end=\"1301\">\n<p data-start=\"1236\" data-end=\"1301\">Egnet for: Skj\u00e6ring av glassflasker i ulike former og st\u00f8rrelser<\/p>\n<\/li>\n<\/ul>\n<h2 style=\"text-align: center;\" data-start=\"1308\" data-end=\"1333\"><strong>Pakken inneholder<\/strong><\/h2>\n<ul data-start=\"1334\" data-end=\"1361\">\n<li data-start=\"1334\" data-end=\"1361\">\n<p data-start=\"1336\" data-end=\"1361\">1x glassflaskeskj\u00e6rer.<\/p>\n<\/li>\n<\/ul>\n","protected":false},"excerpt":{"rendered":"<p>Kutt Enkelt Glassflasker Og Gj\u00f8r Dem Om Til Vakre DIY-Kreasjoner. \ud83c\udf77 Denne glassflaskeskj\u00e6reren hjelper deg med \u00e5 skj\u00e6re flasker jevnt, [&hellip;]<\/p>\n","protected":false},"featured_media":57187,"comment_status":"open","ping_status":"closed","template":"","meta":{"site-sidebar-layout":"default","site-content-layout":"","ast-site-content-layout":"default","site-content-style":"default","site-sidebar-style":"default","ast-global-header-display":"","ast-banner-title-visibility":"","ast-main-header-display":"","ast-hfb-above-header-display":"","ast-hfb-below-header-display":"","ast-hfb-mobile-header-display":"","site-post-title":"","ast-breadcrumbs-content":"","ast-featured-img":"","footer-sml-layout":"","theme-transparent-header-meta":"default","adv-header-id-meta":"","stick-header-meta":"","header-above-stick-meta":"","header-main-stick-meta":"","header-below-stick-meta":"","astra-migrate-meta-layouts":"set","ast-page-background-enabled":"default","ast-page-background-meta":{"desktop":{"background-color":"var(--ast-global-color-4)","background-image":"","background-repeat":"repeat","background-position":"center center","background-size":"auto","background-attachment":"scroll","background-type":"","background-media":"","overlay-type":"","overlay-color":"","overlay-opacity":"","overlay-gradient":""},"tablet":{"background-color":"","background-image":"","background-repeat":"repeat","background-position":"center center","background-size":"auto","background-attachment":"scroll","background-type":"","background-media":"","overlay-type":"","overlay-color":"","overlay-opacity":"","overlay-gradient":""},"mobile":{"background-color":"","background-image":"","background-repeat":"repeat","background-position":"center center","background-size":"auto","background-attachment":"scroll","background-type":"","background-media":"","overlay-type":"","overlay-color":"","overlay-opacity":"","overlay-gradient":""}},"ast-content-background-meta":{"desktop":{"background-color":"var(--ast-global-color-5)","background-image":"","background-repeat":"repeat","background-position":"center center","background-size":"auto","background-attachment":"scroll","background-type":"","background-media":"","overlay-type":"","overlay-color":"","overlay-opacity":"","overlay-gradient":""},"tablet":{"background-color":"var(--ast-global-color-5)","background-image":"","background-repeat":"repeat","background-position":"center center","background-size":"auto","background-attachment":"scroll","background-type":"","background-media":"","overlay-type":"","overlay-color":"","overlay-opacity":"","overlay-gradient":""},"mobile":{"background-color":"var(--ast-global-color-5)","background-image":"","background-repeat":"repeat","background-position":"center center","background-size":"auto","background-attachment":"scroll","background-type":"","background-media":"","overlay-type":"","overlay-color":"","overlay-opacity":"","overlay-gradient":""}}},"product_brand":[],"product_cat":[1001,996],"product_tag":[],"class_list":{"0":"post-57191","1":"product","2":"type-product","3":"status-publish","4":"has-post-thumbnail","6":"product_cat-husholdningsartikler","7":"product_cat-verktoy","8":"desktop-align-left","9":"tablet-align-left","10":"mobile-align-left","12":"first","13":"instock","14":"shipping-taxable","15":"purchasable","16":"product-type-simple"},"_links":{"self":[{"href":"https:\/\/keluvo.com\/no\/wp-json\/wp\/v2\/product\/57191","targetHints":{"allow":["GET"]}}],"collection":[{"href":"https:\/\/keluvo.com\/no\/wp-json\/wp\/v2\/product"}],"about":[{"href":"https:\/\/keluvo.com\/no\/wp-json\/wp\/v2\/types\/product"}],"replies":[{"embeddable":true,"href":"https:\/\/keluvo.com\/no\/wp-json\/wp\/v2\/comments?post=57191"}],"wp:featuredmedia":[{"embeddable":true,"href":"https:\/\/keluvo.com\/no\/wp-json\/wp\/v2\/media\/57187"}],"wp:attachment":[{"href":"https:\/\/keluvo.com\/no\/wp-json\/wp\/v2\/media?parent=57191"}],"wp:term":[{"taxonomy":"product_brand","embeddable":true,"href":"https:\/\/keluvo.com\/no\/wp-json\/wp\/v2\/product_brand?post=57191"},{"taxonomy":"product_cat","embeddable":true,"href":"https:\/\/keluvo.com\/no\/wp-json\/wp\/v2\/product_cat?post=57191"},{"taxonomy":"product_tag","embeddable":true,"href":"https:\/\/keluvo.com\/no\/wp-json\/wp\/v2\/product_tag?post=57191"}],"curies":[{"name":"wp","href":"https:\/\/api.w.org\/{rel}","templated":true}]}}