{"id":56982,"date":"2025-11-17T15:04:05","date_gmt":"2025-11-17T13:04:05","guid":{"rendered":"https:\/\/keluvo.com\/no\/produkt\/garnstyringsring-20-stk\/"},"modified":"2025-11-24T15:58:08","modified_gmt":"2025-11-24T13:58:08","slug":"garnstyringsring-20-stk","status":"publish","type":"product","link":"https:\/\/keluvo.com\/no\/produkt\/garnstyringsring-20-stk\/","title":{"rendered":"Garnstyringsring (20 stk)"},"content":{"rendered":"<p style=\"text-align: center;\" data-start=\"0\" data-end=\"81\"><strong data-start=\"0\" data-end=\"81\">Hold Orden P\u00e5 Garnet Og Slapp Av I Fingrene Mens Du Skaper. \ud83e\uddf6<\/strong><\/p>\n<p style=\"text-align: center;\" data-start=\"83\" data-end=\"318\">Denne garnstyringen gj\u00f8r strikking, hekling og brodering smidigere og raskere ved \u00e5 holde hver tr\u00e5d pent adskilt. Den sitter komfortabelt p\u00e5 fingeren, reduserer belastningen og hjelper deg \u00e5 jobbe med bedre kontroll og effektivitet.<\/p>\n<p data-start=\"83\" data-end=\"318\"><img fetchpriority=\"high\" decoding=\"async\" class=\"size-full wp-image-41528 aligncenter\" src=\"https:\/\/keluvo.com\/template\/wp-content\/uploads\/sites\/5\/2025\/11\/10228-ezgif.com-video-to-webp-converter-3.webp\" alt=\"\" width=\"500\" height=\"500\" \/><\/p>\n<h2 style=\"text-align: center;\" data-start=\"325\" data-end=\"347\"><strong>Hovedfordeler<\/strong><\/h2>\n<p data-start=\"350\" data-end=\"452\">\ud83e\uddf6 Flerbruksverkt\u00f8y &#8211; Ideelt for strikking, hekling, brodering og annet garnh\u00e5ndverk.<\/p>\n<p data-start=\"455\" data-end=\"552\">\ud83c\udfa8 Reduserer belastningen p\u00e5 fingrene &#8211; Lett design letter trykket under lange h\u00e5ndarbeids\u00f8kter.<\/p>\n<p data-start=\"555\" data-end=\"642\">\ud83d\udcaa Slitesterkt materiale &#8211; Laget av PP av h\u00f8y kvalitet som ikke deformeres eller slites lett.<\/p>\n<p data-start=\"645\" data-end=\"739\">\ud83c\udf08 Sterke farger &#8211; Morsomme farger gj\u00f8r h\u00e5ndarbeidsoppsettet ditt muntert og lett \u00e5 f\u00e5 \u00f8ye p\u00e5.<\/p>\n<p data-start=\"742\" data-end=\"839\">\u2728 Nybegynnervennlig &#8211; Enkel \u00e5 bruke for alle ferdighetsniv\u00e5er, forbedrer hastighet og organisering.<\/p>\n<p data-start=\"742\" data-end=\"839\"><img decoding=\"async\" class=\"size-full wp-image-41531 aligncenter\" src=\"https:\/\/keluvo.com\/template\/wp-content\/uploads\/sites\/5\/2025\/11\/405850931ca4345d6a98e2ff267225967a35b77d-800.avif\" alt=\"\" \/><\/p>\n<h2 style=\"text-align: center;\" data-start=\"846\" data-end=\"865\"><strong>Slik Bruker Du<\/strong><\/h2>\n<ol data-start=\"866\" data-end=\"1084\">\n<li data-start=\"866\" data-end=\"903\">\n<p data-start=\"869\" data-end=\"903\">Ringen skyves p\u00e5 fingeren.<\/p>\n<\/li>\n<li data-start=\"904\" data-end=\"948\">\n<p data-start=\"907\" data-end=\"948\">Legg garnet gjennom f\u00f8ringsspalten.<\/p>\n<\/li>\n<li data-start=\"949\" data-end=\"1019\">\n<p data-start=\"952\" data-end=\"1019\">Juster garnspenningen gjennom h\u00e5nden mens du strikker eller hekler.<\/p>\n<\/li>\n<li data-start=\"1020\" data-end=\"1084\">\n<p data-start=\"1023\" data-end=\"1084\">Nyt jevn, flokefri h\u00e5ndarbeid med mindre fingerstress.<\/p>\n<\/li>\n<\/ol>\n<h2 style=\"text-align: center;\" data-start=\"1091\" data-end=\"1115\"><strong>Produktdetaljer<\/strong><\/h2>\n<ul data-start=\"1116\" data-end=\"1278\">\n<li data-start=\"1116\" data-end=\"1156\">\n<p data-start=\"1118\" data-end=\"1156\">Materiale: PP (h\u00f8y kvalitet, holdbar)<\/p>\n<\/li>\n<li data-start=\"1157\" data-end=\"1179\">\n<p data-start=\"1159\" data-end=\"1179\">St\u00f8rrelse: 5,3 x 1,6 cm<\/p>\n<\/li>\n<li data-start=\"1218\" data-end=\"1278\">\n<p data-start=\"1220\" data-end=\"1278\">Egnet for: Strikking, hekling, broderi, h\u00e5ndarbeid<\/p>\n<\/li>\n<\/ul>\n<h2 style=\"text-align: center;\" data-start=\"1285\" data-end=\"1310\"><strong>Pakken inneholder<\/strong><\/h2>\n<ul data-start=\"1311\" data-end=\"1353\">\n<li data-start=\"1311\" data-end=\"1353\">\n<p data-start=\"1313\" data-end=\"1353\">20x garnstyringsringer.<\/p>\n<\/li>\n<\/ul>\n","protected":false},"excerpt":{"rendered":"<p>Hold Orden P\u00e5 Garnet Og Slapp Av I Fingrene Mens Du Skaper. \ud83e\uddf6 Denne garnstyringen gj\u00f8r strikking, hekling og brodering [&hellip;]<\/p>\n","protected":false},"featured_media":56978,"comment_status":"open","ping_status":"closed","template":"","meta":{"site-sidebar-layout":"default","site-content-layout":"","ast-site-content-layout":"default","site-content-style":"default","site-sidebar-style":"default","ast-global-header-display":"","ast-banner-title-visibility":"","ast-main-header-display":"","ast-hfb-above-header-display":"","ast-hfb-below-header-display":"","ast-hfb-mobile-header-display":"","site-post-title":"","ast-breadcrumbs-content":"","ast-featured-img":"","footer-sml-layout":"","theme-transparent-header-meta":"default","adv-header-id-meta":"","stick-header-meta":"","header-above-stick-meta":"","header-main-stick-meta":"","header-below-stick-meta":"","astra-migrate-meta-layouts":"set","ast-page-background-enabled":"default","ast-page-background-meta":{"desktop":{"background-color":"var(--ast-global-color-4)","background-image":"","background-repeat":"repeat","background-position":"center center","background-size":"auto","background-attachment":"scroll","background-type":"","background-media":"","overlay-type":"","overlay-color":"","overlay-opacity":"","overlay-gradient":""},"tablet":{"background-color":"","background-image":"","background-repeat":"repeat","background-position":"center center","background-size":"auto","background-attachment":"scroll","background-type":"","background-media":"","overlay-type":"","overlay-color":"","overlay-opacity":"","overlay-gradient":""},"mobile":{"background-color":"","background-image":"","background-repeat":"repeat","background-position":"center center","background-size":"auto","background-attachment":"scroll","background-type":"","background-media":"","overlay-type":"","overlay-color":"","overlay-opacity":"","overlay-gradient":""}},"ast-content-background-meta":{"desktop":{"background-color":"var(--ast-global-color-5)","background-image":"","background-repeat":"repeat","background-position":"center center","background-size":"auto","background-attachment":"scroll","background-type":"","background-media":"","overlay-type":"","overlay-color":"","overlay-opacity":"","overlay-gradient":""},"tablet":{"background-color":"var(--ast-global-color-5)","background-image":"","background-repeat":"repeat","background-position":"center center","background-size":"auto","background-attachment":"scroll","background-type":"","background-media":"","overlay-type":"","overlay-color":"","overlay-opacity":"","overlay-gradient":""},"mobile":{"background-color":"var(--ast-global-color-5)","background-image":"","background-repeat":"repeat","background-position":"center center","background-size":"auto","background-attachment":"scroll","background-type":"","background-media":"","overlay-type":"","overlay-color":"","overlay-opacity":"","overlay-gradient":""}}},"product_brand":[],"product_cat":[1001,993],"product_tag":[],"class_list":{"0":"post-56982","1":"product","2":"type-product","3":"status-publish","4":"has-post-thumbnail","6":"product_cat-husholdningsartikler","7":"product_cat-skotoy-tilbehor","8":"pa_51793_imnr910x-bla","9":"pa_51793_imnr910x-gul","10":"pa_51793_imnr910x-lysebla","11":"pa_51793_imnr910x-rosa","12":"desktop-align-left","13":"tablet-align-left","14":"mobile-align-left","16":"first","17":"instock","18":"shipping-taxable","19":"purchasable","20":"product-type-variable"},"_links":{"self":[{"href":"https:\/\/keluvo.com\/no\/wp-json\/wp\/v2\/product\/56982","targetHints":{"allow":["GET"]}}],"collection":[{"href":"https:\/\/keluvo.com\/no\/wp-json\/wp\/v2\/product"}],"about":[{"href":"https:\/\/keluvo.com\/no\/wp-json\/wp\/v2\/types\/product"}],"replies":[{"embeddable":true,"href":"https:\/\/keluvo.com\/no\/wp-json\/wp\/v2\/comments?post=56982"}],"wp:featuredmedia":[{"embeddable":true,"href":"https:\/\/keluvo.com\/no\/wp-json\/wp\/v2\/media\/56978"}],"wp:attachment":[{"href":"https:\/\/keluvo.com\/no\/wp-json\/wp\/v2\/media?parent=56982"}],"wp:term":[{"taxonomy":"product_brand","embeddable":true,"href":"https:\/\/keluvo.com\/no\/wp-json\/wp\/v2\/product_brand?post=56982"},{"taxonomy":"product_cat","embeddable":true,"href":"https:\/\/keluvo.com\/no\/wp-json\/wp\/v2\/product_cat?post=56982"},{"taxonomy":"product_tag","embeddable":true,"href":"https:\/\/keluvo.com\/no\/wp-json\/wp\/v2\/product_tag?post=56982"}],"curies":[{"name":"wp","href":"https:\/\/api.w.org\/{rel}","templated":true}]}}