{"id":56867,"date":"2025-11-17T14:53:04","date_gmt":"2025-11-17T12:53:04","guid":{"rendered":"https:\/\/keluvo.com\/no\/produkt\/ukentlig-pilleplanlegger\/"},"modified":"2025-11-17T14:53:15","modified_gmt":"2025-11-17T12:53:15","slug":"ukentlig-pilleplanlegger","status":"publish","type":"product","link":"https:\/\/keluvo.com\/no\/produkt\/ukentlig-pilleplanlegger\/","title":{"rendered":"Ukentlig pilleplanlegger"},"content":{"rendered":"<article class=\"text-token-text-primary w-full focus:outline-none [--shadow-height:45px] has-data-writing-block:pointer-events-none has-data-writing-block:-mt-(--shadow-height) has-data-writing-block:pt-(--shadow-height) [&amp;:has([data-writing-block])&gt;*]:pointer-events-auto [content-visibility:auto] supports-[content-visibility:auto]:[contain-intrinsic-size:auto_100lvh] scroll-mt-[calc(var(--header-height)+min(200px,max(70px,20svh)))]\" dir=\"auto\" data-turn-id=\"25e4288f-a4d2-4457-93e4-60aeb6b9ef97\" data-testid=\"conversation-turn-2\" data-scroll-anchor=\"false\" data-turn=\"assistant\">\n<div class=\"text-base my-auto mx-auto [--thread-content-margin:--spacing(4)] thread-sm:[--thread-content-margin:--spacing(6)] thread-lg:[--thread-content-margin:--spacing(16)] px-(--thread-content-margin)\">\n<div class=\"[--thread-content-max-width:40rem] thread-lg:[--thread-content-max-width:48rem] mx-auto max-w-(--thread-content-max-width) flex-1 group\/turn-messages focus-visible:outline-hidden relative flex w-full min-w-0 flex-col agent-turn\">\n<div class=\"flex max-w-full flex-col grow\">\n<div class=\"min-h-8 text-message relative flex w-full flex-col items-end gap-2 text-start break-words whitespace-normal [.text-message+&amp;]:mt-1\" dir=\"auto\" data-message-author-role=\"assistant\" data-message-id=\"36e0febc-14b4-45e3-ad4a-b4e66dc7f04d\" data-message-model-slug=\"gpt-5-1\">\n<div class=\"flex w-full flex-col gap-1 empty:hidden first:pt-[1px]\">\n<div class=\"markdown prose dark:prose-invert w-full break-words light markdown-new-styling\">\n<p style=\"text-align: center\" data-start=\"0\" data-end=\"69\"><strong data-start=\"0\" data-end=\"69\">Hold Orden P\u00e5 Pillene Dine Hele Uken Med \u00c9n Enkel Boks. \ud83d\udc8a<\/strong><\/p>\n<p style=\"text-align: center\" data-start=\"71\" data-end=\"305\">Denne ukentlige pilleorganisatoren hjelper deg med \u00e5 sortere kosttilskudd og medisiner i 7 klare beholdere, \u00e9n for hver dag. Den er perfekt hvis du vil unng\u00e5 forvirring, holde deg konsekvent med rutinen din og raskt f\u00e5 tak i pillene du trenger.<\/p>\n<p data-start=\"71\" data-end=\"305\"><img decoding=\"async\" class=\"size-full wp-image-41427 aligncenter\" src=\"https:\/\/keluvo.com\/template\/wp-content\/uploads\/sites\/5\/2025\/11\/10225-ezgif.com-video-to-webp-converter-4.webp\" alt=\"\" \/><\/p>\n<h2 style=\"text-align: center\" data-start=\"312\" data-end=\"335\">Hovedfordeler \ud83d\udc8a<\/h2>\n<p data-start=\"338\" data-end=\"406\">\ud83d\udcc5 7-dagers organisering &#8211; Separat boks for hver dag i uken.<\/p>\n<p data-start=\"409\" data-end=\"501\">\ud83d\udd0d Lett \u00e5 se inni &#8211; Brede \u00e5pninger og gjennomsiktig ytre etui for rask inspeksjon.<\/p>\n<p data-start=\"504\" data-end=\"601\">\ud83d\udc8a Passer til store piller &#8211; Romslige rom for h\u00f8ydosepiller, fiskeolje og kosttilskudd.<\/p>\n<p data-start=\"604\" data-end=\"688\">\ud83d\udee1\ufe0f Dobbel beskyttelse &#8211; Innvendige bokser holder seg trygge i et eksternt st\u00f8vtett etui.<\/p>\n<p data-start=\"691\" data-end=\"767\">\ud83c\udff7\ufe0f Langvarige etiketter &#8211; UV-trykte etiketter som ikke blekner over tid.<\/p>\n<p data-start=\"770\" data-end=\"827\">\ud83d\ude80 B\u00e6rbar &#8211; Lett og enkel \u00e5 ta med seg.<\/p>\n<p data-start=\"770\" data-end=\"827\"><img fetchpriority=\"high\" decoding=\"async\" class=\"size-full wp-image-41429 aligncenter\" src=\"https:\/\/keluvo.com\/template\/wp-content\/uploads\/sites\/5\/2025\/11\/2-6.jpeg\" alt=\"\" width=\"1001\" height=\"1001\" \/><\/p>\n<h2 style=\"text-align: center\" data-start=\"834\" data-end=\"854\">\u00c5pne Det Ytre Gjennomsiktige Etuiet.<\/h2>\n<ol data-start=\"855\" data-end=\"1121\">\n<li data-start=\"855\" data-end=\"892\">\n<p data-start=\"858\" data-end=\"892\">Ta ut hver daglige beholder.<\/p>\n<\/li>\n<li data-start=\"893\" data-end=\"928\">\n<p data-start=\"896\" data-end=\"928\">Fyll rommene med pillene eller kosttilskuddene dine.<\/p>\n<\/li>\n<li data-start=\"929\" data-end=\"987\">\n<p data-start=\"932\" data-end=\"987\">Lukk lokkene og legg beholderne tilbake i etuiet.<\/p>\n<\/li>\n<li data-start=\"988\" data-end=\"1050\">\n<p data-start=\"991\" data-end=\"1050\">\u00c5pne riktig dags beholder n\u00e5r det er p\u00e5 tide \u00e5 ta pillene dine.<\/p>\n<\/li>\n<li data-start=\"1051\" data-end=\"1121\">\n<p data-start=\"1054\" data-end=\"1121\">Produktdetaljer \ud83d\udccf<\/p>\n<\/li>\n<\/ol>\n<h2 style=\"text-align: center\" data-start=\"1128\" data-end=\"1153\">Materiale: Slitesterk Plast<\/h2>\n<ul data-start=\"1154\" data-end=\"1557\">\n<li data-start=\"1182\" data-end=\"1215\">\n<p data-start=\"1184\" data-end=\"1215\">Funksjoner: St\u00f8vtett, b\u00e6rbar, stor kapasitet, praktisk<\/p>\n<\/li>\n<li data-start=\"1216\" data-end=\"1280\">\n<p data-start=\"1218\" data-end=\"1280\">Design: 7 individuelle daglige beholdere + gjennomsiktig beskyttelsesveske<\/p>\n<\/li>\n<li data-start=\"1281\" data-end=\"1356\">\n<p data-start=\"1283\" data-end=\"1356\">St\u00f8rrelse: Lengde: 12 cm, Bredde: 11,5 cm<\/p>\n<\/li>\n<\/ul>\n<h2 style=\"text-align: center\" data-start=\"1564\" data-end=\"1590\">Pakken Inkluderer \ud83d\udce6<\/h2>\n<ul data-start=\"1591\" data-end=\"1631\" data-is-last-node=\"\" data-is-only-node=\"\">\n<li data-start=\"1591\" data-end=\"1631\" data-is-last-node=\"\">\n<p data-start=\"1593\" data-end=\"1631\" data-is-last-node=\"\">1, 2x pilleboks.<\/p>\n<\/li>\n<\/ul>\n<\/div>\n<\/div>\n<\/div>\n<\/div>\n<\/div>\n<\/div>\n<\/article>\n","protected":false},"excerpt":{"rendered":"<p>Hold Orden P\u00e5 Pillene Dine Hele Uken Med \u00c9n Enkel Boks. \ud83d\udc8a Denne ukentlige pilleorganisatoren hjelper deg med \u00e5 sortere [&hellip;]<\/p>\n","protected":false},"featured_media":56863,"comment_status":"open","ping_status":"closed","template":"","meta":{"site-sidebar-layout":"default","site-content-layout":"","ast-site-content-layout":"default","site-content-style":"default","site-sidebar-style":"default","ast-global-header-display":"","ast-banner-title-visibility":"","ast-main-header-display":"","ast-hfb-above-header-display":"","ast-hfb-below-header-display":"","ast-hfb-mobile-header-display":"","site-post-title":"","ast-breadcrumbs-content":"","ast-featured-img":"","footer-sml-layout":"","theme-transparent-header-meta":"default","adv-header-id-meta":"","stick-header-meta":"","header-above-stick-meta":"","header-main-stick-meta":"","header-below-stick-meta":"","astra-migrate-meta-layouts":"set","ast-page-background-enabled":"default","ast-page-background-meta":{"desktop":{"background-color":"var(--ast-global-color-4)","background-image":"","background-repeat":"repeat","background-position":"center center","background-size":"auto","background-attachment":"scroll","background-type":"","background-media":"","overlay-type":"","overlay-color":"","overlay-opacity":"","overlay-gradient":""},"tablet":{"background-color":"","background-image":"","background-repeat":"repeat","background-position":"center center","background-size":"auto","background-attachment":"scroll","background-type":"","background-media":"","overlay-type":"","overlay-color":"","overlay-opacity":"","overlay-gradient":""},"mobile":{"background-color":"","background-image":"","background-repeat":"repeat","background-position":"center center","background-size":"auto","background-attachment":"scroll","background-type":"","background-media":"","overlay-type":"","overlay-color":"","overlay-opacity":"","overlay-gradient":""}},"ast-content-background-meta":{"desktop":{"background-color":"var(--ast-global-color-5)","background-image":"","background-repeat":"repeat","background-position":"center center","background-size":"auto","background-attachment":"scroll","background-type":"","background-media":"","overlay-type":"","overlay-color":"","overlay-opacity":"","overlay-gradient":""},"tablet":{"background-color":"var(--ast-global-color-5)","background-image":"","background-repeat":"repeat","background-position":"center center","background-size":"auto","background-attachment":"scroll","background-type":"","background-media":"","overlay-type":"","overlay-color":"","overlay-opacity":"","overlay-gradient":""},"mobile":{"background-color":"var(--ast-global-color-5)","background-image":"","background-repeat":"repeat","background-position":"center center","background-size":"auto","background-attachment":"scroll","background-type":"","background-media":"","overlay-type":"","overlay-color":"","overlay-opacity":"","overlay-gradient":""}}},"product_brand":[],"product_cat":[991],"product_tag":[],"class_list":{"0":"post-56867","1":"product","2":"type-product","3":"status-publish","4":"has-post-thumbnail","6":"product_cat-helseprodukter","7":"pa_51504_vvd34tqn-1-stk","8":"pa_51504_vvd34tqn-2-stk","9":"pa_51504_xgatc3mx-flerfarget","10":"pa_51504_xgatc3mx-hvit","11":"desktop-align-left","12":"tablet-align-left","13":"mobile-align-left","15":"first","16":"instock","17":"shipping-taxable","18":"purchasable","19":"product-type-variable","20":"has-default-attributes"},"_links":{"self":[{"href":"https:\/\/keluvo.com\/no\/wp-json\/wp\/v2\/product\/56867","targetHints":{"allow":["GET"]}}],"collection":[{"href":"https:\/\/keluvo.com\/no\/wp-json\/wp\/v2\/product"}],"about":[{"href":"https:\/\/keluvo.com\/no\/wp-json\/wp\/v2\/types\/product"}],"replies":[{"embeddable":true,"href":"https:\/\/keluvo.com\/no\/wp-json\/wp\/v2\/comments?post=56867"}],"wp:featuredmedia":[{"embeddable":true,"href":"https:\/\/keluvo.com\/no\/wp-json\/wp\/v2\/media\/56863"}],"wp:attachment":[{"href":"https:\/\/keluvo.com\/no\/wp-json\/wp\/v2\/media?parent=56867"}],"wp:term":[{"taxonomy":"product_brand","embeddable":true,"href":"https:\/\/keluvo.com\/no\/wp-json\/wp\/v2\/product_brand?post=56867"},{"taxonomy":"product_cat","embeddable":true,"href":"https:\/\/keluvo.com\/no\/wp-json\/wp\/v2\/product_cat?post=56867"},{"taxonomy":"product_tag","embeddable":true,"href":"https:\/\/keluvo.com\/no\/wp-json\/wp\/v2\/product_tag?post=56867"}],"curies":[{"name":"wp","href":"https:\/\/api.w.org\/{rel}","templated":true}]}}