{"id":56837,"date":"2025-11-17T14:46:18","date_gmt":"2025-11-17T12:46:18","guid":{"rendered":"https:\/\/keluvo.com\/no\/produkt\/magnetisk-edc-lommelykt\/"},"modified":"2025-11-18T19:04:52","modified_gmt":"2025-11-18T17:04:52","slug":"magnetisk-edc-lommelykt","status":"publish","type":"product","link":"https:\/\/keluvo.com\/no\/produkt\/magnetisk-edc-lommelykt\/","title":{"rendered":"Magnetisk EDC-lommelykt"},"content":{"rendered":"<article class=\"text-token-text-primary w-full focus:outline-none [--shadow-height:45px] has-data-writing-block:pointer-events-none has-data-writing-block:-mt-(--shadow-height) has-data-writing-block:pt-(--shadow-height) [&amp;:has([data-writing-block])&gt;*]:pointer-events-auto [content-visibility:auto] supports-[content-visibility:auto]:[contain-intrinsic-size:auto_100lvh] scroll-mt-[calc(var(--header-height)+min(200px,max(70px,20svh)))]\" dir=\"auto\" data-turn-id=\"request-690dc81b-93ec-832a-be91-bbb3d6c506b5-6\" data-testid=\"conversation-turn-120\" data-scroll-anchor=\"true\" data-turn=\"assistant\">\n<div class=\"text-base my-auto mx-auto pb-10 [--thread-content-margin:--spacing(4)] thread-sm:[--thread-content-margin:--spacing(6)] thread-lg:[--thread-content-margin:--spacing(16)] px-(--thread-content-margin)\">\n<div class=\"[--thread-content-max-width:40rem] thread-lg:[--thread-content-max-width:48rem] mx-auto max-w-(--thread-content-max-width) flex-1 group\/turn-messages focus-visible:outline-hidden relative flex w-full min-w-0 flex-col agent-turn\">\n<div class=\"flex max-w-full flex-col grow\">\n<div class=\"min-h-8 text-message relative flex w-full flex-col items-end gap-2 text-start break-words whitespace-normal [.text-message+&amp;]:mt-1\" dir=\"auto\" data-message-author-role=\"assistant\" data-message-id=\"0400bf79-749a-4c04-8f98-65bc4d0912d9\" data-message-model-slug=\"gpt-5-1\">\n<div class=\"flex w-full flex-col gap-1 empty:hidden first:pt-[1px]\">\n<div class=\"markdown prose dark:prose-invert w-full break-words light markdown-new-styling\">\n<p style=\"text-align: center;\" data-start=\"0\" data-end=\"93\"><strong data-start=\"0\" data-end=\"91\">Lyssterk, Kompakt Og Magnetisk \u2014 Den Perfekte Hverdagslommelykten Du Kan Ha Med Deg Overalt. \ud83d\udd26<\/strong><\/p>\n<p style=\"text-align: center;\" data-start=\"95\" data-end=\"340\">Denne magnetiske EDC-lommelykten gir deg kraftig belysning i en liten, lett kropp. Med sterk lysstyrke, et oppladbart batteri og en innebygd magnetisk base er den det ideelle verkt\u00f8yet for daglig bruk, arbeid, n\u00f8dsituasjoner og utend\u00f8rsaktiviteter.<\/p>\n<p data-start=\"95\" data-end=\"340\"><img fetchpriority=\"high\" decoding=\"async\" class=\" wp-image-41402 aligncenter\" src=\"https:\/\/keluvo.com\/template\/wp-content\/uploads\/sites\/5\/2025\/11\/077810bd138d90fa2a686e0cd52104ae2815ee21.webp\" alt=\"\" width=\"468\" height=\"831\" \/><\/p>\n<h2 style=\"text-align: center;\" data-start=\"347\" data-end=\"369\">\ud83c\udf1f Hovedfordeler<\/h2>\n<p data-start=\"372\" data-end=\"438\">\ud83d\udca1 400 lumen sterk lysstyrke for klar sikt n\u00e5r som helst.<\/p>\n<p data-start=\"441\" data-end=\"500\">\ud83d\udd0b Oppladbart 1200 mAh batteri for langvarig bruk.<\/p>\n<p data-start=\"503\" data-end=\"580\">\ud83e\uddf2 Innebygd magnetisk base for h\u00e5ndfri belysning p\u00e5 alle metalloverflater.<\/p>\n<p data-start=\"583\" data-end=\"646\">\ud83c\udf08 Lysstyrkemodus p\u00e5 flere niv\u00e5er for \u00e5 matche ethvert milj\u00f8.<\/p>\n<p data-start=\"649\" data-end=\"724\">\ud83c\udf27\ufe0f Vanntett, st\u00f8vtett og st\u00f8tsikker for t\u00f8ffe forhold.<\/p>\n<p data-start=\"727\" data-end=\"800\">\ud83d\udc5c Liten og b\u00e6rbar &#8211; lett \u00e5 ha med seg i lommen, vesken eller EDC-settet.<\/p>\n<p data-start=\"727\" data-end=\"800\"><img decoding=\"async\" class=\" wp-image-41401 aligncenter\" src=\"https:\/\/keluvo.com\/template\/wp-content\/uploads\/sites\/5\/2025\/11\/9f72399a3e99c798d56673bd8999d7cb79440f5e.webp\" alt=\"\" width=\"468\" height=\"831\" \/><\/p>\n<h2 style=\"text-align: center;\" data-start=\"807\" data-end=\"826\">\ud83e\udde9 Slik Bruker Du Den<\/h2>\n<ol data-start=\"827\" data-end=\"1083\">\n<li data-start=\"827\" data-end=\"881\">\n<p data-start=\"830\" data-end=\"881\">Trykk p\u00e5 av\/p\u00e5-knappen for \u00e5 sl\u00e5 p\u00e5 lommelykten.<\/p>\n<\/li>\n<li data-start=\"882\" data-end=\"935\">\n<p data-start=\"885\" data-end=\"935\">Trykk igjen for \u00e5 veksle mellom lysstyrkeniv\u00e5ene.<\/p>\n<\/li>\n<li data-start=\"936\" data-end=\"1011\">\n<p data-start=\"939\" data-end=\"1011\">Fest den magnetiske basen p\u00e5 en hvilken som helst metalloverflate for h\u00e5ndfri belysning.<\/p>\n<\/li>\n<li data-start=\"1012\" data-end=\"1083\">\n<p data-start=\"1015\" data-end=\"1083\">Lad opp ved hjelp av den innebygde ladeporten n\u00e5r batteriet g\u00e5r tomt.<\/p>\n<\/li>\n<\/ol>\n<h2 style=\"text-align: center;\" data-start=\"1090\" data-end=\"1114\">\ud83d\udccf Produktdetaljer<\/h2>\n<ul data-start=\"1115\" data-end=\"1383\">\n<li data-start=\"1115\" data-end=\"1136\">\n<p data-start=\"1117\" data-end=\"1136\">Materiale: ABS<\/p>\n<\/li>\n<li data-start=\"1137\" data-end=\"1177\">\n<p data-start=\"1139\" data-end=\"1177\">St\u00f8rrelse: 6 x 3,7 cm<\/p>\n<\/li>\n<li data-start=\"1178\" data-end=\"1208\">\n<p data-start=\"1180\" data-end=\"1208\">Lysstyrke: 400 lumen<\/p>\n<\/li>\n<li data-start=\"1209\" data-end=\"1246\">\n<p data-start=\"1211\" data-end=\"1246\">Batteri: 1200 mAh oppladbart<\/p>\n<\/li>\n<li data-start=\"1247\" data-end=\"1287\">\n<p data-start=\"1249\" data-end=\"1287\">LED-levetid: Opptil 50 000 timer<\/p>\n<\/li>\n<li data-start=\"1288\" data-end=\"1383\">\n<p data-start=\"1290\" data-end=\"1383\">Funksjoner: Magnetisk base, flere lysstyrkemoduser, vanntett, st\u00f8vtett, st\u00f8tbestandig<\/p>\n<\/li>\n<li data-start=\"1288\" data-end=\"1383\">\n<p data-start=\"1290\" data-end=\"1383\">Kraft: Oppladbar med Type-C-kabel<\/p>\n<\/li>\n<li data-start=\"1288\" data-end=\"1383\">Farge: Svart, gr\u00f8nn<\/li>\n<\/ul>\n<h2 style=\"text-align: center;\" data-start=\"1390\" data-end=\"1415\">\ud83d\udce6 Pakken inkluderer<\/h2>\n<ul data-start=\"1416\" data-end=\"1449\" data-is-last-node=\"\" data-is-only-node=\"\">\n<li data-start=\"1416\" data-end=\"1449\" data-is-last-node=\"\">\n<p data-start=\"1418\" data-end=\"1449\" data-is-last-node=\"\">1x magnetisk EDC-lommelykt.<\/p>\n<\/li>\n<\/ul>\n<\/div>\n<\/div>\n<\/div>\n<\/div>\n<\/div>\n<\/div>\n<\/article>\n","protected":false},"excerpt":{"rendered":"<p>Lyssterk, Kompakt Og Magnetisk \u2014 Den Perfekte Hverdagslommelykten Du Kan Ha Med Deg Overalt. \ud83d\udd26 Denne magnetiske EDC-lommelykten gir deg [&hellip;]<\/p>\n","protected":false},"featured_media":56833,"comment_status":"open","ping_status":"closed","template":"","meta":{"site-sidebar-layout":"default","site-content-layout":"","ast-site-content-layout":"default","site-content-style":"default","site-sidebar-style":"default","ast-global-header-display":"","ast-banner-title-visibility":"","ast-main-header-display":"","ast-hfb-above-header-display":"","ast-hfb-below-header-display":"","ast-hfb-mobile-header-display":"","site-post-title":"","ast-breadcrumbs-content":"","ast-featured-img":"","footer-sml-layout":"","theme-transparent-header-meta":"default","adv-header-id-meta":"","stick-header-meta":"","header-above-stick-meta":"","header-main-stick-meta":"","header-below-stick-meta":"","astra-migrate-meta-layouts":"set","ast-page-background-enabled":"default","ast-page-background-meta":{"desktop":{"background-color":"var(--ast-global-color-4)","background-image":"","background-repeat":"repeat","background-position":"center center","background-size":"auto","background-attachment":"scroll","background-type":"","background-media":"","overlay-type":"","overlay-color":"","overlay-opacity":"","overlay-gradient":""},"tablet":{"background-color":"","background-image":"","background-repeat":"repeat","background-position":"center center","background-size":"auto","background-attachment":"scroll","background-type":"","background-media":"","overlay-type":"","overlay-color":"","overlay-opacity":"","overlay-gradient":""},"mobile":{"background-color":"","background-image":"","background-repeat":"repeat","background-position":"center center","background-size":"auto","background-attachment":"scroll","background-type":"","background-media":"","overlay-type":"","overlay-color":"","overlay-opacity":"","overlay-gradient":""}},"ast-content-background-meta":{"desktop":{"background-color":"var(--ast-global-color-5)","background-image":"","background-repeat":"repeat","background-position":"center center","background-size":"auto","background-attachment":"scroll","background-type":"","background-media":"","overlay-type":"","overlay-color":"","overlay-opacity":"","overlay-gradient":""},"tablet":{"background-color":"var(--ast-global-color-5)","background-image":"","background-repeat":"repeat","background-position":"center center","background-size":"auto","background-attachment":"scroll","background-type":"","background-media":"","overlay-type":"","overlay-color":"","overlay-opacity":"","overlay-gradient":""},"mobile":{"background-color":"var(--ast-global-color-5)","background-image":"","background-repeat":"repeat","background-position":"center center","background-size":"auto","background-attachment":"scroll","background-type":"","background-media":"","overlay-type":"","overlay-color":"","overlay-opacity":"","overlay-gradient":""}}},"product_brand":[],"product_cat":[996],"product_tag":[],"class_list":{"0":"post-56837","1":"product","2":"type-product","3":"status-publish","4":"has-post-thumbnail","6":"product_cat-verktoy","7":"pa_51439_jgeczwjp-gronn","8":"pa_51439_jgeczwjp-svart","9":"desktop-align-left","10":"tablet-align-left","11":"mobile-align-left","13":"first","14":"instock","15":"shipping-taxable","16":"purchasable","17":"product-type-variable"},"_links":{"self":[{"href":"https:\/\/keluvo.com\/no\/wp-json\/wp\/v2\/product\/56837","targetHints":{"allow":["GET"]}}],"collection":[{"href":"https:\/\/keluvo.com\/no\/wp-json\/wp\/v2\/product"}],"about":[{"href":"https:\/\/keluvo.com\/no\/wp-json\/wp\/v2\/types\/product"}],"replies":[{"embeddable":true,"href":"https:\/\/keluvo.com\/no\/wp-json\/wp\/v2\/comments?post=56837"}],"wp:featuredmedia":[{"embeddable":true,"href":"https:\/\/keluvo.com\/no\/wp-json\/wp\/v2\/media\/56833"}],"wp:attachment":[{"href":"https:\/\/keluvo.com\/no\/wp-json\/wp\/v2\/media?parent=56837"}],"wp:term":[{"taxonomy":"product_brand","embeddable":true,"href":"https:\/\/keluvo.com\/no\/wp-json\/wp\/v2\/product_brand?post=56837"},{"taxonomy":"product_cat","embeddable":true,"href":"https:\/\/keluvo.com\/no\/wp-json\/wp\/v2\/product_cat?post=56837"},{"taxonomy":"product_tag","embeddable":true,"href":"https:\/\/keluvo.com\/no\/wp-json\/wp\/v2\/product_tag?post=56837"}],"curies":[{"name":"wp","href":"https:\/\/api.w.org\/{rel}","templated":true}]}}