{"id":56807,"date":"2025-11-17T14:44:40","date_gmt":"2025-11-17T12:44:40","guid":{"rendered":"https:\/\/keluvo.com\/no\/produkt\/leggings-organiseringshenger\/"},"modified":"2025-11-24T15:57:32","modified_gmt":"2025-11-24T13:57:32","slug":"leggings-organiseringshenger","status":"publish","type":"product","link":"https:\/\/keluvo.com\/no\/produkt\/leggings-organiseringshenger\/","title":{"rendered":"Leggings organiseringshenger"},"content":{"rendered":"<article class=\"text-token-text-primary w-full focus:outline-none [--shadow-height:45px] has-data-writing-block:pointer-events-none has-data-writing-block:-mt-(--shadow-height) has-data-writing-block:pt-(--shadow-height) [&amp;:has([data-writing-block])&gt;*]:pointer-events-auto [content-visibility:auto] supports-[content-visibility:auto]:[contain-intrinsic-size:auto_100lvh] scroll-mt-[calc(var(--header-height)+min(200px,max(70px,20svh)))]\" dir=\"auto\" data-turn-id=\"request-690dc81b-93ec-832a-be91-bbb3d6c506b5-4\" data-testid=\"conversation-turn-118\" data-scroll-anchor=\"true\" data-turn=\"assistant\">\n<div class=\"text-base my-auto mx-auto pb-10 [--thread-content-margin:--spacing(4)] thread-sm:[--thread-content-margin:--spacing(6)] thread-lg:[--thread-content-margin:--spacing(16)] px-(--thread-content-margin)\">\n<div class=\"[--thread-content-max-width:40rem] thread-lg:[--thread-content-max-width:48rem] mx-auto max-w-(--thread-content-max-width) flex-1 group\/turn-messages focus-visible:outline-hidden relative flex w-full min-w-0 flex-col agent-turn\">\n<div class=\"flex max-w-full flex-col grow\">\n<div class=\"min-h-8 text-message relative flex w-full flex-col items-end gap-2 text-start break-words whitespace-normal [.text-message+&amp;]:mt-1\" dir=\"auto\" data-message-author-role=\"assistant\" data-message-id=\"d7d70a19-8764-49f8-b1b0-6aee15cb4bf3\" data-message-model-slug=\"gpt-5-1\">\n<div class=\"flex w-full flex-col gap-1 empty:hidden first:pt-[1px]\">\n<div class=\"markdown prose dark:prose-invert w-full break-words light markdown-new-styling\">\n<p style=\"text-align: center;\" data-start=\"0\" data-end=\"89\"><strong data-start=\"0\" data-end=\"87\">Organiser Alle Leggings, Bukser Og Kl\u00e6r I \u00c9n Kompakt Og Plassbesparende Kleshenger. \ud83d\udc56<\/strong><\/p>\n<p style=\"text-align: center;\" data-start=\"91\" data-end=\"338\">Denne leggingsorganisasjonshengeren gir deg en enkel og effektiv m\u00e5te \u00e5 oppbevare opptil 10 plagg p\u00e5 \u00e9n og samme henger. Den er designet for \u00e5 spare plass i skapet samtidig som den beskytter kl\u00e6rne dine, og bidrar til \u00e5 holde garderoben din ryddig, synlig og lett tilgjengelig hver dag.<\/p>\n<p data-start=\"91\" data-end=\"338\"><img decoding=\"async\" class=\"size-full wp-image-41377 aligncenter\" src=\"https:\/\/keluvo.com\/template\/wp-content\/uploads\/sites\/5\/2025\/11\/4-2-1.jpg\" alt=\"\" \/><\/p>\n<h2 style=\"text-align: center;\" data-start=\"345\" data-end=\"367\"><strong>\ud83c\udf1f Hovedfordeler<\/strong><\/h2>\n<p data-start=\"370\" data-end=\"464\">\ud83d\udc56 Plass til opptil 10 plagg p\u00e5 \u00e9n gang &#8211; perfekt for leggings, bukser, skj\u00f8rt, shorts og mer.<\/p>\n<p data-start=\"467\" data-end=\"553\">\ud83e\uddf2 Sk\u00e5nsomme klips uten merker &#8211; dyppet plastbeskyttelse forhindrer bretter eller skader.<\/p>\n<p data-start=\"556\" data-end=\"640\">\ud83c\udfe0 Maksimerer sm\u00e5 skap &#8211; bruker vertikal plass for \u00e5 holde alt organisert.<\/p>\n<p data-start=\"643\" data-end=\"718\">\ud83d\udcaa Slitesterk karbonst\u00e5lramme &#8211; sterk belastningskapasitet uten \u00e5 b\u00f8ye.<\/p>\n<p data-start=\"721\" data-end=\"806\">\ud83d\udeaa Allsidige hengealternativer &#8211; heng i skapet, bak en d\u00f8r eller p\u00e5 en vegg.<\/p>\n<p data-start=\"809\" data-end=\"860\">\ud83d\ude80 Klar til bruk umiddelbart &#8211; ingen montering n\u00f8dvendig.<\/p>\n<p data-start=\"809\" data-end=\"860\"><img fetchpriority=\"high\" decoding=\"async\" class=\"size-full wp-image-41376 aligncenter\" src=\"https:\/\/keluvo.com\/template\/wp-content\/uploads\/sites\/5\/2025\/11\/5-2-1.jpg\" alt=\"\" width=\"1080\" height=\"1080\" \/><\/p>\n<h2 style=\"text-align: center;\" data-start=\"867\" data-end=\"886\"><strong>\ud83e\udde9 Slik Bruker Du Den<\/strong><\/h2>\n<ol data-start=\"887\" data-end=\"1131\">\n<li data-start=\"887\" data-end=\"943\">\n<p data-start=\"890\" data-end=\"943\">Heng opp organisatoren i skapet eller \u00f8nsket plass.<\/p>\n<\/li>\n<li data-start=\"944\" data-end=\"1017\">\n<p data-start=\"947\" data-end=\"1017\">Fest leggings, bukser, skj\u00f8rt eller andre plagg p\u00e5 hver klips.<\/p>\n<\/li>\n<li data-start=\"1018\" data-end=\"1063\">\n<p data-start=\"1021\" data-end=\"1063\">Fyll alle 10 klipsene for \u00e5 spare maksimal plass.<\/p>\n<\/li>\n<li data-start=\"1064\" data-end=\"1131\">\n<p data-start=\"1067\" data-end=\"1131\">Fjern eller klips gjenstander n\u00e5r som helst &#8211; ingen bretting eller rulling er n\u00f8dvendig.<\/p>\n<\/li>\n<\/ol>\n<h2 style=\"text-align: center;\" data-start=\"1138\" data-end=\"1162\"><strong>\ud83d\udccf Produktdetaljer<\/strong><\/h2>\n<ul data-start=\"1163\" data-end=\"1555\">\n<li data-start=\"1163\" data-end=\"1232\">\n<p data-start=\"1165\" data-end=\"1232\">Materiale: Karbonst\u00e5l av h\u00f8y kvalitet med galvanisert overflate<\/p>\n<\/li>\n<li data-start=\"1233\" data-end=\"1299\">\n<p data-start=\"1235\" data-end=\"1299\">Klipsbeskyttelse: Myk dyppet plast (ingen merker, ingen skader)<\/p>\n<\/li>\n<li data-start=\"1300\" data-end=\"1338\">\n<p data-start=\"1302\" data-end=\"1338\">Kapasitet: Rommer opptil 10 gjenstander<\/p>\n<\/li>\n<li data-start=\"1339\" data-end=\"1442\">\n<p data-start=\"1341\" data-end=\"1442\">Bruk til: Leggings, jeans, bukser, skj\u00f8rt, shorts, skjerf, undert\u00f8y, sportskl\u00e6r, T-skjorter og mer<\/p>\n<\/li>\n<li data-start=\"1443\" data-end=\"1485\">\n<p data-start=\"1445\" data-end=\"1485\">Installasjon: Ingen montering kreves<\/p>\n<\/li>\n<li data-start=\"1486\" data-end=\"1555\">\n<p data-start=\"1488\" data-end=\"1555\">Plasseringsalternativer: Garderobestang, d\u00f8rkrok, veggkrok, oppbevaringsstativ<\/p>\n<\/li>\n<li data-start=\"1486\" data-end=\"1555\">Farge: Svart, rosa, lysegr\u00e5<\/li>\n<\/ul>\n<h2 style=\"text-align: center;\" data-start=\"1562\" data-end=\"1587\"><strong>\ud83d\udce6 Pakken inneholder<\/strong><\/h2>\n<ul data-start=\"1588\" data-end=\"1640\" data-is-last-node=\"\" data-is-only-node=\"\">\n<li data-start=\"1588\" data-end=\"1640\" data-is-last-node=\"\">\n<p data-start=\"1590\" data-end=\"1640\" data-is-last-node=\"\">1, 2, 4x leggings arrang\u00f8rhenger.<\/p>\n<\/li>\n<\/ul>\n<\/div>\n<\/div>\n<\/div>\n<\/div>\n<\/div>\n<\/div>\n<\/article>\n","protected":false},"excerpt":{"rendered":"<p>Organiser Alle Leggings, Bukser Og Kl\u00e6r I \u00c9n Kompakt Og Plassbesparende Kleshenger. \ud83d\udc56 Denne leggingsorganisasjonshengeren gir deg en enkel og [&hellip;]<\/p>\n","protected":false},"featured_media":56803,"comment_status":"open","ping_status":"closed","template":"","meta":{"site-sidebar-layout":"default","site-content-layout":"","ast-site-content-layout":"default","site-content-style":"default","site-sidebar-style":"default","ast-global-header-display":"","ast-banner-title-visibility":"","ast-main-header-display":"","ast-hfb-above-header-display":"","ast-hfb-below-header-display":"","ast-hfb-mobile-header-display":"","site-post-title":"","ast-breadcrumbs-content":"","ast-featured-img":"","footer-sml-layout":"","theme-transparent-header-meta":"default","adv-header-id-meta":"","stick-header-meta":"","header-above-stick-meta":"","header-main-stick-meta":"","header-below-stick-meta":"","astra-migrate-meta-layouts":"set","ast-page-background-enabled":"default","ast-page-background-meta":{"desktop":{"background-color":"var(--ast-global-color-4)","background-image":"","background-repeat":"repeat","background-position":"center center","background-size":"auto","background-attachment":"scroll","background-type":"","background-media":"","overlay-type":"","overlay-color":"","overlay-opacity":"","overlay-gradient":""},"tablet":{"background-color":"","background-image":"","background-repeat":"repeat","background-position":"center center","background-size":"auto","background-attachment":"scroll","background-type":"","background-media":"","overlay-type":"","overlay-color":"","overlay-opacity":"","overlay-gradient":""},"mobile":{"background-color":"","background-image":"","background-repeat":"repeat","background-position":"center center","background-size":"auto","background-attachment":"scroll","background-type":"","background-media":"","overlay-type":"","overlay-color":"","overlay-opacity":"","overlay-gradient":""}},"ast-content-background-meta":{"desktop":{"background-color":"var(--ast-global-color-5)","background-image":"","background-repeat":"repeat","background-position":"center center","background-size":"auto","background-attachment":"scroll","background-type":"","background-media":"","overlay-type":"","overlay-color":"","overlay-opacity":"","overlay-gradient":""},"tablet":{"background-color":"var(--ast-global-color-5)","background-image":"","background-repeat":"repeat","background-position":"center center","background-size":"auto","background-attachment":"scroll","background-type":"","background-media":"","overlay-type":"","overlay-color":"","overlay-opacity":"","overlay-gradient":""},"mobile":{"background-color":"var(--ast-global-color-5)","background-image":"","background-repeat":"repeat","background-position":"center center","background-size":"auto","background-attachment":"scroll","background-type":"","background-media":"","overlay-type":"","overlay-color":"","overlay-opacity":"","overlay-gradient":""}}},"product_brand":[],"product_cat":[1001],"product_tag":[],"class_list":{"0":"post-56807","1":"product","2":"type-product","3":"status-publish","4":"has-post-thumbnail","6":"product_cat-husholdningsartikler","7":"pa_51428_bmq5npgr-1-stk","8":"pa_51428_bmq5npgr-2-stk","9":"pa_51428_bmq5npgr-4-stk","10":"pa_51428_sh2zmn41-lysegra","11":"pa_51428_sh2zmn41-rosa","12":"pa_51428_sh2zmn41-svart","13":"desktop-align-left","14":"tablet-align-left","15":"mobile-align-left","17":"first","18":"instock","19":"shipping-taxable","20":"purchasable","21":"product-type-variable","22":"has-default-attributes"},"_links":{"self":[{"href":"https:\/\/keluvo.com\/no\/wp-json\/wp\/v2\/product\/56807","targetHints":{"allow":["GET"]}}],"collection":[{"href":"https:\/\/keluvo.com\/no\/wp-json\/wp\/v2\/product"}],"about":[{"href":"https:\/\/keluvo.com\/no\/wp-json\/wp\/v2\/types\/product"}],"replies":[{"embeddable":true,"href":"https:\/\/keluvo.com\/no\/wp-json\/wp\/v2\/comments?post=56807"}],"wp:featuredmedia":[{"embeddable":true,"href":"https:\/\/keluvo.com\/no\/wp-json\/wp\/v2\/media\/56803"}],"wp:attachment":[{"href":"https:\/\/keluvo.com\/no\/wp-json\/wp\/v2\/media?parent=56807"}],"wp:term":[{"taxonomy":"product_brand","embeddable":true,"href":"https:\/\/keluvo.com\/no\/wp-json\/wp\/v2\/product_brand?post=56807"},{"taxonomy":"product_cat","embeddable":true,"href":"https:\/\/keluvo.com\/no\/wp-json\/wp\/v2\/product_cat?post=56807"},{"taxonomy":"product_tag","embeddable":true,"href":"https:\/\/keluvo.com\/no\/wp-json\/wp\/v2\/product_tag?post=56807"}],"curies":[{"name":"wp","href":"https:\/\/api.w.org\/{rel}","templated":true}]}}