{"id":56788,"date":"2025-11-17T14:42:32","date_gmt":"2025-11-17T12:42:32","guid":{"rendered":"https:\/\/keluvo.com\/no\/produkt\/magnetisk-kameragrep-med-bluetooth-stativ\/"},"modified":"2025-11-18T19:00:20","modified_gmt":"2025-11-18T17:00:20","slug":"magnetisk-kameragrep-med-bluetooth-stativ","status":"publish","type":"product","link":"https:\/\/keluvo.com\/no\/produkt\/magnetisk-kameragrep-med-bluetooth-stativ\/","title":{"rendered":"Magnetisk kameragrep med Bluetooth-stativ"},"content":{"rendered":"<article class=\"text-token-text-primary w-full focus:outline-none [--shadow-height:45px] has-data-writing-block:pointer-events-none has-data-writing-block:-mt-(--shadow-height) has-data-writing-block:pt-(--shadow-height) [&amp;:has([data-writing-block])&gt;*]:pointer-events-auto [content-visibility:auto] supports-[content-visibility:auto]:[contain-intrinsic-size:auto_100lvh] scroll-mt-[calc(var(--header-height)+min(200px,max(70px,20svh)))]\" dir=\"auto\" data-turn-id=\"request-690dc81b-93ec-832a-be91-bbb3d6c506b5-3\" data-testid=\"conversation-turn-116\" data-scroll-anchor=\"true\" data-turn=\"assistant\">\n<div class=\"text-base my-auto mx-auto pb-10 [--thread-content-margin:--spacing(4)] thread-sm:[--thread-content-margin:--spacing(6)] thread-lg:[--thread-content-margin:--spacing(16)] px-(--thread-content-margin)\">\n<div class=\"[--thread-content-max-width:40rem] thread-lg:[--thread-content-max-width:48rem] mx-auto max-w-(--thread-content-max-width) flex-1 group\/turn-messages focus-visible:outline-hidden relative flex w-full min-w-0 flex-col agent-turn\">\n<div class=\"flex max-w-full flex-col grow\">\n<div class=\"min-h-8 text-message relative flex w-full flex-col items-end gap-2 text-start break-words whitespace-normal [.text-message+&amp;]:mt-1\" dir=\"auto\" data-message-author-role=\"assistant\" data-message-id=\"7eb4e59f-adbd-465d-b754-1488e0ab581c\" data-message-model-slug=\"gpt-5-1\">\n<div class=\"flex w-full flex-col gap-1 empty:hidden first:pt-[1px]\">\n<div class=\"markdown prose dark:prose-invert w-full break-words light markdown-new-styling\">\n<p style=\"text-align: center;\" data-start=\"0\" data-end=\"86\"><strong data-start=\"0\" data-end=\"84\">Ta Stabile, H\u00e5ndfrie Bilder Samtidig Som Telefonen Alltid Er Ladet. \ud83d\udcf8<\/strong><\/p>\n<p style=\"text-align: center;\" data-start=\"88\" data-end=\"422\">Dette magnetiske kameragrepet med Bluetooth-stativ gir deg alt du trenger for smidig fotografering &#8211; Bluetooth-opptak, stabilisering mot risting, magnetisk montering og innebygd MagSafe tr\u00e5dl\u00f8s lading. Enten du er p\u00e5 reise, filmer innhold eller fanger familie\u00f8yeblikk, gj\u00f8r dette kompakte verkt\u00f8yet hvert bilde enklere og klarere.<\/p>\n<p data-start=\"88\" data-end=\"422\"><img decoding=\"async\" class=\"size-full wp-image-41359 aligncenter\" src=\"https:\/\/keluvo.com\/template\/wp-content\/uploads\/sites\/5\/2025\/11\/33e75cf3-efe2-4517-b878-f9e79629f872.gif\" alt=\"\" \/><\/p>\n<h2 style=\"text-align: center;\" data-start=\"429\" data-end=\"451\"><strong>\ud83c\udf1f Hovedfordeler<\/strong><\/h2>\n<p data-start=\"454\" data-end=\"546\">\ud83d\udcf8 Jevne, stabile bilder &#8211; Avansert antiryste-teknologi holder bildene og videoene dine stabile.<\/p>\n<p data-start=\"549\" data-end=\"638\">\ud83e\uddf2 Sterkt magnetisk feste &#8211; Festes enkelt til jernoverflater for h\u00e5ndfri fotografering.<\/p>\n<p data-start=\"641\" data-end=\"740\">\ud83d\udd0b MagSafe tr\u00e5dl\u00f8s lading &#8211; Lad telefonen mens du fotograferer &#8211; ingen kabler er n\u00f8dvendig.<\/p>\n<p data-start=\"743\" data-end=\"837\">\ud83d\udc5c B\u00e6rbar og sammenleggbar &#8211; Lett og enkel \u00e5 ta med seg p\u00e5 reiser, arrangementer og daglig bruk.<\/p>\n<p data-start=\"840\" data-end=\"952\">\ud83c\udfae Bluetooth-kamerakontroll &#8211; Ta bilder eksternt med et enkelt trykk &#8211; perfekt for gruppebilder og selfies.<\/p>\n<p data-start=\"840\" data-end=\"952\"><img decoding=\"async\" class=\"size-full wp-image-41360 aligncenter\" src=\"https:\/\/keluvo.com\/template\/wp-content\/uploads\/sites\/5\/2025\/11\/47954c0f-20c9-43e6-83d2-d92ab07882f5.gif\" alt=\"\" \/><\/p>\n<h2 style=\"text-align: center;\" data-start=\"959\" data-end=\"981\"><strong>\ud83e\uddd1\u200d\ud83d\udcbb Slik Bruker Du Det<\/strong><\/h2>\n<ol data-start=\"982\" data-end=\"1384\">\n<li data-start=\"982\" data-end=\"1066\">\n<p data-start=\"985\" data-end=\"1066\">Fest telefonen til det magnetiske grepet (fungerer med MagSafe-kompatible enheter).<\/p>\n<\/li>\n<li data-start=\"1067\" data-end=\"1124\">\n<p data-start=\"1070\" data-end=\"1124\">Sl\u00e5 p\u00e5 Bluetooth og par grepet med telefonen din.<\/p>\n<\/li>\n<li data-start=\"1125\" data-end=\"1218\">\n<p data-start=\"1128\" data-end=\"1218\">Hold grepet for stabil fotografering eller plasser det p\u00e5 en hvilken som helst jernoverflate for h\u00e5ndfrie bilder.<\/p>\n<\/li>\n<li data-start=\"1219\" data-end=\"1310\">\n<p data-start=\"1222\" data-end=\"1310\">Bruk den innebygde tr\u00e5dl\u00f8se laderen for \u00e5 holde iPhone-enheten din med str\u00f8m mens du tar bilder.<\/p>\n<\/li>\n<li data-start=\"1311\" data-end=\"1384\">\n<p data-start=\"1314\" data-end=\"1384\">Brett og oppbevar grepet n\u00e5r du er ferdig &#8211; perfekt for lommer og vesker.<\/p>\n<\/li>\n<\/ol>\n<h2 style=\"text-align: center;\" data-start=\"1391\" data-end=\"1415\"><strong>\ud83d\udccf Produktdetaljer<\/strong><\/h2>\n<ul data-start=\"1416\" data-end=\"1726\">\n<li data-start=\"1416\" data-end=\"1451\">\n<p data-start=\"1418\" data-end=\"1451\">Materiale: ABS + magnet + PU<\/p>\n<\/li>\n<li data-start=\"1452\" data-end=\"1473\">\n<p data-start=\"1454\" data-end=\"1473\">Vekt: 130 g<\/p>\n<\/li>\n<li data-start=\"1474\" data-end=\"1517\">\n<p data-start=\"1476\" data-end=\"1517\">Lading: MagSafe tr\u00e5dl\u00f8s lading<\/p>\n<\/li>\n<li data-start=\"1518\" data-end=\"1539\">\n<p data-start=\"1520\" data-end=\"1539\">Inngang: Type-C<\/p>\n<\/li>\n<li data-start=\"1540\" data-end=\"1626\">\n<p data-start=\"1542\" data-end=\"1626\">Funksjoner: Anti-rysting, magnetisk montering, Bluetooth-fjernopptak, MagSafe-lading<\/p>\n<\/li>\n<li data-start=\"1627\" data-end=\"1671\">\n<p data-start=\"1629\" data-end=\"1671\">Farger: Svart, bl\u00e5, rosa, lilla<\/p>\n<\/li>\n<li data-start=\"1672\" data-end=\"1726\">\n<p data-start=\"1674\" data-end=\"1726\">Kompatibel med: iPhone 12 og nyere (MagSafe)<\/p>\n<\/li>\n<\/ul>\n<h2 style=\"text-align: center;\" data-start=\"1733\" data-end=\"1758\"><strong>\ud83d\udce6 Pakken inkluderer<\/strong><\/h2>\n<ul data-start=\"1759\" data-end=\"1812\" data-is-last-node=\"\" data-is-only-node=\"\">\n<li data-start=\"1759\" data-end=\"1812\" data-is-last-node=\"\">\n<p data-start=\"1761\" data-end=\"1812\" data-is-last-node=\"\">1x magnetisk kameragrep med Bluetooth-stativ.<\/p>\n<\/li>\n<\/ul>\n<\/div>\n<\/div>\n<\/div>\n<\/div>\n<\/div>\n<\/div>\n<\/article>\n","protected":false},"excerpt":{"rendered":"<p>Ta Stabile, H\u00e5ndfrie Bilder Samtidig Som Telefonen Alltid Er Ladet. \ud83d\udcf8 Dette magnetiske kameragrepet med Bluetooth-stativ gir deg alt du [&hellip;]<\/p>\n","protected":false},"featured_media":56784,"comment_status":"open","ping_status":"closed","template":"","meta":{"site-sidebar-layout":"default","site-content-layout":"","ast-site-content-layout":"default","site-content-style":"default","site-sidebar-style":"default","ast-global-header-display":"","ast-banner-title-visibility":"","ast-main-header-display":"","ast-hfb-above-header-display":"","ast-hfb-below-header-display":"","ast-hfb-mobile-header-display":"","site-post-title":"","ast-breadcrumbs-content":"","ast-featured-img":"","footer-sml-layout":"","theme-transparent-header-meta":"default","adv-header-id-meta":"","stick-header-meta":"","header-above-stick-meta":"","header-main-stick-meta":"","header-below-stick-meta":"","astra-migrate-meta-layouts":"set","ast-page-background-enabled":"default","ast-page-background-meta":{"desktop":{"background-color":"var(--ast-global-color-4)","background-image":"","background-repeat":"repeat","background-position":"center center","background-size":"auto","background-attachment":"scroll","background-type":"","background-media":"","overlay-type":"","overlay-color":"","overlay-opacity":"","overlay-gradient":""},"tablet":{"background-color":"","background-image":"","background-repeat":"repeat","background-position":"center center","background-size":"auto","background-attachment":"scroll","background-type":"","background-media":"","overlay-type":"","overlay-color":"","overlay-opacity":"","overlay-gradient":""},"mobile":{"background-color":"","background-image":"","background-repeat":"repeat","background-position":"center center","background-size":"auto","background-attachment":"scroll","background-type":"","background-media":"","overlay-type":"","overlay-color":"","overlay-opacity":"","overlay-gradient":""}},"ast-content-background-meta":{"desktop":{"background-color":"var(--ast-global-color-5)","background-image":"","background-repeat":"repeat","background-position":"center center","background-size":"auto","background-attachment":"scroll","background-type":"","background-media":"","overlay-type":"","overlay-color":"","overlay-opacity":"","overlay-gradient":""},"tablet":{"background-color":"var(--ast-global-color-5)","background-image":"","background-repeat":"repeat","background-position":"center center","background-size":"auto","background-attachment":"scroll","background-type":"","background-media":"","overlay-type":"","overlay-color":"","overlay-opacity":"","overlay-gradient":""},"mobile":{"background-color":"var(--ast-global-color-5)","background-image":"","background-repeat":"repeat","background-position":"center center","background-size":"auto","background-attachment":"scroll","background-type":"","background-media":"","overlay-type":"","overlay-color":"","overlay-opacity":"","overlay-gradient":""}}},"product_brand":[],"product_cat":[993],"product_tag":[],"class_list":{"0":"post-56788","1":"product","2":"type-product","3":"status-publish","4":"has-post-thumbnail","6":"product_cat-skotoy-tilbehor","7":"pa_51418_ywl2vgzk-bla","8":"pa_51418_ywl2vgzk-lilla","9":"pa_51418_ywl2vgzk-rosa","10":"pa_51418_ywl2vgzk-svart","11":"desktop-align-left","12":"tablet-align-left","13":"mobile-align-left","15":"first","16":"instock","17":"shipping-taxable","18":"purchasable","19":"product-type-variable"},"_links":{"self":[{"href":"https:\/\/keluvo.com\/no\/wp-json\/wp\/v2\/product\/56788","targetHints":{"allow":["GET"]}}],"collection":[{"href":"https:\/\/keluvo.com\/no\/wp-json\/wp\/v2\/product"}],"about":[{"href":"https:\/\/keluvo.com\/no\/wp-json\/wp\/v2\/types\/product"}],"replies":[{"embeddable":true,"href":"https:\/\/keluvo.com\/no\/wp-json\/wp\/v2\/comments?post=56788"}],"wp:featuredmedia":[{"embeddable":true,"href":"https:\/\/keluvo.com\/no\/wp-json\/wp\/v2\/media\/56784"}],"wp:attachment":[{"href":"https:\/\/keluvo.com\/no\/wp-json\/wp\/v2\/media?parent=56788"}],"wp:term":[{"taxonomy":"product_brand","embeddable":true,"href":"https:\/\/keluvo.com\/no\/wp-json\/wp\/v2\/product_brand?post=56788"},{"taxonomy":"product_cat","embeddable":true,"href":"https:\/\/keluvo.com\/no\/wp-json\/wp\/v2\/product_cat?post=56788"},{"taxonomy":"product_tag","embeddable":true,"href":"https:\/\/keluvo.com\/no\/wp-json\/wp\/v2\/product_tag?post=56788"}],"curies":[{"name":"wp","href":"https:\/\/api.w.org\/{rel}","templated":true}]}}