{"id":56777,"date":"2025-11-17T14:41:09","date_gmt":"2025-11-17T12:41:09","guid":{"rendered":"https:\/\/keluvo.com\/no\/produkt\/diy-sysett-for-goyal-sying-for-barn\/"},"modified":"2025-11-24T15:57:30","modified_gmt":"2025-11-24T13:57:30","slug":"diy-sysett-for-goyal-sying-for-barn","status":"publish","type":"product","link":"https:\/\/keluvo.com\/no\/produkt\/diy-sysett-for-goyal-sying-for-barn\/","title":{"rendered":"DIY-sysett for g\u00f8yal sying for barn"},"content":{"rendered":"<p style=\"text-align: center;\" data-start=\"0\" data-end=\"86\"><strong data-start=\"0\" data-end=\"84\">En morsom og enkel m\u00e5te for barn \u00e5 l\u00e6re \u00e5 sy og lage s\u00f8te h\u00e5ndarbeid p\u00e5. \ud83e\uddf5<\/strong><\/p>\n<p style=\"text-align: center;\" data-start=\"88\" data-end=\"338\">Dette DIY-sysettet for barn introduserer barn til h\u00e5ndarbeid p\u00e5 en enkel og spennende m\u00e5te. Med s\u00f8te dyrem\u00f8nstre, fargerike tr\u00e5der og enkle instruksjoner hjelper dette settet barn med \u00e5 bygge selvtillit mens de skaper sine egne syede mesterverk.<\/p>\n<p data-start=\"88\" data-end=\"338\"><img decoding=\"async\" class=\"size-full wp-image-41355 aligncenter\" src=\"https:\/\/keluvo.com\/template\/wp-content\/uploads\/sites\/5\/2025\/11\/10223-ezgif.com-video-to-webp-converter-4.webp\" alt=\"\" \/><\/p>\n<h2 style=\"text-align: center;\" data-start=\"345\" data-end=\"367\"><strong>Hovedfordeler<\/strong><\/h2>\n<p data-start=\"370\" data-end=\"447\">\ud83c\udfa8 \u00d8ker kreativiteten &#8211; Oppmuntrer fantasien gjennom praktisk h\u00e5ndarbeid.<\/p>\n<p data-start=\"450\" data-end=\"536\">\u270b Forbedrer finmotorikken &#8211; Hjelper med \u00e5 utvikle h\u00e5nd-\u00f8ye-koordinasjon og presisjon.<\/p>\n<p data-start=\"539\" data-end=\"615\">\ud83d\udc3b S\u00f8te m\u00f8nstre &#8211; Leveres med s\u00f8te dyrem\u00f8nstre som barn elsker \u00e5 sy.<\/p>\n<p data-start=\"618\" data-end=\"686\">\ud83c\udf08 Fargerike tr\u00e5der &#8211; Tilf\u00f8rer moro og glans til hvert prosjekt.<\/p>\n<p data-start=\"689\" data-end=\"785\">\ud83d\udcd8 Nybegynnervennlig &#8211; Enkle trinn som gj\u00f8r det enkelt og morsomt \u00e5 sy for sm\u00e5 elever.<\/p>\n<p data-start=\"689\" data-end=\"785\"><img decoding=\"async\" class=\"size-full wp-image-41356 aligncenter\" src=\"https:\/\/keluvo.com\/template\/wp-content\/uploads\/sites\/5\/2025\/11\/d46d2f0b-6420-4f13-88d4-3f0c91de7175.gif\" alt=\"\" \/><\/p>\n<h2 style=\"text-align: center;\" data-start=\"792\" data-end=\"811\"><strong>Slik Bruker Du Det<\/strong><\/h2>\n<ol data-start=\"812\" data-end=\"1036\">\n<li data-start=\"812\" data-end=\"866\">\n<p data-start=\"815\" data-end=\"866\">Velg ditt favorittm\u00f8nster fra settet.<\/p>\n<\/li>\n<li data-start=\"867\" data-end=\"911\">\n<p data-start=\"870\" data-end=\"911\">Velg tr\u00e5dfargene du vil bruke.<\/p>\n<\/li>\n<li data-start=\"912\" data-end=\"981\">\n<p data-start=\"915\" data-end=\"981\">F\u00f8lg trinn-for-trinn-instruksjonene for \u00e5 sy sammen figurene.<\/p>\n<\/li>\n<li data-start=\"982\" data-end=\"1036\">\n<p data-start=\"985\" data-end=\"1036\">Fullf\u00f8r kreasjonen din og nyt det h\u00e5ndlagde h\u00e5ndarbeidet ditt!<\/p>\n<\/li>\n<\/ol>\n<h2 style=\"text-align: center;\" data-start=\"1043\" data-end=\"1067\"><strong>Produktdetaljer<\/strong><\/h2>\n<ul data-start=\"1068\" data-end=\"1243\">\n<li data-start=\"1068\" data-end=\"1109\">\n<p data-start=\"1070\" data-end=\"1109\">Pakningsst\u00f8rrelse: 155 x 190 x 45 mm<\/p>\n<\/li>\n<li data-start=\"1110\" data-end=\"1169\">\n<p data-start=\"1112\" data-end=\"1169\">Designet for: Barns hobbyarbeid, l\u00e6ring og DIY-moro<\/p>\n<\/li>\n<li data-start=\"1170\" data-end=\"1243\">\n<p data-start=\"1172\" data-end=\"1243\">Inkluderer flere s\u00f8te designmaler og fargerike symaterialer (trygt for barn)<\/p>\n<\/li>\n<li data-start=\"1170\" data-end=\"1243\">6 s\u00f8te design i settet: Hund, frosk, kanin, katt, bj\u00f8rn, gulrot<\/li>\n<\/ul>\n<h2 style=\"text-align: center;\">\ud83d\udce6 Pakken inneholder<\/h2>\n<ul data-start=\"1276\" data-end=\"1325\" data-is-last-node=\"\" data-is-only-node=\"\">\n<li data-start=\"1276\" data-end=\"1325\" data-is-last-node=\"\">\n<p data-start=\"1278\" data-end=\"1325\" data-is-last-node=\"\">1x DIY-sysett for barn.<\/p>\n<\/li>\n<\/ul>\n","protected":false},"excerpt":{"rendered":"<p>En morsom og enkel m\u00e5te for barn \u00e5 l\u00e6re \u00e5 sy og lage s\u00f8te h\u00e5ndarbeid p\u00e5. \ud83e\uddf5 Dette DIY-sysettet for [&hellip;]<\/p>\n","protected":false},"featured_media":56773,"comment_status":"open","ping_status":"closed","template":"","meta":{"site-sidebar-layout":"default","site-content-layout":"","ast-site-content-layout":"default","site-content-style":"default","site-sidebar-style":"default","ast-global-header-display":"","ast-banner-title-visibility":"","ast-main-header-display":"","ast-hfb-above-header-display":"","ast-hfb-below-header-display":"","ast-hfb-mobile-header-display":"","site-post-title":"","ast-breadcrumbs-content":"","ast-featured-img":"","footer-sml-layout":"","theme-transparent-header-meta":"default","adv-header-id-meta":"","stick-header-meta":"","header-above-stick-meta":"","header-main-stick-meta":"","header-below-stick-meta":"","astra-migrate-meta-layouts":"set","ast-page-background-enabled":"default","ast-page-background-meta":{"desktop":{"background-color":"var(--ast-global-color-4)","background-image":"","background-repeat":"repeat","background-position":"center center","background-size":"auto","background-attachment":"scroll","background-type":"","background-media":"","overlay-type":"","overlay-color":"","overlay-opacity":"","overlay-gradient":""},"tablet":{"background-color":"","background-image":"","background-repeat":"repeat","background-position":"center center","background-size":"auto","background-attachment":"scroll","background-type":"","background-media":"","overlay-type":"","overlay-color":"","overlay-opacity":"","overlay-gradient":""},"mobile":{"background-color":"","background-image":"","background-repeat":"repeat","background-position":"center center","background-size":"auto","background-attachment":"scroll","background-type":"","background-media":"","overlay-type":"","overlay-color":"","overlay-opacity":"","overlay-gradient":""}},"ast-content-background-meta":{"desktop":{"background-color":"var(--ast-global-color-5)","background-image":"","background-repeat":"repeat","background-position":"center center","background-size":"auto","background-attachment":"scroll","background-type":"","background-media":"","overlay-type":"","overlay-color":"","overlay-opacity":"","overlay-gradient":""},"tablet":{"background-color":"var(--ast-global-color-5)","background-image":"","background-repeat":"repeat","background-position":"center center","background-size":"auto","background-attachment":"scroll","background-type":"","background-media":"","overlay-type":"","overlay-color":"","overlay-opacity":"","overlay-gradient":""},"mobile":{"background-color":"var(--ast-global-color-5)","background-image":"","background-repeat":"repeat","background-position":"center center","background-size":"auto","background-attachment":"scroll","background-type":"","background-media":"","overlay-type":"","overlay-color":"","overlay-opacity":"","overlay-gradient":""}}},"product_brand":[],"product_cat":[990],"product_tag":[],"class_list":{"0":"post-56777","1":"product","2":"type-product","3":"status-publish","4":"has-post-thumbnail","6":"product_cat-leker-barne-og-babyprodukter","7":"desktop-align-left","8":"tablet-align-left","9":"mobile-align-left","11":"first","12":"instock","13":"shipping-taxable","14":"purchasable","15":"product-type-simple"},"_links":{"self":[{"href":"https:\/\/keluvo.com\/no\/wp-json\/wp\/v2\/product\/56777","targetHints":{"allow":["GET"]}}],"collection":[{"href":"https:\/\/keluvo.com\/no\/wp-json\/wp\/v2\/product"}],"about":[{"href":"https:\/\/keluvo.com\/no\/wp-json\/wp\/v2\/types\/product"}],"replies":[{"embeddable":true,"href":"https:\/\/keluvo.com\/no\/wp-json\/wp\/v2\/comments?post=56777"}],"wp:featuredmedia":[{"embeddable":true,"href":"https:\/\/keluvo.com\/no\/wp-json\/wp\/v2\/media\/56773"}],"wp:attachment":[{"href":"https:\/\/keluvo.com\/no\/wp-json\/wp\/v2\/media?parent=56777"}],"wp:term":[{"taxonomy":"product_brand","embeddable":true,"href":"https:\/\/keluvo.com\/no\/wp-json\/wp\/v2\/product_brand?post=56777"},{"taxonomy":"product_cat","embeddable":true,"href":"https:\/\/keluvo.com\/no\/wp-json\/wp\/v2\/product_cat?post=56777"},{"taxonomy":"product_tag","embeddable":true,"href":"https:\/\/keluvo.com\/no\/wp-json\/wp\/v2\/product_tag?post=56777"}],"curies":[{"name":"wp","href":"https:\/\/api.w.org\/{rel}","templated":true}]}}