{"id":5676,"date":"2024-11-23T18:43:48","date_gmt":"2024-11-23T16:43:48","guid":{"rendered":"https:\/\/keluvo.com\/no\/produkt\/stopper-til-baderomsvasken\/"},"modified":"2024-12-18T14:47:01","modified_gmt":"2024-12-18T12:47:01","slug":"stopper-til-baderomsvasken","status":"publish","type":"product","link":"https:\/\/keluvo.com\/no\/produkt\/stopper-til-baderomsvasken\/","title":{"rendered":"Stopper til baderomsvasken"},"content":{"rendered":"<h2 style=\"text-align: center;\"><strong>Slitesterk design i rustfritt st\u00e5l<\/strong><\/h2>\n<p style=\"text-align: center;\">Baderomsvaskkumproppen er laget av rustfritt st\u00e5l av h\u00f8y kvalitet, noe som sikrer utmerket holdbarhet og motstand mot rust. Den robuste konstruksjonen garanterer langvarig bruk, selv under fuktige baderomsforhold. Et p\u00e5litelig tillegg til ethvert vaskeoppsett.<\/p>\n<p><img decoding=\"async\" class=\"alignnone size-medium wp-image-3924 aligncenter\" src=\"https:\/\/keluvo.com\/template\/wp-content\/uploads\/sites\/5\/2024\/11\/5e29940b-64af-4026-87d9-16a0f2e58f57.webp\" alt=\"\" \/><\/p>\n<h2 style=\"text-align: center;\"><strong>praktisk popup-mekanisme<\/strong><\/h2>\n<p style=\"text-align: center;\">Med sin brukervennlige popup-design muliggj\u00f8r denne baderomsvaskstopperen rask installasjon og enkel betjening. Bare trykk ned for \u00e5 tette vasken og trykk igjen for \u00e5 slippe ut vann, noe som gj\u00f8r den til en brukervennlig l\u00f8sning for daglig bruk.<\/p>\n<p><img decoding=\"async\" class=\"alignnone size-medium wp-image-3925 aligncenter\" src=\"https:\/\/keluvo.com\/template\/wp-content\/uploads\/sites\/5\/2024\/11\/b5f8eed6-8e8f-4900-b1b9-6d24f19e4e2f.webp\" alt=\"\" \/><\/p>\n","protected":false},"excerpt":{"rendered":"<p>Slitesterk design i rustfritt st\u00e5l Baderomsvaskkumproppen er laget av rustfritt st\u00e5l av h\u00f8y kvalitet, noe som sikrer utmerket holdbarhet og [&hellip;]<\/p>\n","protected":false},"featured_media":5672,"comment_status":"open","ping_status":"closed","template":"","meta":{"site-sidebar-layout":"default","site-content-layout":"","ast-site-content-layout":"default","site-content-style":"default","site-sidebar-style":"default","ast-global-header-display":"","ast-banner-title-visibility":"","ast-main-header-display":"","ast-hfb-above-header-display":"","ast-hfb-below-header-display":"","ast-hfb-mobile-header-display":"","site-post-title":"","ast-breadcrumbs-content":"","ast-featured-img":"","footer-sml-layout":"","theme-transparent-header-meta":"default","adv-header-id-meta":"","stick-header-meta":"","header-above-stick-meta":"","header-main-stick-meta":"","header-below-stick-meta":"","astra-migrate-meta-layouts":"set","ast-page-background-enabled":"default","ast-page-background-meta":{"desktop":{"background-color":"var(--ast-global-color-4)","background-image":"","background-repeat":"repeat","background-position":"center center","background-size":"auto","background-attachment":"scroll","background-type":"","background-media":"","overlay-type":"","overlay-color":"","overlay-opacity":"","overlay-gradient":""},"tablet":{"background-color":"","background-image":"","background-repeat":"repeat","background-position":"center center","background-size":"auto","background-attachment":"scroll","background-type":"","background-media":"","overlay-type":"","overlay-color":"","overlay-opacity":"","overlay-gradient":""},"mobile":{"background-color":"","background-image":"","background-repeat":"repeat","background-position":"center center","background-size":"auto","background-attachment":"scroll","background-type":"","background-media":"","overlay-type":"","overlay-color":"","overlay-opacity":"","overlay-gradient":""}},"ast-content-background-meta":{"desktop":{"background-color":"var(--ast-global-color-5)","background-image":"","background-repeat":"repeat","background-position":"center center","background-size":"auto","background-attachment":"scroll","background-type":"","background-media":"","overlay-type":"","overlay-color":"","overlay-opacity":"","overlay-gradient":""},"tablet":{"background-color":"var(--ast-global-color-5)","background-image":"","background-repeat":"repeat","background-position":"center center","background-size":"auto","background-attachment":"scroll","background-type":"","background-media":"","overlay-type":"","overlay-color":"","overlay-opacity":"","overlay-gradient":""},"mobile":{"background-color":"var(--ast-global-color-5)","background-image":"","background-repeat":"repeat","background-position":"center center","background-size":"auto","background-attachment":"scroll","background-type":"","background-media":"","overlay-type":"","overlay-color":"","overlay-opacity":"","overlay-gradient":""}}},"product_brand":[],"product_cat":[1001],"product_tag":[],"class_list":{"0":"post-5676","1":"product","2":"type-product","3":"status-publish","4":"has-post-thumbnail","6":"product_cat-husholdningsartikler","7":"desktop-align-left","8":"tablet-align-left","9":"mobile-align-left","11":"first","12":"instock","13":"shipping-taxable","14":"purchasable","15":"product-type-simple"},"_links":{"self":[{"href":"https:\/\/keluvo.com\/no\/wp-json\/wp\/v2\/product\/5676","targetHints":{"allow":["GET"]}}],"collection":[{"href":"https:\/\/keluvo.com\/no\/wp-json\/wp\/v2\/product"}],"about":[{"href":"https:\/\/keluvo.com\/no\/wp-json\/wp\/v2\/types\/product"}],"replies":[{"embeddable":true,"href":"https:\/\/keluvo.com\/no\/wp-json\/wp\/v2\/comments?post=5676"}],"wp:featuredmedia":[{"embeddable":true,"href":"https:\/\/keluvo.com\/no\/wp-json\/wp\/v2\/media\/5672"}],"wp:attachment":[{"href":"https:\/\/keluvo.com\/no\/wp-json\/wp\/v2\/media?parent=5676"}],"wp:term":[{"taxonomy":"product_brand","embeddable":true,"href":"https:\/\/keluvo.com\/no\/wp-json\/wp\/v2\/product_brand?post=5676"},{"taxonomy":"product_cat","embeddable":true,"href":"https:\/\/keluvo.com\/no\/wp-json\/wp\/v2\/product_cat?post=5676"},{"taxonomy":"product_tag","embeddable":true,"href":"https:\/\/keluvo.com\/no\/wp-json\/wp\/v2\/product_tag?post=5676"}],"curies":[{"name":"wp","href":"https:\/\/api.w.org\/{rel}","templated":true}]}}