{"id":56730,"date":"2025-11-17T14:38:18","date_gmt":"2025-11-17T12:38:18","guid":{"rendered":"https:\/\/keluvo.com\/no\/produkt\/multifunksjonell-sklisikker-bilmatte\/"},"modified":"2025-11-24T15:57:35","modified_gmt":"2025-11-24T13:57:35","slug":"multifunksjonell-sklisikker-bilmatte","status":"publish","type":"product","link":"https:\/\/keluvo.com\/no\/produkt\/multifunksjonell-sklisikker-bilmatte\/","title":{"rendered":"Multifunksjonell sklisikker bilmatte"},"content":{"rendered":"<p style=\"text-align: center;\" data-start=\"0\" data-end=\"61\"><strong data-start=\"0\" data-end=\"59\">Hold Telefonen Sikker Og Lett Tilgjengelig Mens Du Kj\u00f8rer. \ud83d\udcf1<\/strong><\/p>\n<p style=\"text-align: center;\" data-start=\"63\" data-end=\"280\">Denne multifunksjonelle sklisikre bilmatten holder telefonen godt p\u00e5 plass og lar deg justere skjermen til den perfekte vinkelen uten installasjonsverkt\u00f8y. Den holder dashbordet organisert og gj\u00f8r kj\u00f8ringen tryggere.<\/p>\n<p data-start=\"63\" data-end=\"280\"><img decoding=\"async\" class=\"size-full wp-image-41317 aligncenter\" src=\"https:\/\/keluvo.com\/template\/wp-content\/uploads\/sites\/5\/2025\/11\/10221-ezgif.com-video-to-webp-converter-4.webp\" alt=\"\" \/><\/p>\n<h2 style=\"text-align: center;\" data-start=\"287\" data-end=\"309\">\ud83c\udf1f Hovedfordeler<\/h2>\n<p data-start=\"312\" data-end=\"412\">\ud83d\udcf1 Sterkt sklisikkert grep &#8211; hindrer telefonen i \u00e5 skli under plutselige stopp eller skarpe svinger.<\/p>\n<p data-start=\"415\" data-end=\"500\">\ud83d\udd04 360\u00b0 rotasjon &#8211; bytt enkelt mellom horisontale og vertikale visningsvinkler.<\/p>\n<p data-start=\"503\" data-end=\"604\">\ud83e\uddf2 Ingen installasjon n\u00f8dvendig &#8211; ingen magneter, sugekopper eller skruer\u2014bare plasser den p\u00e5 dashbordet ditt.<\/p>\n<p data-start=\"607\" data-end=\"681\">\ud83d\udcaa Slitesterkt PVC-materiale &#8211; Slitesterkt, fleksibelt og langvarig.<\/p>\n<p data-start=\"684\" data-end=\"778\">\ud83d\ude97 Allsidig bruk &#8211; Holder telefoner, n\u00f8kler, solbriller og sm\u00e5ting trygt p\u00e5 plass mens du kj\u00f8rer.<\/p>\n<p data-start=\"684\" data-end=\"778\"><img fetchpriority=\"high\" decoding=\"async\" class=\"size-full wp-image-41315 aligncenter\" src=\"https:\/\/keluvo.com\/template\/wp-content\/uploads\/sites\/5\/2025\/11\/3-1-2.jpg\" alt=\"\" width=\"1080\" height=\"1080\" \/><\/p>\n<h2 style=\"text-align: center;\" data-start=\"785\" data-end=\"805\">\ud83d\udee0\ufe0f Slik Bruker Du Den<\/h2>\n<ol data-start=\"806\" data-end=\"1031\">\n<li data-start=\"806\" data-end=\"855\">\n<p data-start=\"809\" data-end=\"855\">Rengj\u00f8r dashbordoverflaten for \u00e5 fjerne st\u00f8v.<\/p>\n<\/li>\n<li data-start=\"856\" data-end=\"901\">\n<p data-start=\"859\" data-end=\"901\">Plasser matten direkte p\u00e5 dashbordet.<\/p>\n<\/li>\n<li data-start=\"902\" data-end=\"968\">\n<p data-start=\"905\" data-end=\"968\">Plasser telefonen eller gjenstandene dine opp\u00e5 den sklisikre overflaten.<\/p>\n<\/li>\n<li data-start=\"969\" data-end=\"1031\">\n<p data-start=\"972\" data-end=\"1031\">Juster synsvinkelen ved hjelp av 360\u00b0 rotasjonsfunksjon.<\/p>\n<\/li>\n<\/ol>\n<h2 style=\"text-align: center;\" data-start=\"1038\" data-end=\"1062\">\ud83d\udccf Produktdetaljer<\/h2>\n<ul data-start=\"1063\" data-end=\"1246\">\n<li data-start=\"1063\" data-end=\"1097\">\n<p data-start=\"1065\" data-end=\"1097\">Materiale: PVC av h\u00f8y kvalitet<\/p>\n<\/li>\n<li data-start=\"1098\" data-end=\"1142\">\n<p data-start=\"1100\" data-end=\"1142\">St\u00f8rrelse: 30 cm x 12 cm<\/p>\n<\/li>\n<li data-start=\"1143\" data-end=\"1195\">\n<p data-start=\"1145\" data-end=\"1195\">Design: Slitesterk, justerbar, sklisikker<\/p>\n<\/li>\n<li data-start=\"1196\" data-end=\"1246\">\n<p data-start=\"1198\" data-end=\"1246\">Skjermmodus: Horisontal og vertikal rotasjon<\/p>\n<\/li>\n<\/ul>\n<h2 style=\"text-align: center;\" data-start=\"1253\" data-end=\"1278\">\ud83d\udce6 Pakken inkluderer<\/h2>\n<ul data-start=\"1279\" data-end=\"1322\">\n<li data-start=\"1279\" data-end=\"1322\">\n<p data-start=\"1281\" data-end=\"1322\">1x multifunksjonell sklisikker bilmatte.<\/p>\n<\/li>\n<\/ul>\n","protected":false},"excerpt":{"rendered":"<p>Hold Telefonen Sikker Og Lett Tilgjengelig Mens Du Kj\u00f8rer. \ud83d\udcf1 Denne multifunksjonelle sklisikre bilmatten holder telefonen godt p\u00e5 plass og [&hellip;]<\/p>\n","protected":false},"featured_media":56726,"comment_status":"open","ping_status":"closed","template":"","meta":{"site-sidebar-layout":"default","site-content-layout":"","ast-site-content-layout":"default","site-content-style":"default","site-sidebar-style":"default","ast-global-header-display":"","ast-banner-title-visibility":"","ast-main-header-display":"","ast-hfb-above-header-display":"","ast-hfb-below-header-display":"","ast-hfb-mobile-header-display":"","site-post-title":"","ast-breadcrumbs-content":"","ast-featured-img":"","footer-sml-layout":"","theme-transparent-header-meta":"default","adv-header-id-meta":"","stick-header-meta":"","header-above-stick-meta":"","header-main-stick-meta":"","header-below-stick-meta":"","astra-migrate-meta-layouts":"set","ast-page-background-enabled":"default","ast-page-background-meta":{"desktop":{"background-color":"var(--ast-global-color-4)","background-image":"","background-repeat":"repeat","background-position":"center center","background-size":"auto","background-attachment":"scroll","background-type":"","background-media":"","overlay-type":"","overlay-color":"","overlay-opacity":"","overlay-gradient":""},"tablet":{"background-color":"","background-image":"","background-repeat":"repeat","background-position":"center center","background-size":"auto","background-attachment":"scroll","background-type":"","background-media":"","overlay-type":"","overlay-color":"","overlay-opacity":"","overlay-gradient":""},"mobile":{"background-color":"","background-image":"","background-repeat":"repeat","background-position":"center center","background-size":"auto","background-attachment":"scroll","background-type":"","background-media":"","overlay-type":"","overlay-color":"","overlay-opacity":"","overlay-gradient":""}},"ast-content-background-meta":{"desktop":{"background-color":"var(--ast-global-color-5)","background-image":"","background-repeat":"repeat","background-position":"center center","background-size":"auto","background-attachment":"scroll","background-type":"","background-media":"","overlay-type":"","overlay-color":"","overlay-opacity":"","overlay-gradient":""},"tablet":{"background-color":"var(--ast-global-color-5)","background-image":"","background-repeat":"repeat","background-position":"center center","background-size":"auto","background-attachment":"scroll","background-type":"","background-media":"","overlay-type":"","overlay-color":"","overlay-opacity":"","overlay-gradient":""},"mobile":{"background-color":"var(--ast-global-color-5)","background-image":"","background-repeat":"repeat","background-position":"center center","background-size":"auto","background-attachment":"scroll","background-type":"","background-media":"","overlay-type":"","overlay-color":"","overlay-opacity":"","overlay-gradient":""}}},"product_brand":[],"product_cat":[998],"product_tag":[],"class_list":{"0":"post-56730","1":"product","2":"type-product","3":"status-publish","4":"has-post-thumbnail","6":"product_cat-bilprodukter","7":"pa_51272_vlod5ia4-a","8":"pa_51272_vlod5ia4-b","9":"pa_51272_vlod5ia4-c","10":"pa_51272_vlod5ia4-d","11":"pa_51272_vlod5ia4-e","12":"desktop-align-left","13":"tablet-align-left","14":"mobile-align-left","16":"first","17":"instock","18":"shipping-taxable","19":"purchasable","20":"product-type-variable"},"_links":{"self":[{"href":"https:\/\/keluvo.com\/no\/wp-json\/wp\/v2\/product\/56730","targetHints":{"allow":["GET"]}}],"collection":[{"href":"https:\/\/keluvo.com\/no\/wp-json\/wp\/v2\/product"}],"about":[{"href":"https:\/\/keluvo.com\/no\/wp-json\/wp\/v2\/types\/product"}],"replies":[{"embeddable":true,"href":"https:\/\/keluvo.com\/no\/wp-json\/wp\/v2\/comments?post=56730"}],"wp:featuredmedia":[{"embeddable":true,"href":"https:\/\/keluvo.com\/no\/wp-json\/wp\/v2\/media\/56726"}],"wp:attachment":[{"href":"https:\/\/keluvo.com\/no\/wp-json\/wp\/v2\/media?parent=56730"}],"wp:term":[{"taxonomy":"product_brand","embeddable":true,"href":"https:\/\/keluvo.com\/no\/wp-json\/wp\/v2\/product_brand?post=56730"},{"taxonomy":"product_cat","embeddable":true,"href":"https:\/\/keluvo.com\/no\/wp-json\/wp\/v2\/product_cat?post=56730"},{"taxonomy":"product_tag","embeddable":true,"href":"https:\/\/keluvo.com\/no\/wp-json\/wp\/v2\/product_tag?post=56730"}],"curies":[{"name":"wp","href":"https:\/\/api.w.org\/{rel}","templated":true}]}}