{"id":5666,"date":"2024-11-23T18:40:56","date_gmt":"2024-11-23T16:40:56","guid":{"rendered":"https:\/\/keluvo.com\/no\/produkt\/enzymatisk-flekkfjerner-120-ml\/"},"modified":"2024-11-23T18:54:59","modified_gmt":"2024-11-23T16:54:59","slug":"enzymatisk-flekkfjerner-120-ml","status":"publish","type":"product","link":"https:\/\/keluvo.com\/no\/produkt\/enzymatisk-flekkfjerner-120-ml\/","title":{"rendered":"Enzymatisk flekkfjerner 120 ml"},"content":{"rendered":"<h2 style=\"text-align: center;\"><strong>Kraftig flekkfjerning<\/strong><\/h2>\n<p style=\"text-align: center;\">Enzymflekkfjerneren 120 ml takler effektivt et bredt spekter av flekker, inkludert olje, blod, leppestift, kaffe og mer. Med bare noen f\u00e5 dr\u00e5per bryter den raskt ned vanskelige flekker og gir kl\u00e6rne tilbake sin opprinnelige farge uten \u00e5 skade stoffet.<\/p>\n<p><img decoding=\"async\" class=\"alignnone size-medium wp-image-3832 aligncenter\" src=\"https:\/\/keluvo.com\/template\/wp-content\/uploads\/sites\/5\/2024\/11\/Sbf9e70052a93439a83254fa39c616530J.jpg\" alt=\"\" \/><\/p>\n<h2 style=\"text-align: center;\"><strong>Rask og enkel \u00e5 bruke<\/strong><\/h2>\n<p style=\"text-align: center;\">P\u00e5f\u00f8r enzymflekkfjerneren p\u00e5 det flekkete omr\u00e5det, og i l\u00f8pet av sekunder vil den begynne \u00e5 l\u00f8se opp flekken. Formelen er utviklet for \u00e5 virke raskt, noe som gj\u00f8r den perfekt for travle personer som er ute etter raske og effektive rengj\u00f8ringsl\u00f8sninger.<\/p>\n<p><img decoding=\"async\" class=\"alignnone size-medium wp-image-3829 aligncenter\" src=\"https:\/\/keluvo.com\/template\/wp-content\/uploads\/sites\/5\/2024\/11\/4aaf48f0-5bc7-4abc-bafc-d08ed6bf983d.webp\" alt=\"\" \/><\/p>\n","protected":false},"excerpt":{"rendered":"<p>Kraftig flekkfjerning Enzymflekkfjerneren 120 ml takler effektivt et bredt spekter av flekker, inkludert olje, blod, leppestift, kaffe og mer. Med [&hellip;]<\/p>\n","protected":false},"featured_media":5662,"comment_status":"open","ping_status":"closed","template":"","meta":{"site-sidebar-layout":"default","site-content-layout":"","ast-site-content-layout":"default","site-content-style":"default","site-sidebar-style":"default","ast-global-header-display":"","ast-banner-title-visibility":"","ast-main-header-display":"","ast-hfb-above-header-display":"","ast-hfb-below-header-display":"","ast-hfb-mobile-header-display":"","site-post-title":"","ast-breadcrumbs-content":"","ast-featured-img":"","footer-sml-layout":"","theme-transparent-header-meta":"default","adv-header-id-meta":"","stick-header-meta":"","header-above-stick-meta":"","header-main-stick-meta":"","header-below-stick-meta":"","astra-migrate-meta-layouts":"set","ast-page-background-enabled":"default","ast-page-background-meta":{"desktop":{"background-color":"var(--ast-global-color-4)","background-image":"","background-repeat":"repeat","background-position":"center center","background-size":"auto","background-attachment":"scroll","background-type":"","background-media":"","overlay-type":"","overlay-color":"","overlay-opacity":"","overlay-gradient":""},"tablet":{"background-color":"","background-image":"","background-repeat":"repeat","background-position":"center center","background-size":"auto","background-attachment":"scroll","background-type":"","background-media":"","overlay-type":"","overlay-color":"","overlay-opacity":"","overlay-gradient":""},"mobile":{"background-color":"","background-image":"","background-repeat":"repeat","background-position":"center center","background-size":"auto","background-attachment":"scroll","background-type":"","background-media":"","overlay-type":"","overlay-color":"","overlay-opacity":"","overlay-gradient":""}},"ast-content-background-meta":{"desktop":{"background-color":"var(--ast-global-color-5)","background-image":"","background-repeat":"repeat","background-position":"center center","background-size":"auto","background-attachment":"scroll","background-type":"","background-media":"","overlay-type":"","overlay-color":"","overlay-opacity":"","overlay-gradient":""},"tablet":{"background-color":"var(--ast-global-color-5)","background-image":"","background-repeat":"repeat","background-position":"center center","background-size":"auto","background-attachment":"scroll","background-type":"","background-media":"","overlay-type":"","overlay-color":"","overlay-opacity":"","overlay-gradient":""},"mobile":{"background-color":"var(--ast-global-color-5)","background-image":"","background-repeat":"repeat","background-position":"center center","background-size":"auto","background-attachment":"scroll","background-type":"","background-media":"","overlay-type":"","overlay-color":"","overlay-opacity":"","overlay-gradient":""}}},"product_brand":[],"product_cat":[1001],"product_tag":[],"class_list":{"0":"post-5666","1":"product","2":"type-product","3":"status-publish","4":"has-post-thumbnail","6":"product_cat-husholdningsartikler","7":"pa_d2gcb799-hvit","8":"pa_d2gcb799-lilla","9":"desktop-align-left","10":"tablet-align-left","11":"mobile-align-left","13":"first","14":"instock","15":"shipping-taxable","16":"purchasable","17":"product-type-variable"},"_links":{"self":[{"href":"https:\/\/keluvo.com\/no\/wp-json\/wp\/v2\/product\/5666","targetHints":{"allow":["GET"]}}],"collection":[{"href":"https:\/\/keluvo.com\/no\/wp-json\/wp\/v2\/product"}],"about":[{"href":"https:\/\/keluvo.com\/no\/wp-json\/wp\/v2\/types\/product"}],"replies":[{"embeddable":true,"href":"https:\/\/keluvo.com\/no\/wp-json\/wp\/v2\/comments?post=5666"}],"wp:featuredmedia":[{"embeddable":true,"href":"https:\/\/keluvo.com\/no\/wp-json\/wp\/v2\/media\/5662"}],"wp:attachment":[{"href":"https:\/\/keluvo.com\/no\/wp-json\/wp\/v2\/media?parent=5666"}],"wp:term":[{"taxonomy":"product_brand","embeddable":true,"href":"https:\/\/keluvo.com\/no\/wp-json\/wp\/v2\/product_brand?post=5666"},{"taxonomy":"product_cat","embeddable":true,"href":"https:\/\/keluvo.com\/no\/wp-json\/wp\/v2\/product_cat?post=5666"},{"taxonomy":"product_tag","embeddable":true,"href":"https:\/\/keluvo.com\/no\/wp-json\/wp\/v2\/product_tag?post=5666"}],"curies":[{"name":"wp","href":"https:\/\/api.w.org\/{rel}","templated":true}]}}