{"id":56432,"date":"2025-11-14T15:33:16","date_gmt":"2025-11-14T13:33:16","guid":{"rendered":"https:\/\/keluvo.com\/no\/produkt\/utviskbart-multiplikasjonsspill\/"},"modified":"2025-11-24T15:58:11","modified_gmt":"2025-11-24T13:58:11","slug":"utviskbart-multiplikasjonsspill","status":"publish","type":"product","link":"https:\/\/keluvo.com\/no\/produkt\/utviskbart-multiplikasjonsspill\/","title":{"rendered":"Utviskbart multiplikasjonsspill"},"content":{"rendered":"<p style=\"text-align: center;\" data-start=\"0\" data-end=\"66\"><strong data-start=\"0\" data-end=\"64\">Gj\u00f8r Multiplikasjonsinnl\u00e6ringen Morsom, Fargerik Og Stressfri. \ud83e\udde0<\/strong><\/p>\n<p style=\"text-align: center;\" data-start=\"68\" data-end=\"317\">Dette fargemultiplikasjonsspillet som kan viskes ut, forvandler alle flate overflater til en interaktiv mattestasjon som hjelper barna med \u00e5 \u00f8ve p\u00e5 multiplikasjon p\u00e5 en enkel og engasjerende m\u00e5te. Det er gjenbrukbart, s\u00f8lefritt og perfekt for l\u00e6ring hjemme, p\u00e5 skolen eller p\u00e5 farten.<\/p>\n<p data-start=\"68\" data-end=\"317\"><img decoding=\"async\" class=\"size-full wp-image-41309 aligncenter\" src=\"https:\/\/keluvo.com\/template\/wp-content\/uploads\/sites\/5\/2025\/11\/1022-ezgif.com-video-to-webp-converter-4.webp\" alt=\"\" \/><\/p>\n<h2 style=\"text-align: center;\" data-start=\"324\" data-end=\"346\">\ud83c\udf08 Hovedfordeler<\/h2>\n<p data-start=\"349\" data-end=\"451\">\ud83e\udde0 \u00d8ker matteferdighetene &#8211; Hjelper barn med \u00e5 styrke hukommelsen og multiplisere raskere med daglig \u00f8velse.<\/p>\n<p data-start=\"454\" data-end=\"543\">\ud83c\udfa8 Fargerikt og engasjerende &#8211; Lyse farger gj\u00f8r l\u00e6ringen morsom og hjelper barna med \u00e5 holde fokus.<\/p>\n<p data-start=\"546\" data-end=\"626\">\u270f\ufe0f Skriv-og-t\u00f8rk-design &#8211; \u00d8v i det uendelige &#8211; bare slett og begynn p\u00e5 nytt.<\/p>\n<p data-start=\"629\" data-end=\"750\">\ud83e\uddf2 Sitter fast uten lim &#8211; elektrostatisk adsorpsjon gj\u00f8r at det fester seg p\u00e5 vegger, bord, kj\u00f8leskap og annet uten rester.<\/p>\n<p data-start=\"753\" data-end=\"842\">\ud83d\udcaa Slitesterkt materiale &#8211; Laget av tykk PVC som motst\u00e5r avskalling, falming og riving.<\/p>\n<p data-start=\"845\" data-end=\"948\">\ud83d\udc4b Praktisk l\u00e6ring &#8211; Oppmuntrer til aktiv deltakelse, \u00f8ker selvtilliten og entusiasmen for matematikk.<\/p>\n<p data-start=\"845\" data-end=\"948\"><img fetchpriority=\"high\" decoding=\"async\" class=\"size-full wp-image-41306 aligncenter\" src=\"https:\/\/keluvo.com\/template\/wp-content\/uploads\/sites\/5\/2025\/11\/4-3.jpeg\" alt=\"\" width=\"750\" height=\"1000\" \/><\/p>\n<h2 style=\"text-align: center;\" data-start=\"955\" data-end=\"974\">\u270d\ufe0f Hvordan Bruke<\/h2>\n<ol data-start=\"975\" data-end=\"1238\">\n<li data-start=\"975\" data-end=\"1044\">\n<p data-start=\"978\" data-end=\"1044\">Velg hvilken som helst glatt overflate &#8211; vegg, skrivebord, bord, kj\u00f8leskap, whiteboardtavle.<\/p>\n<\/li>\n<li data-start=\"1045\" data-end=\"1129\">\n<p data-start=\"1048\" data-end=\"1129\">Plasser diagrammet forsiktig p\u00e5 overflaten; det festes umiddelbart med statisk tape.<\/p>\n<\/li>\n<li data-start=\"1130\" data-end=\"1203\">\n<p data-start=\"1133\" data-end=\"1203\">Bruk en tusj for \u00e5 \u00f8ve p\u00e5 multiplikasjon eller l\u00f8se problemer.<\/p>\n<\/li>\n<li data-start=\"1204\" data-end=\"1238\">\n<p data-start=\"1207\" data-end=\"1238\">T\u00f8rk av og bruk det n\u00e5r som helst.<\/p>\n<\/li>\n<\/ol>\n<h2 style=\"text-align: center;\" data-start=\"1245\" data-end=\"1269\">\ud83d\udccf Produktdetaljer<\/h2>\n<ul data-start=\"1270\" data-end=\"1482\">\n<li data-start=\"1270\" data-end=\"1321\">\n<p data-start=\"1272\" data-end=\"1321\">Materiale: PVC (slitesterk, skrivbar, slettbar)<\/p>\n<\/li>\n<li data-start=\"1322\" data-end=\"1378\">\n<p data-start=\"1324\" data-end=\"1378\">St\u00f8rrelse: 80 x 40 x 0,02 cm<\/p>\n<\/li>\n<li data-start=\"1379\" data-end=\"1420\">\n<p data-start=\"1381\" data-end=\"1420\">Stil: Fargemultiplikasjonstabell<\/p>\n<\/li>\n<li data-start=\"1421\" data-end=\"1482\">\n<p data-start=\"1423\" data-end=\"1482\">Installasjon: Elektrostatisk adsorpsjon &#8211; ingen lim n\u00f8dvendig<\/p>\n<\/li>\n<\/ul>\n<h2 style=\"text-align: center;\" data-start=\"1489\" data-end=\"1514\">\ud83d\udce6 Pakken inneholder<\/h2>\n<ul data-start=\"1515\" data-end=\"1564\">\n<li data-start=\"1515\" data-end=\"1564\">\n<p data-start=\"1517\" data-end=\"1564\">1x t\u00f8rt slettbart fargemultiplikasjonsspill.<\/p>\n<\/li>\n<\/ul>\n","protected":false},"excerpt":{"rendered":"<p>Gj\u00f8r Multiplikasjonsinnl\u00e6ringen Morsom, Fargerik Og Stressfri. \ud83e\udde0 Dette fargemultiplikasjonsspillet som kan viskes ut, forvandler alle flate overflater til en interaktiv [&hellip;]<\/p>\n","protected":false},"featured_media":56428,"comment_status":"open","ping_status":"closed","template":"","meta":{"site-sidebar-layout":"default","site-content-layout":"","ast-site-content-layout":"default","site-content-style":"default","site-sidebar-style":"default","ast-global-header-display":"","ast-banner-title-visibility":"","ast-main-header-display":"","ast-hfb-above-header-display":"","ast-hfb-below-header-display":"","ast-hfb-mobile-header-display":"","site-post-title":"","ast-breadcrumbs-content":"","ast-featured-img":"","footer-sml-layout":"","theme-transparent-header-meta":"default","adv-header-id-meta":"","stick-header-meta":"","header-above-stick-meta":"","header-main-stick-meta":"","header-below-stick-meta":"","astra-migrate-meta-layouts":"set","ast-page-background-enabled":"default","ast-page-background-meta":{"desktop":{"background-color":"var(--ast-global-color-4)","background-image":"","background-repeat":"repeat","background-position":"center center","background-size":"auto","background-attachment":"scroll","background-type":"","background-media":"","overlay-type":"","overlay-color":"","overlay-opacity":"","overlay-gradient":""},"tablet":{"background-color":"","background-image":"","background-repeat":"repeat","background-position":"center center","background-size":"auto","background-attachment":"scroll","background-type":"","background-media":"","overlay-type":"","overlay-color":"","overlay-opacity":"","overlay-gradient":""},"mobile":{"background-color":"","background-image":"","background-repeat":"repeat","background-position":"center center","background-size":"auto","background-attachment":"scroll","background-type":"","background-media":"","overlay-type":"","overlay-color":"","overlay-opacity":"","overlay-gradient":""}},"ast-content-background-meta":{"desktop":{"background-color":"var(--ast-global-color-5)","background-image":"","background-repeat":"repeat","background-position":"center center","background-size":"auto","background-attachment":"scroll","background-type":"","background-media":"","overlay-type":"","overlay-color":"","overlay-opacity":"","overlay-gradient":""},"tablet":{"background-color":"var(--ast-global-color-5)","background-image":"","background-repeat":"repeat","background-position":"center center","background-size":"auto","background-attachment":"scroll","background-type":"","background-media":"","overlay-type":"","overlay-color":"","overlay-opacity":"","overlay-gradient":""},"mobile":{"background-color":"var(--ast-global-color-5)","background-image":"","background-repeat":"repeat","background-position":"center center","background-size":"auto","background-attachment":"scroll","background-type":"","background-media":"","overlay-type":"","overlay-color":"","overlay-opacity":"","overlay-gradient":""}}},"product_brand":[],"product_cat":[990],"product_tag":[],"class_list":{"0":"post-56432","1":"product","2":"type-product","3":"status-publish","4":"has-post-thumbnail","6":"product_cat-leker-barne-og-babyprodukter","7":"desktop-align-left","8":"tablet-align-left","9":"mobile-align-left","11":"first","12":"instock","13":"shipping-taxable","14":"purchasable","15":"product-type-simple"},"_links":{"self":[{"href":"https:\/\/keluvo.com\/no\/wp-json\/wp\/v2\/product\/56432","targetHints":{"allow":["GET"]}}],"collection":[{"href":"https:\/\/keluvo.com\/no\/wp-json\/wp\/v2\/product"}],"about":[{"href":"https:\/\/keluvo.com\/no\/wp-json\/wp\/v2\/types\/product"}],"replies":[{"embeddable":true,"href":"https:\/\/keluvo.com\/no\/wp-json\/wp\/v2\/comments?post=56432"}],"wp:featuredmedia":[{"embeddable":true,"href":"https:\/\/keluvo.com\/no\/wp-json\/wp\/v2\/media\/56428"}],"wp:attachment":[{"href":"https:\/\/keluvo.com\/no\/wp-json\/wp\/v2\/media?parent=56432"}],"wp:term":[{"taxonomy":"product_brand","embeddable":true,"href":"https:\/\/keluvo.com\/no\/wp-json\/wp\/v2\/product_brand?post=56432"},{"taxonomy":"product_cat","embeddable":true,"href":"https:\/\/keluvo.com\/no\/wp-json\/wp\/v2\/product_cat?post=56432"},{"taxonomy":"product_tag","embeddable":true,"href":"https:\/\/keluvo.com\/no\/wp-json\/wp\/v2\/product_tag?post=56432"}],"curies":[{"name":"wp","href":"https:\/\/api.w.org\/{rel}","templated":true}]}}