{"id":5632,"date":"2024-11-23T18:35:13","date_gmt":"2024-11-23T16:35:13","guid":{"rendered":"https:\/\/keluvo.com\/no\/produkt\/buksestativ\/"},"modified":"2024-12-18T14:21:05","modified_gmt":"2024-12-18T12:21:05","slug":"kleshengere","status":"publish","type":"product","link":"https:\/\/keluvo.com\/no\/produkt\/kleshengere\/","title":{"rendered":"Kleshengere"},"content":{"rendered":"<h2 style=\"text-align: center;\"><strong>Plassbesparende design<\/strong><\/h2>\n<p style=\"text-align: center;\">Buksestativet har en smart, plassbesparende design som gj\u00f8r at du kan organisere buksene dine p\u00e5 en ryddig m\u00e5te. Den uttrekkbare og sammenleggbare strukturen hjelper deg med \u00e5 maksimere plassen i skapet ved \u00e5 holde buksene dine i et kompakt og ryddig arrangement.<\/p>\n<p><img decoding=\"async\" class=\"alignnone size-medium wp-image-3872 aligncenter\" src=\"https:\/\/keluvo.com\/template\/wp-content\/uploads\/sites\/5\/2024\/11\/Stainless-Steel-Retractable-Trouser-Rack-Folding-Multi-functional-Space-Saving-Pants-Hangers-Foldable-Closet-Organizer-Wardrobe.jpg_-1.png\" alt=\"\" \/><\/p>\n<h2 style=\"text-align: center;\"><strong>Allsidige opphengsmuligheter<\/strong><\/h2>\n<p style=\"text-align: center;\">Med sin unike 5-i-1-design tilbyr dette buksestativet fleksible opphengsmuligheter. Du kan velge \u00e5 henge den horisontalt eller vertikalt avhengig av hvor mye plass du har, slik at du enkelt kan tilpasse hvordan du organiserer buksene dine.<\/p>\n<p style=\"text-align: center;\"><img decoding=\"async\" class=\"alignnone size-medium wp-image-3873\" src=\"https:\/\/keluvo.com\/template\/wp-content\/uploads\/sites\/5\/2024\/11\/Stainless-Steel-Retractable-Trouser-Rack-Folding-Multi-functional-Space-Saving-Pants-Hangers-Foldable-Closet-Organizer-Wardrobe.jpg_.png\" alt=\"\" \/><\/p>\n","protected":false},"excerpt":{"rendered":"<p>Plassbesparende design Buksestativet har en smart, plassbesparende design som gj\u00f8r at du kan organisere buksene dine p\u00e5 en ryddig m\u00e5te. [&hellip;]<\/p>\n","protected":false},"featured_media":5628,"comment_status":"open","ping_status":"closed","template":"","meta":{"site-sidebar-layout":"default","site-content-layout":"","ast-site-content-layout":"default","site-content-style":"default","site-sidebar-style":"default","ast-global-header-display":"","ast-banner-title-visibility":"","ast-main-header-display":"","ast-hfb-above-header-display":"","ast-hfb-below-header-display":"","ast-hfb-mobile-header-display":"","site-post-title":"","ast-breadcrumbs-content":"","ast-featured-img":"","footer-sml-layout":"","theme-transparent-header-meta":"default","adv-header-id-meta":"","stick-header-meta":"","header-above-stick-meta":"","header-main-stick-meta":"","header-below-stick-meta":"","astra-migrate-meta-layouts":"set","ast-page-background-enabled":"default","ast-page-background-meta":{"desktop":{"background-color":"var(--ast-global-color-4)","background-image":"","background-repeat":"repeat","background-position":"center center","background-size":"auto","background-attachment":"scroll","background-type":"","background-media":"","overlay-type":"","overlay-color":"","overlay-opacity":"","overlay-gradient":""},"tablet":{"background-color":"","background-image":"","background-repeat":"repeat","background-position":"center center","background-size":"auto","background-attachment":"scroll","background-type":"","background-media":"","overlay-type":"","overlay-color":"","overlay-opacity":"","overlay-gradient":""},"mobile":{"background-color":"","background-image":"","background-repeat":"repeat","background-position":"center center","background-size":"auto","background-attachment":"scroll","background-type":"","background-media":"","overlay-type":"","overlay-color":"","overlay-opacity":"","overlay-gradient":""}},"ast-content-background-meta":{"desktop":{"background-color":"var(--ast-global-color-5)","background-image":"","background-repeat":"repeat","background-position":"center center","background-size":"auto","background-attachment":"scroll","background-type":"","background-media":"","overlay-type":"","overlay-color":"","overlay-opacity":"","overlay-gradient":""},"tablet":{"background-color":"var(--ast-global-color-5)","background-image":"","background-repeat":"repeat","background-position":"center center","background-size":"auto","background-attachment":"scroll","background-type":"","background-media":"","overlay-type":"","overlay-color":"","overlay-opacity":"","overlay-gradient":""},"mobile":{"background-color":"var(--ast-global-color-5)","background-image":"","background-repeat":"repeat","background-position":"center center","background-size":"auto","background-attachment":"scroll","background-type":"","background-media":"","overlay-type":"","overlay-color":"","overlay-opacity":"","overlay-gradient":""}}},"product_brand":[],"product_cat":[1001],"product_tag":[],"class_list":{"0":"post-5632","1":"product","2":"type-product","3":"status-publish","4":"has-post-thumbnail","6":"product_cat-husholdningsartikler","7":"pa_9f74lp30-bla","8":"pa_9f74lp30-hvit","9":"pa_9f74lp30-rosa","10":"pa_9f74lp30-svart","11":"desktop-align-left","12":"tablet-align-left","13":"mobile-align-left","15":"first","16":"instock","17":"shipping-taxable","18":"purchasable","19":"product-type-variable"},"_links":{"self":[{"href":"https:\/\/keluvo.com\/no\/wp-json\/wp\/v2\/product\/5632","targetHints":{"allow":["GET"]}}],"collection":[{"href":"https:\/\/keluvo.com\/no\/wp-json\/wp\/v2\/product"}],"about":[{"href":"https:\/\/keluvo.com\/no\/wp-json\/wp\/v2\/types\/product"}],"replies":[{"embeddable":true,"href":"https:\/\/keluvo.com\/no\/wp-json\/wp\/v2\/comments?post=5632"}],"wp:featuredmedia":[{"embeddable":true,"href":"https:\/\/keluvo.com\/no\/wp-json\/wp\/v2\/media\/5628"}],"wp:attachment":[{"href":"https:\/\/keluvo.com\/no\/wp-json\/wp\/v2\/media?parent=5632"}],"wp:term":[{"taxonomy":"product_brand","embeddable":true,"href":"https:\/\/keluvo.com\/no\/wp-json\/wp\/v2\/product_brand?post=5632"},{"taxonomy":"product_cat","embeddable":true,"href":"https:\/\/keluvo.com\/no\/wp-json\/wp\/v2\/product_cat?post=5632"},{"taxonomy":"product_tag","embeddable":true,"href":"https:\/\/keluvo.com\/no\/wp-json\/wp\/v2\/product_tag?post=5632"}],"curies":[{"name":"wp","href":"https:\/\/api.w.org\/{rel}","templated":true}]}}