{"id":56221,"date":"2025-11-13T20:32:27","date_gmt":"2025-11-13T18:32:27","guid":{"rendered":"https:\/\/keluvo.com\/no\/produkt\/dorkilestopper\/"},"modified":"2025-11-24T15:58:25","modified_gmt":"2025-11-24T13:58:25","slug":"dorkilestopper","status":"publish","type":"product","link":"https:\/\/keluvo.com\/no\/produkt\/dorkilestopper\/","title":{"rendered":"D\u00f8rkilestopper"},"content":{"rendered":"<p style=\"text-align: center\" data-start=\"0\" data-end=\"58\"><strong data-start=\"0\" data-end=\"58\">Hold D\u00f8rene Stille, Sikre Og Perfekt P\u00e5 Plass. \ud83d\udd07<\/strong><\/p>\n<p style=\"text-align: center\" data-start=\"60\" data-end=\"343\">D\u00f8rkilestopperen er designet for \u00e5 stoppe u\u00f8nskede d\u00f8rbevegelser, samtidig som den reduserer st\u00f8y og beskytter vegger og gulv. Med en magnetisk design uten boring og justerbar h\u00f8yde, passer den til alle rom og alle d\u00f8rer, og tilbyr en enkel, holdbar og effektiv l\u00f8sning for daglig bruk.<\/p>\n<p data-start=\"60\" data-end=\"343\"><img decoding=\"async\" class=\"size-full wp-image-41175 aligncenter\" src=\"https:\/\/keluvo.com\/template\/wp-content\/uploads\/sites\/5\/2025\/11\/10229-ezgif.com-video-to-webp-converter-3.webp\" alt=\"\" \/><\/p>\n<h2 style=\"text-align: center\" data-start=\"350\" data-end=\"372\">\ud83c\udf1f Hovedfordeler<\/h2>\n<p data-start=\"375\" data-end=\"457\">\ud83d\udd07 Lydl\u00f8s drift &#8211; Reduserer st\u00f8y fra d\u00f8rkollisjoner for et rolig og stille hjem.<\/p>\n<p data-start=\"460\" data-end=\"552\">\ud83d\udee0\ufe0f Ingen boring n\u00f8dvendig &#8211; Monteres p\u00e5 gulvet uten \u00e5 skade vegger eller d\u00f8rkarmer.<\/p>\n<p data-start=\"555\" data-end=\"632\">\ud83d\udd12 Sterkt magnetisk grep &#8211; Holder d\u00f8rer sikkert lukket eller festet p\u00e5 plass.<\/p>\n<p data-start=\"635\" data-end=\"722\">\ud83e\uddf1 H\u00f8y styrke og slitesterk &#8211; Laget av sinklegering for \u00e5 t\u00e5le hyppig daglig bruk.<\/p>\n<p data-start=\"725\" data-end=\"818\">\u2699\ufe0f Justerbar h\u00f8yde &#8211; Passer til forskjellige d\u00f8r\u00e5pninger og gulvtyper for perfekt plassering.<\/p>\n<p data-start=\"725\" data-end=\"818\"><img decoding=\"async\" class=\"size-full wp-image-41172 aligncenter\" src=\"https:\/\/keluvo.com\/template\/wp-content\/uploads\/sites\/5\/2025\/11\/Saaae73f338c0448ba2d4e0320924c450j.jpg_960x960q75.jpg_.jpg\" alt=\"\" \/><\/p>\n<h2 style=\"text-align: center\" data-start=\"825\" data-end=\"844\">\ud83d\udcdd Slik Bruker Du Den<\/h2>\n<ol data-start=\"845\" data-end=\"1160\">\n<li data-start=\"845\" data-end=\"907\">\n<p data-start=\"848\" data-end=\"907\">Rengj\u00f8r gulvflaten der proppen skal plasseres.<\/p>\n<\/li>\n<li data-start=\"908\" data-end=\"974\">\n<p data-start=\"911\" data-end=\"974\">Plasser proppen under d\u00f8ren for \u00e5 finne riktig h\u00f8yde.<\/p>\n<\/li>\n<li data-start=\"975\" data-end=\"1026\">\n<p data-start=\"978\" data-end=\"1026\">Juster h\u00f8yden om n\u00f8dvendig for perfekt passform.<\/p>\n<\/li>\n<li data-start=\"1027\" data-end=\"1096\">\n<p data-start=\"1030\" data-end=\"1096\">Fest proppen ved hjelp av det medf\u00f8lgende limet eller monteringsbasen.<\/p>\n<\/li>\n<li data-start=\"1097\" data-end=\"1160\">\n<p data-start=\"1100\" data-end=\"1160\">La den magnetiske fangeren holde d\u00f8ren n\u00e5r den lukkes.<\/p>\n<\/li>\n<\/ol>\n<h2 style=\"text-align: center\" data-start=\"1167\" data-end=\"1191\">\ud83d\udccf Produktdetaljer<\/h2>\n<ul data-start=\"1192\" data-end=\"1463\">\n<li data-start=\"1192\" data-end=\"1220\">\n<p data-start=\"1194\" data-end=\"1220\">Materiale: Sinklegering<\/p>\n<\/li>\n<li data-start=\"1221\" data-end=\"1250\">\n<p data-start=\"1223\" data-end=\"1250\">St\u00f8rrelse: 62 x 50 x 30 mm<\/p>\n<\/li>\n<li data-start=\"1251\" data-end=\"1300\">\n<p data-start=\"1253\" data-end=\"1300\">Installasjon: Ingen boring av gulvinstallasjon<\/p>\n<\/li>\n<li data-start=\"1301\" data-end=\"1374\">\n<p data-start=\"1303\" data-end=\"1374\">Funksjoner: Magnetisk fiksering, justerbar h\u00f8yde, lydl\u00f8s demping<\/p>\n<\/li>\n<li data-start=\"1375\" data-end=\"1463\">\n<p data-start=\"1377\" data-end=\"1463\">Farger tilgjengelig: Svart, gr\u00e5, messing, lys s\u00f8lv, gull, bronse, hvit<\/p>\n<\/li>\n<\/ul>\n<h2 style=\"text-align: center\" data-start=\"1470\" data-end=\"1495\">\ud83d\udce6 Pakken Inkluderer<\/h2>\n<ul data-start=\"1496\" data-end=\"1526\">\n<li data-start=\"1496\" data-end=\"1526\">\n<p data-start=\"1498\" data-end=\"1526\">1, 2, 4x d\u00f8rkilestopper<\/p>\n<\/li>\n<li data-start=\"1496\" data-end=\"1526\">\n<p data-start=\"1498\" data-end=\"1526\">1, 2, 4x selvklebende tape.<\/p>\n<\/li>\n<\/ul>\n","protected":false},"excerpt":{"rendered":"<p>Hold D\u00f8rene Stille, Sikre Og Perfekt P\u00e5 Plass. \ud83d\udd07 D\u00f8rkilestopperen er designet for \u00e5 stoppe u\u00f8nskede d\u00f8rbevegelser, samtidig som den [&hellip;]<\/p>\n","protected":false},"featured_media":56217,"comment_status":"open","ping_status":"closed","template":"","meta":{"site-sidebar-layout":"default","site-content-layout":"","ast-site-content-layout":"default","site-content-style":"default","site-sidebar-style":"default","ast-global-header-display":"","ast-banner-title-visibility":"","ast-main-header-display":"","ast-hfb-above-header-display":"","ast-hfb-below-header-display":"","ast-hfb-mobile-header-display":"","site-post-title":"","ast-breadcrumbs-content":"","ast-featured-img":"","footer-sml-layout":"","theme-transparent-header-meta":"default","adv-header-id-meta":"","stick-header-meta":"","header-above-stick-meta":"","header-main-stick-meta":"","header-below-stick-meta":"","astra-migrate-meta-layouts":"set","ast-page-background-enabled":"default","ast-page-background-meta":{"desktop":{"background-color":"var(--ast-global-color-4)","background-image":"","background-repeat":"repeat","background-position":"center center","background-size":"auto","background-attachment":"scroll","background-type":"","background-media":"","overlay-type":"","overlay-color":"","overlay-opacity":"","overlay-gradient":""},"tablet":{"background-color":"","background-image":"","background-repeat":"repeat","background-position":"center center","background-size":"auto","background-attachment":"scroll","background-type":"","background-media":"","overlay-type":"","overlay-color":"","overlay-opacity":"","overlay-gradient":""},"mobile":{"background-color":"","background-image":"","background-repeat":"repeat","background-position":"center center","background-size":"auto","background-attachment":"scroll","background-type":"","background-media":"","overlay-type":"","overlay-color":"","overlay-opacity":"","overlay-gradient":""}},"ast-content-background-meta":{"desktop":{"background-color":"var(--ast-global-color-5)","background-image":"","background-repeat":"repeat","background-position":"center center","background-size":"auto","background-attachment":"scroll","background-type":"","background-media":"","overlay-type":"","overlay-color":"","overlay-opacity":"","overlay-gradient":""},"tablet":{"background-color":"var(--ast-global-color-5)","background-image":"","background-repeat":"repeat","background-position":"center center","background-size":"auto","background-attachment":"scroll","background-type":"","background-media":"","overlay-type":"","overlay-color":"","overlay-opacity":"","overlay-gradient":""},"mobile":{"background-color":"var(--ast-global-color-5)","background-image":"","background-repeat":"repeat","background-position":"center center","background-size":"auto","background-attachment":"scroll","background-type":"","background-media":"","overlay-type":"","overlay-color":"","overlay-opacity":"","overlay-gradient":""}}},"product_brand":[],"product_cat":[1001],"product_tag":[],"class_list":{"0":"post-56221","1":"product","2":"type-product","3":"status-publish","4":"has-post-thumbnail","6":"product_cat-husholdningsartikler","7":"pa_51178_d7w2d5m8-bronse","8":"pa_51178_d7w2d5m8-gra","9":"pa_51178_d7w2d5m8-gull","10":"pa_51178_d7w2d5m8-hvit","11":"pa_51178_d7w2d5m8-lyst-solv","12":"pa_51178_d7w2d5m8-messing","13":"pa_51178_d7w2d5m8-svart","14":"pa_51178_e8xul01c-1-stk","15":"pa_51178_e8xul01c-2-stk","16":"pa_51178_e8xul01c-4-stk","17":"desktop-align-left","18":"tablet-align-left","19":"mobile-align-left","21":"first","22":"instock","23":"shipping-taxable","24":"purchasable","25":"product-type-variable","26":"has-default-attributes"},"_links":{"self":[{"href":"https:\/\/keluvo.com\/no\/wp-json\/wp\/v2\/product\/56221","targetHints":{"allow":["GET"]}}],"collection":[{"href":"https:\/\/keluvo.com\/no\/wp-json\/wp\/v2\/product"}],"about":[{"href":"https:\/\/keluvo.com\/no\/wp-json\/wp\/v2\/types\/product"}],"replies":[{"embeddable":true,"href":"https:\/\/keluvo.com\/no\/wp-json\/wp\/v2\/comments?post=56221"}],"wp:featuredmedia":[{"embeddable":true,"href":"https:\/\/keluvo.com\/no\/wp-json\/wp\/v2\/media\/56217"}],"wp:attachment":[{"href":"https:\/\/keluvo.com\/no\/wp-json\/wp\/v2\/media?parent=56221"}],"wp:term":[{"taxonomy":"product_brand","embeddable":true,"href":"https:\/\/keluvo.com\/no\/wp-json\/wp\/v2\/product_brand?post=56221"},{"taxonomy":"product_cat","embeddable":true,"href":"https:\/\/keluvo.com\/no\/wp-json\/wp\/v2\/product_cat?post=56221"},{"taxonomy":"product_tag","embeddable":true,"href":"https:\/\/keluvo.com\/no\/wp-json\/wp\/v2\/product_tag?post=56221"}],"curies":[{"name":"wp","href":"https:\/\/api.w.org\/{rel}","templated":true}]}}