{"id":5619,"date":"2024-11-23T18:29:39","date_gmt":"2024-11-23T16:29:39","guid":{"rendered":"https:\/\/keluvo.com\/no\/produkt\/foundationkrem\/"},"modified":"2024-11-23T18:51:09","modified_gmt":"2024-11-23T16:51:09","slug":"foundationkrem","status":"publish","type":"product","link":"https:\/\/keluvo.com\/no\/produkt\/foundationkrem\/","title":{"rendered":"Foundationkrem"},"content":{"rendered":"<h2 style=\"text-align: center;\"><strong>Jevn og jevn p\u00e5f\u00f8ring<\/strong><\/h2>\n<p style=\"text-align: center;\">Fundamentkremen har en myk, soppformet pudderkule som ekspanderer n\u00e5r den er fuktig, noe som sikrer jevn og jevn p\u00e5f\u00f8ring p\u00e5 huden. Den milde konsistensen gj\u00f8r det enkelt \u00e5 blande uten \u00e5 etterlate striper, noe som gir en feilfri finish hver gang.<\/p>\n<p><img decoding=\"async\" class=\"alignnone size-medium wp-image-3892 aligncenter\" src=\"https:\/\/keluvo.com\/template\/wp-content\/uploads\/sites\/5\/2024\/11\/Magic-Foundation-Mushroom-Head-Air-Cushion-CC-Cream-Waterproof-Brighten-Foundation-Cream-Women-Base-Makeup-Face.jpg_-2.png\" alt=\"\" \/><\/p>\n<h2 style=\"text-align: center;\"><strong>langvarig og svettebestandig<\/strong><\/h2>\n<p style=\"text-align: center;\">Denne foundationkremen er designet for \u00e5 holde seg p\u00e5 plass hele dagen, og motst\u00e5r svette og olje for \u00e5 opprettholde et naturlig, ikke-fettete utseende. Den lette formelen s\u00f8rger for at sminken f\u00f8les frisk og behagelig uten behov for hyppige p\u00e5fyll.<\/p>\n<p><img decoding=\"async\" class=\"alignnone size-medium wp-image-3891 aligncenter\" src=\"https:\/\/keluvo.com\/template\/wp-content\/uploads\/sites\/5\/2024\/11\/Magic-Foundation-Mushroom-Head-Air-Cushion-CC-Cream-Waterproof-Brighten-Foundation-Cream-Women-Base-Makeup-Face.jpg_-3.png\" alt=\"\" \/><\/p>\n","protected":false},"excerpt":{"rendered":"<p>Jevn og jevn p\u00e5f\u00f8ring Fundamentkremen har en myk, soppformet pudderkule som ekspanderer n\u00e5r den er fuktig, noe som sikrer jevn [&hellip;]<\/p>\n","protected":false},"featured_media":5615,"comment_status":"open","ping_status":"closed","template":"","meta":{"site-sidebar-layout":"default","site-content-layout":"","ast-site-content-layout":"default","site-content-style":"default","site-sidebar-style":"default","ast-global-header-display":"","ast-banner-title-visibility":"","ast-main-header-display":"","ast-hfb-above-header-display":"","ast-hfb-below-header-display":"","ast-hfb-mobile-header-display":"","site-post-title":"","ast-breadcrumbs-content":"","ast-featured-img":"","footer-sml-layout":"","theme-transparent-header-meta":"default","adv-header-id-meta":"","stick-header-meta":"","header-above-stick-meta":"","header-main-stick-meta":"","header-below-stick-meta":"","astra-migrate-meta-layouts":"set","ast-page-background-enabled":"default","ast-page-background-meta":{"desktop":{"background-color":"var(--ast-global-color-4)","background-image":"","background-repeat":"repeat","background-position":"center center","background-size":"auto","background-attachment":"scroll","background-type":"","background-media":"","overlay-type":"","overlay-color":"","overlay-opacity":"","overlay-gradient":""},"tablet":{"background-color":"","background-image":"","background-repeat":"repeat","background-position":"center center","background-size":"auto","background-attachment":"scroll","background-type":"","background-media":"","overlay-type":"","overlay-color":"","overlay-opacity":"","overlay-gradient":""},"mobile":{"background-color":"","background-image":"","background-repeat":"repeat","background-position":"center center","background-size":"auto","background-attachment":"scroll","background-type":"","background-media":"","overlay-type":"","overlay-color":"","overlay-opacity":"","overlay-gradient":""}},"ast-content-background-meta":{"desktop":{"background-color":"var(--ast-global-color-5)","background-image":"","background-repeat":"repeat","background-position":"center center","background-size":"auto","background-attachment":"scroll","background-type":"","background-media":"","overlay-type":"","overlay-color":"","overlay-opacity":"","overlay-gradient":""},"tablet":{"background-color":"var(--ast-global-color-5)","background-image":"","background-repeat":"repeat","background-position":"center center","background-size":"auto","background-attachment":"scroll","background-type":"","background-media":"","overlay-type":"","overlay-color":"","overlay-opacity":"","overlay-gradient":""},"mobile":{"background-color":"var(--ast-global-color-5)","background-image":"","background-repeat":"repeat","background-position":"center center","background-size":"auto","background-attachment":"scroll","background-type":"","background-media":"","overlay-type":"","overlay-color":"","overlay-opacity":"","overlay-gradient":""}}},"product_brand":[],"product_cat":[992],"product_tag":[],"class_list":{"0":"post-5619","1":"product","2":"type-product","3":"status-publish","4":"has-post-thumbnail","6":"product_cat-skjonnhets-og-hygieneprodukter","7":"pa_9q8uf39i-elfenben","8":"pa_9q8uf39i-naturlig","9":"desktop-align-left","10":"tablet-align-left","11":"mobile-align-left","13":"first","14":"instock","15":"shipping-taxable","16":"purchasable","17":"product-type-variable"},"_links":{"self":[{"href":"https:\/\/keluvo.com\/no\/wp-json\/wp\/v2\/product\/5619","targetHints":{"allow":["GET"]}}],"collection":[{"href":"https:\/\/keluvo.com\/no\/wp-json\/wp\/v2\/product"}],"about":[{"href":"https:\/\/keluvo.com\/no\/wp-json\/wp\/v2\/types\/product"}],"replies":[{"embeddable":true,"href":"https:\/\/keluvo.com\/no\/wp-json\/wp\/v2\/comments?post=5619"}],"wp:featuredmedia":[{"embeddable":true,"href":"https:\/\/keluvo.com\/no\/wp-json\/wp\/v2\/media\/5615"}],"wp:attachment":[{"href":"https:\/\/keluvo.com\/no\/wp-json\/wp\/v2\/media?parent=5619"}],"wp:term":[{"taxonomy":"product_brand","embeddable":true,"href":"https:\/\/keluvo.com\/no\/wp-json\/wp\/v2\/product_brand?post=5619"},{"taxonomy":"product_cat","embeddable":true,"href":"https:\/\/keluvo.com\/no\/wp-json\/wp\/v2\/product_cat?post=5619"},{"taxonomy":"product_tag","embeddable":true,"href":"https:\/\/keluvo.com\/no\/wp-json\/wp\/v2\/product_tag?post=5619"}],"curies":[{"name":"wp","href":"https:\/\/api.w.org\/{rel}","templated":true}]}}