{"id":56137,"date":"2025-11-13T20:24:03","date_gmt":"2025-11-13T18:24:03","guid":{"rendered":"https:\/\/keluvo.com\/no\/produkt\/posisjoneringstavle\/"},"modified":"2025-11-13T21:09:33","modified_gmt":"2025-11-13T19:09:33","slug":"posisjoneringstavle","status":"publish","type":"product","link":"https:\/\/keluvo.com\/no\/produkt\/posisjoneringstavle\/","title":{"rendered":"Posisjoneringstavle"},"content":{"rendered":"<p style=\"text-align: center;\" data-start=\"0\" data-end=\"89\"><strong data-start=\"0\" data-end=\"87\">F\u00e5 perfekt posisjonering hver gang med denne sterke og p\u00e5litelige posisjoneringsplaten. \ud83d\udee0\ufe0f<\/strong><\/p>\n<p style=\"text-align: center;\" data-start=\"91\" data-end=\"387\">Dette posisjoneringsplaten er utformet for \u00e5 gj\u00f8re installasjonsarbeidet raskere, enklere og mer presist. Bygget av aluminium av h\u00f8y kvalitet med korrosjonsbeskyttelse, gir det deg et sikkert og stabilt oppsett for oppgaver som krever n\u00f8yaktig plassering &#8211; noe som sparer deg for tid, krefter og frustrasjon p\u00e5 jobben.<\/p>\n<p data-start=\"91\" data-end=\"387\"><img decoding=\"async\" class=\"size-full wp-image-41111 aligncenter\" src=\"https:\/\/keluvo.com\/template\/wp-content\/uploads\/sites\/5\/2025\/11\/10225-ezgif.com-video-to-webp-converter-3-1.webp\" alt=\"\" \/><\/p>\n<h2 style=\"text-align: center;\" data-start=\"394\" data-end=\"416\">Hovedfordeler<\/h2>\n<p data-start=\"419\" data-end=\"515\">\ud83d\udee0\ufe0f Robust og holdbar &#8211; Laget av aluminium av h\u00f8y kvalitet som t\u00e5ler lang, intensiv bruk.<\/p>\n<p data-start=\"518\" data-end=\"612\">\ud83d\udd12 Rustbeskyttelse &#8211; Belagt for \u00e5 motst\u00e5 korrosjon, slitasje og skader under det daglige arbeidet.<\/p>\n<p data-start=\"615\" data-end=\"700\">\u26a1 Effektiv installasjon &#8211; Hjelper deg med \u00e5 \u00f8ke arbeidsflyten og reduserer ekstra arbeid.<\/p>\n<p data-start=\"703\" data-end=\"794\">\ud83c\udfaf N\u00f8yaktig plassering &#8211; Spesiell design sikrer stabil plassering og p\u00e5litelig feste.<\/p>\n<p data-start=\"797\" data-end=\"902\">\u270b Sikker og komfortabel h\u00e5ndtering &#8211; Glatte, up\u00e5klagelige kanter forhindrer riper og sikrer enkel h\u00e5ndtering.<\/p>\n<p data-start=\"797\" data-end=\"902\"><img fetchpriority=\"high\" decoding=\"async\" class=\"size-full wp-image-41110 aligncenter\" src=\"https:\/\/keluvo.com\/template\/wp-content\/uploads\/sites\/5\/2025\/11\/S6e4fdee6a8c24f8387e99276e3be0cc0k.jpg_960x960q75.jpg_.jpg\" alt=\"\" width=\"1080\" height=\"1080\" \/><\/p>\n<h2 style=\"text-align: center;\" data-start=\"909\" data-end=\"928\"><strong>Slik Bruker Du<\/strong><\/h2>\n<ol data-start=\"929\" data-end=\"1193\">\n<li data-start=\"929\" data-end=\"1010\">\n<p data-start=\"932\" data-end=\"1010\">Plasser brettet mot overflaten der det er behov for st\u00f8tte eller justering.<\/p>\n<\/li>\n<li data-start=\"1011\" data-end=\"1070\">\n<p data-start=\"1014\" data-end=\"1070\">Bruk monteringsbraketten til \u00e5 feste det godt p\u00e5 plass.<\/p>\n<\/li>\n<li data-start=\"1071\" data-end=\"1140\">\n<p data-start=\"1074\" data-end=\"1140\">Juster festehjulet for \u00e5 oppn\u00e5 riktig spenning og hold.<\/p>\n<\/li>\n<li data-start=\"1141\" data-end=\"1193\">\n<p data-start=\"1144\" data-end=\"1193\">Begynn oppgaven med stabil og presis innretting.<\/p>\n<\/li>\n<\/ol>\n<h2 style=\"text-align: center;\" data-start=\"1200\" data-end=\"1224\"><strong>Produktdetaljer<\/strong><\/h2>\n<ul data-start=\"1225\" data-end=\"1521\">\n<li data-start=\"1261\" data-end=\"1283\">\n<p data-start=\"1263\" data-end=\"1283\">Materiale: Aluminium<\/p>\n<\/li>\n<li data-start=\"1284\" data-end=\"1298\">\n<p data-start=\"1286\" data-end=\"1298\">Farge: R\u00f8d<\/p>\n<\/li>\n<li data-start=\"1299\" data-end=\"1322\">\n<p data-start=\"1301\" data-end=\"1322\">St\u00f8rrelse: 10 x 8 x 2,5 cm<\/p>\n<\/li>\n<li data-start=\"1323\" data-end=\"1417\">\n<p data-start=\"1325\" data-end=\"1417\">Funksjoner: Anti-korrosjonsbelegg, slitesterk konstruksjon, glatte kanter, stabil festedesign<\/p>\n<\/li>\n<li data-start=\"1418\" data-end=\"1521\">\n<p data-start=\"1420\" data-end=\"1521\">Bruksomr\u00e5der: Konstruksjon, gipsarbeid, installasjonsoppgaver, justeringsst\u00f8tte, presisjonsposisjonering<\/p>\n<\/li>\n<\/ul>\n<h2 style=\"text-align: center;\" data-start=\"1528\" data-end=\"1553\"><strong>Pakken inkluderer<\/strong><\/h2>\n<ul data-start=\"1554\" data-end=\"1632\">\n<li data-start=\"1554\" data-end=\"1586\">\n<p data-start=\"1556\" data-end=\"1586\">1, 2x posisjoneringsplate<\/p>\n<\/li>\n<\/ul>\n","protected":false},"excerpt":{"rendered":"<p>F\u00e5 perfekt posisjonering hver gang med denne sterke og p\u00e5litelige posisjoneringsplaten. \ud83d\udee0\ufe0f Dette posisjoneringsplaten er utformet for \u00e5 gj\u00f8re installasjonsarbeidet [&hellip;]<\/p>\n","protected":false},"featured_media":56133,"comment_status":"open","ping_status":"closed","template":"","meta":{"site-sidebar-layout":"default","site-content-layout":"","ast-site-content-layout":"default","site-content-style":"default","site-sidebar-style":"default","ast-global-header-display":"","ast-banner-title-visibility":"","ast-main-header-display":"","ast-hfb-above-header-display":"","ast-hfb-below-header-display":"","ast-hfb-mobile-header-display":"","site-post-title":"","ast-breadcrumbs-content":"","ast-featured-img":"","footer-sml-layout":"","theme-transparent-header-meta":"default","adv-header-id-meta":"","stick-header-meta":"","header-above-stick-meta":"","header-main-stick-meta":"","header-below-stick-meta":"","astra-migrate-meta-layouts":"set","ast-page-background-enabled":"default","ast-page-background-meta":{"desktop":{"background-color":"var(--ast-global-color-4)","background-image":"","background-repeat":"repeat","background-position":"center center","background-size":"auto","background-attachment":"scroll","background-type":"","background-media":"","overlay-type":"","overlay-color":"","overlay-opacity":"","overlay-gradient":""},"tablet":{"background-color":"","background-image":"","background-repeat":"repeat","background-position":"center center","background-size":"auto","background-attachment":"scroll","background-type":"","background-media":"","overlay-type":"","overlay-color":"","overlay-opacity":"","overlay-gradient":""},"mobile":{"background-color":"","background-image":"","background-repeat":"repeat","background-position":"center center","background-size":"auto","background-attachment":"scroll","background-type":"","background-media":"","overlay-type":"","overlay-color":"","overlay-opacity":"","overlay-gradient":""}},"ast-content-background-meta":{"desktop":{"background-color":"var(--ast-global-color-5)","background-image":"","background-repeat":"repeat","background-position":"center center","background-size":"auto","background-attachment":"scroll","background-type":"","background-media":"","overlay-type":"","overlay-color":"","overlay-opacity":"","overlay-gradient":""},"tablet":{"background-color":"var(--ast-global-color-5)","background-image":"","background-repeat":"repeat","background-position":"center center","background-size":"auto","background-attachment":"scroll","background-type":"","background-media":"","overlay-type":"","overlay-color":"","overlay-opacity":"","overlay-gradient":""},"mobile":{"background-color":"var(--ast-global-color-5)","background-image":"","background-repeat":"repeat","background-position":"center center","background-size":"auto","background-attachment":"scroll","background-type":"","background-media":"","overlay-type":"","overlay-color":"","overlay-opacity":"","overlay-gradient":""}}},"product_brand":[],"product_cat":[996],"product_tag":[],"class_list":{"0":"post-56137","1":"product","2":"type-product","3":"status-publish","4":"has-post-thumbnail","6":"product_cat-verktoy","7":"pa_50924_x4e640xw-1-stk","8":"pa_50924_x4e640xw-2-stk","9":"desktop-align-left","10":"tablet-align-left","11":"mobile-align-left","13":"first","14":"instock","15":"shipping-taxable","16":"purchasable","17":"product-type-variable"},"_links":{"self":[{"href":"https:\/\/keluvo.com\/no\/wp-json\/wp\/v2\/product\/56137","targetHints":{"allow":["GET"]}}],"collection":[{"href":"https:\/\/keluvo.com\/no\/wp-json\/wp\/v2\/product"}],"about":[{"href":"https:\/\/keluvo.com\/no\/wp-json\/wp\/v2\/types\/product"}],"replies":[{"embeddable":true,"href":"https:\/\/keluvo.com\/no\/wp-json\/wp\/v2\/comments?post=56137"}],"wp:featuredmedia":[{"embeddable":true,"href":"https:\/\/keluvo.com\/no\/wp-json\/wp\/v2\/media\/56133"}],"wp:attachment":[{"href":"https:\/\/keluvo.com\/no\/wp-json\/wp\/v2\/media?parent=56137"}],"wp:term":[{"taxonomy":"product_brand","embeddable":true,"href":"https:\/\/keluvo.com\/no\/wp-json\/wp\/v2\/product_brand?post=56137"},{"taxonomy":"product_cat","embeddable":true,"href":"https:\/\/keluvo.com\/no\/wp-json\/wp\/v2\/product_cat?post=56137"},{"taxonomy":"product_tag","embeddable":true,"href":"https:\/\/keluvo.com\/no\/wp-json\/wp\/v2\/product_tag?post=56137"}],"curies":[{"name":"wp","href":"https:\/\/api.w.org\/{rel}","templated":true}]}}