{"id":55938,"date":"2025-11-12T19:03:44","date_gmt":"2025-11-12T17:03:44","guid":{"rendered":"https:\/\/keluvo.com\/no\/produkt\/julesett-med-dyser\/"},"modified":"2025-11-18T16:04:41","modified_gmt":"2025-11-18T14:04:41","slug":"julesett-med-dyser","status":"publish","type":"product","link":"https:\/\/keluvo.com\/no\/produkt\/julesett-med-dyser\/","title":{"rendered":"Julesett med dyser"},"content":{"rendered":"<p style=\"text-align: center;\" data-start=\"0\" data-end=\"64\"><strong data-start=\"0\" data-end=\"62\">Gj\u00f8r Julebaksten Din Til Et Festlig Mesterverk \ud83c\udf84\ud83c\udf6a<\/strong><\/p>\n<p style=\"text-align: center;\" data-start=\"66\" data-end=\"426\">Gj\u00f8r sm\u00e5kaker, cupcakes og bakverk fantastiske denne h\u00f8ytiden med dette settet med juledyser! Disse munnstykkene er designet med vakre, festlige former, og gj\u00f8r det enkelt \u00e5 lage profesjonelle godbiter som vil glede b\u00e5de barn og voksne. Enten du er nybegynner eller erfaren baker, gj\u00f8r dette settet dekorering morsomt, enkelt og magisk.<\/p>\n<p data-start=\"66\" data-end=\"426\"><img decoding=\"async\" class=\"size-full wp-image-41021 aligncenter\" src=\"https:\/\/keluvo.com\/template\/wp-content\/uploads\/sites\/5\/2025\/11\/102214-ezgif.com-video-to-webp-converter-1.webp\" alt=\"\" \/><\/p>\n<h2 style=\"text-align: center;\" data-start=\"433\" data-end=\"455\">\ud83c\udf1f Hovedfordeler<\/h2>\n<p data-start=\"458\" data-end=\"571\">\ud83c\udf70 Vakre festlige design &#8211; Lag sjarmerende julem\u00f8nstre som f\u00e5r dessertene dine til \u00e5 se uimotst\u00e5elige ut.<\/p>\n<p data-start=\"574\" data-end=\"686\">\ud83d\udcaa Materialer av h\u00f8y kvalitet &#8211; Laget av sterkt, korrosjonsbestandig 304 rustfritt st\u00e5l for langvarig bruk.<\/p>\n<p data-start=\"689\" data-end=\"794\">\ud83d\udc69\u200d\ud83c\udf73 Enkel \u00e5 bruke &#8211; Perfekt for b\u00e5de nybegynnere og erfarne bakere &#8211; ingen avanserte ferdigheter kreves.<\/p>\n<p data-start=\"797\" data-end=\"901\">\ud83e\uddc1 Matsikker og giftfri &#8211; munnstykkene er laget av 304 rustfritt st\u00e5l.<\/p>\n<p data-start=\"904\" data-end=\"1021\">\ud83c\udf81 Perfekt julegave &#8211; En gjennomtenkt og morsom gave til alle som elsker \u00e5 bake eller lage festlige godbiter.<\/p>\n<p data-start=\"904\" data-end=\"1021\"><img fetchpriority=\"high\" decoding=\"async\" class=\" wp-image-41026 aligncenter\" src=\"https:\/\/keluvo.com\/template\/wp-content\/uploads\/sites\/5\/2025\/11\/bf2bc86acb797c9fedfeece942d584e2be46873a.gif\" alt=\"\" width=\"499\" height=\"499\" \/><\/p>\n<h2 style=\"text-align: center;\" data-start=\"1028\" data-end=\"1047\">\ud83c\udf6a Slik Bruker Du Den<\/h2>\n<ol data-start=\"1048\" data-end=\"1331\">\n<li data-start=\"1048\" data-end=\"1112\">\n<p data-start=\"1051\" data-end=\"1112\">Fest \u00f8nsket munnstykke til omformeren og spr\u00f8yteposen.<\/p>\n<\/li>\n<li data-start=\"1113\" data-end=\"1169\">\n<p data-start=\"1116\" data-end=\"1169\">Fyll posen med frosting eller krem etter eget valg.<\/p>\n<\/li>\n<li data-start=\"1170\" data-end=\"1247\">\n<p data-start=\"1173\" data-end=\"1247\">Klem forsiktig p\u00e5 posen for \u00e5 spr\u00f8yte dine favorittformer og festlige motiver.<\/p>\n<\/li>\n<li data-start=\"1248\" data-end=\"1331\">\n<p data-start=\"1251\" data-end=\"1331\">Dekorer kaker, kaker, cupcakes og mye mer &#8211; og nyt det vakre resultatet!<\/p>\n<\/li>\n<\/ol>\n<h2 style=\"text-align: center;\" data-start=\"1338\" data-end=\"1362\">\ud83d\udccf Produktdetaljer<\/h2>\n<ul data-start=\"1363\" data-end=\"1605\">\n<li data-start=\"1403\" data-end=\"1474\">\n<p data-start=\"1405\" data-end=\"1474\">Materiale: 304 rustfritt st\u00e5l (munnstykker)<\/p>\n<\/li>\n<li data-start=\"1475\" data-end=\"1512\">\n<p data-start=\"1477\" data-end=\"1512\">Type: Russiske kulepipedyser<\/p>\n<\/li>\n<li data-start=\"1513\" data-end=\"1568\">\n<p data-start=\"1515\" data-end=\"1568\">Egnede for: Kaker, cupcakes, bakverk og mer<\/p>\n<\/li>\n<li data-start=\"1569\" data-end=\"1605\">\n<p data-start=\"1571\" data-end=\"1605\">Sikker, holdbar og enkel \u00e5 rengj\u00f8re<\/p>\n<\/li>\n<li data-start=\"1569\" data-end=\"1605\">St\u00f8rrelse: Basisdiameter: 37mm<\/li>\n<\/ul>\n<h2 style=\"text-align: center;\" data-start=\"1612\" data-end=\"1637\">\ud83d\udce6 Pakken inneholder<\/h2>\n<ul data-start=\"1638\" data-end=\"1714\">\n<li data-start=\"1638\" data-end=\"1677\">\n<p data-start=\"1640\" data-end=\"1677\">4, 10, 13x julespr\u00f8ytetyller.<\/p>\n<\/li>\n<\/ul>\n","protected":false},"excerpt":{"rendered":"<p>Gj\u00f8r Julebaksten Din Til Et Festlig Mesterverk \ud83c\udf84\ud83c\udf6a Gj\u00f8r sm\u00e5kaker, cupcakes og bakverk fantastiske denne h\u00f8ytiden med dette settet med [&hellip;]<\/p>\n","protected":false},"featured_media":55934,"comment_status":"open","ping_status":"closed","template":"","meta":{"site-sidebar-layout":"default","site-content-layout":"","ast-site-content-layout":"default","site-content-style":"default","site-sidebar-style":"default","ast-global-header-display":"","ast-banner-title-visibility":"","ast-main-header-display":"","ast-hfb-above-header-display":"","ast-hfb-below-header-display":"","ast-hfb-mobile-header-display":"","site-post-title":"","ast-breadcrumbs-content":"","ast-featured-img":"","footer-sml-layout":"","theme-transparent-header-meta":"default","adv-header-id-meta":"","stick-header-meta":"","header-above-stick-meta":"","header-main-stick-meta":"","header-below-stick-meta":"","astra-migrate-meta-layouts":"set","ast-page-background-enabled":"default","ast-page-background-meta":{"desktop":{"background-color":"var(--ast-global-color-4)","background-image":"","background-repeat":"repeat","background-position":"center center","background-size":"auto","background-attachment":"scroll","background-type":"","background-media":"","overlay-type":"","overlay-color":"","overlay-opacity":"","overlay-gradient":""},"tablet":{"background-color":"","background-image":"","background-repeat":"repeat","background-position":"center center","background-size":"auto","background-attachment":"scroll","background-type":"","background-media":"","overlay-type":"","overlay-color":"","overlay-opacity":"","overlay-gradient":""},"mobile":{"background-color":"","background-image":"","background-repeat":"repeat","background-position":"center center","background-size":"auto","background-attachment":"scroll","background-type":"","background-media":"","overlay-type":"","overlay-color":"","overlay-opacity":"","overlay-gradient":""}},"ast-content-background-meta":{"desktop":{"background-color":"var(--ast-global-color-5)","background-image":"","background-repeat":"repeat","background-position":"center center","background-size":"auto","background-attachment":"scroll","background-type":"","background-media":"","overlay-type":"","overlay-color":"","overlay-opacity":"","overlay-gradient":""},"tablet":{"background-color":"var(--ast-global-color-5)","background-image":"","background-repeat":"repeat","background-position":"center center","background-size":"auto","background-attachment":"scroll","background-type":"","background-media":"","overlay-type":"","overlay-color":"","overlay-opacity":"","overlay-gradient":""},"mobile":{"background-color":"var(--ast-global-color-5)","background-image":"","background-repeat":"repeat","background-position":"center center","background-size":"auto","background-attachment":"scroll","background-type":"","background-media":"","overlay-type":"","overlay-color":"","overlay-opacity":"","overlay-gradient":""}}},"product_brand":[],"product_cat":[1001,996],"product_tag":[],"class_list":{"0":"post-55938","1":"product","2":"type-product","3":"status-publish","4":"has-post-thumbnail","6":"product_cat-husholdningsartikler","7":"product_cat-verktoy","8":"pa_53857_e6q1i6rs-4-stk","9":"pa_53857_e6q1i6rs-10-stk","10":"pa_53857_e6q1i6rs-13-stk","11":"desktop-align-left","12":"tablet-align-left","13":"mobile-align-left","15":"first","16":"instock","17":"shipping-taxable","18":"purchasable","19":"product-type-variable"},"_links":{"self":[{"href":"https:\/\/keluvo.com\/no\/wp-json\/wp\/v2\/product\/55938","targetHints":{"allow":["GET"]}}],"collection":[{"href":"https:\/\/keluvo.com\/no\/wp-json\/wp\/v2\/product"}],"about":[{"href":"https:\/\/keluvo.com\/no\/wp-json\/wp\/v2\/types\/product"}],"replies":[{"embeddable":true,"href":"https:\/\/keluvo.com\/no\/wp-json\/wp\/v2\/comments?post=55938"}],"wp:featuredmedia":[{"embeddable":true,"href":"https:\/\/keluvo.com\/no\/wp-json\/wp\/v2\/media\/55934"}],"wp:attachment":[{"href":"https:\/\/keluvo.com\/no\/wp-json\/wp\/v2\/media?parent=55938"}],"wp:term":[{"taxonomy":"product_brand","embeddable":true,"href":"https:\/\/keluvo.com\/no\/wp-json\/wp\/v2\/product_brand?post=55938"},{"taxonomy":"product_cat","embeddable":true,"href":"https:\/\/keluvo.com\/no\/wp-json\/wp\/v2\/product_cat?post=55938"},{"taxonomy":"product_tag","embeddable":true,"href":"https:\/\/keluvo.com\/no\/wp-json\/wp\/v2\/product_tag?post=55938"}],"curies":[{"name":"wp","href":"https:\/\/api.w.org\/{rel}","templated":true}]}}