{"id":55739,"date":"2025-11-12T16:46:50","date_gmt":"2025-11-12T14:46:50","guid":{"rendered":"https:\/\/keluvo.com\/no\/produkt\/juledekorasjon-til-garasjeporten\/"},"modified":"2025-12-15T18:10:11","modified_gmt":"2025-12-15T16:10:11","slug":"juledekorasjon-til-garasjeporten","status":"publish","type":"product","link":"https:\/\/keluvo.com\/no\/produkt\/juledekorasjon-til-garasjeporten\/","title":{"rendered":"Juledekorasjon til garasjeporten"},"content":{"rendered":"<p style=\"text-align: center;\" data-start=\"0\" data-end=\"74\"><strong data-start=\"0\" data-end=\"72\">Forvandle Garasjen Din Til Et Festlig Mesterverk Denne Julen \ud83c\udf85\ud83d\udeaa<\/strong><\/p>\n<p style=\"text-align: center;\" data-start=\"76\" data-end=\"386\">Denne julegarasjeportdekorasjonen forvandler umiddelbart din vanlige garasjeport til en fantastisk juleutstilling. Den er laget av v\u00e6rbestandig polyester av h\u00f8y kvalitet, er enkel \u00e5 montere, gjenbrukbar og vil garantert gj\u00f8re hjemmet ditt til det mest festlige i nabolaget &#8211; uten \u00e5 p\u00e5virke portens normale bruk.<\/p>\n<p data-start=\"76\" data-end=\"386\"><img fetchpriority=\"high\" decoding=\"async\" class=\" wp-image-40883 aligncenter\" src=\"https:\/\/keluvo.com\/template\/wp-content\/uploads\/sites\/5\/2025\/11\/e2afec3aa395c44cd5ae9321c2851e4cb9bd7af8.webp\" alt=\"\" width=\"585\" height=\"329\" \/><\/p>\n<h2 style=\"text-align: center;\" data-start=\"393\" data-end=\"415\"><strong>Hovedfordeler<\/strong><\/h2>\n<p data-start=\"418\" data-end=\"516\">\ud83c\udf84 I\u00f8ynefallende design &#8211; Lyse, fargerike julem\u00f8nstre som f\u00e5r garasjen til \u00e5 skille seg ut.<\/p>\n<p data-start=\"519\" data-end=\"623\">\u2699\ufe0f Rask montering &#8211; Settes opp p\u00e5 f\u00e5 minutter med de medf\u00f8lgende festene &#8211; ingen spesialverkt\u00f8y kreves.<\/p>\n<p data-start=\"626\" data-end=\"720\">\ud83e\uddf1 Slitesterkt materiale &#8211; Laget av tykk polyester av h\u00f8y kvalitet som motst\u00e5r slitasje og \u00f8deleggelse.<\/p>\n<p data-start=\"723\" data-end=\"810\">\ud83d\udca1 Ingen forstyrrelser &#8211; Fungerer perfekt p\u00e5 b\u00e5de rulleporter og garasjeporter med kalesje.<\/p>\n<p data-start=\"813\" data-end=\"905\">\ud83d\udd01 Gjenbrukbart og enkelt \u00e5 oppbevare &#8211; Brett det sammen og bruk det igjen i mange juleh\u00f8ytider fremover.<\/p>\n<p data-start=\"813\" data-end=\"905\"><img decoding=\"async\" class=\" wp-image-40884 aligncenter\" src=\"https:\/\/keluvo.com\/template\/wp-content\/uploads\/sites\/5\/2025\/11\/10229-ezgif.com-video-to-webp-converter-2.webp\" alt=\"\" width=\"549\" height=\"309\" \/><\/p>\n<h2 style=\"text-align: center;\" data-start=\"912\" data-end=\"931\"><strong>Slik Bruker Du Det<\/strong><\/h2>\n<ol data-start=\"932\" data-end=\"1256\">\n<li data-start=\"932\" data-end=\"984\">\n<p data-start=\"935\" data-end=\"984\">Pakk ut garasjeporttrekket fra pakken.<\/p>\n<\/li>\n<li data-start=\"985\" data-end=\"1044\">\n<p data-start=\"988\" data-end=\"1044\">Plasser det p\u00e5 tvers av garasjeporten for perfekt passform.<\/p>\n<\/li>\n<li data-start=\"1045\" data-end=\"1143\">\n<p data-start=\"1048\" data-end=\"1143\">Bruk det medf\u00f8lgende monteringssettet til \u00e5 feste det p\u00e5 plass.<\/p>\n<\/li>\n<li data-start=\"1144\" data-end=\"1190\">\n<p data-start=\"1147\" data-end=\"1190\">Glatt ut rynker og juster etter behov.<\/p>\n<\/li>\n<li data-start=\"1191\" data-end=\"1256\">\n<p data-start=\"1194\" data-end=\"1256\">Len deg tilbake og nyt den flotte juledekorasjonen din!<\/p>\n<\/li>\n<\/ol>\n<h2 style=\"text-align: center;\" data-start=\"1263\" data-end=\"1287\"><strong>Produktdetaljer<\/strong><\/h2>\n<ul data-start=\"1288\" data-end=\"1565\">\n<li data-start=\"1288\" data-end=\"1319\">\n<p data-start=\"1290\" data-end=\"1319\">Materiale: Slitesterk polyester<\/p>\n<\/li>\n<li data-start=\"1320\" data-end=\"1373\">\n<p data-start=\"1322\" data-end=\"1373\">Str\u00f8mkilde: Ingen n\u00f8dvendig (manuell installasjon)<\/p>\n<\/li>\n<li data-start=\"1374\" data-end=\"1430\">\n<p data-start=\"1376\" data-end=\"1394\">Tilgjengelige st\u00f8rrelser: 150 x 210 cm, 180 x 240 cm, 180 x 400 cm<\/p>\n<\/li>\n<li data-start=\"1431\" data-end=\"1509\">\n<p data-start=\"1433\" data-end=\"1509\">Kompatibilitet: Passer til b\u00e5de rulleporter (leddporter) og takporter (flate porter)<\/p>\n<\/li>\n<li data-start=\"1510\" data-end=\"1565\">\n<p data-start=\"1512\" data-end=\"1565\">Bruk: Utend\u00f8rs festdekorasjon (v\u00e6rbestandig)<\/p>\n<\/li>\n<\/ul>\n<h2 style=\"text-align: center;\" data-start=\"1572\" data-end=\"1597\"><strong>Pakken inneholder<\/strong><\/h2>\n<ul data-start=\"1598\" data-end=\"1724\">\n<li data-start=\"1598\" data-end=\"1642\">\n<p data-start=\"1600\" data-end=\"1642\">1x julepynt til garasjeport<\/p>\n<\/li>\n<li data-start=\"1643\" data-end=\"1724\">\n<p data-start=\"1645\" data-end=\"1724\">1x monteringssett.<\/p>\n<\/li>\n<\/ul>\n","protected":false},"excerpt":{"rendered":"<p>Forvandle Garasjen Din Til Et Festlig Mesterverk Denne Julen \ud83c\udf85\ud83d\udeaa Denne julegarasjeportdekorasjonen forvandler umiddelbart din vanlige garasjeport til en fantastisk [&hellip;]<\/p>\n","protected":false},"featured_media":55735,"comment_status":"open","ping_status":"closed","template":"","meta":{"site-sidebar-layout":"default","site-content-layout":"","ast-site-content-layout":"default","site-content-style":"default","site-sidebar-style":"default","ast-global-header-display":"","ast-banner-title-visibility":"","ast-main-header-display":"","ast-hfb-above-header-display":"","ast-hfb-below-header-display":"","ast-hfb-mobile-header-display":"","site-post-title":"","ast-breadcrumbs-content":"","ast-featured-img":"","footer-sml-layout":"","theme-transparent-header-meta":"default","adv-header-id-meta":"","stick-header-meta":"","header-above-stick-meta":"","header-main-stick-meta":"","header-below-stick-meta":"","astra-migrate-meta-layouts":"set","ast-page-background-enabled":"default","ast-page-background-meta":{"desktop":{"background-color":"var(--ast-global-color-4)","background-image":"","background-repeat":"repeat","background-position":"center center","background-size":"auto","background-attachment":"scroll","background-type":"","background-media":"","overlay-type":"","overlay-color":"","overlay-opacity":"","overlay-gradient":""},"tablet":{"background-color":"","background-image":"","background-repeat":"repeat","background-position":"center center","background-size":"auto","background-attachment":"scroll","background-type":"","background-media":"","overlay-type":"","overlay-color":"","overlay-opacity":"","overlay-gradient":""},"mobile":{"background-color":"","background-image":"","background-repeat":"repeat","background-position":"center center","background-size":"auto","background-attachment":"scroll","background-type":"","background-media":"","overlay-type":"","overlay-color":"","overlay-opacity":"","overlay-gradient":""}},"ast-content-background-meta":{"desktop":{"background-color":"var(--ast-global-color-5)","background-image":"","background-repeat":"repeat","background-position":"center center","background-size":"auto","background-attachment":"scroll","background-type":"","background-media":"","overlay-type":"","overlay-color":"","overlay-opacity":"","overlay-gradient":""},"tablet":{"background-color":"var(--ast-global-color-5)","background-image":"","background-repeat":"repeat","background-position":"center center","background-size":"auto","background-attachment":"scroll","background-type":"","background-media":"","overlay-type":"","overlay-color":"","overlay-opacity":"","overlay-gradient":""},"mobile":{"background-color":"var(--ast-global-color-5)","background-image":"","background-repeat":"repeat","background-position":"center center","background-size":"auto","background-attachment":"scroll","background-type":"","background-media":"","overlay-type":"","overlay-color":"","overlay-opacity":"","overlay-gradient":""}}},"product_brand":[],"product_cat":[1001],"product_tag":[],"class_list":{"0":"post-55739","1":"product","2":"type-product","3":"status-publish","4":"has-post-thumbnail","6":"product_cat-husholdningsartikler","7":"pa_53977_63jtt0eg-a","8":"pa_53977_63jtt0eg-b","9":"pa_53977_63jtt0eg-c","10":"pa_53977_63jtt0eg-d","11":"pa_53977_63jtt0eg-e","12":"pa_53977_63jtt0eg-f","13":"pa_53977_63jtt0eg-g","14":"pa_53977_63jtt0eg-h","15":"pa_53977_63jtt0eg-i","16":"pa_53977_63jtt0eg-j","17":"pa_53977_txaw8mus-150-x-210-cm","18":"pa_53977_txaw8mus-180-x-240-cm","19":"pa_53977_txaw8mus-180-x-400-cm","20":"desktop-align-left","21":"tablet-align-left","22":"mobile-align-left","24":"first","25":"instock","26":"shipping-taxable","27":"purchasable","28":"product-type-variable","29":"has-default-attributes"},"_links":{"self":[{"href":"https:\/\/keluvo.com\/no\/wp-json\/wp\/v2\/product\/55739","targetHints":{"allow":["GET"]}}],"collection":[{"href":"https:\/\/keluvo.com\/no\/wp-json\/wp\/v2\/product"}],"about":[{"href":"https:\/\/keluvo.com\/no\/wp-json\/wp\/v2\/types\/product"}],"replies":[{"embeddable":true,"href":"https:\/\/keluvo.com\/no\/wp-json\/wp\/v2\/comments?post=55739"}],"wp:featuredmedia":[{"embeddable":true,"href":"https:\/\/keluvo.com\/no\/wp-json\/wp\/v2\/media\/55735"}],"wp:attachment":[{"href":"https:\/\/keluvo.com\/no\/wp-json\/wp\/v2\/media?parent=55739"}],"wp:term":[{"taxonomy":"product_brand","embeddable":true,"href":"https:\/\/keluvo.com\/no\/wp-json\/wp\/v2\/product_brand?post=55739"},{"taxonomy":"product_cat","embeddable":true,"href":"https:\/\/keluvo.com\/no\/wp-json\/wp\/v2\/product_cat?post=55739"},{"taxonomy":"product_tag","embeddable":true,"href":"https:\/\/keluvo.com\/no\/wp-json\/wp\/v2\/product_tag?post=55739"}],"curies":[{"name":"wp","href":"https:\/\/api.w.org\/{rel}","templated":true}]}}