{"id":55541,"date":"2025-11-12T16:35:29","date_gmt":"2025-11-12T14:35:29","guid":{"rendered":"https:\/\/keluvo.com\/no\/produkt\/gardinklips\/"},"modified":"2025-11-18T16:07:28","modified_gmt":"2025-11-18T14:07:28","slug":"gardinklips","status":"publish","type":"product","link":"https:\/\/keluvo.com\/no\/produkt\/gardinklips\/","title":{"rendered":"Gardinklips"},"content":{"rendered":"<p style=\"text-align: center;\" data-start=\"0\" data-end=\"60\"><strong data-start=\"0\" data-end=\"58\">Tilf\u00f8r Festlig Sjarm Til Gardinene Dine Denne Julen \ud83c\udf85\ud83c\udf84<\/strong><\/p>\n<p style=\"text-align: center;\" data-start=\"62\" data-end=\"333\">Denne julegardinspennen er en morsom og dekorativ m\u00e5te \u00e5 bringe julestemningen inn i hjemmet ditt p\u00e5. Disse s\u00f8te gardinspennene er laget av mykt, ikke-vevd stoff og laget med omhu, og holder gardinene p\u00e5 plass samtidig som de gir et varmt, muntert juletouch til ethvert rom.<\/p>\n<p data-start=\"62\" data-end=\"333\"><img decoding=\"async\" class=\"size-full wp-image-40664 aligncenter\" src=\"https:\/\/keluvo.com\/template\/wp-content\/uploads\/sites\/5\/2025\/11\/3.jpeg\" alt=\"\" \/><\/p>\n<h2 style=\"text-align: center;\" data-start=\"340\" data-end=\"362\"><strong>Hovedfordeler<\/strong><\/h2>\n<p data-start=\"365\" data-end=\"452\">\ud83c\udf81 Festlig design &#8211; Nydelige 3D-juleformer som umiddelbart lyser opp rommet ditt.<\/p>\n<p data-start=\"455\" data-end=\"549\">\ud83e\uddf5 Materiale av h\u00f8y kvalitet &#8211; Laget av mykt, slitesterkt, ikke-vevd stoff for langvarig bruk.<\/p>\n<p data-start=\"552\" data-end=\"639\">\ud83c\udf84 Forbedrer h\u00f8ytidsdekorasjonen &#8211; Perfekt for stuer, soverom eller kontorvinduer.<\/p>\n<p data-start=\"642\" data-end=\"734\">\u2764\ufe0f Enkel \u00e5 bruke &#8211; Enkel spennedesign som gj\u00f8r det enkelt \u00e5 vikle rundt gardinene p\u00e5 f\u00e5 sekunder.<\/p>\n<p data-start=\"737\" data-end=\"827\">\u2728 Allsidig dekorasjon &#8211; Fungerer b\u00e5de som gardinholder og morsomt julepynt.<\/p>\n<p data-start=\"737\" data-end=\"827\"><img decoding=\"async\" class=\"size-full wp-image-40661 aligncenter\" src=\"https:\/\/keluvo.com\/template\/wp-content\/uploads\/sites\/5\/2025\/11\/559f7973-ee29-4b74-ae0d-05264ee4e70f.webp\" alt=\"\" \/><\/p>\n<h2 style=\"text-align: center;\" data-start=\"834\" data-end=\"853\"><strong>Hvordan Bruke<\/strong><\/h2>\n<ol data-start=\"854\" data-end=\"1053\">\n<li data-start=\"854\" data-end=\"914\">\n<p data-start=\"857\" data-end=\"914\">\u00c5pne spennen og vikle den forsiktig rundt gardinen.<\/p>\n<\/li>\n<li data-start=\"915\" data-end=\"957\">\n<p data-start=\"918\" data-end=\"957\">Juster den til \u00f8nsket posisjon.<\/p>\n<\/li>\n<li data-start=\"958\" data-end=\"1002\">\n<p data-start=\"961\" data-end=\"1002\">Fest spennen slik at den holder seg p\u00e5 plass.<\/p>\n<\/li>\n<li data-start=\"1003\" data-end=\"1053\">\n<p data-start=\"1006\" data-end=\"1053\">Nyt det festlige utseendet den gir til rommet ditt!<\/p>\n<\/li>\n<\/ol>\n<h2 style=\"text-align: center;\" data-start=\"1060\" data-end=\"1084\"><strong>Produktdetaljer<\/strong><\/h2>\n<ul data-start=\"1085\" data-end=\"1277\">\n<li data-start=\"1085\" data-end=\"1115\">\n<p data-start=\"1087\" data-end=\"1115\">Materiale: Ikke-vevd stoff<\/p>\n<\/li>\n<li data-start=\"1116\" data-end=\"1137\">\n<p data-start=\"1118\" data-end=\"1137\">Farge: R\u00f8d, Gr\u00e5<\/p>\n<\/li>\n<li data-start=\"1138\" data-end=\"1177\">\n<p data-start=\"1140\" data-end=\"1177\">St\u00f8rrelse: 50 x 45 cm<\/p>\n<\/li>\n<li data-start=\"1178\" data-end=\"1224\">\n<p data-start=\"1180\" data-end=\"1224\">Design: 3D-gardinspenne med juletema<\/p>\n<\/li>\n<li data-start=\"1225\" data-end=\"1277\">\n<p data-start=\"1227\" data-end=\"1277\">Bruk: Perfekt til hjemmet, kontoret eller h\u00f8ytidsarrangementer<\/p>\n<\/li>\n<\/ul>\n<h2 style=\"text-align: center;\" data-start=\"1284\" data-end=\"1309\"><strong>Pakken inneholder<\/strong><\/h2>\n<ul data-start=\"1310\" data-end=\"1342\">\n<li data-start=\"1310\" data-end=\"1342\">\n<p data-start=\"1312\" data-end=\"1342\">1, 2x julegardinspenne.<\/p>\n<\/li>\n<\/ul>\n","protected":false},"excerpt":{"rendered":"<p>Tilf\u00f8r Festlig Sjarm Til Gardinene Dine Denne Julen \ud83c\udf85\ud83c\udf84 Denne julegardinspennen er en morsom og dekorativ m\u00e5te \u00e5 bringe julestemningen [&hellip;]<\/p>\n","protected":false},"featured_media":55537,"comment_status":"open","ping_status":"closed","template":"","meta":{"site-sidebar-layout":"default","site-content-layout":"","ast-site-content-layout":"default","site-content-style":"default","site-sidebar-style":"default","ast-global-header-display":"","ast-banner-title-visibility":"","ast-main-header-display":"","ast-hfb-above-header-display":"","ast-hfb-below-header-display":"","ast-hfb-mobile-header-display":"","site-post-title":"","ast-breadcrumbs-content":"","ast-featured-img":"","footer-sml-layout":"","theme-transparent-header-meta":"default","adv-header-id-meta":"","stick-header-meta":"","header-above-stick-meta":"","header-main-stick-meta":"","header-below-stick-meta":"","astra-migrate-meta-layouts":"set","ast-page-background-enabled":"default","ast-page-background-meta":{"desktop":{"background-color":"var(--ast-global-color-4)","background-image":"","background-repeat":"repeat","background-position":"center center","background-size":"auto","background-attachment":"scroll","background-type":"","background-media":"","overlay-type":"","overlay-color":"","overlay-opacity":"","overlay-gradient":""},"tablet":{"background-color":"","background-image":"","background-repeat":"repeat","background-position":"center center","background-size":"auto","background-attachment":"scroll","background-type":"","background-media":"","overlay-type":"","overlay-color":"","overlay-opacity":"","overlay-gradient":""},"mobile":{"background-color":"","background-image":"","background-repeat":"repeat","background-position":"center center","background-size":"auto","background-attachment":"scroll","background-type":"","background-media":"","overlay-type":"","overlay-color":"","overlay-opacity":"","overlay-gradient":""}},"ast-content-background-meta":{"desktop":{"background-color":"var(--ast-global-color-5)","background-image":"","background-repeat":"repeat","background-position":"center center","background-size":"auto","background-attachment":"scroll","background-type":"","background-media":"","overlay-type":"","overlay-color":"","overlay-opacity":"","overlay-gradient":""},"tablet":{"background-color":"var(--ast-global-color-5)","background-image":"","background-repeat":"repeat","background-position":"center center","background-size":"auto","background-attachment":"scroll","background-type":"","background-media":"","overlay-type":"","overlay-color":"","overlay-opacity":"","overlay-gradient":""},"mobile":{"background-color":"var(--ast-global-color-5)","background-image":"","background-repeat":"repeat","background-position":"center center","background-size":"auto","background-attachment":"scroll","background-type":"","background-media":"","overlay-type":"","overlay-color":"","overlay-opacity":"","overlay-gradient":""}}},"product_brand":[],"product_cat":[1001],"product_tag":[],"class_list":{"0":"post-55541","1":"product","2":"type-product","3":"status-publish","4":"has-post-thumbnail","6":"product_cat-husholdningsartikler","7":"pa_44591_6v3vfoe0-gra","8":"pa_44591_6v3vfoe0-rod","9":"pa_44591_v4tm6txf-1-stk","10":"pa_44591_v4tm6txf-2-stk","11":"desktop-align-left","12":"tablet-align-left","13":"mobile-align-left","15":"first","16":"instock","17":"shipping-taxable","18":"purchasable","19":"product-type-variable","20":"has-default-attributes"},"_links":{"self":[{"href":"https:\/\/keluvo.com\/no\/wp-json\/wp\/v2\/product\/55541","targetHints":{"allow":["GET"]}}],"collection":[{"href":"https:\/\/keluvo.com\/no\/wp-json\/wp\/v2\/product"}],"about":[{"href":"https:\/\/keluvo.com\/no\/wp-json\/wp\/v2\/types\/product"}],"replies":[{"embeddable":true,"href":"https:\/\/keluvo.com\/no\/wp-json\/wp\/v2\/comments?post=55541"}],"wp:featuredmedia":[{"embeddable":true,"href":"https:\/\/keluvo.com\/no\/wp-json\/wp\/v2\/media\/55537"}],"wp:attachment":[{"href":"https:\/\/keluvo.com\/no\/wp-json\/wp\/v2\/media?parent=55541"}],"wp:term":[{"taxonomy":"product_brand","embeddable":true,"href":"https:\/\/keluvo.com\/no\/wp-json\/wp\/v2\/product_brand?post=55541"},{"taxonomy":"product_cat","embeddable":true,"href":"https:\/\/keluvo.com\/no\/wp-json\/wp\/v2\/product_cat?post=55541"},{"taxonomy":"product_tag","embeddable":true,"href":"https:\/\/keluvo.com\/no\/wp-json\/wp\/v2\/product_tag?post=55541"}],"curies":[{"name":"wp","href":"https:\/\/api.w.org\/{rel}","templated":true}]}}