{"id":54929,"date":"2025-11-10T17:15:46","date_gmt":"2025-11-10T15:15:46","guid":{"rendered":"https:\/\/keluvo.com\/no\/produkt\/ansiktsmaske\/"},"modified":"2025-11-18T16:05:30","modified_gmt":"2025-11-18T14:05:30","slug":"ansiktsmaske","status":"publish","type":"product","link":"https:\/\/keluvo.com\/no\/produkt\/ansiktsmaske\/","title":{"rendered":"Ansiktsmaske"},"content":{"rendered":"<p style=\"text-align: center;\" data-start=\"0\" data-end=\"62\"><strong data-start=\"0\" data-end=\"60\">Hold Deg Varm Og Beskyttet P\u00e5 Alle Vintereventyr \u2744\ufe0f<\/strong><\/p>\n<p style=\"text-align: center;\" data-start=\"64\" data-end=\"403\">Dette ansiktsmasken er det riktige utstyret for kalde, vindfulle eller sn\u00f8rike dager. Den er laget av ultramyk polarfleece og holder ansiktet, \u00f8rene og nesen varm samtidig som den stenger vinden ute. Den sikrer klart syn og total komfort &#8211; perfekt for skikj\u00f8ring, snowboard, sykling eller daglig vinterbruk.<\/p>\n<p data-start=\"64\" data-end=\"403\"><img fetchpriority=\"high\" decoding=\"async\" class=\" wp-image-40354 aligncenter\" src=\"https:\/\/keluvo.com\/template\/wp-content\/uploads\/sites\/5\/2025\/11\/ddee90e7df0cf759670ba23ba6d8fd3cbafec91a64fae78908e4545c31813852.gif\" alt=\"\" width=\"410\" height=\"514\" \/><\/p>\n<h2 style=\"text-align: center;\" data-start=\"410\" data-end=\"432\">\ud83c\udf1f Hovedfordeler<\/h2>\n<p data-start=\"435\" data-end=\"539\">\ud83e\udde3 Ultimativ varme &#8211; Mykt fleecemateriale gir overlegen termisk beskyttelse i iskaldt v\u00e6r.<\/p>\n<p data-start=\"721\" data-end=\"816\">\ud83e\uddcd Unisex &amp; komfortabel &#8211; Designet for \u00e5 passe b\u00e5de menn og kvinner med en tilpassbar, tettsittende passform.<\/p>\n<p data-start=\"819\" data-end=\"914\">\ud83d\udca8 Full beskyttelse &#8211; Beskytter ansiktet, \u00f8rene og nakken mot vind, st\u00f8v, kulde og UV-str\u00e5ler.<\/p>\n<p data-start=\"917\" data-end=\"1019\">\ud83c\udfd4\ufe0f Perfekt for vintersport &#8211; Perfekt for ski, snowboard, fotturer, sykling og motorsykkel.<\/p>\n<p data-start=\"917\" data-end=\"1019\"><img decoding=\"async\" class=\" wp-image-40355 aligncenter\" src=\"https:\/\/keluvo.com\/template\/wp-content\/uploads\/sites\/5\/2025\/11\/37da116be4baaf0ffd61a4c8567865c052c2c354ea860f15cedd6481ff3c461f.gif\" alt=\"\" width=\"409\" height=\"512\" \/><\/p>\n<h2 style=\"text-align: center;\" data-start=\"1026\" data-end=\"1045\">\u2699\ufe0f Slik Bruker Du Den<\/h2>\n<ol data-start=\"1046\" data-end=\"1365\">\n<li data-start=\"1046\" data-end=\"1128\">\n<p data-start=\"1049\" data-end=\"1128\">Trykk masken over hodet og juster den slik at den dekker ansiktet, \u00f8rene og halsen.<\/p>\n<\/li>\n<li data-start=\"1129\" data-end=\"1205\">\n<p data-start=\"1132\" data-end=\"1205\">Fest passformen til ditt komfortniv\u00e5 for maksimal varme og beskyttelse.<\/p>\n<\/li>\n<li data-start=\"1286\" data-end=\"1365\">\n<p data-start=\"1289\" data-end=\"1365\">Etter bruk kan du vaske den for h\u00e5nd eller i maskin p\u00e5 sk\u00e5nsomt program og la den luftt\u00f8rke.<\/p>\n<\/li>\n<\/ol>\n<h2 style=\"text-align: center;\" data-start=\"1372\" data-end=\"1396\">\ud83d\udccf Produktdetaljer<\/h2>\n<ul data-start=\"1397\" data-end=\"1734\">\n<li data-start=\"1397\" data-end=\"1461\">\n<p data-start=\"1399\" data-end=\"1461\">Materiale: Polarfleece (myk, pustende og hudvennlig)<\/p>\n<\/li>\n<li data-start=\"1462\" data-end=\"1551\">\n<p data-start=\"1464\" data-end=\"1551\">Funksjoner: Varmeisolasjon, tilpassbar passform, vindbeskyttelse<\/p>\n<\/li>\n<li data-start=\"1590\" data-end=\"1641\">\n<p data-start=\"1592\" data-end=\"1641\">Design: Unisex, passer for b\u00e5de menn og kvinner<\/p>\n<\/li>\n<li data-start=\"1642\" data-end=\"1734\">\n<p data-start=\"1644\" data-end=\"1734\">Bruk: Utend\u00f8rsaktiviteter som ski, fotturer, sykling, motorsykling eller daglig vinterbruk<\/p>\n<\/li>\n<\/ul>\n<h2 style=\"text-align: center;\" data-start=\"1741\" data-end=\"1766\">\ud83d\udce6 Pakken inkluderer<\/h2>\n<ul data-start=\"1767\" data-end=\"1789\">\n<li data-start=\"1767\" data-end=\"1789\">\n<p data-start=\"1769\" data-end=\"1789\">1, 2x varm ansiktsmaske.<\/p>\n<\/li>\n<\/ul>\n","protected":false},"excerpt":{"rendered":"<p>Hold Deg Varm Og Beskyttet P\u00e5 Alle Vintereventyr \u2744\ufe0f Dette ansiktsmasken er det riktige utstyret for kalde, vindfulle eller sn\u00f8rike [&hellip;]<\/p>\n","protected":false},"featured_media":54925,"comment_status":"open","ping_status":"closed","template":"","meta":{"site-sidebar-layout":"default","site-content-layout":"","ast-site-content-layout":"default","site-content-style":"default","site-sidebar-style":"default","ast-global-header-display":"","ast-banner-title-visibility":"","ast-main-header-display":"","ast-hfb-above-header-display":"","ast-hfb-below-header-display":"","ast-hfb-mobile-header-display":"","site-post-title":"","ast-breadcrumbs-content":"","ast-featured-img":"","footer-sml-layout":"","theme-transparent-header-meta":"default","adv-header-id-meta":"","stick-header-meta":"","header-above-stick-meta":"","header-main-stick-meta":"","header-below-stick-meta":"","astra-migrate-meta-layouts":"set","ast-page-background-enabled":"default","ast-page-background-meta":{"desktop":{"background-color":"var(--ast-global-color-4)","background-image":"","background-repeat":"repeat","background-position":"center center","background-size":"auto","background-attachment":"scroll","background-type":"","background-media":"","overlay-type":"","overlay-color":"","overlay-opacity":"","overlay-gradient":""},"tablet":{"background-color":"","background-image":"","background-repeat":"repeat","background-position":"center center","background-size":"auto","background-attachment":"scroll","background-type":"","background-media":"","overlay-type":"","overlay-color":"","overlay-opacity":"","overlay-gradient":""},"mobile":{"background-color":"","background-image":"","background-repeat":"repeat","background-position":"center center","background-size":"auto","background-attachment":"scroll","background-type":"","background-media":"","overlay-type":"","overlay-color":"","overlay-opacity":"","overlay-gradient":""}},"ast-content-background-meta":{"desktop":{"background-color":"var(--ast-global-color-5)","background-image":"","background-repeat":"repeat","background-position":"center center","background-size":"auto","background-attachment":"scroll","background-type":"","background-media":"","overlay-type":"","overlay-color":"","overlay-opacity":"","overlay-gradient":""},"tablet":{"background-color":"var(--ast-global-color-5)","background-image":"","background-repeat":"repeat","background-position":"center center","background-size":"auto","background-attachment":"scroll","background-type":"","background-media":"","overlay-type":"","overlay-color":"","overlay-opacity":"","overlay-gradient":""},"mobile":{"background-color":"var(--ast-global-color-5)","background-image":"","background-repeat":"repeat","background-position":"center center","background-size":"auto","background-attachment":"scroll","background-type":"","background-media":"","overlay-type":"","overlay-color":"","overlay-opacity":"","overlay-gradient":""}}},"product_brand":[],"product_cat":[994,995,993,1000],"product_tag":[],"class_list":{"0":"post-54929","1":"product","2":"type-product","3":"status-publish","4":"has-post-thumbnail","6":"product_cat-klaer-til-kvinner","7":"product_cat-klaer-til-menn","8":"product_cat-skotoy-tilbehor","9":"product_cat-tur-camping-og-fritidsutstyr","10":"pa_18896_5a66vhdc-1-stk","11":"pa_18896_5a66vhdc-2-stk","12":"pa_18896_ahubjaim-bla","13":"pa_18896_ahubjaim-gra","14":"pa_18896_ahubjaim-rod","15":"pa_18896_ahubjaim-rosa","16":"pa_18896_ahubjaim-svart","17":"desktop-align-left","18":"tablet-align-left","19":"mobile-align-left","21":"first","22":"instock","23":"shipping-taxable","24":"purchasable","25":"product-type-variable","26":"has-default-attributes"},"_links":{"self":[{"href":"https:\/\/keluvo.com\/no\/wp-json\/wp\/v2\/product\/54929","targetHints":{"allow":["GET"]}}],"collection":[{"href":"https:\/\/keluvo.com\/no\/wp-json\/wp\/v2\/product"}],"about":[{"href":"https:\/\/keluvo.com\/no\/wp-json\/wp\/v2\/types\/product"}],"replies":[{"embeddable":true,"href":"https:\/\/keluvo.com\/no\/wp-json\/wp\/v2\/comments?post=54929"}],"wp:featuredmedia":[{"embeddable":true,"href":"https:\/\/keluvo.com\/no\/wp-json\/wp\/v2\/media\/54925"}],"wp:attachment":[{"href":"https:\/\/keluvo.com\/no\/wp-json\/wp\/v2\/media?parent=54929"}],"wp:term":[{"taxonomy":"product_brand","embeddable":true,"href":"https:\/\/keluvo.com\/no\/wp-json\/wp\/v2\/product_brand?post=54929"},{"taxonomy":"product_cat","embeddable":true,"href":"https:\/\/keluvo.com\/no\/wp-json\/wp\/v2\/product_cat?post=54929"},{"taxonomy":"product_tag","embeddable":true,"href":"https:\/\/keluvo.com\/no\/wp-json\/wp\/v2\/product_tag?post=54929"}],"curies":[{"name":"wp","href":"https:\/\/api.w.org\/{rel}","templated":true}]}}