{"id":54556,"date":"2025-11-07T20:21:27","date_gmt":"2025-11-07T18:21:27","guid":{"rendered":"https:\/\/keluvo.com\/no\/produkt\/taktisk-belte-i-nylon\/"},"modified":"2025-11-07T20:59:24","modified_gmt":"2025-11-07T18:59:24","slug":"taktisk-belte-i-nylon","status":"publish","type":"product","link":"https:\/\/keluvo.com\/no\/produkt\/taktisk-belte-i-nylon\/","title":{"rendered":"Taktisk belte i nylon"},"content":{"rendered":"<p style=\"text-align: center;\" data-start=\"0\" data-end=\"59\"><strong data-start=\"0\" data-end=\"57\">Hold Deg Sikker, Stilig Og Klar For Enhver Aktivitet. \ud83c\udfd5\ufe0f<\/strong><\/p>\n<p style=\"text-align: center;\" data-start=\"61\" data-end=\"387\">Dette taktisk nylonbelte er konstruert for styrke, komfort og allsidighet. Det er laget av slitesterk nylon med automatisk spenne, og passer perfekt hver gang &#8211; enten du er p\u00e5 fottur, p\u00e5 jobb eller bare kler p\u00e5 deg for dagen. Dette beltet er designet for \u00e5 takle alle situasjoner, og holder deg komfortabel og sikker uansett hvor du g\u00e5r.<\/p>\n<p data-start=\"61\" data-end=\"387\"><img decoding=\"async\" class=\"size-full wp-image-40202 aligncenter\" src=\"https:\/\/keluvo.com\/template\/wp-content\/uploads\/sites\/5\/2025\/11\/spp_20250120183133_51c07ca3690c5b530e18529c7efeac74.webp\" alt=\"\" \/><\/p>\n<h2 style=\"text-align: center;\" data-start=\"394\" data-end=\"416\"><strong>Hovedfordeler<\/strong><\/h2>\n<p data-start=\"419\" data-end=\"496\">\ud83e\uddf1 Ultra-holdbart &#8211; Laget av sterk, slitesterk nylon som er bygget for \u00e5 vare.<\/p>\n<p data-start=\"499\" data-end=\"596\">\ud83c\udfbd Komfortabel passform &#8211; Fleksibelt materiale sikrer komfort hele dagen uten \u00e5 klemme eller skli.<\/p>\n<p data-start=\"599\" data-end=\"704\">\u2699\ufe0f Enkel justering &#8211; Automatisk spenne gj\u00f8r at du raskt kan stramme eller l\u00f8sne beltet for perfekt passform.<\/p>\n<p data-start=\"707\" data-end=\"830\">\ud83d\udd76\ufe0f Allsidig stil &#8211; Ser flott ut med jeans, cargobukser eller friluftsutstyr &#8211; perfekt til jobb, sport eller fritid.<\/p>\n<p data-start=\"833\" data-end=\"941\">\ud83d\udeb6 Taktisk ytelse &#8211; Designet for utend\u00f8rsaktiviteter, og tilbyr b\u00e5de praktisk funksjonalitet og moderne stil.<\/p>\n<p data-start=\"833\" data-end=\"941\"><img decoding=\"async\" class=\"size-full wp-image-40203 aligncenter\" src=\"https:\/\/keluvo.com\/template\/wp-content\/uploads\/sites\/5\/2025\/11\/spp_20250120183127_fdfa95e5a982dafc9089086c4b861e48.webp\" alt=\"\" \/><\/p>\n<h2 style=\"text-align: center;\" data-start=\"948\" data-end=\"967\"><strong>Slik Bruker Du Det<\/strong><\/h2>\n<ol data-start=\"968\" data-end=\"1213\">\n<li data-start=\"968\" data-end=\"1012\">\n<p data-start=\"971\" data-end=\"1012\">F\u00f8r beltet gjennom buksestroppene.<\/p>\n<\/li>\n<li data-start=\"1013\" data-end=\"1086\">\n<p data-start=\"1016\" data-end=\"1086\">F\u00f8r enden inn i den automatiske spennen til den klikker p\u00e5 plass.<\/p>\n<\/li>\n<li data-start=\"1087\" data-end=\"1144\">\n<p data-start=\"1090\" data-end=\"1144\">Juster til \u00f8nsket stramming for en sikker passform.<\/p>\n<\/li>\n<li data-start=\"1145\" data-end=\"1213\">\n<p data-start=\"1148\" data-end=\"1213\">For \u00e5 l\u00f8sne, l\u00f8fter du bare spennespaken og trekker ut beltet.<\/p>\n<\/li>\n<\/ol>\n<h2 style=\"text-align: center;\" data-start=\"1220\" data-end=\"1244\"><strong>Produktdetaljer<\/strong><\/h2>\n<ul data-start=\"1245\" data-end=\"1490\">\n<li data-start=\"1245\" data-end=\"1277\">\n<p data-start=\"1247\" data-end=\"1277\">Materiale: Nylon av h\u00f8y kvalitet<\/p>\n<\/li>\n<li data-start=\"1278\" data-end=\"1338\">\n<p data-start=\"1280\" data-end=\"1338\">Spennetype: Automatisk (taktisk design med \u00e5tte tegn)<\/p>\n<\/li>\n<li data-start=\"1339\" data-end=\"1393\">\n<p data-start=\"1341\" data-end=\"1393\">Passform: Justerbar for midjest\u00f8rrelser i forskjellige lengder<\/p>\n<\/li>\n<li data-start=\"1394\" data-end=\"1432\">\n<p data-start=\"1396\" data-end=\"1432\">Stil: Taktisk, utend\u00f8rs, uformell<\/p>\n<\/li>\n<li data-start=\"1433\" data-end=\"1490\">\n<p data-start=\"1435\" data-end=\"1490\">Bruk: Egnet for daglig bruk, sport, fotturer eller arbeid<\/p>\n<\/li>\n<li data-start=\"1433\" data-end=\"1490\">Beltelengde: 120 cm<\/li>\n<\/ul>\n<h2 style=\"text-align: center;\" data-start=\"1497\" data-end=\"1522\"><strong>Pakken inkluderer<\/strong><\/h2>\n<ul data-start=\"1523\" data-end=\"1550\">\n<li data-start=\"1523\" data-end=\"1550\">\n<p data-start=\"1525\" data-end=\"1550\">1, 2x taktisk nylonbelte.<\/p>\n<\/li>\n<\/ul>\n","protected":false},"excerpt":{"rendered":"<p>Hold Deg Sikker, Stilig Og Klar For Enhver Aktivitet. \ud83c\udfd5\ufe0f Dette taktisk nylonbelte er konstruert for styrke, komfort og allsidighet. [&hellip;]<\/p>\n","protected":false},"featured_media":54552,"comment_status":"open","ping_status":"closed","template":"","meta":{"site-sidebar-layout":"default","site-content-layout":"","ast-site-content-layout":"default","site-content-style":"default","site-sidebar-style":"default","ast-global-header-display":"","ast-banner-title-visibility":"","ast-main-header-display":"","ast-hfb-above-header-display":"","ast-hfb-below-header-display":"","ast-hfb-mobile-header-display":"","site-post-title":"","ast-breadcrumbs-content":"","ast-featured-img":"","footer-sml-layout":"","theme-transparent-header-meta":"default","adv-header-id-meta":"","stick-header-meta":"","header-above-stick-meta":"","header-main-stick-meta":"","header-below-stick-meta":"","astra-migrate-meta-layouts":"set","ast-page-background-enabled":"default","ast-page-background-meta":{"desktop":{"background-color":"var(--ast-global-color-4)","background-image":"","background-repeat":"repeat","background-position":"center center","background-size":"auto","background-attachment":"scroll","background-type":"","background-media":"","overlay-type":"","overlay-color":"","overlay-opacity":"","overlay-gradient":""},"tablet":{"background-color":"","background-image":"","background-repeat":"repeat","background-position":"center center","background-size":"auto","background-attachment":"scroll","background-type":"","background-media":"","overlay-type":"","overlay-color":"","overlay-opacity":"","overlay-gradient":""},"mobile":{"background-color":"","background-image":"","background-repeat":"repeat","background-position":"center center","background-size":"auto","background-attachment":"scroll","background-type":"","background-media":"","overlay-type":"","overlay-color":"","overlay-opacity":"","overlay-gradient":""}},"ast-content-background-meta":{"desktop":{"background-color":"var(--ast-global-color-5)","background-image":"","background-repeat":"repeat","background-position":"center center","background-size":"auto","background-attachment":"scroll","background-type":"","background-media":"","overlay-type":"","overlay-color":"","overlay-opacity":"","overlay-gradient":""},"tablet":{"background-color":"var(--ast-global-color-5)","background-image":"","background-repeat":"repeat","background-position":"center center","background-size":"auto","background-attachment":"scroll","background-type":"","background-media":"","overlay-type":"","overlay-color":"","overlay-opacity":"","overlay-gradient":""},"mobile":{"background-color":"var(--ast-global-color-5)","background-image":"","background-repeat":"repeat","background-position":"center center","background-size":"auto","background-attachment":"scroll","background-type":"","background-media":"","overlay-type":"","overlay-color":"","overlay-opacity":"","overlay-gradient":""}}},"product_brand":[],"product_cat":[995,993],"product_tag":[],"class_list":{"0":"post-54556","1":"product","2":"type-product","3":"status-publish","4":"has-post-thumbnail","6":"product_cat-klaer-til-menn","7":"product_cat-skotoy-tilbehor","8":"pa_50192_5mdx20iz-armegronn","9":"pa_50192_5mdx20iz-gra","10":"pa_50192_5mdx20iz-kaffe","11":"pa_50192_5mdx20iz-khaki","12":"pa_50192_5mdx20iz-marinebla","13":"pa_50192_5mdx20iz-svart","14":"pa_50192_sdmf52u5-1-stk","15":"pa_50192_sdmf52u5-2-stk","16":"desktop-align-left","17":"tablet-align-left","18":"mobile-align-left","20":"first","21":"instock","22":"shipping-taxable","23":"purchasable","24":"product-type-variable","25":"has-default-attributes"},"_links":{"self":[{"href":"https:\/\/keluvo.com\/no\/wp-json\/wp\/v2\/product\/54556","targetHints":{"allow":["GET"]}}],"collection":[{"href":"https:\/\/keluvo.com\/no\/wp-json\/wp\/v2\/product"}],"about":[{"href":"https:\/\/keluvo.com\/no\/wp-json\/wp\/v2\/types\/product"}],"replies":[{"embeddable":true,"href":"https:\/\/keluvo.com\/no\/wp-json\/wp\/v2\/comments?post=54556"}],"wp:featuredmedia":[{"embeddable":true,"href":"https:\/\/keluvo.com\/no\/wp-json\/wp\/v2\/media\/54552"}],"wp:attachment":[{"href":"https:\/\/keluvo.com\/no\/wp-json\/wp\/v2\/media?parent=54556"}],"wp:term":[{"taxonomy":"product_brand","embeddable":true,"href":"https:\/\/keluvo.com\/no\/wp-json\/wp\/v2\/product_brand?post=54556"},{"taxonomy":"product_cat","embeddable":true,"href":"https:\/\/keluvo.com\/no\/wp-json\/wp\/v2\/product_cat?post=54556"},{"taxonomy":"product_tag","embeddable":true,"href":"https:\/\/keluvo.com\/no\/wp-json\/wp\/v2\/product_tag?post=54556"}],"curies":[{"name":"wp","href":"https:\/\/api.w.org\/{rel}","templated":true}]}}