{"id":54540,"date":"2025-11-07T20:19:58","date_gmt":"2025-11-07T18:19:58","guid":{"rendered":"https:\/\/keluvo.com\/no\/produkt\/sklisikkert-universelt-gasskomfyrstativ\/"},"modified":"2025-11-07T20:57:09","modified_gmt":"2025-11-07T18:57:09","slug":"sklisikkert-universelt-gasskomfyrstativ","status":"publish","type":"product","link":"https:\/\/keluvo.com\/no\/produkt\/sklisikkert-universelt-gasskomfyrstativ\/","title":{"rendered":"Sklisikkert universelt gasskomfyrstativ"},"content":{"rendered":"<p style=\"text-align: center;\" data-start=\"0\" data-end=\"55\"><strong data-start=\"0\" data-end=\"53\">Hold Grytene Dine Stabile Og Lag Mat Med Selvtillit \ud83d\udd25<\/strong><\/p>\n<p style=\"text-align: center;\" data-start=\"57\" data-end=\"327\">Dette slitesterke, sklisikre universalstativet for gasskomfyrer gir grytene og pannene dine ekstra balanse og sikkerhet under matlagingen. Den er laget av sterkt st\u00f8pejern, forhindrer at den sklir, fordeler varmen jevnt og passer til de fleste gasskomfyrer &#8211; noe som gj\u00f8r matlagingen tryggere, raskere og mer effektiv.<\/p>\n<p data-start=\"57\" data-end=\"327\"><img decoding=\"async\" class=\"size-full wp-image-40189 aligncenter\" src=\"https:\/\/keluvo.com\/template\/wp-content\/uploads\/sites\/5\/2025\/11\/10224-ezgif.com-video-to-webp-converter-1.webp\" alt=\"\" \/><\/p>\n<h2 style=\"text-align: center;\" data-start=\"334\" data-end=\"356\">\ud83c\udf73 Hovedfordeler<\/h2>\n<p data-start=\"359\" data-end=\"441\">\ud83e\uddf1 Sterk og holdbar &#8211; Bygget av st\u00f8pejern av h\u00f8y kvalitet for langvarig bruk.<\/p>\n<p data-start=\"444\" data-end=\"526\">\ud83d\udd25 Jevn varme &#8211; Fordeler varmen jevnt for bedre og raskere matlagingsresultater.<\/p>\n<p data-start=\"529\" data-end=\"618\">\ud83d\udee1\ufe0f Sklisikker design &#8211; Holder gryten eller woken st\u00f8dig og forhindrer utilsiktet bevegelse.<\/p>\n<p data-start=\"621\" data-end=\"703\">\ud83c\udf0d Universell passform &#8211; Passer til de fleste gasskomfyrmodeller, perfekt for ethvert kj\u00f8kken.<\/p>\n<p data-start=\"706\" data-end=\"774\">\ud83d\udebf Enkel \u00e5 rengj\u00f8re &#8211; Rustbestandig og enkel \u00e5 vaske etter bruk.<\/p>\n<p data-start=\"706\" data-end=\"774\"><img decoding=\"async\" class=\"size-full wp-image-40187 aligncenter\" src=\"https:\/\/keluvo.com\/template\/wp-content\/uploads\/sites\/5\/2025\/11\/Sfee8c1ad68cf47cd8e7856f223018bc9j.jpg_960x960q75.jpg_.jpg\" alt=\"\" \/><\/p>\n<h2 style=\"text-align: center;\" data-start=\"781\" data-end=\"800\">\u2699\ufe0f Slik Bruker Du Den<\/h2>\n<ol data-start=\"801\" data-end=\"1058\">\n<li data-start=\"801\" data-end=\"847\">\n<p data-start=\"804\" data-end=\"847\">Plasser stativet p\u00e5 toppen av gasskomfyren.<\/p>\n<\/li>\n<li data-start=\"848\" data-end=\"895\">\n<p data-start=\"851\" data-end=\"895\">Sentrer woken, gryten eller pannen p\u00e5 stativet.<\/p>\n<\/li>\n<li data-start=\"896\" data-end=\"979\">\n<p data-start=\"899\" data-end=\"979\">Tenn p\u00e5 komfyren og lag mat som vanlig &#8211; stativet s\u00f8rger for stabilitet og jevn varme.<\/p>\n<\/li>\n<li data-start=\"980\" data-end=\"1058\">\n<p data-start=\"983\" data-end=\"1058\">Etter matlaging, la det avkj\u00f8les og rengj\u00f8r det med en fuktig klut eller svamp.<\/p>\n<\/li>\n<\/ol>\n<h2 style=\"text-align: center;\" data-start=\"1065\" data-end=\"1089\">\ud83d\udccf Produktdetaljer<\/h2>\n<ul data-start=\"1090\" data-end=\"1327\">\n<li data-start=\"1090\" data-end=\"1113\">\n<p data-start=\"1092\" data-end=\"1113\">Materiale: St\u00f8pejern<\/p>\n<\/li>\n<li data-start=\"1114\" data-end=\"1133\">\n<p data-start=\"1116\" data-end=\"1133\">Farge: Svart<\/p>\n<\/li>\n<li data-start=\"1134\" data-end=\"1182\">\n<p data-start=\"1136\" data-end=\"1182\">Design: Universell passform for forskjellige gassovner<\/p>\n<\/li>\n<li data-start=\"1183\" data-end=\"1251\">\n<p data-start=\"1185\" data-end=\"1251\">Funksjoner: Sklisikker base, jevn varmeledning, rustbeskyttende belegg<\/p>\n<\/li>\n<li data-start=\"1252\" data-end=\"1288\">\n<p data-start=\"1254\" data-end=\"1288\">St\u00f8rrelse: 24,5 x 16 x 3,5 mm<\/p>\n<\/li>\n<li data-start=\"1289\" data-end=\"1327\">\n<p data-start=\"1291\" data-end=\"1327\">Vekt: Slitesterk, men likevel enkel \u00e5 h\u00e5ndtere<\/p>\n<\/li>\n<\/ul>\n<h2 style=\"text-align: center;\" data-start=\"1334\" data-end=\"1359\">\ud83d\udce6 Pakken inneholder<\/h2>\n<ul data-start=\"1360\" data-end=\"1410\">\n<li data-start=\"1360\" data-end=\"1410\">\n<p data-start=\"1362\" data-end=\"1410\">1, 2, 4x sklisikkert universelt gasskomfyrstativ.<\/p>\n<\/li>\n<\/ul>\n","protected":false},"excerpt":{"rendered":"<p>Hold Grytene Dine Stabile Og Lag Mat Med Selvtillit \ud83d\udd25 Dette slitesterke, sklisikre universalstativet for gasskomfyrer gir grytene og pannene [&hellip;]<\/p>\n","protected":false},"featured_media":54536,"comment_status":"open","ping_status":"closed","template":"","meta":{"site-sidebar-layout":"default","site-content-layout":"","ast-site-content-layout":"default","site-content-style":"default","site-sidebar-style":"default","ast-global-header-display":"","ast-banner-title-visibility":"","ast-main-header-display":"","ast-hfb-above-header-display":"","ast-hfb-below-header-display":"","ast-hfb-mobile-header-display":"","site-post-title":"","ast-breadcrumbs-content":"","ast-featured-img":"","footer-sml-layout":"","theme-transparent-header-meta":"default","adv-header-id-meta":"","stick-header-meta":"","header-above-stick-meta":"","header-main-stick-meta":"","header-below-stick-meta":"","astra-migrate-meta-layouts":"set","ast-page-background-enabled":"default","ast-page-background-meta":{"desktop":{"background-color":"var(--ast-global-color-4)","background-image":"","background-repeat":"repeat","background-position":"center center","background-size":"auto","background-attachment":"scroll","background-type":"","background-media":"","overlay-type":"","overlay-color":"","overlay-opacity":"","overlay-gradient":""},"tablet":{"background-color":"","background-image":"","background-repeat":"repeat","background-position":"center center","background-size":"auto","background-attachment":"scroll","background-type":"","background-media":"","overlay-type":"","overlay-color":"","overlay-opacity":"","overlay-gradient":""},"mobile":{"background-color":"","background-image":"","background-repeat":"repeat","background-position":"center center","background-size":"auto","background-attachment":"scroll","background-type":"","background-media":"","overlay-type":"","overlay-color":"","overlay-opacity":"","overlay-gradient":""}},"ast-content-background-meta":{"desktop":{"background-color":"var(--ast-global-color-5)","background-image":"","background-repeat":"repeat","background-position":"center center","background-size":"auto","background-attachment":"scroll","background-type":"","background-media":"","overlay-type":"","overlay-color":"","overlay-opacity":"","overlay-gradient":""},"tablet":{"background-color":"var(--ast-global-color-5)","background-image":"","background-repeat":"repeat","background-position":"center center","background-size":"auto","background-attachment":"scroll","background-type":"","background-media":"","overlay-type":"","overlay-color":"","overlay-opacity":"","overlay-gradient":""},"mobile":{"background-color":"var(--ast-global-color-5)","background-image":"","background-repeat":"repeat","background-position":"center center","background-size":"auto","background-attachment":"scroll","background-type":"","background-media":"","overlay-type":"","overlay-color":"","overlay-opacity":"","overlay-gradient":""}}},"product_brand":[],"product_cat":[1001],"product_tag":[],"class_list":{"0":"post-54540","1":"product","2":"type-product","3":"status-publish","4":"has-post-thumbnail","6":"product_cat-husholdningsartikler","7":"pa_50173_3ikmiqxy-1-stk","8":"pa_50173_3ikmiqxy-2-stk","9":"pa_50173_3ikmiqxy-4-stk","10":"desktop-align-left","11":"tablet-align-left","12":"mobile-align-left","14":"first","15":"instock","16":"shipping-taxable","17":"purchasable","18":"product-type-variable"},"_links":{"self":[{"href":"https:\/\/keluvo.com\/no\/wp-json\/wp\/v2\/product\/54540","targetHints":{"allow":["GET"]}}],"collection":[{"href":"https:\/\/keluvo.com\/no\/wp-json\/wp\/v2\/product"}],"about":[{"href":"https:\/\/keluvo.com\/no\/wp-json\/wp\/v2\/types\/product"}],"replies":[{"embeddable":true,"href":"https:\/\/keluvo.com\/no\/wp-json\/wp\/v2\/comments?post=54540"}],"wp:featuredmedia":[{"embeddable":true,"href":"https:\/\/keluvo.com\/no\/wp-json\/wp\/v2\/media\/54536"}],"wp:attachment":[{"href":"https:\/\/keluvo.com\/no\/wp-json\/wp\/v2\/media?parent=54540"}],"wp:term":[{"taxonomy":"product_brand","embeddable":true,"href":"https:\/\/keluvo.com\/no\/wp-json\/wp\/v2\/product_brand?post=54540"},{"taxonomy":"product_cat","embeddable":true,"href":"https:\/\/keluvo.com\/no\/wp-json\/wp\/v2\/product_cat?post=54540"},{"taxonomy":"product_tag","embeddable":true,"href":"https:\/\/keluvo.com\/no\/wp-json\/wp\/v2\/product_tag?post=54540"}],"curies":[{"name":"wp","href":"https:\/\/api.w.org\/{rel}","templated":true}]}}