{"id":54524,"date":"2025-11-07T20:18:11","date_gmt":"2025-11-07T18:18:11","guid":{"rendered":"https:\/\/keluvo.com\/no\/produkt\/sjakkbrett-med-minne-i-tre\/"},"modified":"2025-11-18T16:01:55","modified_gmt":"2025-11-18T14:01:55","slug":"sjakkbrett-med-minne-i-tre","status":"publish","type":"product","link":"https:\/\/keluvo.com\/no\/produkt\/sjakkbrett-med-minne-i-tre\/","title":{"rendered":"Sjakkbrett med minne i tre"},"content":{"rendered":"<p style=\"text-align: center;\" data-start=\"0\" data-end=\"49\"><strong data-start=\"0\" data-end=\"47\">\u00d8ker Hukommelse Og Fokus Med Lek Og Moro \ud83c\udfaf<\/strong><\/p>\n<p style=\"text-align: center;\" data-start=\"51\" data-end=\"364\">Dette minnesjakkbrettet i tre er et Montessori-inspirert pedagogisk leket\u00f8y som er designet for \u00e5 trene opp hukommelse, fokus og h\u00e5nd-\u00f8ye-koordinasjon &#8211; alt mens du har det g\u00f8y. Det er laget av milj\u00f8vennlig tre av h\u00f8y kvalitet og hjelper b\u00e5de barn og voksne med \u00e5 forbedre konsentrasjon og mental smidighet gjennom fargerikt og engasjerende spill.<\/p>\n<p data-start=\"51\" data-end=\"364\"><img decoding=\"async\" class=\"size-full wp-image-40174 aligncenter\" src=\"https:\/\/keluvo.com\/template\/wp-content\/uploads\/sites\/5\/2025\/11\/10223-ezgif.com-video-to-webp-converter-1.webp\" alt=\"\" \/><\/p>\n<h2 style=\"text-align: center;\" data-start=\"371\" data-end=\"393\">\ud83c\udf1f Hovedfordeler<\/h2>\n<p data-start=\"396\" data-end=\"487\">\ud83e\udde0 \u00d8ker hukommelsen &#8211; styrker korttidsminnet og forbedrer fokuset for hver runde.<\/p>\n<p data-start=\"490\" data-end=\"589\">\ud83c\udfa8 Fargel\u00e6ring &#8211; lyse, morsomme farger hjelper barna med \u00e5 gjenkjenne og huske fargem\u00f8nstre enkelt.<\/p>\n<p data-start=\"592\" data-end=\"695\">\ud83c\udf33 Trygge materialer &#8211; laget av glatt, giftfritt tre &#8211; trygt for b\u00e5de barn og milj\u00f8.<\/p>\n<p data-start=\"698\" data-end=\"795\">\ud83d\udc76 Montessori-pedagogikk &#8211; Oppmuntrer til aktiv l\u00e6ring og kognitiv utvikling gjennom lek.<\/p>\n<p data-start=\"798\" data-end=\"897\">\ud83d\udc6a Morsomt for alle aldre &#8211; Flott aktivitet for familier, passer for barn (3+) og voksne.<\/p>\n<p data-start=\"900\" data-end=\"984\">\ud83c\udf81 Perfekt gaveid\u00e9 &#8211; Ideell til bursdager, jul eller l\u00e6rerik lek.<\/p>\n<p data-start=\"900\" data-end=\"984\"><img decoding=\"async\" class=\"size-full wp-image-40176 aligncenter\" src=\"https:\/\/keluvo.com\/template\/wp-content\/uploads\/sites\/5\/2025\/11\/6c18e2869430aec0ef9fcda03bdb3dbea10fe492.avif\" alt=\"\" \/><\/p>\n<h2 style=\"text-align: center;\">\ud83d\udd79\ufe0f Slik Bruker Du Det<\/h2>\n<ol data-start=\"1012\" data-end=\"1331\">\n<li data-start=\"1012\" data-end=\"1068\">\n<p data-start=\"1015\" data-end=\"1068\">Plasser alle de fargede sjakkbrikkene p\u00e5 trebrettet.<\/p>\n<\/li>\n<li data-start=\"1069\" data-end=\"1126\">\n<p data-start=\"1072\" data-end=\"1126\">Pr\u00f8v \u00e5 raskt huske fargenes posisjoner.<\/p>\n<\/li>\n<li data-start=\"1127\" data-end=\"1164\">\n<p data-start=\"1130\" data-end=\"1164\">Kast terningen for \u00e5 avsl\u00f8re en farge.<\/p>\n<\/li>\n<li data-start=\"1165\" data-end=\"1268\">\n<p data-start=\"1168\" data-end=\"1268\">Velg en sjakkbrikke &#8211; hvis fargen matcher, beholder du den! Hvis ikke, legger du den tilbake og lar neste spiller pr\u00f8ve.<\/p>\n<\/li>\n<li data-start=\"1269\" data-end=\"1331\">\n<p data-start=\"1272\" data-end=\"1331\">Spilleren med flest sjakkbrikker til slutt vinner spillet.<\/p>\n<\/li>\n<\/ol>\n<h2 style=\"text-align: center;\" data-start=\"1338\" data-end=\"1362\">\ud83d\udccf Produktdetaljer<\/h2>\n<ul data-start=\"1363\" data-end=\"1583\">\n<li data-start=\"1391\" data-end=\"1433\">\n<p data-start=\"1393\" data-end=\"1433\">Materiale: Giftfritt treverk av h\u00f8y kvalitet<\/p>\n<\/li>\n<li data-start=\"1434\" data-end=\"1468\">\n<p data-start=\"1436\" data-end=\"1468\">St\u00f8rrelse: 16,5 cm x 16,5 cm x 4 cm<\/p>\n<\/li>\n<li data-start=\"1469\" data-end=\"1516\">\n<p data-start=\"1471\" data-end=\"1516\">Avslutte: Glatte, runde kanter &#8211; trygt for barn<\/p>\n<\/li>\n<li data-start=\"1517\" data-end=\"1556\">\n<p data-start=\"1519\" data-end=\"1556\">Anbefalt alder: 3 \u00e5r og oppover<\/p>\n<\/li>\n<li data-start=\"1517\" data-end=\"1556\">\n<p data-start=\"1519\" data-end=\"1556\">St\u00f8rrelse: Liten (16 x 1,4 cm), Stor (17 x 2 cm)<\/p>\n<\/li>\n<li data-start=\"1517\" data-end=\"1556\">Farger p\u00e5 sjakkbrikkene: Hvit, gr\u00f8nn, r\u00f8d, gul, svart, bl\u00e5<\/li>\n<\/ul>\n<h2 style=\"text-align: center;\" data-start=\"1590\" data-end=\"1615\">\ud83d\udce6 Pakken inkluderer<\/h2>\n<ul data-start=\"1616\" data-end=\"1689\">\n<li data-start=\"1616\" data-end=\"1648\">\n<p data-start=\"1618\" data-end=\"1648\">1x minnesjakkbrett i tre<\/p>\n<\/li>\n<li data-start=\"1649\" data-end=\"1676\">\n<p data-start=\"1651\" data-end=\"1676\">24x sjakkbrikker<\/p>\n<\/li>\n<li data-start=\"1677\" data-end=\"1689\">\n<p data-start=\"1679\" data-end=\"1689\">1x terninger.<\/p>\n<\/li>\n<\/ul>\n","protected":false},"excerpt":{"rendered":"<p>\u00d8ker Hukommelse Og Fokus Med Lek Og Moro \ud83c\udfaf Dette minnesjakkbrettet i tre er et Montessori-inspirert pedagogisk leket\u00f8y som er [&hellip;]<\/p>\n","protected":false},"featured_media":54520,"comment_status":"open","ping_status":"closed","template":"","meta":{"site-sidebar-layout":"default","site-content-layout":"","ast-site-content-layout":"default","site-content-style":"default","site-sidebar-style":"default","ast-global-header-display":"","ast-banner-title-visibility":"","ast-main-header-display":"","ast-hfb-above-header-display":"","ast-hfb-below-header-display":"","ast-hfb-mobile-header-display":"","site-post-title":"","ast-breadcrumbs-content":"","ast-featured-img":"","footer-sml-layout":"","theme-transparent-header-meta":"default","adv-header-id-meta":"","stick-header-meta":"","header-above-stick-meta":"","header-main-stick-meta":"","header-below-stick-meta":"","astra-migrate-meta-layouts":"set","ast-page-background-enabled":"default","ast-page-background-meta":{"desktop":{"background-color":"var(--ast-global-color-4)","background-image":"","background-repeat":"repeat","background-position":"center center","background-size":"auto","background-attachment":"scroll","background-type":"","background-media":"","overlay-type":"","overlay-color":"","overlay-opacity":"","overlay-gradient":""},"tablet":{"background-color":"","background-image":"","background-repeat":"repeat","background-position":"center center","background-size":"auto","background-attachment":"scroll","background-type":"","background-media":"","overlay-type":"","overlay-color":"","overlay-opacity":"","overlay-gradient":""},"mobile":{"background-color":"","background-image":"","background-repeat":"repeat","background-position":"center center","background-size":"auto","background-attachment":"scroll","background-type":"","background-media":"","overlay-type":"","overlay-color":"","overlay-opacity":"","overlay-gradient":""}},"ast-content-background-meta":{"desktop":{"background-color":"var(--ast-global-color-5)","background-image":"","background-repeat":"repeat","background-position":"center center","background-size":"auto","background-attachment":"scroll","background-type":"","background-media":"","overlay-type":"","overlay-color":"","overlay-opacity":"","overlay-gradient":""},"tablet":{"background-color":"var(--ast-global-color-5)","background-image":"","background-repeat":"repeat","background-position":"center center","background-size":"auto","background-attachment":"scroll","background-type":"","background-media":"","overlay-type":"","overlay-color":"","overlay-opacity":"","overlay-gradient":""},"mobile":{"background-color":"var(--ast-global-color-5)","background-image":"","background-repeat":"repeat","background-position":"center center","background-size":"auto","background-attachment":"scroll","background-type":"","background-media":"","overlay-type":"","overlay-color":"","overlay-opacity":"","overlay-gradient":""}}},"product_brand":[],"product_cat":[990],"product_tag":[],"class_list":{"0":"post-54524","1":"product","2":"type-product","3":"status-publish","4":"has-post-thumbnail","6":"product_cat-leker-barne-og-babyprodukter","7":"pa_50167_usksjqy2-liten","8":"pa_50167_usksjqy2-stor","9":"desktop-align-left","10":"tablet-align-left","11":"mobile-align-left","13":"first","14":"instock","15":"shipping-taxable","16":"purchasable","17":"product-type-variable"},"_links":{"self":[{"href":"https:\/\/keluvo.com\/no\/wp-json\/wp\/v2\/product\/54524","targetHints":{"allow":["GET"]}}],"collection":[{"href":"https:\/\/keluvo.com\/no\/wp-json\/wp\/v2\/product"}],"about":[{"href":"https:\/\/keluvo.com\/no\/wp-json\/wp\/v2\/types\/product"}],"replies":[{"embeddable":true,"href":"https:\/\/keluvo.com\/no\/wp-json\/wp\/v2\/comments?post=54524"}],"wp:featuredmedia":[{"embeddable":true,"href":"https:\/\/keluvo.com\/no\/wp-json\/wp\/v2\/media\/54520"}],"wp:attachment":[{"href":"https:\/\/keluvo.com\/no\/wp-json\/wp\/v2\/media?parent=54524"}],"wp:term":[{"taxonomy":"product_brand","embeddable":true,"href":"https:\/\/keluvo.com\/no\/wp-json\/wp\/v2\/product_brand?post=54524"},{"taxonomy":"product_cat","embeddable":true,"href":"https:\/\/keluvo.com\/no\/wp-json\/wp\/v2\/product_cat?post=54524"},{"taxonomy":"product_tag","embeddable":true,"href":"https:\/\/keluvo.com\/no\/wp-json\/wp\/v2\/product_tag?post=54524"}],"curies":[{"name":"wp","href":"https:\/\/api.w.org\/{rel}","templated":true}]}}