{"id":54424,"date":"2025-11-07T12:46:47","date_gmt":"2025-11-07T10:46:47","guid":{"rendered":"https:\/\/keluvo.com\/no\/produkt\/digital-vinkelsoker-med-laser\/"},"modified":"2025-11-18T16:05:36","modified_gmt":"2025-11-18T14:05:36","slug":"digital-vinkelsoker-med-laser","status":"publish","type":"product","link":"https:\/\/keluvo.com\/no\/produkt\/digital-vinkelsoker-med-laser\/","title":{"rendered":"Digital vinkels\u00f8ker med laser"},"content":{"rendered":"<p style=\"text-align: center;\" data-start=\"0\" data-end=\"67\"><strong data-start=\"0\" data-end=\"65\">M\u00e5l Vinkler Og Vater Med Ultimat Presisjon Og Enkelhet \u2699\ufe0f<\/strong><\/p>\n<p style=\"text-align: center;\" data-start=\"69\" data-end=\"407\">Denne digitale vinkelm\u00e5leren kombinerer kraften til et vater og en vinkelm\u00e5ler i ett kompakt verkt\u00f8y. Den er designet for profesjonelle og gj\u00f8r-det-selv-entusiaster og gir n\u00f8yaktige m\u00e5linger for snekkerarbeid, r\u00f8rleggerarbeid, konstruksjon og mye mer. Den magnetiske basen, den tydelige LCD-skjermen og den oppladbare designen gj\u00f8r hver jobb raskere, enklere og mer presis.<\/p>\n<p data-start=\"69\" data-end=\"407\"><img decoding=\"async\" class=\"size-full wp-image-40129 aligncenter\" src=\"https:\/\/keluvo.com\/template\/wp-content\/uploads\/sites\/5\/2025\/11\/1022-ezgif.com-video-to-webp-converter-1.webp\" alt=\"\" \/><\/p>\n<h2 style=\"text-align: center;\" data-start=\"414\" data-end=\"436\"><strong>Hovedfordeler<\/strong><\/h2>\n<p data-start=\"439\" data-end=\"529\">\ud83d\udccf 2-i-1-verkt\u00f8y &#8211; fungerer b\u00e5de som vater og vinkelm\u00e5ler for flere bruksomr\u00e5der.<\/p>\n<p data-start=\"532\" data-end=\"609\">\ud83c\udfaf H\u00f8y n\u00f8yaktighet &#8211; gir n\u00f8yaktige m\u00e5linger med en n\u00f8yaktighet p\u00e5 \u00b10,2\u00b0.<\/p>\n<p data-start=\"612\" data-end=\"704\">\ud83e\uddf2 Magnetisk base &#8211; festes godt til metalloverflater for stabil, h\u00e5ndfri m\u00e5ling.<\/p>\n<p data-start=\"707\" data-end=\"803\">\ud83d\udd0b Oppladbar og effektiv &#8211; Type-C-ladeport og automatisk avstengning sparer tid og energi.<\/p>\n<p data-start=\"806\" data-end=\"892\">\ud83d\udca1 Lett \u00e5 lese av &#8211; Vendbar LCD-skjerm sikrer klar visning fra alle posisjoner.<\/p>\n<p data-start=\"895\" data-end=\"974\">\ud83e\uddf0 Slitesterk konstruksjon &#8211; Laget av f\u00f8rsteklasses aluminiumslegering for langvarig bruk.<\/p>\n<p data-start=\"895\" data-end=\"974\"><img decoding=\"async\" class=\"size-full wp-image-40131 aligncenter\" src=\"https:\/\/keluvo.com\/template\/wp-content\/uploads\/sites\/5\/2025\/11\/S1cead86afc1346ccadc07a257126595bt.jpg_960x960q75.jpg_.avif\" alt=\"\" \/><\/p>\n<h2 style=\"text-align: center;\" data-start=\"981\" data-end=\"1000\"><strong>Slik Bruker Du Den<\/strong><\/h2>\n<ol data-start=\"1001\" data-end=\"1300\">\n<li data-start=\"1001\" data-end=\"1067\">\n<p data-start=\"1004\" data-end=\"1067\">Fest vinkelm\u00e5leren til en overflate ved hjelp av den magnetiske basen.<\/p>\n<\/li>\n<li data-start=\"1068\" data-end=\"1110\">\n<p data-start=\"1071\" data-end=\"1110\">Trykk p\u00e5 str\u00f8mknappen for \u00e5 sl\u00e5 den p\u00e5.<\/p>\n<\/li>\n<li data-start=\"1111\" data-end=\"1197\">\n<p data-start=\"1114\" data-end=\"1197\">Bruk modusknappen for \u00e5 veksle mellom relativ eller absolutt vinkelm\u00e5ling.<\/p>\n<\/li>\n<li data-start=\"1198\" data-end=\"1253\">\n<p data-start=\"1201\" data-end=\"1253\">Juster og les av m\u00e5lingen p\u00e5 LCD-skjermen.<\/p>\n<\/li>\n<li data-start=\"1254\" data-end=\"1300\">\n<p data-start=\"1257\" data-end=\"1300\">Lad opp via Type-C-porten ved behov.<\/p>\n<\/li>\n<\/ol>\n<h2 style=\"text-align: center;\" data-start=\"1307\" data-end=\"1331\"><strong>Produktdetaljer<\/strong><\/h2>\n<ul data-start=\"1332\" data-end=\"1592\">\n<li data-start=\"1332\" data-end=\"1364\">Type: Digital vinkelsensor med laser<\/li>\n<li data-start=\"1332\" data-end=\"1364\">Materiale: Aluminiumslegering<\/li>\n<li data-start=\"1332\" data-end=\"1364\">St\u00f8rrelse: 62 x 60 x 33 mm<\/li>\n<li data-start=\"1332\" data-end=\"1364\">N\u00f8yaktighet: \u00b10,2\u00b0<\/li>\n<li data-start=\"1332\" data-end=\"1364\">Batteri: 3,7 V litiumbatteri<\/li>\n<li data-start=\"1457\" data-end=\"1507\">\n<p data-start=\"1459\" data-end=\"1507\">Ladegrensesnitt: DC 5V \/ 400mA (Type-C)<\/p>\n<\/li>\n<\/ul>\n<h2 style=\"text-align: center;\" data-start=\"1599\" data-end=\"1624\"><strong>Pakken inneholder<\/strong><\/h2>\n<ul data-start=\"1625\" data-end=\"1686\">\n<li data-start=\"1625\" data-end=\"1686\">\n<p data-start=\"1627\" data-end=\"1686\">1x digital vinkels\u00f8ker med laser.<\/p>\n<\/li>\n<\/ul>\n","protected":false},"excerpt":{"rendered":"<p>M\u00e5l Vinkler Og Vater Med Ultimat Presisjon Og Enkelhet \u2699\ufe0f Denne digitale vinkelm\u00e5leren kombinerer kraften til et vater og en [&hellip;]<\/p>\n","protected":false},"featured_media":54420,"comment_status":"open","ping_status":"closed","template":"","meta":{"site-sidebar-layout":"default","site-content-layout":"","ast-site-content-layout":"default","site-content-style":"default","site-sidebar-style":"default","ast-global-header-display":"","ast-banner-title-visibility":"","ast-main-header-display":"","ast-hfb-above-header-display":"","ast-hfb-below-header-display":"","ast-hfb-mobile-header-display":"","site-post-title":"","ast-breadcrumbs-content":"","ast-featured-img":"","footer-sml-layout":"","theme-transparent-header-meta":"default","adv-header-id-meta":"","stick-header-meta":"","header-above-stick-meta":"","header-main-stick-meta":"","header-below-stick-meta":"","astra-migrate-meta-layouts":"set","ast-page-background-enabled":"default","ast-page-background-meta":{"desktop":{"background-color":"var(--ast-global-color-4)","background-image":"","background-repeat":"repeat","background-position":"center center","background-size":"auto","background-attachment":"scroll","background-type":"","background-media":"","overlay-type":"","overlay-color":"","overlay-opacity":"","overlay-gradient":""},"tablet":{"background-color":"","background-image":"","background-repeat":"repeat","background-position":"center center","background-size":"auto","background-attachment":"scroll","background-type":"","background-media":"","overlay-type":"","overlay-color":"","overlay-opacity":"","overlay-gradient":""},"mobile":{"background-color":"","background-image":"","background-repeat":"repeat","background-position":"center center","background-size":"auto","background-attachment":"scroll","background-type":"","background-media":"","overlay-type":"","overlay-color":"","overlay-opacity":"","overlay-gradient":""}},"ast-content-background-meta":{"desktop":{"background-color":"var(--ast-global-color-5)","background-image":"","background-repeat":"repeat","background-position":"center center","background-size":"auto","background-attachment":"scroll","background-type":"","background-media":"","overlay-type":"","overlay-color":"","overlay-opacity":"","overlay-gradient":""},"tablet":{"background-color":"var(--ast-global-color-5)","background-image":"","background-repeat":"repeat","background-position":"center center","background-size":"auto","background-attachment":"scroll","background-type":"","background-media":"","overlay-type":"","overlay-color":"","overlay-opacity":"","overlay-gradient":""},"mobile":{"background-color":"var(--ast-global-color-5)","background-image":"","background-repeat":"repeat","background-position":"center center","background-size":"auto","background-attachment":"scroll","background-type":"","background-media":"","overlay-type":"","overlay-color":"","overlay-opacity":"","overlay-gradient":""}}},"product_brand":[],"product_cat":[996],"product_tag":[],"class_list":{"0":"post-54424","1":"product","2":"type-product","3":"status-publish","4":"has-post-thumbnail","6":"product_cat-verktoy","7":"desktop-align-left","8":"tablet-align-left","9":"mobile-align-left","11":"first","12":"instock","13":"shipping-taxable","14":"purchasable","15":"product-type-simple"},"_links":{"self":[{"href":"https:\/\/keluvo.com\/no\/wp-json\/wp\/v2\/product\/54424","targetHints":{"allow":["GET"]}}],"collection":[{"href":"https:\/\/keluvo.com\/no\/wp-json\/wp\/v2\/product"}],"about":[{"href":"https:\/\/keluvo.com\/no\/wp-json\/wp\/v2\/types\/product"}],"replies":[{"embeddable":true,"href":"https:\/\/keluvo.com\/no\/wp-json\/wp\/v2\/comments?post=54424"}],"wp:featuredmedia":[{"embeddable":true,"href":"https:\/\/keluvo.com\/no\/wp-json\/wp\/v2\/media\/54420"}],"wp:attachment":[{"href":"https:\/\/keluvo.com\/no\/wp-json\/wp\/v2\/media?parent=54424"}],"wp:term":[{"taxonomy":"product_brand","embeddable":true,"href":"https:\/\/keluvo.com\/no\/wp-json\/wp\/v2\/product_brand?post=54424"},{"taxonomy":"product_cat","embeddable":true,"href":"https:\/\/keluvo.com\/no\/wp-json\/wp\/v2\/product_cat?post=54424"},{"taxonomy":"product_tag","embeddable":true,"href":"https:\/\/keluvo.com\/no\/wp-json\/wp\/v2\/product_tag?post=54424"}],"curies":[{"name":"wp","href":"https:\/\/api.w.org\/{rel}","templated":true}]}}