{"id":54405,"date":"2025-11-07T12:45:41","date_gmt":"2025-11-07T10:45:41","guid":{"rendered":"https:\/\/keluvo.com\/no\/produkt\/eventyrtunnel-for-kjaeledyr\/"},"modified":"2025-11-07T16:07:10","modified_gmt":"2025-11-07T14:07:10","slug":"eventyrtunnel-for-kjaeledyr","status":"publish","type":"product","link":"https:\/\/keluvo.com\/no\/produkt\/eventyrtunnel-for-kjaeledyr\/","title":{"rendered":"Eventyrtunnel for kj\u00e6ledyr"},"content":{"rendered":"<p style=\"text-align: center;\" data-start=\"0\" data-end=\"59\"><strong data-start=\"0\" data-end=\"57\">Gi Katten Din Den Perfekte Blandingen Av Lek Og Komfort! \ud83d\udc3e<\/strong><\/p>\n<p style=\"text-align: center;\" data-start=\"61\" data-end=\"383\">Denne eventyrtunnelen for kj\u00e6ledyr er designet for \u00e5 holde katten din underholdt, aktiv og koselig &#8211; alt i ett stilig stykke. Den er laget av myk filt av h\u00f8y kvalitet, er slitesterk, stilleg\u00e5ende og perfekt for b\u00e5de lek og avslapning. Enten din pelskledde venn elsker \u00e5 gjemme seg, jage eller ta en lur, gir denne tunnelen moro og komfort til hver dag.<\/p>\n<p data-start=\"61\" data-end=\"383\"><img decoding=\"async\" class=\"size-full wp-image-40113 aligncenter\" src=\"https:\/\/keluvo.com\/template\/wp-content\/uploads\/sites\/5\/2025\/11\/Tunnel2ohne-ezgif.com-video-to-gif-converter.webp\" alt=\"\" \/><\/p>\n<h2 style=\"text-align: center;\" data-start=\"390\" data-end=\"412\">\ud83c\udf1f Hovedfordeler<\/h2>\n<p data-start=\"415\" data-end=\"498\">\ud83d\ude3b Endel\u00f8s moro og trening &#8211; Oppmuntrer til naturlige jakt- og lekeinstinkter.<\/p>\n<p data-start=\"501\" data-end=\"568\">\ud83d\udca4 Koselig tilfluktssted &#8211; Perfekt gjemmested for lur eller stille tid.<\/p>\n<p data-start=\"571\" data-end=\"641\">\ud83c\udfaf Ingen irriterende st\u00f8y &#8211; Filtdesign sikrer myk, lydl\u00f8s lek.<\/p>\n<p data-start=\"644\" data-end=\"706\">\ud83c\udfe0 Stilig utseende &#8211; Passer s\u00f8ml\u00f8st inn i ethvert hjem.<\/p>\n<p data-start=\"709\" data-end=\"790\">\ud83d\udcaa Holdbar og stabil &#8211; Laget av sterk filt som holder formen over tid.<\/p>\n<p data-start=\"709\" data-end=\"790\"><img decoding=\"async\" class=\"size-full wp-image-40112 aligncenter\" src=\"https:\/\/keluvo.com\/template\/wp-content\/uploads\/sites\/5\/2025\/11\/Bildschirmfoto_2025-02-11_um_20.15.48.webp\" alt=\"\" \/><\/p>\n<h2 style=\"text-align: center;\" data-start=\"797\" data-end=\"816\">\ud83e\uddfe Slik Bruker Du Tunnelen<\/h2>\n<ol data-start=\"817\" data-end=\"1001\">\n<li data-start=\"817\" data-end=\"866\">\n<p data-start=\"820\" data-end=\"866\">Brett ut tunnelen og plasser den p\u00e5 gulvet.<\/p>\n<\/li>\n<li data-start=\"867\" data-end=\"943\">\n<p data-start=\"870\" data-end=\"943\">La katten din utforske fritt &#8211; gjem leker eller godbiter inni for ekstra moro.<\/p>\n<\/li>\n<li data-start=\"944\" data-end=\"1001\">\n<p data-start=\"947\" data-end=\"1001\">N\u00e5r den ikke er i bruk, kan den enkelt brettes sammen eller oppbevares for \u00e5 spare plass.<\/p>\n<\/li>\n<\/ol>\n<h2 style=\"text-align: center;\" data-start=\"1008\" data-end=\"1032\">\u2699\ufe0f Produktdetaljer<\/h2>\n<ul data-start=\"1033\" data-end=\"1213\">\n<li data-start=\"1033\" data-end=\"1068\">\n<p data-start=\"1035\" data-end=\"1068\">Materiale: Filt av h\u00f8y kvalitet<\/p>\n<\/li>\n<li data-start=\"1069\" data-end=\"1117\">\n<p data-start=\"1071\" data-end=\"1117\">Funksjoner: Slitesterk, stabil og lydl\u00f8s<\/p>\n<\/li>\n<li data-start=\"1118\" data-end=\"1171\">\n<p data-start=\"1120\" data-end=\"1171\">Funksjon: Ideell for lek, gjemsel eller avslapping<\/p>\n<\/li>\n<li data-start=\"1172\" data-end=\"1213\">\n<p data-start=\"1174\" data-end=\"1213\">Egnet for: Katter og sm\u00e5 kj\u00e6ledyr<\/p>\n<\/li>\n<li data-start=\"1172\" data-end=\"1213\">\n<p data-start=\"1174\" data-end=\"1213\">St\u00f8rrelse: 65 cm<\/p>\n<\/li>\n<li data-start=\"1172\" data-end=\"1213\">Farger: Gulbrun, bl\u00e5gul, oransje-gr\u00e5<\/li>\n<\/ul>\n<h2 style=\"text-align: center;\" data-start=\"1220\" data-end=\"1245\">\ud83d\udce6 Pakken inneholder<\/h2>\n<ul data-start=\"1246\" data-end=\"1274\">\n<li data-start=\"1246\" data-end=\"1274\">\n<p data-start=\"1248\" data-end=\"1274\">1x eventyrtunnel for kj\u00e6ledyr.<\/p>\n<\/li>\n<\/ul>\n","protected":false},"excerpt":{"rendered":"<p>Gi Katten Din Den Perfekte Blandingen Av Lek Og Komfort! \ud83d\udc3e Denne eventyrtunnelen for kj\u00e6ledyr er designet for \u00e5 holde [&hellip;]<\/p>\n","protected":false},"featured_media":54401,"comment_status":"open","ping_status":"closed","template":"","meta":{"site-sidebar-layout":"default","site-content-layout":"","ast-site-content-layout":"default","site-content-style":"default","site-sidebar-style":"default","ast-global-header-display":"","ast-banner-title-visibility":"","ast-main-header-display":"","ast-hfb-above-header-display":"","ast-hfb-below-header-display":"","ast-hfb-mobile-header-display":"","site-post-title":"","ast-breadcrumbs-content":"","ast-featured-img":"","footer-sml-layout":"","theme-transparent-header-meta":"default","adv-header-id-meta":"","stick-header-meta":"","header-above-stick-meta":"","header-main-stick-meta":"","header-below-stick-meta":"","astra-migrate-meta-layouts":"set","ast-page-background-enabled":"default","ast-page-background-meta":{"desktop":{"background-color":"var(--ast-global-color-4)","background-image":"","background-repeat":"repeat","background-position":"center center","background-size":"auto","background-attachment":"scroll","background-type":"","background-media":"","overlay-type":"","overlay-color":"","overlay-opacity":"","overlay-gradient":""},"tablet":{"background-color":"","background-image":"","background-repeat":"repeat","background-position":"center center","background-size":"auto","background-attachment":"scroll","background-type":"","background-media":"","overlay-type":"","overlay-color":"","overlay-opacity":"","overlay-gradient":""},"mobile":{"background-color":"","background-image":"","background-repeat":"repeat","background-position":"center center","background-size":"auto","background-attachment":"scroll","background-type":"","background-media":"","overlay-type":"","overlay-color":"","overlay-opacity":"","overlay-gradient":""}},"ast-content-background-meta":{"desktop":{"background-color":"var(--ast-global-color-5)","background-image":"","background-repeat":"repeat","background-position":"center center","background-size":"auto","background-attachment":"scroll","background-type":"","background-media":"","overlay-type":"","overlay-color":"","overlay-opacity":"","overlay-gradient":""},"tablet":{"background-color":"var(--ast-global-color-5)","background-image":"","background-repeat":"repeat","background-position":"center center","background-size":"auto","background-attachment":"scroll","background-type":"","background-media":"","overlay-type":"","overlay-color":"","overlay-opacity":"","overlay-gradient":""},"mobile":{"background-color":"var(--ast-global-color-5)","background-image":"","background-repeat":"repeat","background-position":"center center","background-size":"auto","background-attachment":"scroll","background-type":"","background-media":"","overlay-type":"","overlay-color":"","overlay-opacity":"","overlay-gradient":""}}},"product_brand":[],"product_cat":[997],"product_tag":[],"class_list":{"0":"post-54405","1":"product","2":"type-product","3":"status-publish","4":"has-post-thumbnail","6":"product_cat-husdyrprodukter","7":"pa_49938_c2nb4kkr-bla-gul","8":"pa_49938_c2nb4kkr-gulbrun","9":"pa_49938_c2nb4kkr-oransje-gra","10":"desktop-align-left","11":"tablet-align-left","12":"mobile-align-left","14":"first","15":"instock","16":"shipping-taxable","17":"purchasable","18":"product-type-variable"},"_links":{"self":[{"href":"https:\/\/keluvo.com\/no\/wp-json\/wp\/v2\/product\/54405","targetHints":{"allow":["GET"]}}],"collection":[{"href":"https:\/\/keluvo.com\/no\/wp-json\/wp\/v2\/product"}],"about":[{"href":"https:\/\/keluvo.com\/no\/wp-json\/wp\/v2\/types\/product"}],"replies":[{"embeddable":true,"href":"https:\/\/keluvo.com\/no\/wp-json\/wp\/v2\/comments?post=54405"}],"wp:featuredmedia":[{"embeddable":true,"href":"https:\/\/keluvo.com\/no\/wp-json\/wp\/v2\/media\/54401"}],"wp:attachment":[{"href":"https:\/\/keluvo.com\/no\/wp-json\/wp\/v2\/media?parent=54405"}],"wp:term":[{"taxonomy":"product_brand","embeddable":true,"href":"https:\/\/keluvo.com\/no\/wp-json\/wp\/v2\/product_brand?post=54405"},{"taxonomy":"product_cat","embeddable":true,"href":"https:\/\/keluvo.com\/no\/wp-json\/wp\/v2\/product_cat?post=54405"},{"taxonomy":"product_tag","embeddable":true,"href":"https:\/\/keluvo.com\/no\/wp-json\/wp\/v2\/product_tag?post=54405"}],"curies":[{"name":"wp","href":"https:\/\/api.w.org\/{rel}","templated":true}]}}