{"id":54387,"date":"2025-11-07T12:43:58","date_gmt":"2025-11-07T10:43:58","guid":{"rendered":"https:\/\/keluvo.com\/no\/produkt\/enkel-boksapner\/"},"modified":"2025-11-18T16:04:44","modified_gmt":"2025-11-18T14:04:44","slug":"enkel-boksapner","status":"publish","type":"product","link":"https:\/\/keluvo.com\/no\/produkt\/enkel-boksapner\/","title":{"rendered":"Enkel boks\u00e5pner"},"content":{"rendered":"<p style=\"text-align: center;\" data-start=\"0\" data-end=\"63\"><strong data-start=\"0\" data-end=\"61\">\u00c5pne Bokser Enkelt Og Uanstrengt \u2014 N\u00e5r Som Helst, Hvor Som Helst! \ud83e\udd6b<\/strong><\/p>\n<p style=\"text-align: center;\" data-start=\"65\" data-end=\"343\">Denne enkle boks\u00e5pneren er den ultimate hjelperen p\u00e5 kj\u00f8kkenet og utend\u00f8rs. Den er laget av slitesterkt materiale av h\u00f8y kvalitet og gj\u00f8r det enkelt, raskt og trygt \u00e5 \u00e5pne bokser &#8211; uten skarpe kanter eller \u00f8delagte spiker! Den er kompakt og lett, og er perfekt for bruk hjemme eller p\u00e5 farten.<\/p>\n<p data-start=\"65\" data-end=\"343\"><img decoding=\"async\" class=\"size-full wp-image-40104 aligncenter\" src=\"https:\/\/keluvo.com\/template\/wp-content\/uploads\/sites\/5\/2025\/11\/102214-ezgif.com-video-to-webp-converter.webp\" alt=\"\" \/><\/p>\n<h2 style=\"text-align: center;\" data-start=\"350\" data-end=\"372\">\ud83c\udf1f Hovedfordeler<\/h2>\n<p data-start=\"375\" data-end=\"451\">\ud83d\udcaa Sterk og holdbar &#8211; Laget av kvalitetsmaterialer som varer i \u00e5revis.<\/p>\n<p data-start=\"454\" data-end=\"531\">\u2699\ufe0f Enkel \u00e5 bruke &#8211; Tar av lokk raskt og enkelt med en enkel vridning.<\/p>\n<p data-start=\"534\" data-end=\"622\">\ud83e\uddf3 B\u00e6rbar design &#8211; Liten og lett, ideell for camping, fotturer og reiser.<\/p>\n<p data-start=\"625\" data-end=\"705\">\ud83c\udf7e Multifunksjonell &#8211; Fungerer som en flaske\u00e5pner og hjelper til og med med \u00e5 gjenforsegle bokser.<\/p>\n<p data-start=\"708\" data-end=\"793\">\ud83e\uddfc Hygienisk og st\u00f8vtett &#8211; Hjelper med \u00e5 beskytte drikke eller mat mot smuss og st\u00f8v.<\/p>\n<p data-start=\"708\" data-end=\"793\"><img decoding=\"async\" class=\"size-full wp-image-40102 aligncenter\" src=\"https:\/\/keluvo.com\/template\/wp-content\/uploads\/sites\/5\/2025\/11\/S3c9487703481452b87ff0c7443d27aedj.jpg_960x960q75.jpg_.avif\" alt=\"\" \/><\/p>\n<h2 style=\"text-align: center;\" data-start=\"800\" data-end=\"819\">\ud83e\uddfe Slik Bruker Du Den<\/h2>\n<ol data-start=\"820\" data-end=\"1022\">\n<li data-start=\"820\" data-end=\"857\">\n<p data-start=\"823\" data-end=\"857\">Plasser \u00e5pneren p\u00e5 boksfliken.<\/p>\n<\/li>\n<li data-start=\"858\" data-end=\"902\">\n<p data-start=\"861\" data-end=\"902\">L\u00f8ft eller vri forsiktig for \u00e5 fjerne lokket.<\/p>\n<\/li>\n<li data-start=\"903\" data-end=\"975\">\n<p data-start=\"906\" data-end=\"975\">For gjenforsegling, trykk og roter lokket litt for en tettere passform.<\/p>\n<\/li>\n<li data-start=\"976\" data-end=\"1022\">\n<p data-start=\"979\" data-end=\"1022\">Rengj\u00f8r og oppbevar den enkelt for fremtidig bruk.<\/p>\n<\/li>\n<\/ol>\n<h2 style=\"text-align: center;\" data-start=\"1029\" data-end=\"1053\">\u2699\ufe0f Produktdetaljer<\/h2>\n<ul data-start=\"1054\" data-end=\"1264\">\n<li data-start=\"1054\" data-end=\"1108\">\n<p data-start=\"1056\" data-end=\"1108\">Materiale: Slitesterk plast av h\u00f8y kvalitet<\/p>\n<\/li>\n<li data-start=\"1109\" data-end=\"1130\">\n<p data-start=\"1111\" data-end=\"1130\">St\u00f8rrelse: 5,08 cm<\/p>\n<\/li>\n<li data-start=\"1131\" data-end=\"1152\">\n<p data-start=\"1133\" data-end=\"1152\">Vekt: 4,3 g<\/p>\n<\/li>\n<li data-start=\"1153\" data-end=\"1216\">\n<p data-start=\"1155\" data-end=\"1216\">Anvendelse: Passer til bokser, flasker og utend\u00f8rsaktiviteter<\/p>\n<\/li>\n<li data-start=\"1217\" data-end=\"1264\">\n<p data-start=\"1219\" data-end=\"1264\">Funksjoner: Kompakt, gjenbrukbar, st\u00f8vtett<\/p>\n<\/li>\n<li data-start=\"1217\" data-end=\"1264\">Farge: Lilla, gul, r\u00f8d, bl\u00e5, rosa, gr\u00f8nn<\/li>\n<\/ul>\n<h2 style=\"text-align: center;\" data-start=\"1271\" data-end=\"1296\">\ud83d\udce6 Pakken inneholder<\/h2>\n<ul data-start=\"1297\" data-end=\"1372\">\n<li data-start=\"1297\" data-end=\"1372\">\n<p data-start=\"1299\" data-end=\"1372\">6, 12, 30x enkle boks\u00e5pnere.<\/p>\n<\/li>\n<\/ul>\n","protected":false},"excerpt":{"rendered":"<p>\u00c5pne Bokser Enkelt Og Uanstrengt \u2014 N\u00e5r Som Helst, Hvor Som Helst! \ud83e\udd6b Denne enkle boks\u00e5pneren er den ultimate hjelperen [&hellip;]<\/p>\n","protected":false},"featured_media":54383,"comment_status":"open","ping_status":"closed","template":"","meta":{"site-sidebar-layout":"default","site-content-layout":"","ast-site-content-layout":"default","site-content-style":"default","site-sidebar-style":"default","ast-global-header-display":"","ast-banner-title-visibility":"","ast-main-header-display":"","ast-hfb-above-header-display":"","ast-hfb-below-header-display":"","ast-hfb-mobile-header-display":"","site-post-title":"","ast-breadcrumbs-content":"","ast-featured-img":"","footer-sml-layout":"","theme-transparent-header-meta":"default","adv-header-id-meta":"","stick-header-meta":"","header-above-stick-meta":"","header-main-stick-meta":"","header-below-stick-meta":"","astra-migrate-meta-layouts":"set","ast-page-background-enabled":"default","ast-page-background-meta":{"desktop":{"background-color":"var(--ast-global-color-4)","background-image":"","background-repeat":"repeat","background-position":"center center","background-size":"auto","background-attachment":"scroll","background-type":"","background-media":"","overlay-type":"","overlay-color":"","overlay-opacity":"","overlay-gradient":""},"tablet":{"background-color":"","background-image":"","background-repeat":"repeat","background-position":"center center","background-size":"auto","background-attachment":"scroll","background-type":"","background-media":"","overlay-type":"","overlay-color":"","overlay-opacity":"","overlay-gradient":""},"mobile":{"background-color":"","background-image":"","background-repeat":"repeat","background-position":"center center","background-size":"auto","background-attachment":"scroll","background-type":"","background-media":"","overlay-type":"","overlay-color":"","overlay-opacity":"","overlay-gradient":""}},"ast-content-background-meta":{"desktop":{"background-color":"var(--ast-global-color-5)","background-image":"","background-repeat":"repeat","background-position":"center center","background-size":"auto","background-attachment":"scroll","background-type":"","background-media":"","overlay-type":"","overlay-color":"","overlay-opacity":"","overlay-gradient":""},"tablet":{"background-color":"var(--ast-global-color-5)","background-image":"","background-repeat":"repeat","background-position":"center center","background-size":"auto","background-attachment":"scroll","background-type":"","background-media":"","overlay-type":"","overlay-color":"","overlay-opacity":"","overlay-gradient":""},"mobile":{"background-color":"var(--ast-global-color-5)","background-image":"","background-repeat":"repeat","background-position":"center center","background-size":"auto","background-attachment":"scroll","background-type":"","background-media":"","overlay-type":"","overlay-color":"","overlay-opacity":"","overlay-gradient":""}}},"product_brand":[],"product_cat":[1001],"product_tag":[],"class_list":{"0":"post-54387","1":"product","2":"type-product","3":"status-publish","4":"has-post-thumbnail","6":"product_cat-husholdningsartikler","7":"pa_49901_d24n9hn0-6-stk","8":"pa_49901_d24n9hn0-12-stk","9":"pa_49901_d24n9hn0-30-stk","10":"desktop-align-left","11":"tablet-align-left","12":"mobile-align-left","14":"first","15":"instock","16":"shipping-taxable","17":"purchasable","18":"product-type-variable"},"_links":{"self":[{"href":"https:\/\/keluvo.com\/no\/wp-json\/wp\/v2\/product\/54387","targetHints":{"allow":["GET"]}}],"collection":[{"href":"https:\/\/keluvo.com\/no\/wp-json\/wp\/v2\/product"}],"about":[{"href":"https:\/\/keluvo.com\/no\/wp-json\/wp\/v2\/types\/product"}],"replies":[{"embeddable":true,"href":"https:\/\/keluvo.com\/no\/wp-json\/wp\/v2\/comments?post=54387"}],"wp:featuredmedia":[{"embeddable":true,"href":"https:\/\/keluvo.com\/no\/wp-json\/wp\/v2\/media\/54383"}],"wp:attachment":[{"href":"https:\/\/keluvo.com\/no\/wp-json\/wp\/v2\/media?parent=54387"}],"wp:term":[{"taxonomy":"product_brand","embeddable":true,"href":"https:\/\/keluvo.com\/no\/wp-json\/wp\/v2\/product_brand?post=54387"},{"taxonomy":"product_cat","embeddable":true,"href":"https:\/\/keluvo.com\/no\/wp-json\/wp\/v2\/product_cat?post=54387"},{"taxonomy":"product_tag","embeddable":true,"href":"https:\/\/keluvo.com\/no\/wp-json\/wp\/v2\/product_tag?post=54387"}],"curies":[{"name":"wp","href":"https:\/\/api.w.org\/{rel}","templated":true}]}}