{"id":54351,"date":"2025-11-07T12:42:02","date_gmt":"2025-11-07T10:42:02","guid":{"rendered":"https:\/\/keluvo.com\/no\/produkt\/magisk-laeringsboksett-4-stk\/"},"modified":"2025-12-01T15:17:28","modified_gmt":"2025-12-01T13:17:28","slug":"magisk-laeringsboksett-4-stk","status":"publish","type":"product","link":"https:\/\/keluvo.com\/no\/produkt\/magisk-laeringsboksett-4-stk\/","title":{"rendered":"Magisk l\u00e6ringsboksett (4 stk)"},"content":{"rendered":"<p style=\"text-align: center;\" data-start=\"0\" data-end=\"55\"><strong data-start=\"0\" data-end=\"53\">Gj\u00f8r L\u00e6ring Morsomt Og Magisk For Barnet Ditt! \u270f\ufe0f\u2728<\/strong><\/p>\n<p style=\"text-align: center;\" data-start=\"57\" data-end=\"378\">Dette magiske l\u00e6reboksettet hjelper barn \u00e5 \u00f8ve p\u00e5 \u00e5 skrive, tegne og gjenkjenne bokstaver &#8211; alt mens de har det g\u00f8y! Hver side er designet med et spesielt blekk som forsvinner, slik at barna kan skrive, se det forsvinne og \u00f8ve igjen. Disse gjenbrukbare b\u00f8kene er perfekte for barn i alderen 3-8 \u00e5r, og gj\u00f8r l\u00e6ringen engasjerende og problemfri.<\/p>\n<p data-start=\"57\" data-end=\"378\"><img decoding=\"async\" class=\"size-full wp-image-40075 aligncenter\" src=\"https:\/\/keluvo.com\/template\/wp-content\/uploads\/sites\/5\/2025\/11\/9b8a91a0-dbec-4b53-af79-c91c0b4aac64.gif\" alt=\"\" \/><\/p>\n<h2 style=\"text-align: center;\" data-start=\"385\" data-end=\"407\"><strong>Hovedfordeler<\/strong><\/h2>\n<p data-start=\"410\" data-end=\"526\">\ud83e\udde0 Gjenbrukbar og langvarig &#8211; Det magiske blekket blekner etter 10 minutter, s\u00e5 barna kan bruke boken over 1000 ganger.<\/p>\n<p data-start=\"529\" data-end=\"633\">\u270d\ufe0f Morsom 3D-spordesign &#8211; Hjelper barna med \u00e5 forme bokstaver og tall riktig ved \u00e5 styre h\u00e5nden.<\/p>\n<p data-start=\"636\" data-end=\"722\">\ud83c\udfa8 Oppmuntrer til kreativitet &#8211; Lyse farger og morsomme former gj\u00f8r l\u00e6ringen morsom.<\/p>\n<p data-start=\"725\" data-end=\"815\">\ud83d\udcaa Bygger selvtillit &#8211; Barn kan \u00f8ve gjentatte ganger uten \u00e5 bekymre seg for feil.<\/p>\n<p data-start=\"818\" data-end=\"921\">\ud83d\udcd8 Perfekt for tidlig l\u00e6ring &#8211; Ideell for h\u00e5ndskrift, tegning og utvikling av finmotorikk.<\/p>\n<p data-start=\"818\" data-end=\"921\"><img decoding=\"async\" class=\"size-full wp-image-40076 aligncenter\" src=\"https:\/\/keluvo.com\/template\/wp-content\/uploads\/sites\/5\/2025\/11\/f08523e7-446e-4985-9ff9-6d1635dbf9b0.gif\" alt=\"\" \/><\/p>\n<h2 style=\"text-align: center;\" data-start=\"928\" data-end=\"947\"><strong>Slik Bruker Du<\/strong><\/h2>\n<ol data-start=\"948\" data-end=\"1208\">\n<li data-start=\"948\" data-end=\"1010\">\n<p data-start=\"951\" data-end=\"1010\">Bruk den medf\u00f8lgende magiske pennen til \u00e5 skrive eller tegne p\u00e5 sidene.<\/p>\n<\/li>\n<li data-start=\"1011\" data-end=\"1078\">\n<p data-start=\"1014\" data-end=\"1078\">Se teksten forsvinne automatisk etter ca. 10 minutter.<\/p>\n<\/li>\n<li data-start=\"1079\" data-end=\"1144\">\n<p data-start=\"1082\" data-end=\"1144\">La barnet \u00f8ve igjen og igjen &#8211; uten \u00e5 m\u00e5tte viske ut!<\/p>\n<\/li>\n<li data-start=\"1145\" data-end=\"1208\">\n<p data-start=\"1148\" data-end=\"1208\">Oppbevar alt i pennalet for enkel organisering.<\/p>\n<\/li>\n<\/ol>\n<h2 style=\"text-align: center;\" data-start=\"1215\" data-end=\"1239\"><strong>Produktdetaljer<\/strong><\/h2>\n<ul data-start=\"1240\" data-end=\"1456\">\n<li data-start=\"1295\" data-end=\"1353\">\n<p data-start=\"1297\" data-end=\"1353\">Materiale: Hvit papp med 3D-pregede riller<\/p>\n<\/li>\n<li data-start=\"1354\" data-end=\"1389\">\n<p data-start=\"1356\" data-end=\"1389\">Passende alder: 3-8 \u00e5r<\/p>\n<\/li>\n<li data-start=\"1390\" data-end=\"1415\">\n<p data-start=\"1392\" data-end=\"1415\">Spr\u00e5k: Engelsk<\/p>\n<\/li>\n<li data-start=\"1416\" data-end=\"1456\">\n<p data-start=\"1418\" data-end=\"1456\">Funksjon: Gjenbrukbar i 1000+ bruksomr\u00e5der<\/p>\n<\/li>\n<li data-start=\"1416\" data-end=\"1456\">L\u00e6ringstema: Alfabetet, tall, matematikk, tegning<\/li>\n<\/ul>\n<h2 style=\"text-align: center;\" data-start=\"1463\" data-end=\"1488\"><strong>Pakken inneholder<\/strong><\/h2>\n<ul data-start=\"1489\" data-end=\"1581\">\n<li data-start=\"1489\" data-end=\"1516\">\n<p data-start=\"1491\" data-end=\"1516\">4x magiske l\u00e6ringsb\u00f8ker<\/p>\n<\/li>\n<li data-start=\"1537\" data-end=\"1556\">\n<p data-start=\"1539\" data-end=\"1556\">4x pennerefiller.<\/p>\n<\/li>\n<\/ul>\n","protected":false},"excerpt":{"rendered":"<p>Gj\u00f8r L\u00e6ring Morsomt Og Magisk For Barnet Ditt! \u270f\ufe0f\u2728 Dette magiske l\u00e6reboksettet hjelper barn \u00e5 \u00f8ve p\u00e5 \u00e5 skrive, tegne [&hellip;]<\/p>\n","protected":false},"featured_media":54347,"comment_status":"open","ping_status":"closed","template":"","meta":{"site-sidebar-layout":"default","site-content-layout":"","ast-site-content-layout":"default","site-content-style":"default","site-sidebar-style":"default","ast-global-header-display":"","ast-banner-title-visibility":"","ast-main-header-display":"","ast-hfb-above-header-display":"","ast-hfb-below-header-display":"","ast-hfb-mobile-header-display":"","site-post-title":"","ast-breadcrumbs-content":"","ast-featured-img":"","footer-sml-layout":"","theme-transparent-header-meta":"default","adv-header-id-meta":"","stick-header-meta":"","header-above-stick-meta":"","header-main-stick-meta":"","header-below-stick-meta":"","astra-migrate-meta-layouts":"set","ast-page-background-enabled":"default","ast-page-background-meta":{"desktop":{"background-color":"var(--ast-global-color-4)","background-image":"","background-repeat":"repeat","background-position":"center center","background-size":"auto","background-attachment":"scroll","background-type":"","background-media":"","overlay-type":"","overlay-color":"","overlay-opacity":"","overlay-gradient":""},"tablet":{"background-color":"","background-image":"","background-repeat":"repeat","background-position":"center center","background-size":"auto","background-attachment":"scroll","background-type":"","background-media":"","overlay-type":"","overlay-color":"","overlay-opacity":"","overlay-gradient":""},"mobile":{"background-color":"","background-image":"","background-repeat":"repeat","background-position":"center center","background-size":"auto","background-attachment":"scroll","background-type":"","background-media":"","overlay-type":"","overlay-color":"","overlay-opacity":"","overlay-gradient":""}},"ast-content-background-meta":{"desktop":{"background-color":"var(--ast-global-color-5)","background-image":"","background-repeat":"repeat","background-position":"center center","background-size":"auto","background-attachment":"scroll","background-type":"","background-media":"","overlay-type":"","overlay-color":"","overlay-opacity":"","overlay-gradient":""},"tablet":{"background-color":"var(--ast-global-color-5)","background-image":"","background-repeat":"repeat","background-position":"center center","background-size":"auto","background-attachment":"scroll","background-type":"","background-media":"","overlay-type":"","overlay-color":"","overlay-opacity":"","overlay-gradient":""},"mobile":{"background-color":"var(--ast-global-color-5)","background-image":"","background-repeat":"repeat","background-position":"center center","background-size":"auto","background-attachment":"scroll","background-type":"","background-media":"","overlay-type":"","overlay-color":"","overlay-opacity":"","overlay-gradient":""}}},"product_brand":[],"product_cat":[990],"product_tag":[],"class_list":{"0":"post-54351","1":"product","2":"type-product","3":"status-publish","4":"has-post-thumbnail","6":"product_cat-leker-barne-og-babyprodukter","7":"desktop-align-left","8":"tablet-align-left","9":"mobile-align-left","11":"first","12":"instock","13":"shipping-taxable","14":"purchasable","15":"product-type-simple"},"_links":{"self":[{"href":"https:\/\/keluvo.com\/no\/wp-json\/wp\/v2\/product\/54351","targetHints":{"allow":["GET"]}}],"collection":[{"href":"https:\/\/keluvo.com\/no\/wp-json\/wp\/v2\/product"}],"about":[{"href":"https:\/\/keluvo.com\/no\/wp-json\/wp\/v2\/types\/product"}],"replies":[{"embeddable":true,"href":"https:\/\/keluvo.com\/no\/wp-json\/wp\/v2\/comments?post=54351"}],"wp:featuredmedia":[{"embeddable":true,"href":"https:\/\/keluvo.com\/no\/wp-json\/wp\/v2\/media\/54347"}],"wp:attachment":[{"href":"https:\/\/keluvo.com\/no\/wp-json\/wp\/v2\/media?parent=54351"}],"wp:term":[{"taxonomy":"product_brand","embeddable":true,"href":"https:\/\/keluvo.com\/no\/wp-json\/wp\/v2\/product_brand?post=54351"},{"taxonomy":"product_cat","embeddable":true,"href":"https:\/\/keluvo.com\/no\/wp-json\/wp\/v2\/product_cat?post=54351"},{"taxonomy":"product_tag","embeddable":true,"href":"https:\/\/keluvo.com\/no\/wp-json\/wp\/v2\/product_tag?post=54351"}],"curies":[{"name":"wp","href":"https:\/\/api.w.org\/{rel}","templated":true}]}}