{"id":54244,"date":"2025-11-07T12:35:16","date_gmt":"2025-11-07T10:35:16","guid":{"rendered":"https:\/\/keluvo.com\/no\/produkt\/skoorganisator-2\/"},"modified":"2025-11-07T15:51:28","modified_gmt":"2025-11-07T13:51:28","slug":"skoorganisator-2","status":"publish","type":"product","link":"https:\/\/keluvo.com\/no\/produkt\/skoorganisator-2\/","title":{"rendered":"Skoorganisator"},"content":{"rendered":"<p style=\"text-align: center;\" data-start=\"0\" data-end=\"60\"><strong data-start=\"0\" data-end=\"58\">Hold skoene dine organisert, rene og enkle \u00e5 finne. \ud83d\udc5f<\/strong><\/p>\n<p style=\"text-align: center;\" data-start=\"62\" data-end=\"371\">Denne skoorganisatoren er den perfekte oppbevaringsl\u00f8sningen for alle som \u00f8nsker en ryddig og plassbesparende m\u00e5te \u00e5 oppbevare fott\u00f8yet sitt p\u00e5. Med opptil 12 rom hjelper dette sammenleggbare skostativet deg med \u00e5 organisere alt fra joggesko og sandaler til leiligheter &#8211; samtidig som du holder dem st\u00f8vfrie og enkle \u00e5 f\u00e5 tilgang til.<\/p>\n<p data-start=\"62\" data-end=\"371\"><img decoding=\"async\" class=\"size-full wp-image-39999 aligncenter\" src=\"https:\/\/keluvo.com\/template\/wp-content\/uploads\/sites\/5\/2025\/11\/10228-ezgif.com-video-to-webp-converter.webp\" alt=\"\" \/><\/p>\n<h2 style=\"text-align: center;\" data-start=\"378\" data-end=\"400\"><strong>Hovedfordeler<\/strong><\/h2>\n<p data-start=\"403\" data-end=\"491\">\ud83d\udc5e Romslig design &#8211; Rommer 6-12 par sko, perfekt for alle typer fott\u00f8y.<\/p>\n<p data-start=\"494\" data-end=\"593\">\ud83e\uddfc Gjennomsiktig og st\u00f8vbestandig &#8211; Gjennomsiktig deksel beskytter skoene samtidig som det gir rask synlighet.<\/p>\n<p data-start=\"596\" data-end=\"674\">\ud83e\uddf3 Sammenleggbar og b\u00e6rbar &#8211; Kan enkelt kollapses for kompakt lagring eller reise.<\/p>\n<p data-start=\"677\" data-end=\"776\">\ud83d\udca7 Slitesterk og vanntett &#8211; Laget av fuktbestandig stoff med h\u00f8y tetthet for langvarig bruk.<\/p>\n<p data-start=\"779\" data-end=\"865\">\ud83e\uddfa Ryddig og stilig &#8211; Holder orden i garderoben, inngangspartiet eller under sengen.<\/p>\n<p data-start=\"779\" data-end=\"865\"><img decoding=\"async\" class=\"size-full wp-image-39996 aligncenter\" src=\"https:\/\/keluvo.com\/template\/wp-content\/uploads\/sites\/5\/2025\/11\/S988b049692834a01ac00f3c217709305r.jpg_960x960q75.jpg_.jpg\" alt=\"\" \/><\/p>\n<h2 style=\"text-align: center;\" data-start=\"872\" data-end=\"891\"><strong>Slik Bruker Du Den<\/strong><\/h2>\n<ol data-start=\"892\" data-end=\"1120\">\n<li data-start=\"892\" data-end=\"943\">\n<p data-start=\"895\" data-end=\"943\">Brett ut organisatoren og fest strukturen.<\/p>\n<\/li>\n<li data-start=\"944\" data-end=\"999\">\n<p data-start=\"947\" data-end=\"999\">Plasser skoene dine i de individuelle rommene.<\/p>\n<\/li>\n<li data-start=\"1000\" data-end=\"1067\">\n<p data-start=\"1003\" data-end=\"1067\">Lukk det gjennomsiktige dekselet for \u00e5 beskytte mot st\u00f8v og fuktighet.<\/p>\n<\/li>\n<li data-start=\"1068\" data-end=\"1120\">\n<p data-start=\"1071\" data-end=\"1120\">N\u00e5r den ikke er i bruk, kan du enkelt folde den sammen og lagre den bort.<\/p>\n<\/li>\n<\/ol>\n<h2 style=\"text-align: center;\" data-start=\"1127\" data-end=\"1151\"><strong>Produktdetaljer<\/strong><\/h2>\n<ul data-start=\"1152\" data-end=\"1429\">\n<li data-start=\"1152\" data-end=\"1189\">\n<p data-start=\"1154\" data-end=\"1189\">Materiale: Stoff med h\u00f8y tetthet<\/p>\n<\/li>\n<li data-start=\"1190\" data-end=\"1224\">\n<p data-start=\"1192\" data-end=\"1224\">Farger: Beige, Gr\u00e5, Svart<\/p>\n<\/li>\n<li data-start=\"1225\" data-end=\"1262\">\n<p data-start=\"1227\" data-end=\"1262\">Kapasitet: 6-12 par sko<\/p>\n<\/li>\n<li data-start=\"1263\" data-end=\"1305\">\n<p data-start=\"1265\" data-end=\"1305\">Rom: 12 separate seksjoner<\/p>\n<\/li>\n<li data-start=\"1306\" data-end=\"1361\">\n<p data-start=\"1308\" data-end=\"1361\">Design: Gjennomsiktig deksel med forsterket ramme<\/p>\n<\/li>\n<li data-start=\"1362\" data-end=\"1429\">\n<p data-start=\"1364\" data-end=\"1429\">Funksjoner: St\u00f8vtett, vanntett, sammenleggbart og plassbesparende<\/p>\n<\/li>\n<li data-start=\"1362\" data-end=\"1429\">St\u00f8rrelse: 44 x 44 x 31 cm<\/li>\n<\/ul>\n<h2 style=\"text-align: center;\" data-start=\"1436\" data-end=\"1461\"><strong>Pakken inneholder<\/strong><\/h2>\n<ul data-start=\"1462\" data-end=\"1493\">\n<li data-start=\"1462\" data-end=\"1493\">\n<p data-start=\"1464\" data-end=\"1493\">1x skoorganisator.<\/p>\n<\/li>\n<\/ul>\n","protected":false},"excerpt":{"rendered":"<p>Hold skoene dine organisert, rene og enkle \u00e5 finne. \ud83d\udc5f Denne skoorganisatoren er den perfekte oppbevaringsl\u00f8sningen for alle som \u00f8nsker [&hellip;]<\/p>\n","protected":false},"featured_media":54240,"comment_status":"open","ping_status":"closed","template":"","meta":{"site-sidebar-layout":"default","site-content-layout":"","ast-site-content-layout":"default","site-content-style":"default","site-sidebar-style":"default","ast-global-header-display":"","ast-banner-title-visibility":"","ast-main-header-display":"","ast-hfb-above-header-display":"","ast-hfb-below-header-display":"","ast-hfb-mobile-header-display":"","site-post-title":"","ast-breadcrumbs-content":"","ast-featured-img":"","footer-sml-layout":"","theme-transparent-header-meta":"default","adv-header-id-meta":"","stick-header-meta":"","header-above-stick-meta":"","header-main-stick-meta":"","header-below-stick-meta":"","astra-migrate-meta-layouts":"set","ast-page-background-enabled":"default","ast-page-background-meta":{"desktop":{"background-color":"var(--ast-global-color-4)","background-image":"","background-repeat":"repeat","background-position":"center center","background-size":"auto","background-attachment":"scroll","background-type":"","background-media":"","overlay-type":"","overlay-color":"","overlay-opacity":"","overlay-gradient":""},"tablet":{"background-color":"","background-image":"","background-repeat":"repeat","background-position":"center center","background-size":"auto","background-attachment":"scroll","background-type":"","background-media":"","overlay-type":"","overlay-color":"","overlay-opacity":"","overlay-gradient":""},"mobile":{"background-color":"","background-image":"","background-repeat":"repeat","background-position":"center center","background-size":"auto","background-attachment":"scroll","background-type":"","background-media":"","overlay-type":"","overlay-color":"","overlay-opacity":"","overlay-gradient":""}},"ast-content-background-meta":{"desktop":{"background-color":"var(--ast-global-color-5)","background-image":"","background-repeat":"repeat","background-position":"center center","background-size":"auto","background-attachment":"scroll","background-type":"","background-media":"","overlay-type":"","overlay-color":"","overlay-opacity":"","overlay-gradient":""},"tablet":{"background-color":"var(--ast-global-color-5)","background-image":"","background-repeat":"repeat","background-position":"center center","background-size":"auto","background-attachment":"scroll","background-type":"","background-media":"","overlay-type":"","overlay-color":"","overlay-opacity":"","overlay-gradient":""},"mobile":{"background-color":"var(--ast-global-color-5)","background-image":"","background-repeat":"repeat","background-position":"center center","background-size":"auto","background-attachment":"scroll","background-type":"","background-media":"","overlay-type":"","overlay-color":"","overlay-opacity":"","overlay-gradient":""}}},"product_brand":[],"product_cat":[1001],"product_tag":[],"class_list":{"0":"post-54244","1":"product","2":"type-product","3":"status-publish","4":"has-post-thumbnail","6":"product_cat-husholdningsartikler","7":"pa_49694_ewc1iq7h-beige","8":"pa_49694_ewc1iq7h-gra","9":"pa_49694_ewc1iq7h-svart","10":"desktop-align-left","11":"tablet-align-left","12":"mobile-align-left","14":"first","15":"instock","16":"shipping-taxable","17":"purchasable","18":"product-type-variable"},"_links":{"self":[{"href":"https:\/\/keluvo.com\/no\/wp-json\/wp\/v2\/product\/54244","targetHints":{"allow":["GET"]}}],"collection":[{"href":"https:\/\/keluvo.com\/no\/wp-json\/wp\/v2\/product"}],"about":[{"href":"https:\/\/keluvo.com\/no\/wp-json\/wp\/v2\/types\/product"}],"replies":[{"embeddable":true,"href":"https:\/\/keluvo.com\/no\/wp-json\/wp\/v2\/comments?post=54244"}],"wp:featuredmedia":[{"embeddable":true,"href":"https:\/\/keluvo.com\/no\/wp-json\/wp\/v2\/media\/54240"}],"wp:attachment":[{"href":"https:\/\/keluvo.com\/no\/wp-json\/wp\/v2\/media?parent=54244"}],"wp:term":[{"taxonomy":"product_brand","embeddable":true,"href":"https:\/\/keluvo.com\/no\/wp-json\/wp\/v2\/product_brand?post=54244"},{"taxonomy":"product_cat","embeddable":true,"href":"https:\/\/keluvo.com\/no\/wp-json\/wp\/v2\/product_cat?post=54244"},{"taxonomy":"product_tag","embeddable":true,"href":"https:\/\/keluvo.com\/no\/wp-json\/wp\/v2\/product_tag?post=54244"}],"curies":[{"name":"wp","href":"https:\/\/api.w.org\/{rel}","templated":true}]}}