{"id":54074,"date":"2025-11-07T12:21:57","date_gmt":"2025-11-07T10:21:57","guid":{"rendered":"https:\/\/keluvo.com\/no\/produkt\/klistremerkebok-med-puslespill\/"},"modified":"2025-11-07T15:31:27","modified_gmt":"2025-11-07T13:31:27","slug":"klistremerkebok-med-puslespill","status":"publish","type":"product","link":"https:\/\/keluvo.com\/no\/produkt\/klistremerkebok-med-puslespill\/","title":{"rendered":"Klistremerkebok med puslespill"},"content":{"rendered":"<p style=\"text-align: center;\" data-start=\"0\" data-end=\"86\"><strong>Forvandle Enkle Klistremerker Til Vakre Kunstverk Samtidig Som Du \u00d8ker Fokus Og Kreativitet. \ud83c\udfa8\u2728<\/strong><\/p>\n<p style=\"text-align: center;\" data-start=\"88\" data-end=\"456\">Denne klistremerkeboken gir barna en morsom og praktisk m\u00e5te \u00e5 l\u00e6re p\u00e5 mens de leker. Hver side har nummererte eller formede omr\u00e5der der barna kan plassere matchende klistremerker for \u00e5 fullf\u00f8re de s\u00f8te bildene. Det forbedrer konsentrasjon, probleml\u00f8sning og finmotorikk &#8211; samtidig som det holder sm\u00e5 hender opptatt og begeistret. Perfekt for rolige stunder, reiser eller morsom lek mellom foreldre og barn.<\/p>\n<p data-start=\"88\" data-end=\"456\"><img decoding=\"async\" class=\"size-full wp-image-39604 aligncenter\" src=\"https:\/\/keluvo.com\/template\/wp-content\/uploads\/sites\/5\/2025\/11\/10221-ezgif.com-video-to-webp-converter-3.webp\" alt=\"\" \/><\/p>\n<h2 style=\"text-align: center;\" data-start=\"458\" data-end=\"479\">\u2b50 Hovedfordeler<\/h2>\n<p data-start=\"482\" data-end=\"558\">\ud83e\udde0 \u00d8ker fokus og konsentrasjon &#8211; forbedrer t\u00e5lmodighet og oppmerksomhet.<\/p>\n<p data-start=\"561\" data-end=\"641\">\u270b Praktisk l\u00e6ring &#8211; forbedrer finmotorikk og \u00f8ye-h\u00e5nd-koordinasjon.<\/p>\n<p data-start=\"644\" data-end=\"722\">\ud83c\udfa8 Oppmuntrer til kreativitet &#8211; barna bygger bilder og utforsker visuell design.<\/p>\n<p data-start=\"725\" data-end=\"793\">\ud83d\udc68\u200d\ud83d\udc69\u200d\ud83d\udc67 Familieaktivitet &#8211; nyt morsom kunsttid sammen.<\/p>\n<p data-start=\"796\" data-end=\"862\">\u2705 Trygt og barnevennlig &#8211; laget av giftfritt, slitesterkt papir.<\/p>\n<p data-start=\"796\" data-end=\"862\"><img decoding=\"async\" class=\"size-full wp-image-39606 aligncenter\" src=\"https:\/\/keluvo.com\/template\/wp-content\/uploads\/sites\/5\/2025\/11\/spp_20250312175823_08025f0e1a3ca5b46d5eba001f8ec3ca.webp\" alt=\"\" \/><\/p>\n<h2 style=\"text-align: center;\" data-start=\"864\" data-end=\"883\">\ud83d\udcd8 Slik Bruker Du Det<\/h2>\n<ol data-start=\"884\" data-end=\"1135\">\n<li data-start=\"884\" data-end=\"923\">\n<p data-start=\"887\" data-end=\"923\">Velg en side i klistremerkeboken.<\/p>\n<\/li>\n<li data-start=\"924\" data-end=\"975\">\n<p data-start=\"927\" data-end=\"975\">Skrell matchende klistremerker fra klistremerkearket.<\/p>\n<\/li>\n<li data-start=\"976\" data-end=\"1037\">\n<p data-start=\"979\" data-end=\"1037\">Match klistremerkeformer\/tall til siden og plasser dem.<\/p>\n<\/li>\n<li data-start=\"1038\" data-end=\"1074\">\n<p data-start=\"1041\" data-end=\"1074\">Se bildet bli levende!<\/p>\n<\/li>\n<li data-start=\"1075\" data-end=\"1135\">\n<p data-start=\"1078\" data-end=\"1135\">Vis frem mesterverket eller fortsett til neste design.<\/p>\n<\/li>\n<\/ol>\n<h2 style=\"text-align: center;\" data-start=\"1137\" data-end=\"1161\">\ud83d\udcce Produktdetaljer<\/h2>\n<ul data-start=\"1162\" data-end=\"1393\">\n<li data-start=\"1162\" data-end=\"1204\">\n<p data-start=\"1164\" data-end=\"1204\">Materiale: Giftfritt papir av h\u00f8y kvalitet<\/p>\n<\/li>\n<li data-start=\"1205\" data-end=\"1266\">\n<p data-start=\"1207\" data-end=\"1266\">Egnet for: Sm\u00e5 barn (perfekt for tidlig l\u00e6ring), 4-6 \u00e5r<\/p>\n<\/li>\n<li data-start=\"1267\" data-end=\"1315\">\n<p data-start=\"1269\" data-end=\"1315\">Aktivitetstype: DIY-puslespill + klistremerkekunstbok<\/p>\n<\/li>\n<li data-start=\"1316\" data-end=\"1393\">\n<p data-start=\"1318\" data-end=\"1393\">Ferdigheter utviklet: Fokus, kreativitet, romlig bevissthet, finmotorikk<\/p>\n<\/li>\n<li data-start=\"1316\" data-end=\"1393\">St\u00f8rrelse: \u00a026 x 19 cm<\/li>\n<\/ul>\n<h2 style=\"text-align: center;\" data-start=\"1395\" data-end=\"1420\">\ud83d\udce6 Pakken inneholder<\/h2>\n<ul data-start=\"1421\" data-end=\"1468\">\n<li data-start=\"1421\" data-end=\"1468\">\n<p data-start=\"1423\" data-end=\"1468\">1, 3x puslespillbok med klistremerkeark.<\/p>\n<\/li>\n<\/ul>\n","protected":false},"excerpt":{"rendered":"<p>Forvandle Enkle Klistremerker Til Vakre Kunstverk Samtidig Som Du \u00d8ker Fokus Og Kreativitet. \ud83c\udfa8\u2728 Denne klistremerkeboken gir barna en morsom [&hellip;]<\/p>\n","protected":false},"featured_media":54070,"comment_status":"open","ping_status":"closed","template":"","meta":{"site-sidebar-layout":"default","site-content-layout":"","ast-site-content-layout":"default","site-content-style":"default","site-sidebar-style":"default","ast-global-header-display":"","ast-banner-title-visibility":"","ast-main-header-display":"","ast-hfb-above-header-display":"","ast-hfb-below-header-display":"","ast-hfb-mobile-header-display":"","site-post-title":"","ast-breadcrumbs-content":"","ast-featured-img":"","footer-sml-layout":"","theme-transparent-header-meta":"default","adv-header-id-meta":"","stick-header-meta":"","header-above-stick-meta":"","header-main-stick-meta":"","header-below-stick-meta":"","astra-migrate-meta-layouts":"set","ast-page-background-enabled":"default","ast-page-background-meta":{"desktop":{"background-color":"var(--ast-global-color-4)","background-image":"","background-repeat":"repeat","background-position":"center center","background-size":"auto","background-attachment":"scroll","background-type":"","background-media":"","overlay-type":"","overlay-color":"","overlay-opacity":"","overlay-gradient":""},"tablet":{"background-color":"","background-image":"","background-repeat":"repeat","background-position":"center center","background-size":"auto","background-attachment":"scroll","background-type":"","background-media":"","overlay-type":"","overlay-color":"","overlay-opacity":"","overlay-gradient":""},"mobile":{"background-color":"","background-image":"","background-repeat":"repeat","background-position":"center center","background-size":"auto","background-attachment":"scroll","background-type":"","background-media":"","overlay-type":"","overlay-color":"","overlay-opacity":"","overlay-gradient":""}},"ast-content-background-meta":{"desktop":{"background-color":"var(--ast-global-color-5)","background-image":"","background-repeat":"repeat","background-position":"center center","background-size":"auto","background-attachment":"scroll","background-type":"","background-media":"","overlay-type":"","overlay-color":"","overlay-opacity":"","overlay-gradient":""},"tablet":{"background-color":"var(--ast-global-color-5)","background-image":"","background-repeat":"repeat","background-position":"center center","background-size":"auto","background-attachment":"scroll","background-type":"","background-media":"","overlay-type":"","overlay-color":"","overlay-opacity":"","overlay-gradient":""},"mobile":{"background-color":"var(--ast-global-color-5)","background-image":"","background-repeat":"repeat","background-position":"center center","background-size":"auto","background-attachment":"scroll","background-type":"","background-media":"","overlay-type":"","overlay-color":"","overlay-opacity":"","overlay-gradient":""}}},"product_brand":[],"product_cat":[990],"product_tag":[],"class_list":{"0":"post-54074","1":"product","2":"type-product","3":"status-publish","4":"has-post-thumbnail","6":"product_cat-leker-barne-og-babyprodukter","7":"pa_49613_4web29p1-kjaere-prinsesse","8":"pa_49613_4web29p1-kul-motorsykkel","9":"pa_49613_4web29p1-sett-med-3-stk","10":"pa_49613_4web29p1-sote-dyr","11":"desktop-align-left","12":"tablet-align-left","13":"mobile-align-left","15":"first","16":"instock","17":"shipping-taxable","18":"purchasable","19":"product-type-variable"},"_links":{"self":[{"href":"https:\/\/keluvo.com\/no\/wp-json\/wp\/v2\/product\/54074","targetHints":{"allow":["GET"]}}],"collection":[{"href":"https:\/\/keluvo.com\/no\/wp-json\/wp\/v2\/product"}],"about":[{"href":"https:\/\/keluvo.com\/no\/wp-json\/wp\/v2\/types\/product"}],"replies":[{"embeddable":true,"href":"https:\/\/keluvo.com\/no\/wp-json\/wp\/v2\/comments?post=54074"}],"wp:featuredmedia":[{"embeddable":true,"href":"https:\/\/keluvo.com\/no\/wp-json\/wp\/v2\/media\/54070"}],"wp:attachment":[{"href":"https:\/\/keluvo.com\/no\/wp-json\/wp\/v2\/media?parent=54074"}],"wp:term":[{"taxonomy":"product_brand","embeddable":true,"href":"https:\/\/keluvo.com\/no\/wp-json\/wp\/v2\/product_brand?post=54074"},{"taxonomy":"product_cat","embeddable":true,"href":"https:\/\/keluvo.com\/no\/wp-json\/wp\/v2\/product_cat?post=54074"},{"taxonomy":"product_tag","embeddable":true,"href":"https:\/\/keluvo.com\/no\/wp-json\/wp\/v2\/product_tag?post=54074"}],"curies":[{"name":"wp","href":"https:\/\/api.w.org\/{rel}","templated":true}]}}