{"id":53980,"date":"2025-11-07T12:17:55","date_gmt":"2025-11-07T10:17:55","guid":{"rendered":"https:\/\/keluvo.com\/no\/produkt\/elegant-harspenne-med-andebukk\/"},"modified":"2025-11-07T15:26:41","modified_gmt":"2025-11-07T13:26:41","slug":"elegant-harspenne-med-andebukk","status":"publish","type":"product","link":"https:\/\/keluvo.com\/no\/produkt\/elegant-harspenne-med-andebukk\/","title":{"rendered":"Elegant h\u00e5rspenne med andebukk"},"content":{"rendered":"<p style=\"text-align: center;\" data-start=\"0\" data-end=\"76\"><strong>Fest h\u00e5ret ditt med stil og komfort i \u00e9n og samme elegante h\u00e5rklips. \u2728\ud83d\udc06<\/strong><\/p>\n<p style=\"text-align: center;\" data-start=\"78\" data-end=\"381\">Denne elegante h\u00e5rspenne med andebukk gir en dristig, moteriktig touch til enhver look, samtidig som den holder h\u00e5ret pent p\u00e5 plass hele dagen. Med et moderne leopardm\u00f8nster og en elegant flat-oval form er denne h\u00e5rklemmen lett, slitesterk og perfekt for hverdagslig styling &#8211; fra rufsete boller til halvveis oppsatte frisyrer.<\/p>\n<p data-start=\"78\" data-end=\"381\"><img decoding=\"async\" class=\" wp-image-39516 aligncenter\" src=\"https:\/\/keluvo.com\/template\/wp-content\/uploads\/sites\/5\/2025\/11\/5d249291-a445-4bef-a4e0-e8a90762e72c.gif\" alt=\"\" \/><\/p>\n<h2 style=\"text-align: center;\" data-start=\"383\" data-end=\"404\"><strong>Hovedfordeler<\/strong><\/h2>\n<p data-start=\"407\" data-end=\"478\">\ud83d\udc06 Trendy leopardm\u00f8nster &#8211; stilig design som l\u00f8fter ethvert antrekk.<\/p>\n<p data-start=\"481\" data-end=\"550\">\ud83d\udcaa Sterkt, sikkert grep &#8211; griper h\u00e5ret uten \u00e5 skli eller dra.<\/p>\n<p data-start=\"553\" data-end=\"631\">\ud83c\udf80 Allsidig styling &#8211; ideell for boller, halvveis oppsatte frisyrer, twists og raske l\u00f8sninger.<\/p>\n<p data-start=\"634\" data-end=\"711\">\ud83c\udf3f Lett og slitesterk &#8211; behagelig \u00e5 ha p\u00e5 hele dagen uten trykk.<\/p>\n<p data-start=\"714\" data-end=\"781\">\u2728 Glatte kanter &#8211; sk\u00e5nsom mot h\u00e5ret, forhindrer at det trekker eller brekker.<\/p>\n<p data-start=\"714\" data-end=\"781\"><img decoding=\"async\" class=\" wp-image-39517 aligncenter\" src=\"https:\/\/keluvo.com\/template\/wp-content\/uploads\/sites\/5\/2025\/11\/36a05f8c-42be-4dff-bc2b-b481e4e132e3.gif\" alt=\"\" \/><\/p>\n<h2 style=\"text-align: center;\" data-start=\"783\" data-end=\"802\"><strong>Slik Bruker Du Det<\/strong><\/h2>\n<ol data-start=\"803\" data-end=\"996\">\n<li data-start=\"803\" data-end=\"840\">\n<p data-start=\"806\" data-end=\"840\">Samle hele eller deler av h\u00e5ret.<\/p>\n<\/li>\n<li data-start=\"841\" data-end=\"907\">\n<p data-start=\"844\" data-end=\"907\">Plasser klipset over h\u00e5ret der du \u00f8nsker \u00e5 feste det.<\/p>\n<\/li>\n<li data-start=\"908\" data-end=\"945\">\n<p data-start=\"911\" data-end=\"945\">Trykk for \u00e5 l\u00e5se klipset p\u00e5 plass.<\/p>\n<\/li>\n<li data-start=\"946\" data-end=\"996\">\n<p data-start=\"949\" data-end=\"996\">Stil og juster etter behov &#8211; gjort p\u00e5 sekunder!<\/p>\n<\/li>\n<\/ol>\n<h2 style=\"text-align: center;\" data-start=\"998\" data-end=\"1022\"><strong>Produktdetaljer<\/strong><\/h2>\n<ul data-start=\"1023\" data-end=\"1214\">\n<li data-start=\"1023\" data-end=\"1057\">\n<p data-start=\"1025\" data-end=\"1057\">Materiale: Plast av h\u00f8y kvalitet<\/p>\n<\/li>\n<li data-start=\"1058\" data-end=\"1110\">\n<p data-start=\"1060\" data-end=\"1110\">Design: Leopardtrykk &#8211; oval flat andeskjeggstil<\/p>\n<\/li>\n<li data-start=\"1111\" data-end=\"1167\">\n<p data-start=\"1113\" data-end=\"1167\">St\u00f8rrelse: (9,8 x 3,5 cm) Stor flat klo klips (enkelt grep og sikkert grep)<\/p>\n<\/li>\n<li data-start=\"1168\" data-end=\"1214\">\n<p data-start=\"1170\" data-end=\"1214\">Lett og slitesterk &#8211; laget for daglig bruk<\/p>\n<\/li>\n<\/ul>\n<h2 style=\"text-align: center;\" data-start=\"1216\" data-end=\"1241\"><strong>Pakken inneholder<\/strong><\/h2>\n<ul data-start=\"1242\" data-end=\"1276\">\n<li data-start=\"1242\" data-end=\"1276\">\n<p data-start=\"1244\" data-end=\"1276\">1, 2, 4x elegant andeskjegg h\u00e5rklips.<\/p>\n<\/li>\n<\/ul>\n","protected":false},"excerpt":{"rendered":"<p>Fest h\u00e5ret ditt med stil og komfort i \u00e9n og samme elegante h\u00e5rklips. \u2728\ud83d\udc06 Denne elegante h\u00e5rspenne med andebukk gir [&hellip;]<\/p>\n","protected":false},"featured_media":53976,"comment_status":"open","ping_status":"closed","template":"","meta":{"site-sidebar-layout":"default","site-content-layout":"","ast-site-content-layout":"default","site-content-style":"default","site-sidebar-style":"default","ast-global-header-display":"","ast-banner-title-visibility":"","ast-main-header-display":"","ast-hfb-above-header-display":"","ast-hfb-below-header-display":"","ast-hfb-mobile-header-display":"","site-post-title":"","ast-breadcrumbs-content":"","ast-featured-img":"","footer-sml-layout":"","theme-transparent-header-meta":"default","adv-header-id-meta":"","stick-header-meta":"","header-above-stick-meta":"","header-main-stick-meta":"","header-below-stick-meta":"","astra-migrate-meta-layouts":"set","ast-page-background-enabled":"default","ast-page-background-meta":{"desktop":{"background-color":"var(--ast-global-color-4)","background-image":"","background-repeat":"repeat","background-position":"center center","background-size":"auto","background-attachment":"scroll","background-type":"","background-media":"","overlay-type":"","overlay-color":"","overlay-opacity":"","overlay-gradient":""},"tablet":{"background-color":"","background-image":"","background-repeat":"repeat","background-position":"center center","background-size":"auto","background-attachment":"scroll","background-type":"","background-media":"","overlay-type":"","overlay-color":"","overlay-opacity":"","overlay-gradient":""},"mobile":{"background-color":"","background-image":"","background-repeat":"repeat","background-position":"center center","background-size":"auto","background-attachment":"scroll","background-type":"","background-media":"","overlay-type":"","overlay-color":"","overlay-opacity":"","overlay-gradient":""}},"ast-content-background-meta":{"desktop":{"background-color":"var(--ast-global-color-5)","background-image":"","background-repeat":"repeat","background-position":"center center","background-size":"auto","background-attachment":"scroll","background-type":"","background-media":"","overlay-type":"","overlay-color":"","overlay-opacity":"","overlay-gradient":""},"tablet":{"background-color":"var(--ast-global-color-5)","background-image":"","background-repeat":"repeat","background-position":"center center","background-size":"auto","background-attachment":"scroll","background-type":"","background-media":"","overlay-type":"","overlay-color":"","overlay-opacity":"","overlay-gradient":""},"mobile":{"background-color":"var(--ast-global-color-5)","background-image":"","background-repeat":"repeat","background-position":"center center","background-size":"auto","background-attachment":"scroll","background-type":"","background-media":"","overlay-type":"","overlay-color":"","overlay-opacity":"","overlay-gradient":""}}},"product_brand":[],"product_cat":[993],"product_tag":[],"class_list":{"0":"post-53980","1":"product","2":"type-product","3":"status-publish","4":"has-post-thumbnail","6":"product_cat-skotoy-tilbehor","7":"pa_49485_8e4d2a8p-1-stk","8":"pa_49485_8e4d2a8p-2-stk","9":"pa_49485_8e4d2a8p-4-stk","10":"pa_49485_u3irxlfv-kaffe","11":"pa_49485_u3irxlfv-leopardbrun","12":"pa_49485_u3irxlfv-leopardgra","13":"pa_49485_u3irxlfv-lys-leopard","14":"pa_49485_u3irxlfv-svart","15":"desktop-align-left","16":"tablet-align-left","17":"mobile-align-left","19":"first","20":"instock","21":"shipping-taxable","22":"purchasable","23":"product-type-variable","24":"has-default-attributes"},"_links":{"self":[{"href":"https:\/\/keluvo.com\/no\/wp-json\/wp\/v2\/product\/53980","targetHints":{"allow":["GET"]}}],"collection":[{"href":"https:\/\/keluvo.com\/no\/wp-json\/wp\/v2\/product"}],"about":[{"href":"https:\/\/keluvo.com\/no\/wp-json\/wp\/v2\/types\/product"}],"replies":[{"embeddable":true,"href":"https:\/\/keluvo.com\/no\/wp-json\/wp\/v2\/comments?post=53980"}],"wp:featuredmedia":[{"embeddable":true,"href":"https:\/\/keluvo.com\/no\/wp-json\/wp\/v2\/media\/53976"}],"wp:attachment":[{"href":"https:\/\/keluvo.com\/no\/wp-json\/wp\/v2\/media?parent=53980"}],"wp:term":[{"taxonomy":"product_brand","embeddable":true,"href":"https:\/\/keluvo.com\/no\/wp-json\/wp\/v2\/product_brand?post=53980"},{"taxonomy":"product_cat","embeddable":true,"href":"https:\/\/keluvo.com\/no\/wp-json\/wp\/v2\/product_cat?post=53980"},{"taxonomy":"product_tag","embeddable":true,"href":"https:\/\/keluvo.com\/no\/wp-json\/wp\/v2\/product_tag?post=53980"}],"curies":[{"name":"wp","href":"https:\/\/api.w.org\/{rel}","templated":true}]}}