{"id":53748,"date":"2025-11-05T10:45:07","date_gmt":"2025-11-05T08:45:07","guid":{"rendered":"https:\/\/keluvo.com\/no\/produkt\/form-til-melboller\/"},"modified":"2025-11-11T11:25:31","modified_gmt":"2025-11-11T09:25:31","slug":"form-til-melboller","status":"publish","type":"product","link":"https:\/\/keluvo.com\/no\/produkt\/form-til-melboller\/","title":{"rendered":"Form til melboller"},"content":{"rendered":"<p style=\"text-align: center;\" data-start=\"0\" data-end=\"43\"><strong data-start=\"0\" data-end=\"41\">Lag Perfekte Dumplings P\u00e5 F\u00e5 Sekunder! \ud83e\udd5f<\/strong><\/p>\n<p style=\"text-align: center;\" data-start=\"45\" data-end=\"329\">Si farvel til ujevne eller klissete dumplings! Dumplingmakerformen hjelper deg med \u00e5 lage vakre, perfekt forseglede dampede boller hver gang. Sikker, holdbar og enkel \u00e5 bruke &#8211; det er det ideelle kj\u00f8kkenverkt\u00f8yet for hjemmelagde dumplings, boller eller fylte bakverk som familien din vil elske.<\/p>\n<p data-start=\"45\" data-end=\"329\"><img decoding=\"async\" class=\"size-full wp-image-38864 aligncenter\" src=\"https:\/\/keluvo.com\/template\/wp-content\/uploads\/sites\/5\/2025\/10\/10226-ezgif.com-video-to-webp-converter-1-1.webp\" alt=\"\" \/><\/p>\n<h2 style=\"text-align: center;\" data-start=\"336\" data-end=\"357\">\u2b50 Hovedfordeler<\/h2>\n<p data-start=\"360\" data-end=\"438\">\ud83d\udc69\u200d\ud83c\udf73 Enkel \u00e5 bruke &#8211; Form og forsegl perfekte dumplings p\u00e5 bare noen f\u00e5 trinn.<\/p>\n<p data-start=\"441\" data-end=\"527\">\ud83e\uddc1 Konsekvent resultat &#8211; Skaper jevnt store, vakkert formede boller hver gang.<\/p>\n<p data-start=\"530\" data-end=\"594\">\ud83e\uddfd Trygt og sunt &#8211; Laget av BPA-fri, matsikker PP-plast.<\/p>\n<p data-start=\"597\" data-end=\"666\">\ud83d\udcaa Slitesterk design &#8211; Lett, men likevel robust for langvarig bruk.<\/p>\n<p data-start=\"669\" data-end=\"744\">\ud83d\udd52 Tidsbesparende &#8211; Gj\u00f8r det raskt, morsomt og problemfritt \u00e5 tilberede dampede boller.<\/p>\n<p data-start=\"669\" data-end=\"744\"><img decoding=\"async\" class=\"size-full wp-image-38867 aligncenter\" src=\"https:\/\/keluvo.com\/template\/wp-content\/uploads\/sites\/5\/2025\/10\/Sb26ae830493e405c8d686cd7c5c262e5W.jpg_960x960q75.jpg_.avif\" alt=\"\" \/><\/p>\n<h3 style=\"text-align: center;\" data-start=\"751\" data-end=\"770\">\ud83e\ude84 Slik Bruker Du<\/h3>\n<ol data-start=\"771\" data-end=\"1072\">\n<li data-start=\"771\" data-end=\"848\">\n<p data-start=\"774\" data-end=\"848\">Plasser deigen p\u00e5 en flat overflate og trykk lett for \u00e5 danne en konkav form.<\/p>\n<\/li>\n<li data-start=\"849\" data-end=\"894\">\n<p data-start=\"852\" data-end=\"894\">Legg favorittfyllet ditt i midten.<\/p>\n<\/li>\n<li data-start=\"895\" data-end=\"937\">\n<p data-start=\"898\" data-end=\"937\">Legg den fylte deigen i formen.<\/p>\n<\/li>\n<li data-start=\"938\" data-end=\"998\">\n<p data-start=\"941\" data-end=\"998\">Trekk i den nederste delen av formen for \u00e5 presse og forme den.<\/p>\n<\/li>\n<li data-start=\"999\" data-end=\"1072\">\n<p data-start=\"1002\" data-end=\"1072\">Skyv opp for \u00e5 frigj\u00f8re bollen &#8211; din perfekte bolle er klar til \u00e5 steke!<\/p>\n<\/li>\n<\/ol>\n<h2 style=\"text-align: center;\" data-start=\"1079\" data-end=\"1103\">\ud83d\udccf Produktdetaljer<\/h2>\n<ul data-start=\"1104\" data-end=\"1309\">\n<li data-start=\"1104\" data-end=\"1162\">\n<p data-start=\"1106\" data-end=\"1162\">Materiale: PP-plast av matvarekvalitet (trygg og giftfri)<\/p>\n<\/li>\n<li data-start=\"1163\" data-end=\"1184\">\n<p data-start=\"1165\" data-end=\"1184\">Farge: Gr\u00f8nn, gul, rosa<\/p>\n<\/li>\n<li data-start=\"1185\" data-end=\"1247\">\n<p data-start=\"1187\" data-end=\"1247\">St\u00f8rrelse: Liten (7,5 x 7,5 x 4 cm), Stor (10,5 x 9,5 x 6,5 cm)<\/p>\n<\/li>\n<li data-start=\"1248\" data-end=\"1309\">\n<p data-start=\"1250\" data-end=\"1309\">Bruk til: Dampede boller, dumplings eller fylte bakverk<\/p>\n<\/li>\n<\/ul>\n<h2 style=\"text-align: center;\" data-start=\"1316\" data-end=\"1341\">\ud83d\udce6 Pakken inneholder<\/h2>\n<ul data-start=\"1342\" data-end=\"1374\">\n<li data-start=\"1342\" data-end=\"1374\">\n<p data-start=\"1344\" data-end=\"1374\">1x form til dumplingmaker.<\/p>\n<\/li>\n<\/ul>\n","protected":false},"excerpt":{"rendered":"<p>Lag Perfekte Dumplings P\u00e5 F\u00e5 Sekunder! \ud83e\udd5f Si farvel til ujevne eller klissete dumplings! Dumplingmakerformen hjelper deg med \u00e5 lage [&hellip;]<\/p>\n","protected":false},"featured_media":53747,"comment_status":"open","ping_status":"closed","template":"","meta":{"site-sidebar-layout":"default","site-content-layout":"","ast-site-content-layout":"default","site-content-style":"default","site-sidebar-style":"default","ast-global-header-display":"","ast-banner-title-visibility":"","ast-main-header-display":"","ast-hfb-above-header-display":"","ast-hfb-below-header-display":"","ast-hfb-mobile-header-display":"","site-post-title":"","ast-breadcrumbs-content":"","ast-featured-img":"","footer-sml-layout":"","theme-transparent-header-meta":"default","adv-header-id-meta":"","stick-header-meta":"","header-above-stick-meta":"","header-main-stick-meta":"","header-below-stick-meta":"","astra-migrate-meta-layouts":"set","ast-page-background-enabled":"default","ast-page-background-meta":{"desktop":{"background-color":"var(--ast-global-color-4)","background-image":"","background-repeat":"repeat","background-position":"center center","background-size":"auto","background-attachment":"scroll","background-type":"","background-media":"","overlay-type":"","overlay-color":"","overlay-opacity":"","overlay-gradient":""},"tablet":{"background-color":"","background-image":"","background-repeat":"repeat","background-position":"center center","background-size":"auto","background-attachment":"scroll","background-type":"","background-media":"","overlay-type":"","overlay-color":"","overlay-opacity":"","overlay-gradient":""},"mobile":{"background-color":"","background-image":"","background-repeat":"repeat","background-position":"center center","background-size":"auto","background-attachment":"scroll","background-type":"","background-media":"","overlay-type":"","overlay-color":"","overlay-opacity":"","overlay-gradient":""}},"ast-content-background-meta":{"desktop":{"background-color":"var(--ast-global-color-5)","background-image":"","background-repeat":"repeat","background-position":"center center","background-size":"auto","background-attachment":"scroll","background-type":"","background-media":"","overlay-type":"","overlay-color":"","overlay-opacity":"","overlay-gradient":""},"tablet":{"background-color":"var(--ast-global-color-5)","background-image":"","background-repeat":"repeat","background-position":"center center","background-size":"auto","background-attachment":"scroll","background-type":"","background-media":"","overlay-type":"","overlay-color":"","overlay-opacity":"","overlay-gradient":""},"mobile":{"background-color":"var(--ast-global-color-5)","background-image":"","background-repeat":"repeat","background-position":"center center","background-size":"auto","background-attachment":"scroll","background-type":"","background-media":"","overlay-type":"","overlay-color":"","overlay-opacity":"","overlay-gradient":""}}},"product_brand":[],"product_cat":[1001],"product_tag":[],"class_list":{"0":"post-53748","1":"product","2":"type-product","3":"status-publish","4":"has-post-thumbnail","6":"product_cat-husholdningsartikler","7":"pa_23557_qrrhpqes-liten","8":"pa_23557_qrrhpqes-stor","9":"pa_23557_v3yqzxfl-gronn","10":"pa_23557_v3yqzxfl-gul","11":"pa_23557_v3yqzxfl-rosa","12":"desktop-align-left","13":"tablet-align-left","14":"mobile-align-left","16":"first","17":"instock","18":"shipping-taxable","19":"purchasable","20":"product-type-variable","21":"has-default-attributes"},"_links":{"self":[{"href":"https:\/\/keluvo.com\/no\/wp-json\/wp\/v2\/product\/53748","targetHints":{"allow":["GET"]}}],"collection":[{"href":"https:\/\/keluvo.com\/no\/wp-json\/wp\/v2\/product"}],"about":[{"href":"https:\/\/keluvo.com\/no\/wp-json\/wp\/v2\/types\/product"}],"replies":[{"embeddable":true,"href":"https:\/\/keluvo.com\/no\/wp-json\/wp\/v2\/comments?post=53748"}],"wp:featuredmedia":[{"embeddable":true,"href":"https:\/\/keluvo.com\/no\/wp-json\/wp\/v2\/media\/53747"}],"wp:attachment":[{"href":"https:\/\/keluvo.com\/no\/wp-json\/wp\/v2\/media?parent=53748"}],"wp:term":[{"taxonomy":"product_brand","embeddable":true,"href":"https:\/\/keluvo.com\/no\/wp-json\/wp\/v2\/product_brand?post=53748"},{"taxonomy":"product_cat","embeddable":true,"href":"https:\/\/keluvo.com\/no\/wp-json\/wp\/v2\/product_cat?post=53748"},{"taxonomy":"product_tag","embeddable":true,"href":"https:\/\/keluvo.com\/no\/wp-json\/wp\/v2\/product_tag?post=53748"}],"curies":[{"name":"wp","href":"https:\/\/api.w.org\/{rel}","templated":true}]}}