{"id":53724,"date":"2025-11-05T10:43:04","date_gmt":"2025-11-05T08:43:04","guid":{"rendered":"https:\/\/keluvo.com\/no\/produkt\/maskespill-med-frosketunge\/"},"modified":"2025-11-05T13:49:51","modified_gmt":"2025-11-05T11:49:51","slug":"maskespill-med-frosketunge","status":"publish","type":"product","link":"https:\/\/keluvo.com\/no\/produkt\/maskespill-med-frosketunge\/","title":{"rendered":"Maskespill med frosketunge"},"content":{"rendered":"<p style=\"text-align: center;\" data-start=\"0\" data-end=\"105\"><strong>Fang Insekter, Kappl\u00f8p Med Vennene Dine Og Ha Endel\u00f8s Familiemoro &#8211; Med En T\u00e5pelig Frosketunge-Twist! \ud83d\udc38\ud83d\udc45\ud83c\udfaf<\/strong><\/p>\n<p style=\"text-align: center;\" data-start=\"107\" data-end=\"394\">Frosketungemaskespillet forvandler spillerne til sultne frosker som l\u00f8per om kapp for \u00e5 sl\u00e5 ned insekter med en morsom klissete tunge. Det er et fartsfylt, lattermildt spill som bygger h\u00e5nd-\u00f8ye-koordinasjon, tallgjenkjenning, fokus og fantasi &#8211; perfekt for barn, familier og festspillelskere.<\/p>\n<p data-start=\"107\" data-end=\"394\"><img decoding=\"async\" class=\"size-full wp-image-39374 aligncenter\" src=\"https:\/\/keluvo.com\/template\/wp-content\/uploads\/sites\/5\/2025\/10\/102215-ezgif.com-video-to-webp-converter.webp\" alt=\"\" \/><\/p>\n<h2 style=\"text-align: center;\" data-start=\"396\" data-end=\"417\">\u2705 Hovedfordeler<\/h2>\n<p data-start=\"420\" data-end=\"492\">\ud83c\udfaf \u00d8ker h\u00e5nd-\u00f8ye-koordinasjonen &#8211; sikt, bl\u00e5s og fang insektene.<\/p>\n<p data-start=\"495\" data-end=\"568\">\ud83d\udd22 St\u00f8tter tidlig l\u00e6ring &#8211; forbedrer tallgjenkjenning og telling.<\/p>\n<p data-start=\"571\" data-end=\"651\">\ud83c\udf3f Utforsk naturen p\u00e5 en leken m\u00e5te &#8211; introduserer insekter og sm\u00e5kryp p\u00e5 en morsom m\u00e5te.<\/p>\n<p data-start=\"654\" data-end=\"720\">\ud83e\udd23 Morsomt for alle aldre &#8211; fjollete masker og rask handling.<\/p>\n<p data-start=\"723\" data-end=\"809\">\ud83d\udc68\u200d\ud83d\udc69\u200d\ud83d\udc67\u200d\ud83d\udc66 Flott familiespill &#8211; perfekt for 2+ spillere, fester og spillkvelder.<\/p>\n<p data-start=\"812\" data-end=\"881\">\ud83e\udde0 Oppmuntrer til fokus og strategi &#8211; sikt raskt, tenk fort, vinn stort.<\/p>\n<p data-start=\"812\" data-end=\"881\"><img decoding=\"async\" class=\"size-full wp-image-39369 aligncenter\" src=\"https:\/\/keluvo.com\/template\/wp-content\/uploads\/sites\/5\/2025\/10\/spp_shopify20251016172949_92952f1b421088ebaf4b791a976bee36_6eca6923-b95f-4e83-9e42-4a9967bbaa5f.webp\" alt=\"\" \/><\/p>\n<h2 style=\"text-align: center;\" data-start=\"883\" data-end=\"903\">\ud83d\udee0\ufe0f Slik Bruker Du Spillet<\/h2>\n<ol data-start=\"904\" data-end=\"1099\">\n<li data-start=\"904\" data-end=\"930\">\n<p data-start=\"907\" data-end=\"930\">Ta p\u00e5 deg froskemasken.<\/p>\n<\/li>\n<li data-start=\"931\" data-end=\"984\">\n<p data-start=\"934\" data-end=\"984\">Legg insektkortene st\u00e5ende p\u00e5 bordet.<\/p>\n<\/li>\n<li data-start=\"985\" data-end=\"1042\">\n<p data-start=\"988\" data-end=\"1042\">Pust inn i masker\u00f8ret for \u00e5 sende ut den klissete tungen.<\/p>\n<\/li>\n<li data-start=\"1043\" data-end=\"1099\">\n<p data-start=\"1046\" data-end=\"1099\">Sl\u00e5 ned kortene for \u00e5 samle dem &#8211; flest kort vinner!<\/p>\n<\/li>\n<\/ol>\n<h2 style=\"text-align: center;\" data-start=\"1101\" data-end=\"1125\">\ud83d\udccf Produktdetaljer<\/h2>\n<ul data-start=\"1126\" data-end=\"1318\">\n<li data-start=\"1126\" data-end=\"1173\">\n<p data-start=\"1128\" data-end=\"1173\">Materiale: Barnesikker, giftfri ABS-plast<\/p>\n<\/li>\n<li data-start=\"1174\" data-end=\"1207\">\n<p data-start=\"1176\" data-end=\"1207\">Farge: Gr\u00f8nn froskemaskedesign<\/p>\n<\/li>\n<li data-start=\"1208\" data-end=\"1264\">\n<p data-start=\"1210\" data-end=\"1264\">For aldre: Flott for barn og familier (anbefalt 3+)<\/p>\n<\/li>\n<li data-start=\"1265\" data-end=\"1318\">\n<p data-start=\"1267\" data-end=\"1318\">Bruk: Familiekvelder, fester, klasserom, lek<\/p>\n<\/li>\n<\/ul>\n<h2 style=\"text-align: center;\" data-start=\"1320\" data-end=\"1345\">\ud83d\udce6 Pakken inneholder<\/h2>\n<ul data-start=\"1346\" data-end=\"1446\">\n<li data-start=\"1346\" data-end=\"1394\">\n<p data-start=\"1348\" data-end=\"1394\">1, 2x frosketunge maske spill sett.<\/p>\n<\/li>\n<\/ul>\n","protected":false},"excerpt":{"rendered":"<p>Fang Insekter, Kappl\u00f8p Med Vennene Dine Og Ha Endel\u00f8s Familiemoro &#8211; Med En T\u00e5pelig Frosketunge-Twist! \ud83d\udc38\ud83d\udc45\ud83c\udfaf Frosketungemaskespillet forvandler spillerne til [&hellip;]<\/p>\n","protected":false},"featured_media":53721,"comment_status":"open","ping_status":"closed","template":"","meta":{"site-sidebar-layout":"default","site-content-layout":"","ast-site-content-layout":"default","site-content-style":"default","site-sidebar-style":"default","ast-global-header-display":"","ast-banner-title-visibility":"","ast-main-header-display":"","ast-hfb-above-header-display":"","ast-hfb-below-header-display":"","ast-hfb-mobile-header-display":"","site-post-title":"","ast-breadcrumbs-content":"","ast-featured-img":"","footer-sml-layout":"","theme-transparent-header-meta":"default","adv-header-id-meta":"","stick-header-meta":"","header-above-stick-meta":"","header-main-stick-meta":"","header-below-stick-meta":"","astra-migrate-meta-layouts":"set","ast-page-background-enabled":"default","ast-page-background-meta":{"desktop":{"background-color":"var(--ast-global-color-4)","background-image":"","background-repeat":"repeat","background-position":"center center","background-size":"auto","background-attachment":"scroll","background-type":"","background-media":"","overlay-type":"","overlay-color":"","overlay-opacity":"","overlay-gradient":""},"tablet":{"background-color":"","background-image":"","background-repeat":"repeat","background-position":"center center","background-size":"auto","background-attachment":"scroll","background-type":"","background-media":"","overlay-type":"","overlay-color":"","overlay-opacity":"","overlay-gradient":""},"mobile":{"background-color":"","background-image":"","background-repeat":"repeat","background-position":"center center","background-size":"auto","background-attachment":"scroll","background-type":"","background-media":"","overlay-type":"","overlay-color":"","overlay-opacity":"","overlay-gradient":""}},"ast-content-background-meta":{"desktop":{"background-color":"var(--ast-global-color-5)","background-image":"","background-repeat":"repeat","background-position":"center center","background-size":"auto","background-attachment":"scroll","background-type":"","background-media":"","overlay-type":"","overlay-color":"","overlay-opacity":"","overlay-gradient":""},"tablet":{"background-color":"var(--ast-global-color-5)","background-image":"","background-repeat":"repeat","background-position":"center center","background-size":"auto","background-attachment":"scroll","background-type":"","background-media":"","overlay-type":"","overlay-color":"","overlay-opacity":"","overlay-gradient":""},"mobile":{"background-color":"var(--ast-global-color-5)","background-image":"","background-repeat":"repeat","background-position":"center center","background-size":"auto","background-attachment":"scroll","background-type":"","background-media":"","overlay-type":"","overlay-color":"","overlay-opacity":"","overlay-gradient":""}}},"product_brand":[],"product_cat":[990],"product_tag":[],"class_list":{"0":"post-53724","1":"product","2":"type-product","3":"status-publish","4":"has-post-thumbnail","6":"product_cat-leker-barne-og-babyprodukter","7":"pa_49631_o4e1z34s-1-sett","8":"pa_49631_o4e1z34s-2-sett","9":"desktop-align-left","10":"tablet-align-left","11":"mobile-align-left","13":"first","14":"instock","15":"shipping-taxable","16":"purchasable","17":"product-type-variable"},"_links":{"self":[{"href":"https:\/\/keluvo.com\/no\/wp-json\/wp\/v2\/product\/53724","targetHints":{"allow":["GET"]}}],"collection":[{"href":"https:\/\/keluvo.com\/no\/wp-json\/wp\/v2\/product"}],"about":[{"href":"https:\/\/keluvo.com\/no\/wp-json\/wp\/v2\/types\/product"}],"replies":[{"embeddable":true,"href":"https:\/\/keluvo.com\/no\/wp-json\/wp\/v2\/comments?post=53724"}],"wp:featuredmedia":[{"embeddable":true,"href":"https:\/\/keluvo.com\/no\/wp-json\/wp\/v2\/media\/53721"}],"wp:attachment":[{"href":"https:\/\/keluvo.com\/no\/wp-json\/wp\/v2\/media?parent=53724"}],"wp:term":[{"taxonomy":"product_brand","embeddable":true,"href":"https:\/\/keluvo.com\/no\/wp-json\/wp\/v2\/product_brand?post=53724"},{"taxonomy":"product_cat","embeddable":true,"href":"https:\/\/keluvo.com\/no\/wp-json\/wp\/v2\/product_cat?post=53724"},{"taxonomy":"product_tag","embeddable":true,"href":"https:\/\/keluvo.com\/no\/wp-json\/wp\/v2\/product_tag?post=53724"}],"curies":[{"name":"wp","href":"https:\/\/api.w.org\/{rel}","templated":true}]}}