{"id":53705,"date":"2025-11-05T10:41:51","date_gmt":"2025-11-05T08:41:51","guid":{"rendered":"https:\/\/keluvo.com\/no\/produkt\/multifunksjonell-pilleskjaerer\/"},"modified":"2025-11-11T11:25:59","modified_gmt":"2025-11-11T09:25:59","slug":"multifunksjonell-pilleskjaerer","status":"publish","type":"product","link":"https:\/\/keluvo.com\/no\/produkt\/multifunksjonell-pilleskjaerer\/","title":{"rendered":"Multifunksjonell pilleskj\u00e6rer"},"content":{"rendered":"<p style=\"text-align: center;\" data-start=\"0\" data-end=\"97\"><strong>Kutt Piller Trygt Og N\u00f8yaktig \u2014 Ingen Smuldring, Ikke Noe S\u00f8l, Bare Perfekte Porsjoner Hver Gang. \ud83d\udc8a\u2702\ufe0f<\/strong><\/p>\n<p style=\"text-align: center;\" data-start=\"99\" data-end=\"372\">Dette multifunksjonelle pilleskj\u00e6rer gj\u00f8r det enkelt \u00e5 dele tabletter i halve eller kvarte deler, slik at du kan kontrollere doseringen til deg selv, familiemedlemmer eller kj\u00e6ledyr. Den er kompakt og reisevennlig og fungerer ogs\u00e5 som en pilleholder, noe som gj\u00f8r det enkelt \u00e5 holde orden p\u00e5 medisinene hjemme eller p\u00e5 farten.<\/p>\n<p data-start=\"99\" data-end=\"372\"><img decoding=\"async\" class=\"size-full wp-image-39353 aligncenter\" src=\"https:\/\/keluvo.com\/template\/wp-content\/uploads\/sites\/5\/2025\/10\/S01187f267d4245a99cfb491178266f90L.jpg_960x960q75.jpg_.avif\" alt=\"\" \/><\/p>\n<h2 style=\"text-align: center;\" data-start=\"374\" data-end=\"395\"><strong>Hovedfordeler<\/strong><\/h2>\n<p data-start=\"398\" data-end=\"466\">\ud83c\udfaf Presis kutting &#8211; kutter pillene i 1\/2 eller 1\/4 del.<\/p>\n<p data-start=\"469\" data-end=\"583\">\ud83d\udc75\ud83d\udc76 Passer for alle aldre &#8211; perfekt for eldre, barn, kj\u00e6ledyr og alle som har problemer med \u00e5 svelge hele piller.<\/p>\n<p data-start=\"586\" data-end=\"647\">\ud83d\udc36\ud83d\udc31 Kj\u00e6ledyrvennlig &#8211; ideell til \u00e5 dele opp medisiner til kj\u00e6ledyr.<\/p>\n<p data-start=\"650\" data-end=\"732\">\ud83d\udc5c B\u00e6rbar og kompakt &#8211; passer i vesken, lommen, reisevesken eller pilleorganisatoren.<\/p>\n<p data-start=\"735\" data-end=\"809\">\ud83d\udcbc Daglig bekvemmelighet &#8211; bruk hjemme, p\u00e5 kontoret, p\u00e5 reise eller utend\u00f8rs.<\/p>\n<p data-start=\"812\" data-end=\"864\">\ud83e\uddf4 Innebygd oppbevaring &#8211; oppbevar pillene pent p\u00e5 innsiden.<\/p>\n<p data-start=\"812\" data-end=\"864\"><img decoding=\"async\" class=\"size-full wp-image-39352 aligncenter\" src=\"https:\/\/keluvo.com\/template\/wp-content\/uploads\/sites\/5\/2025\/10\/S73c29b39d6fb4346be47f664f3a44881F.jpg_960x960q75.jpg_.avif\" alt=\"\" \/><\/p>\n<h2 style=\"text-align: center;\" data-start=\"866\" data-end=\"886\"><strong>Slik Bruker Du Den<\/strong><\/h2>\n<ol data-start=\"887\" data-end=\"1080\">\n<li data-start=\"887\" data-end=\"913\">\n<p data-start=\"890\" data-end=\"913\">\u00c5pne pillekutteren.<\/p>\n<\/li>\n<li data-start=\"914\" data-end=\"956\">\n<p data-start=\"917\" data-end=\"956\">Legg pillen i midtsporet.<\/p>\n<\/li>\n<li data-start=\"957\" data-end=\"1014\">\n<p data-start=\"960\" data-end=\"1014\">Lukk lokket godt for \u00e5 kutte i halvdeler eller fjerdedeler.<\/p>\n<\/li>\n<li data-start=\"1015\" data-end=\"1080\">\n<p data-start=\"1018\" data-end=\"1080\">Fjern pillebitene og oppbevar dem p\u00e5 innsiden eller ta dem med en gang.<\/p>\n<\/li>\n<\/ol>\n<h2 style=\"text-align: center;\" data-start=\"1082\" data-end=\"1106\"><strong>Produktdetaljer<\/strong><\/h2>\n<ul data-start=\"1107\" data-end=\"1260\">\n<li data-start=\"1107\" data-end=\"1129\">\n<p data-start=\"1109\" data-end=\"1129\">Materiale: ABS + PC<\/p>\n<\/li>\n<li data-start=\"1130\" data-end=\"1169\">\n<p data-start=\"1132\" data-end=\"1169\">Farge: Hvit, svart, bl\u00e5<\/p>\n<\/li>\n<li data-start=\"1130\" data-end=\"1169\">\n<p data-start=\"1132\" data-end=\"1169\">Stil: Halver, kvart\u00e9r<\/p>\n<\/li>\n<li data-start=\"1130\" data-end=\"1169\">\n<p data-start=\"1132\" data-end=\"1169\">Funksjon: Pilleskj\u00e6rer + pilleoppbevaring<\/p>\n<\/li>\n<li data-start=\"1211\" data-end=\"1260\">\n<p data-start=\"1213\" data-end=\"1260\">St\u00f8rrelse: 8,5 x 4,5 x 2,3 cm<\/p>\n<\/li>\n<\/ul>\n<h2 style=\"text-align: center;\" data-start=\"1262\" data-end=\"1287\"><strong>Pakken inkluderer<\/strong><\/h2>\n<ul data-start=\"1288\" data-end=\"1323\">\n<li data-start=\"1288\" data-end=\"1323\">\n<p data-start=\"1290\" data-end=\"1323\">1x multifunksjonell pilleskj\u00e6rer.<\/p>\n<\/li>\n<\/ul>\n","protected":false},"excerpt":{"rendered":"<p>Kutt Piller Trygt Og N\u00f8yaktig \u2014 Ingen Smuldring, Ikke Noe S\u00f8l, Bare Perfekte Porsjoner Hver Gang. \ud83d\udc8a\u2702\ufe0f Dette multifunksjonelle pilleskj\u00e6rer [&hellip;]<\/p>\n","protected":false},"featured_media":53703,"comment_status":"open","ping_status":"closed","template":"","meta":{"site-sidebar-layout":"default","site-content-layout":"","ast-site-content-layout":"default","site-content-style":"default","site-sidebar-style":"default","ast-global-header-display":"","ast-banner-title-visibility":"","ast-main-header-display":"","ast-hfb-above-header-display":"","ast-hfb-below-header-display":"","ast-hfb-mobile-header-display":"","site-post-title":"","ast-breadcrumbs-content":"","ast-featured-img":"","footer-sml-layout":"","theme-transparent-header-meta":"default","adv-header-id-meta":"","stick-header-meta":"","header-above-stick-meta":"","header-main-stick-meta":"","header-below-stick-meta":"","astra-migrate-meta-layouts":"set","ast-page-background-enabled":"default","ast-page-background-meta":{"desktop":{"background-color":"var(--ast-global-color-4)","background-image":"","background-repeat":"repeat","background-position":"center center","background-size":"auto","background-attachment":"scroll","background-type":"","background-media":"","overlay-type":"","overlay-color":"","overlay-opacity":"","overlay-gradient":""},"tablet":{"background-color":"","background-image":"","background-repeat":"repeat","background-position":"center center","background-size":"auto","background-attachment":"scroll","background-type":"","background-media":"","overlay-type":"","overlay-color":"","overlay-opacity":"","overlay-gradient":""},"mobile":{"background-color":"","background-image":"","background-repeat":"repeat","background-position":"center center","background-size":"auto","background-attachment":"scroll","background-type":"","background-media":"","overlay-type":"","overlay-color":"","overlay-opacity":"","overlay-gradient":""}},"ast-content-background-meta":{"desktop":{"background-color":"var(--ast-global-color-5)","background-image":"","background-repeat":"repeat","background-position":"center center","background-size":"auto","background-attachment":"scroll","background-type":"","background-media":"","overlay-type":"","overlay-color":"","overlay-opacity":"","overlay-gradient":""},"tablet":{"background-color":"var(--ast-global-color-5)","background-image":"","background-repeat":"repeat","background-position":"center center","background-size":"auto","background-attachment":"scroll","background-type":"","background-media":"","overlay-type":"","overlay-color":"","overlay-opacity":"","overlay-gradient":""},"mobile":{"background-color":"var(--ast-global-color-5)","background-image":"","background-repeat":"repeat","background-position":"center center","background-size":"auto","background-attachment":"scroll","background-type":"","background-media":"","overlay-type":"","overlay-color":"","overlay-opacity":"","overlay-gradient":""}}},"product_brand":[],"product_cat":[991,1001],"product_tag":[],"class_list":{"0":"post-53705","1":"product","2":"type-product","3":"status-publish","4":"has-post-thumbnail","6":"product_cat-helseprodukter","7":"product_cat-husholdningsartikler","8":"pa_49622_a8z32kyf-halve","9":"pa_49622_a8z32kyf-innkvartering","10":"pa_49622_dfzf4ctp-bla","11":"pa_49622_dfzf4ctp-hvit","12":"pa_49622_dfzf4ctp-svart","13":"desktop-align-left","14":"tablet-align-left","15":"mobile-align-left","17":"first","18":"instock","19":"shipping-taxable","20":"purchasable","21":"product-type-variable","22":"has-default-attributes"},"_links":{"self":[{"href":"https:\/\/keluvo.com\/no\/wp-json\/wp\/v2\/product\/53705","targetHints":{"allow":["GET"]}}],"collection":[{"href":"https:\/\/keluvo.com\/no\/wp-json\/wp\/v2\/product"}],"about":[{"href":"https:\/\/keluvo.com\/no\/wp-json\/wp\/v2\/types\/product"}],"replies":[{"embeddable":true,"href":"https:\/\/keluvo.com\/no\/wp-json\/wp\/v2\/comments?post=53705"}],"wp:featuredmedia":[{"embeddable":true,"href":"https:\/\/keluvo.com\/no\/wp-json\/wp\/v2\/media\/53703"}],"wp:attachment":[{"href":"https:\/\/keluvo.com\/no\/wp-json\/wp\/v2\/media?parent=53705"}],"wp:term":[{"taxonomy":"product_brand","embeddable":true,"href":"https:\/\/keluvo.com\/no\/wp-json\/wp\/v2\/product_brand?post=53705"},{"taxonomy":"product_cat","embeddable":true,"href":"https:\/\/keluvo.com\/no\/wp-json\/wp\/v2\/product_cat?post=53705"},{"taxonomy":"product_tag","embeddable":true,"href":"https:\/\/keluvo.com\/no\/wp-json\/wp\/v2\/product_tag?post=53705"}],"curies":[{"name":"wp","href":"https:\/\/api.w.org\/{rel}","templated":true}]}}