{"id":53685,"date":"2025-11-05T10:39:31","date_gmt":"2025-11-05T08:39:31","guid":{"rendered":"https:\/\/keluvo.com\/no\/produkt\/sklisikre-klips-til-dynetrekk-30-par\/"},"modified":"2025-11-05T13:43:23","modified_gmt":"2025-11-05T11:43:23","slug":"sklisikre-klips-til-dynetrekk-30-par","status":"publish","type":"product","link":"https:\/\/keluvo.com\/no\/produkt\/sklisikre-klips-til-dynetrekk-30-par\/","title":{"rendered":"Sklisikre klips til dynetrekk (30 par)"},"content":{"rendered":"<p style=\"text-align: center;\" data-start=\"0\" data-end=\"78\"><strong>Hold Dynen P\u00e5 Plass Hele Natten \u2014 Uten At Den Sklir, Glir Eller Kr\u00f8ller Seg. \ud83d\udecf\ufe0f\u2728<\/strong><\/p>\n<p style=\"text-align: center;\" data-start=\"80\" data-end=\"303\">Dette sklisikre dynetrekket festes til dynetrekket med klips, slik at senget\u00f8yet holder seg glatt, komfortabelt og perfekt justert. Ikke mer \u00e5 v\u00e5kne opp til sammenfiltrede tepper &#8211; bare en ryddig, koselig seng hver morgen.<\/p>\n<p data-start=\"80\" data-end=\"303\"><img decoding=\"async\" class=\"size-full wp-image-39333 aligncenter\" src=\"https:\/\/keluvo.com\/template\/wp-content\/uploads\/sites\/5\/2025\/10\/spp_20250312153442_9eaefdfa68655a9ed16d2292cc566680.webp\" alt=\"\" \/><\/p>\n<h2 style=\"text-align: center;\" data-start=\"305\" data-end=\"326\">\u2705 Hovedfordeler<\/h2>\n<p data-start=\"329\" data-end=\"404\">\ud83d\udca4 Stopper dyneforskyvning &#8211; holder dynen fast inne i trekket.<\/p>\n<p data-start=\"407\" data-end=\"463\">\ud83d\udd12 Sterkt trykknapp &#8211; sikkert og langvarig grep.<\/p>\n<p data-start=\"466\" data-end=\"541\">\ud83e\udeb6 Lett og kompakt &#8211; ingen ekstra bulk eller ubehag mens du sover.<\/p>\n<p data-start=\"544\" data-end=\"610\">\ud83c\udfa8 Fargevariasjon &#8211; smelter sammen med senget\u00f8yet ditt for et rent utseende.<\/p>\n<p data-start=\"613\" data-end=\"678\">\ud83c\udf0e Universell passform &#8211; passer til alle dynest\u00f8rrelser og materialer.<\/p>\n<p data-start=\"681\" data-end=\"748\">\u2699\ufe0f Slitesterkt materiale &#8211; varmebestandig, trygt og bygget for \u00e5 vare.<\/p>\n<p data-start=\"681\" data-end=\"748\"><img decoding=\"async\" class=\"size-full wp-image-39332 aligncenter\" src=\"https:\/\/keluvo.com\/template\/wp-content\/uploads\/sites\/5\/2025\/10\/spp_20250312153447_8c92c5d0b3200df9b7dc79e6ab8f4b9a.webp\" alt=\"\" \/><\/p>\n<h2 style=\"text-align: center;\" data-start=\"750\" data-end=\"770\">\ud83d\udee0\ufe0f Slik Bruker Du Det<\/h2>\n<ol data-start=\"771\" data-end=\"957\">\n<li data-start=\"771\" data-end=\"812\">\n<p data-start=\"774\" data-end=\"812\">Legg dynen og dynetrekket flatt.<\/p>\n<\/li>\n<li data-start=\"813\" data-end=\"852\">\n<p data-start=\"816\" data-end=\"852\">Legg dynen inn i trekket.<\/p>\n<\/li>\n<li data-start=\"853\" data-end=\"906\">\n<p data-start=\"856\" data-end=\"906\">Fest en trykknapp i hvert hj\u00f8rne eller langs kantene.<\/p>\n<\/li>\n<li data-start=\"907\" data-end=\"957\">\n<p data-start=\"910\" data-end=\"957\">Trykk for \u00e5 l\u00e5se &#8211; og nyt en skiftfri s\u00f8vn!<\/p>\n<\/li>\n<\/ol>\n<h2 style=\"text-align: center;\" data-start=\"959\" data-end=\"983\">\ud83d\udccf Produktdetaljer<\/h2>\n<ul data-start=\"984\" data-end=\"1211\">\n<li data-start=\"984\" data-end=\"1019\">\n<p data-start=\"986\" data-end=\"1019\">Materiale: PP + ikke-vevd stoff<\/p>\n<\/li>\n<li data-start=\"1020\" data-end=\"1072\">\n<p data-start=\"1022\" data-end=\"1072\">St\u00f8rrelse (hver klips): 4,5 x 0,9 cm<\/p>\n<\/li>\n<li data-start=\"1073\" data-end=\"1132\">\n<p data-start=\"1075\" data-end=\"1132\">Kvantitet: 30 par (nok til hj\u00f8rner + ekstra st\u00f8tte)<\/p>\n<\/li>\n<li data-start=\"1133\" data-end=\"1165\">\n<p data-start=\"1135\" data-end=\"1165\">Varmebestandighet: Opp til 105 \u00b0C<\/p>\n<\/li>\n<li data-start=\"1166\" data-end=\"1211\">\n<p data-start=\"1168\" data-end=\"1211\">Bruk: Dyner, dyner, dyner, tepper<\/p>\n<\/li>\n<\/ul>\n<h2 style=\"text-align: center;\" data-start=\"1213\" data-end=\"1238\">\ud83d\udce6 Pakken inneholder<\/h2>\n<ul data-start=\"1239\" data-end=\"1288\">\n<li data-start=\"1239\" data-end=\"1288\">\n<p data-start=\"1241\" data-end=\"1288\">30x par sklisikre klips til dynetrekk (60 stk).<\/p>\n<\/li>\n<\/ul>\n","protected":false},"excerpt":{"rendered":"<p>Hold Dynen P\u00e5 Plass Hele Natten \u2014 Uten At Den Sklir, Glir Eller Kr\u00f8ller Seg. \ud83d\udecf\ufe0f\u2728 Dette sklisikre dynetrekket festes [&hellip;]<\/p>\n","protected":false},"featured_media":53682,"comment_status":"open","ping_status":"closed","template":"","meta":{"site-sidebar-layout":"default","site-content-layout":"","ast-site-content-layout":"default","site-content-style":"default","site-sidebar-style":"default","ast-global-header-display":"","ast-banner-title-visibility":"","ast-main-header-display":"","ast-hfb-above-header-display":"","ast-hfb-below-header-display":"","ast-hfb-mobile-header-display":"","site-post-title":"","ast-breadcrumbs-content":"","ast-featured-img":"","footer-sml-layout":"","theme-transparent-header-meta":"default","adv-header-id-meta":"","stick-header-meta":"","header-above-stick-meta":"","header-main-stick-meta":"","header-below-stick-meta":"","astra-migrate-meta-layouts":"set","ast-page-background-enabled":"default","ast-page-background-meta":{"desktop":{"background-color":"var(--ast-global-color-4)","background-image":"","background-repeat":"repeat","background-position":"center center","background-size":"auto","background-attachment":"scroll","background-type":"","background-media":"","overlay-type":"","overlay-color":"","overlay-opacity":"","overlay-gradient":""},"tablet":{"background-color":"","background-image":"","background-repeat":"repeat","background-position":"center center","background-size":"auto","background-attachment":"scroll","background-type":"","background-media":"","overlay-type":"","overlay-color":"","overlay-opacity":"","overlay-gradient":""},"mobile":{"background-color":"","background-image":"","background-repeat":"repeat","background-position":"center center","background-size":"auto","background-attachment":"scroll","background-type":"","background-media":"","overlay-type":"","overlay-color":"","overlay-opacity":"","overlay-gradient":""}},"ast-content-background-meta":{"desktop":{"background-color":"var(--ast-global-color-5)","background-image":"","background-repeat":"repeat","background-position":"center center","background-size":"auto","background-attachment":"scroll","background-type":"","background-media":"","overlay-type":"","overlay-color":"","overlay-opacity":"","overlay-gradient":""},"tablet":{"background-color":"var(--ast-global-color-5)","background-image":"","background-repeat":"repeat","background-position":"center center","background-size":"auto","background-attachment":"scroll","background-type":"","background-media":"","overlay-type":"","overlay-color":"","overlay-opacity":"","overlay-gradient":""},"mobile":{"background-color":"var(--ast-global-color-5)","background-image":"","background-repeat":"repeat","background-position":"center center","background-size":"auto","background-attachment":"scroll","background-type":"","background-media":"","overlay-type":"","overlay-color":"","overlay-opacity":"","overlay-gradient":""}}},"product_brand":[],"product_cat":[1001],"product_tag":[],"class_list":{"0":"post-53685","1":"product","2":"type-product","3":"status-publish","4":"has-post-thumbnail","6":"product_cat-husholdningsartikler","7":"desktop-align-left","8":"tablet-align-left","9":"mobile-align-left","11":"first","12":"instock","13":"shipping-taxable","14":"purchasable","15":"product-type-simple"},"_links":{"self":[{"href":"https:\/\/keluvo.com\/no\/wp-json\/wp\/v2\/product\/53685","targetHints":{"allow":["GET"]}}],"collection":[{"href":"https:\/\/keluvo.com\/no\/wp-json\/wp\/v2\/product"}],"about":[{"href":"https:\/\/keluvo.com\/no\/wp-json\/wp\/v2\/types\/product"}],"replies":[{"embeddable":true,"href":"https:\/\/keluvo.com\/no\/wp-json\/wp\/v2\/comments?post=53685"}],"wp:featuredmedia":[{"embeddable":true,"href":"https:\/\/keluvo.com\/no\/wp-json\/wp\/v2\/media\/53682"}],"wp:attachment":[{"href":"https:\/\/keluvo.com\/no\/wp-json\/wp\/v2\/media?parent=53685"}],"wp:term":[{"taxonomy":"product_brand","embeddable":true,"href":"https:\/\/keluvo.com\/no\/wp-json\/wp\/v2\/product_brand?post=53685"},{"taxonomy":"product_cat","embeddable":true,"href":"https:\/\/keluvo.com\/no\/wp-json\/wp\/v2\/product_cat?post=53685"},{"taxonomy":"product_tag","embeddable":true,"href":"https:\/\/keluvo.com\/no\/wp-json\/wp\/v2\/product_tag?post=53685"}],"curies":[{"name":"wp","href":"https:\/\/api.w.org\/{rel}","templated":true}]}}