{"id":5366,"date":"2024-11-15T11:51:35","date_gmt":"2024-11-15T09:51:35","guid":{"rendered":"https:\/\/keluvo.com\/no\/produkt\/undertoy-uten-skritt\/"},"modified":"2024-11-18T13:52:34","modified_gmt":"2024-11-18T11:52:34","slug":"undertoy-uten-skritt","status":"publish","type":"product","link":"https:\/\/keluvo.com\/no\/produkt\/undertoy-uten-skritt\/","title":{"rendered":"Undert\u00f8y uten skritt"},"content":{"rendered":"<h2 style=\"text-align: center;\"><strong>Elegant blondedesign<\/strong><\/h2>\n<p style=\"text-align: center;\">Dette skrittl\u00f8se undert\u00f8yssettet er laget med delikate blonder, noe som gir det et luksuri\u00f8st og feminint utseende. Blonderingene tilf\u00f8rer et snev av eleganse og sjarm, noe som gj\u00f8r det til et perfekt valg for spesielle anledninger eller intime \u00f8yeblikk. Dette plagget er tilgjengelig i ulike farger, og kombinerer stil med komfort.<\/p>\n<p><img decoding=\"async\" class=\"alignnone size-medium wp-image-2931 aligncenter\" src=\"https:\/\/keluvo.com\/template\/wp-content\/uploads\/sites\/5\/2024\/11\/4adbaf23-6e1c-4807-8b31-2917c9524192.webp\" alt=\"\" \/><\/p>\n<h2 style=\"text-align: center;\"><strong>Mykt og elastisk materiale<\/strong><\/h2>\n<p style=\"text-align: center;\">Laget av en blanding av polyester og spandex, gir dette undert\u00f8yet en myk og elastisk passform som beveger seg med kroppen din. Det lette materialet puster og er behagelig \u00e5 ha p\u00e5 hele natten, og gir en tettsittende, men fleksibel passform for ulike kroppstyper.<\/p>\n<p><img decoding=\"async\" class=\"alignnone size-medium wp-image-2935 aligncenter\" src=\"https:\/\/keluvo.com\/template\/wp-content\/uploads\/sites\/5\/2024\/11\/S21f0c026b7c4457cbc8074520f25994eS.jpg_640x640.jpg_.png\" alt=\"\" \/><\/p>\n<h2><\/h2>\n<h2 style=\"text-align: center;\"><strong>St\u00f8rrelsene p\u00e5 undert\u00f8yet<\/strong><\/h2>\n<p><img fetchpriority=\"high\" decoding=\"async\" width=\"949\" height=\"241\" class=\"size-medium wp-image-5494 aligncenter\" src=\"https:\/\/keluvo.com\/no\/wp-content\/uploads\/sites\/10\/2024\/11\/\u201eWhatsApp-Atvaizdas-2024-11-17-14.34.09_88a34fe5.png\" alt=\"\" srcset=\"https:\/\/keluvo.com\/no\/wp-content\/uploads\/sites\/10\/2024\/11\/\u201eWhatsApp-Atvaizdas-2024-11-17-14.34.09_88a34fe5.png 949w, https:\/\/keluvo.com\/no\/wp-content\/uploads\/sites\/10\/2024\/11\/\u201eWhatsApp-Atvaizdas-2024-11-17-14.34.09_88a34fe5-300x76.png 300w, https:\/\/keluvo.com\/no\/wp-content\/uploads\/sites\/10\/2024\/11\/\u201eWhatsApp-Atvaizdas-2024-11-17-14.34.09_88a34fe5-768x195.png 768w, https:\/\/keluvo.com\/no\/wp-content\/uploads\/sites\/10\/2024\/11\/\u201eWhatsApp-Atvaizdas-2024-11-17-14.34.09_88a34fe5-600x152.png 600w\" sizes=\"(max-width: 949px) 100vw, 949px\" \/><\/p>\n","protected":false},"excerpt":{"rendered":"<p>Elegant blondedesign Dette skrittl\u00f8se undert\u00f8yssettet er laget med delikate blonder, noe som gir det et luksuri\u00f8st og feminint utseende. Blonderingene [&hellip;]<\/p>\n","protected":false},"featured_media":5362,"comment_status":"open","ping_status":"closed","template":"","meta":{"site-sidebar-layout":"default","site-content-layout":"","ast-site-content-layout":"default","site-content-style":"default","site-sidebar-style":"default","ast-global-header-display":"","ast-banner-title-visibility":"","ast-main-header-display":"","ast-hfb-above-header-display":"","ast-hfb-below-header-display":"","ast-hfb-mobile-header-display":"","site-post-title":"","ast-breadcrumbs-content":"","ast-featured-img":"","footer-sml-layout":"","theme-transparent-header-meta":"default","adv-header-id-meta":"","stick-header-meta":"","header-above-stick-meta":"","header-main-stick-meta":"","header-below-stick-meta":"","astra-migrate-meta-layouts":"set","ast-page-background-enabled":"default","ast-page-background-meta":{"desktop":{"background-color":"var(--ast-global-color-4)","background-image":"","background-repeat":"repeat","background-position":"center center","background-size":"auto","background-attachment":"scroll","background-type":"","background-media":"","overlay-type":"","overlay-color":"","overlay-opacity":"","overlay-gradient":""},"tablet":{"background-color":"","background-image":"","background-repeat":"repeat","background-position":"center center","background-size":"auto","background-attachment":"scroll","background-type":"","background-media":"","overlay-type":"","overlay-color":"","overlay-opacity":"","overlay-gradient":""},"mobile":{"background-color":"","background-image":"","background-repeat":"repeat","background-position":"center center","background-size":"auto","background-attachment":"scroll","background-type":"","background-media":"","overlay-type":"","overlay-color":"","overlay-opacity":"","overlay-gradient":""}},"ast-content-background-meta":{"desktop":{"background-color":"var(--ast-global-color-5)","background-image":"","background-repeat":"repeat","background-position":"center center","background-size":"auto","background-attachment":"scroll","background-type":"","background-media":"","overlay-type":"","overlay-color":"","overlay-opacity":"","overlay-gradient":""},"tablet":{"background-color":"var(--ast-global-color-5)","background-image":"","background-repeat":"repeat","background-position":"center center","background-size":"auto","background-attachment":"scroll","background-type":"","background-media":"","overlay-type":"","overlay-color":"","overlay-opacity":"","overlay-gradient":""},"mobile":{"background-color":"var(--ast-global-color-5)","background-image":"","background-repeat":"repeat","background-position":"center center","background-size":"auto","background-attachment":"scroll","background-type":"","background-media":"","overlay-type":"","overlay-color":"","overlay-opacity":"","overlay-gradient":""}}},"product_brand":[],"product_cat":[994],"product_tag":[],"class_list":{"0":"post-5366","1":"product","2":"type-product","3":"status-publish","4":"has-post-thumbnail","6":"product_cat-klaer-til-kvinner","7":"pa_qb3scchp-1552","8":"pa_qb3scchp-1551","9":"pa_qb3scchp-1550","10":"pa_qb3scchp-1553","11":"pa_s0m0i403-bla","12":"pa_s0m0i403-marinen","13":"pa_s0m0i403-rod","14":"pa_s0m0i403-svart","15":"desktop-align-left","16":"tablet-align-left","17":"mobile-align-left","19":"first","20":"instock","21":"shipping-taxable","22":"purchasable","23":"product-type-variable"},"_links":{"self":[{"href":"https:\/\/keluvo.com\/no\/wp-json\/wp\/v2\/product\/5366","targetHints":{"allow":["GET"]}}],"collection":[{"href":"https:\/\/keluvo.com\/no\/wp-json\/wp\/v2\/product"}],"about":[{"href":"https:\/\/keluvo.com\/no\/wp-json\/wp\/v2\/types\/product"}],"replies":[{"embeddable":true,"href":"https:\/\/keluvo.com\/no\/wp-json\/wp\/v2\/comments?post=5366"}],"wp:featuredmedia":[{"embeddable":true,"href":"https:\/\/keluvo.com\/no\/wp-json\/wp\/v2\/media\/5362"}],"wp:attachment":[{"href":"https:\/\/keluvo.com\/no\/wp-json\/wp\/v2\/media?parent=5366"}],"wp:term":[{"taxonomy":"product_brand","embeddable":true,"href":"https:\/\/keluvo.com\/no\/wp-json\/wp\/v2\/product_brand?post=5366"},{"taxonomy":"product_cat","embeddable":true,"href":"https:\/\/keluvo.com\/no\/wp-json\/wp\/v2\/product_cat?post=5366"},{"taxonomy":"product_tag","embeddable":true,"href":"https:\/\/keluvo.com\/no\/wp-json\/wp\/v2\/product_tag?post=5366"}],"curies":[{"name":"wp","href":"https:\/\/api.w.org\/{rel}","templated":true}]}}