{"id":53590,"date":"2025-11-05T10:32:23","date_gmt":"2025-11-05T08:32:23","guid":{"rendered":"https:\/\/keluvo.com\/no\/produkt\/magnetisk-fingertupppenn\/"},"modified":"2025-11-11T11:26:25","modified_gmt":"2025-11-11T09:26:25","slug":"magnetisk-fingertupppenn","status":"publish","type":"product","link":"https:\/\/keluvo.com\/no\/produkt\/magnetisk-fingertupppenn\/","title":{"rendered":"Magnetisk fingertupppenn"},"content":{"rendered":"<p style=\"text-align: center;\" data-start=\"0\" data-end=\"91\"><strong>Bygg, Skriv Og Beveg Deg \u2014 Alt I \u00c9n Og Samme Magnetiske Penn Som Stimulerer Til Kreativitet Og Fokus. \u2728\ud83d\udd8a\ufe0f<\/strong><\/p>\n<p style=\"text-align: center;\" data-start=\"93\" data-end=\"376\">Dette magnetisk fingertupppenn er b\u00e5de et skriveverkt\u00f8y og en morsom avspenningsleke. Barn og ten\u00e5ringer kan skrive med den, og deretter trekke den fra hverandre og bygge den om til former, m\u00f8nstre, roboter, sverd og mye mer &#8211; noe som bidrar til \u00e5 forbedre oppmerksomheten, fantasien og finmotorikken samtidig som de har det g\u00f8y.<\/p>\n<p data-start=\"93\" data-end=\"376\"><img decoding=\"async\" class=\"size-full wp-image-39231 aligncenter\" src=\"https:\/\/keluvo.com\/template\/wp-content\/uploads\/sites\/5\/2025\/10\/25417e9390bf7b7b2a5245f627f3f6dee223c737.gif\" alt=\"\" \/><\/p>\n<h2 style=\"text-align: center;\" data-start=\"378\" data-end=\"399\">\u2705 Hovedfordeler<\/h2>\n<p data-start=\"402\" data-end=\"481\">\ud83e\udde0 \u00d8ker kreativiteten og probleml\u00f8singen &#8211; bygg endel\u00f8se former og design.<\/p>\n<p data-start=\"484\" data-end=\"553\">\u270b Forbedrer h\u00e5nd-\u00f8ye-koordinasjonen &#8211; oppmuntrer til praktisk l\u00e6ring.<\/p>\n<p data-start=\"556\" data-end=\"628\">\ud83c\udfaf Hjelper med \u00e5 fokusere og roe ned sinnet &#8211; flott for uro og oppmerksomhet.<\/p>\n<p data-start=\"631\" data-end=\"706\">\u270d\ufe0f Jevn skriveopplevelse &#8211; fungerer som en ekte penn med kvalitetsblekk.<\/p>\n<p data-start=\"709\" data-end=\"785\">\ud83e\udde9 Magnetisk design med flere former &#8211; klikk, vri og sett sammen p\u00e5 sekunder.<\/p>\n<p data-start=\"788\" data-end=\"867\">\ud83d\udc8e Holdbare og trygge materialer &#8211; sterke magneter som ikke faller fra hverandre s\u00e5 lett.<\/p>\n<p data-start=\"870\" data-end=\"945\">\ud83c\udf81 Perfekt pedagogisk gave &#8211; morsom for skole, hjem og kreativ lek.<\/p>\n<p data-start=\"870\" data-end=\"945\"><img decoding=\"async\" class=\"size-full wp-image-39230 aligncenter\" src=\"https:\/\/keluvo.com\/template\/wp-content\/uploads\/sites\/5\/2025\/10\/76498f70f87afdd483d1120bb3f8a06d55cc73c9.webp\" alt=\"\" \/><\/p>\n<h2 style=\"text-align: center;\" data-start=\"947\" data-end=\"967\">\ud83d\udee0\ufe0f Slik Bruker Du Den<\/h2>\n<ol data-start=\"968\" data-end=\"1214\">\n<li data-start=\"968\" data-end=\"1019\">\n<p data-start=\"971\" data-end=\"1019\">Bruk som en vanlig penn til skriving og lekser.<\/p>\n<\/li>\n<li data-start=\"1020\" data-end=\"1084\">\n<p data-start=\"1023\" data-end=\"1084\">Dra fra hverandre magnetiske deler n\u00e5r du tar en pause eller slapper av.<\/p>\n<\/li>\n<li data-start=\"1085\" data-end=\"1153\">\n<p data-start=\"1088\" data-end=\"1153\">Bygg om til former som roboter, sverd, dyr og m\u00f8nstre.<\/p>\n<\/li>\n<li data-start=\"1154\" data-end=\"1214\">\n<p data-start=\"1157\" data-end=\"1214\">Bruk som en fidget-leke for \u00e5 lindre stress og holde fokus.<\/p>\n<\/li>\n<\/ol>\n<h2 style=\"text-align: center;\">\ud83d\udccf Produktdetaljer<\/h2>\n<ul data-start=\"1241\" data-end=\"1530\">\n<li data-start=\"1287\" data-end=\"1348\">\n<p data-start=\"1289\" data-end=\"1348\">Materiale: Magnetisk legering av h\u00f8y kvalitet + glatt blekkp\u00e5fylling<\/p>\n<\/li>\n<li data-start=\"1349\" data-end=\"1407\">\n<p data-start=\"1351\" data-end=\"1407\">Funksjoner: Skriving, bygging, fidgeting, stressavlastning<\/p>\n<\/li>\n<li data-start=\"1408\" data-end=\"1474\">\n<p data-start=\"1410\" data-end=\"1474\">Anbefales for: Barn, ten\u00e5ringer, kreative elever og fidgeters<\/p>\n<\/li>\n<li data-start=\"1475\" data-end=\"1530\">\n<p data-start=\"1477\" data-end=\"1530\">Design: Brytes i magnetiske biter for \u00e5 bygge former<\/p>\n<\/li>\n<li data-start=\"1475\" data-end=\"1530\">Blekket er svart i alle penner<\/li>\n<\/ul>\n<h2 style=\"text-align: center;\" data-start=\"1532\" data-end=\"1557\">\ud83d\udce6 Pakken inneholder<\/h2>\n<ul data-start=\"1558\" data-end=\"1630\">\n<li data-start=\"1558\" data-end=\"1630\">\n<p data-start=\"1560\" data-end=\"1630\">13x magnetisk r\u00f8r<\/p>\n<\/li>\n<li data-start=\"1558\" data-end=\"1630\">\n<p data-start=\"1560\" data-end=\"1630\">2x metallkule i liten st\u00f8rrelse<\/p>\n<\/li>\n<li data-start=\"1558\" data-end=\"1630\">\n<p data-start=\"1560\" data-end=\"1630\">8x metallkule i middels st\u00f8rrelse<\/p>\n<\/li>\n<li data-start=\"1558\" data-end=\"1630\">\n<p data-start=\"1560\" data-end=\"1630\">2x metallkule i stor st\u00f8rrelse<\/p>\n<\/li>\n<li data-start=\"1558\" data-end=\"1630\">\n<p data-start=\"1560\" data-end=\"1630\">2x pennhette<\/p>\n<\/li>\n<li data-start=\"1558\" data-end=\"1630\">\n<p data-start=\"1560\" data-end=\"1630\">1x ber\u00f8ringsskjermhode<\/p>\n<\/li>\n<li data-start=\"1558\" data-end=\"1630\">\n<p data-start=\"1560\" data-end=\"1630\">1x pennklips<\/p>\n<\/li>\n<li data-start=\"1558\" data-end=\"1630\">\n<p data-start=\"1560\" data-end=\"1630\">1x pennespiss<\/p>\n<\/li>\n<li data-start=\"1558\" data-end=\"1630\">\n<p data-start=\"1560\" data-end=\"1630\">3x svart refill.<\/p>\n<\/li>\n<\/ul>\n","protected":false},"excerpt":{"rendered":"<p>Bygg, Skriv Og Beveg Deg \u2014 Alt I \u00c9n Og Samme Magnetiske Penn Som Stimulerer Til Kreativitet Og Fokus. \u2728\ud83d\udd8a\ufe0f [&hellip;]<\/p>\n","protected":false},"featured_media":53588,"comment_status":"open","ping_status":"closed","template":"","meta":{"site-sidebar-layout":"default","site-content-layout":"","ast-site-content-layout":"default","site-content-style":"default","site-sidebar-style":"default","ast-global-header-display":"","ast-banner-title-visibility":"","ast-main-header-display":"","ast-hfb-above-header-display":"","ast-hfb-below-header-display":"","ast-hfb-mobile-header-display":"","site-post-title":"","ast-breadcrumbs-content":"","ast-featured-img":"","footer-sml-layout":"","theme-transparent-header-meta":"default","adv-header-id-meta":"","stick-header-meta":"","header-above-stick-meta":"","header-main-stick-meta":"","header-below-stick-meta":"","astra-migrate-meta-layouts":"set","ast-page-background-enabled":"default","ast-page-background-meta":{"desktop":{"background-color":"var(--ast-global-color-4)","background-image":"","background-repeat":"repeat","background-position":"center center","background-size":"auto","background-attachment":"scroll","background-type":"","background-media":"","overlay-type":"","overlay-color":"","overlay-opacity":"","overlay-gradient":""},"tablet":{"background-color":"","background-image":"","background-repeat":"repeat","background-position":"center center","background-size":"auto","background-attachment":"scroll","background-type":"","background-media":"","overlay-type":"","overlay-color":"","overlay-opacity":"","overlay-gradient":""},"mobile":{"background-color":"","background-image":"","background-repeat":"repeat","background-position":"center center","background-size":"auto","background-attachment":"scroll","background-type":"","background-media":"","overlay-type":"","overlay-color":"","overlay-opacity":"","overlay-gradient":""}},"ast-content-background-meta":{"desktop":{"background-color":"var(--ast-global-color-5)","background-image":"","background-repeat":"repeat","background-position":"center center","background-size":"auto","background-attachment":"scroll","background-type":"","background-media":"","overlay-type":"","overlay-color":"","overlay-opacity":"","overlay-gradient":""},"tablet":{"background-color":"var(--ast-global-color-5)","background-image":"","background-repeat":"repeat","background-position":"center center","background-size":"auto","background-attachment":"scroll","background-type":"","background-media":"","overlay-type":"","overlay-color":"","overlay-opacity":"","overlay-gradient":""},"mobile":{"background-color":"var(--ast-global-color-5)","background-image":"","background-repeat":"repeat","background-position":"center center","background-size":"auto","background-attachment":"scroll","background-type":"","background-media":"","overlay-type":"","overlay-color":"","overlay-opacity":"","overlay-gradient":""}}},"product_brand":[],"product_cat":[990],"product_tag":[],"class_list":{"0":"post-53590","1":"product","2":"type-product","3":"status-publish","4":"has-post-thumbnail","6":"product_cat-leker-barne-og-babyprodukter","7":"pa_49383_4v417dws-bla","8":"pa_49383_4v417dws-gull","9":"pa_49383_4v417dws-polykrom","10":"pa_49383_4v417dws-rod","11":"pa_49383_4v417dws-solv","12":"pa_49383_4v417dws-svart","13":"desktop-align-left","14":"tablet-align-left","15":"mobile-align-left","17":"first","18":"instock","19":"shipping-taxable","20":"purchasable","21":"product-type-variable"},"_links":{"self":[{"href":"https:\/\/keluvo.com\/no\/wp-json\/wp\/v2\/product\/53590","targetHints":{"allow":["GET"]}}],"collection":[{"href":"https:\/\/keluvo.com\/no\/wp-json\/wp\/v2\/product"}],"about":[{"href":"https:\/\/keluvo.com\/no\/wp-json\/wp\/v2\/types\/product"}],"replies":[{"embeddable":true,"href":"https:\/\/keluvo.com\/no\/wp-json\/wp\/v2\/comments?post=53590"}],"wp:featuredmedia":[{"embeddable":true,"href":"https:\/\/keluvo.com\/no\/wp-json\/wp\/v2\/media\/53588"}],"wp:attachment":[{"href":"https:\/\/keluvo.com\/no\/wp-json\/wp\/v2\/media?parent=53590"}],"wp:term":[{"taxonomy":"product_brand","embeddable":true,"href":"https:\/\/keluvo.com\/no\/wp-json\/wp\/v2\/product_brand?post=53590"},{"taxonomy":"product_cat","embeddable":true,"href":"https:\/\/keluvo.com\/no\/wp-json\/wp\/v2\/product_cat?post=53590"},{"taxonomy":"product_tag","embeddable":true,"href":"https:\/\/keluvo.com\/no\/wp-json\/wp\/v2\/product_tag?post=53590"}],"curies":[{"name":"wp","href":"https:\/\/api.w.org\/{rel}","templated":true}]}}