{"id":53565,"date":"2025-11-05T10:30:00","date_gmt":"2025-11-05T08:30:00","guid":{"rendered":"https:\/\/keluvo.com\/no\/produkt\/tyggeleketoy-for-katter-2-stk\/"},"modified":"2025-11-11T11:25:48","modified_gmt":"2025-11-11T09:25:48","slug":"tyggeleketoy-for-katter-2-stk","status":"publish","type":"product","link":"https:\/\/keluvo.com\/no\/produkt\/tyggeleketoy-for-katter-2-stk\/","title":{"rendered":"Tyggeleket\u00f8y for katter (2 stk)"},"content":{"rendered":"<p style=\"text-align: center;\" data-start=\"0\" data-end=\"94\"><strong>Hold katten din glad, aktiv og trygg med \u00e5 tygge &#8211; samtidig som du st\u00f8tter tannhelsen deres. \ud83d\udc31\ud83e\uddb7\ud83d\udc95<\/strong><\/p>\n<p style=\"text-align: center;\" data-start=\"96\" data-end=\"355\">Denne tyggeleken er et langt, slitesterkt bittau i bomull som er designet for lekne katter som elsker \u00e5 tygge, dra og kaste. Leken er laget av naturlig bomull og oppmuntrer til sunne tyggevaner, hjelper til med \u00e5 rengj\u00f8re tennene og holder kattevennen din underholdt i timevis.<\/p>\n<p data-start=\"96\" data-end=\"355\"><img decoding=\"async\" class=\"size-full wp-image-39209 aligncenter\" src=\"https:\/\/keluvo.com\/template\/wp-content\/uploads\/sites\/5\/2025\/10\/4-ezgif.com-crop_1.webp\" alt=\"\" \/><\/p>\n<h2 style=\"text-align: center;\" data-start=\"357\" data-end=\"376\">\u2705 Hovedfordeler<\/h2>\n<p data-start=\"379\" data-end=\"456\">\ud83e\uddf5 Slitesterkt bomullstau &#8211; laget for \u00e5 t\u00e5le skarpe tenner og energisk lek.<\/p>\n<p data-start=\"459\" data-end=\"539\">\ud83e\uddb7 St\u00f8tter tannhelsen &#8211; oppmuntrer til naturlig tygging for \u00e5 hjelpe til med \u00e5 rengj\u00f8re tennene.<\/p>\n<p data-start=\"542\" data-end=\"619\">\ud83d\udc3e 70 cm lang design &#8211; perfekt for tautrekking, jaging og strekklek.<\/p>\n<p data-start=\"622\" data-end=\"689\">\ud83c\udf08 Sterke farger &#8211; stimulerer interessen og holder kattene engasjert.<\/p>\n<p data-start=\"692\" data-end=\"765\">\ud83d\udc9a Trygt og naturlig &#8211; laget av 100 % bomull uten skadelige kjemikalier.<\/p>\n<p data-start=\"768\" data-end=\"831\">\ud83e\udd1d Flott for \u00e5 knytte b\u00e5nd &#8211; ideelt for interaktiv lek eller sololek.<\/p>\n<p data-start=\"768\" data-end=\"831\"><img decoding=\"async\" class=\"size-full wp-image-39203 aligncenter\" src=\"https:\/\/keluvo.com\/template\/wp-content\/uploads\/sites\/5\/2025\/10\/S055bd74b3ce3431c9e55e6964efd6f13A.jpg_960x960q75.jpg_.avif\" alt=\"\" \/><\/p>\n<h2 style=\"text-align: center;\" data-start=\"833\" data-end=\"851\">\ud83d\udee0\ufe0f Slik Bruker Du<\/h2>\n<ol data-start=\"852\" data-end=\"1075\">\n<li data-start=\"852\" data-end=\"904\">\n<p data-start=\"855\" data-end=\"904\">Legg tau-leken i kattens lekeomr\u00e5de.<\/p>\n<\/li>\n<li data-start=\"905\" data-end=\"951\">\n<p data-start=\"908\" data-end=\"951\">La katten bite, dra og jage fritt.<\/p>\n<\/li>\n<li data-start=\"952\" data-end=\"1038\">\n<p data-start=\"955\" data-end=\"1038\">Bruk tauet til interaktiv lek &#8211; dra eller kast det for \u00e5 oppmuntre til bevegelse.<\/p>\n<\/li>\n<li data-start=\"1039\" data-end=\"1075\">\n<p data-start=\"1042\" data-end=\"1075\">Oppbevares p\u00e5 et t\u00f8rt sted etter bruk.<\/p>\n<\/li>\n<\/ol>\n<h2 style=\"text-align: center;\" data-start=\"1077\" data-end=\"1099\">\ud83d\udccf Produktdetaljer<\/h2>\n<ul data-start=\"1100\" data-end=\"1279\">\n<li data-start=\"1100\" data-end=\"1146\">\n<p data-start=\"1102\" data-end=\"1146\">Materiale: 100 % naturlig bomull av h\u00f8y kvalitet<\/p>\n<\/li>\n<li data-start=\"1147\" data-end=\"1164\">\n<p data-start=\"1149\" data-end=\"1164\">Lengde: 70 cm<\/p>\n<\/li>\n<li data-start=\"1200\" data-end=\"1235\">\n<p data-start=\"1202\" data-end=\"1235\">Farger: R\u00f8d-gr\u00f8nn, oransje-gul, m\u00f8rkebl\u00e5-lilla, lysebl\u00e5-lilla<\/p>\n<\/li>\n<li data-start=\"1236\" data-end=\"1279\">\n<p data-start=\"1238\" data-end=\"1279\">Sikkerhet: Giftfri, ingen skadelige kjemikalier<\/p>\n<\/li>\n<\/ul>\n<h2 style=\"text-align: center;\" data-start=\"1281\" data-end=\"1304\">\ud83d\udce6 Pakken inneholder<\/h2>\n<ul data-start=\"1305\" data-end=\"1344\">\n<li data-start=\"1305\" data-end=\"1344\">\n<p data-start=\"1307\" data-end=\"1344\">2x tyggeleke for katter.<\/p>\n<\/li>\n<\/ul>\n","protected":false},"excerpt":{"rendered":"<p>Hold katten din glad, aktiv og trygg med \u00e5 tygge &#8211; samtidig som du st\u00f8tter tannhelsen deres. \ud83d\udc31\ud83e\uddb7\ud83d\udc95 Denne tyggeleken [&hellip;]<\/p>\n","protected":false},"featured_media":53827,"comment_status":"open","ping_status":"closed","template":"","meta":{"site-sidebar-layout":"default","site-content-layout":"","ast-site-content-layout":"default","site-content-style":"default","site-sidebar-style":"default","ast-global-header-display":"","ast-banner-title-visibility":"","ast-main-header-display":"","ast-hfb-above-header-display":"","ast-hfb-below-header-display":"","ast-hfb-mobile-header-display":"","site-post-title":"","ast-breadcrumbs-content":"","ast-featured-img":"","footer-sml-layout":"","theme-transparent-header-meta":"default","adv-header-id-meta":"","stick-header-meta":"","header-above-stick-meta":"","header-main-stick-meta":"","header-below-stick-meta":"","astra-migrate-meta-layouts":"set","ast-page-background-enabled":"default","ast-page-background-meta":{"desktop":{"background-color":"var(--ast-global-color-4)","background-image":"","background-repeat":"repeat","background-position":"center center","background-size":"auto","background-attachment":"scroll","background-type":"","background-media":"","overlay-type":"","overlay-color":"","overlay-opacity":"","overlay-gradient":""},"tablet":{"background-color":"","background-image":"","background-repeat":"repeat","background-position":"center center","background-size":"auto","background-attachment":"scroll","background-type":"","background-media":"","overlay-type":"","overlay-color":"","overlay-opacity":"","overlay-gradient":""},"mobile":{"background-color":"","background-image":"","background-repeat":"repeat","background-position":"center center","background-size":"auto","background-attachment":"scroll","background-type":"","background-media":"","overlay-type":"","overlay-color":"","overlay-opacity":"","overlay-gradient":""}},"ast-content-background-meta":{"desktop":{"background-color":"var(--ast-global-color-5)","background-image":"","background-repeat":"repeat","background-position":"center center","background-size":"auto","background-attachment":"scroll","background-type":"","background-media":"","overlay-type":"","overlay-color":"","overlay-opacity":"","overlay-gradient":""},"tablet":{"background-color":"var(--ast-global-color-5)","background-image":"","background-repeat":"repeat","background-position":"center center","background-size":"auto","background-attachment":"scroll","background-type":"","background-media":"","overlay-type":"","overlay-color":"","overlay-opacity":"","overlay-gradient":""},"mobile":{"background-color":"var(--ast-global-color-5)","background-image":"","background-repeat":"repeat","background-position":"center center","background-size":"auto","background-attachment":"scroll","background-type":"","background-media":"","overlay-type":"","overlay-color":"","overlay-opacity":"","overlay-gradient":""}}},"product_brand":[],"product_cat":[997],"product_tag":[],"class_list":{"0":"post-53565","1":"product","2":"type-product","3":"status-publish","4":"has-post-thumbnail","6":"product_cat-husdyrprodukter","7":"pa_49940_qm7cbx8d-lysebla-lilla","8":"pa_49940_qm7cbx8d-morkebla-lilla","9":"pa_49940_qm7cbx8d-oransje-gul","10":"pa_49940_qm7cbx8d-rod-gronn","11":"desktop-align-left","12":"tablet-align-left","13":"mobile-align-left","15":"first","16":"instock","17":"shipping-taxable","18":"purchasable","19":"product-type-variable"},"_links":{"self":[{"href":"https:\/\/keluvo.com\/no\/wp-json\/wp\/v2\/product\/53565","targetHints":{"allow":["GET"]}}],"collection":[{"href":"https:\/\/keluvo.com\/no\/wp-json\/wp\/v2\/product"}],"about":[{"href":"https:\/\/keluvo.com\/no\/wp-json\/wp\/v2\/types\/product"}],"replies":[{"embeddable":true,"href":"https:\/\/keluvo.com\/no\/wp-json\/wp\/v2\/comments?post=53565"}],"wp:featuredmedia":[{"embeddable":true,"href":"https:\/\/keluvo.com\/no\/wp-json\/wp\/v2\/media\/53827"}],"wp:attachment":[{"href":"https:\/\/keluvo.com\/no\/wp-json\/wp\/v2\/media?parent=53565"}],"wp:term":[{"taxonomy":"product_brand","embeddable":true,"href":"https:\/\/keluvo.com\/no\/wp-json\/wp\/v2\/product_brand?post=53565"},{"taxonomy":"product_cat","embeddable":true,"href":"https:\/\/keluvo.com\/no\/wp-json\/wp\/v2\/product_cat?post=53565"},{"taxonomy":"product_tag","embeddable":true,"href":"https:\/\/keluvo.com\/no\/wp-json\/wp\/v2\/product_tag?post=53565"}],"curies":[{"name":"wp","href":"https:\/\/api.w.org\/{rel}","templated":true}]}}