{"id":53526,"date":"2025-11-05T10:25:13","date_gmt":"2025-11-05T08:25:13","guid":{"rendered":"https:\/\/keluvo.com\/no\/produkt\/24-i-1-skralle-skrutrekker\/"},"modified":"2025-11-11T11:24:54","modified_gmt":"2025-11-11T09:24:54","slug":"24-i-1-skralle-skrutrekker","status":"publish","type":"product","link":"https:\/\/keluvo.com\/no\/produkt\/24-i-1-skralle-skrutrekker\/","title":{"rendered":"24-i-1 skralle skrutrekker"},"content":{"rendered":"<p style=\"text-align: center;\" data-start=\"0\" data-end=\"85\"><strong>H\u00e5ndter alle skrujobber med ett kompakt verkt\u00f8y &#8211; raskt, presist og bygget for \u00e5 vare. \ud83d\udd27\u2699\ufe0f<\/strong><\/p>\n<p style=\"text-align: center;\" data-start=\"87\" data-end=\"370\">Den 24-i-1 skralle skrutrekker gir deg alle bitsene du trenger i ett sett, slik at du kan takle reparasjoner hjemme, i garasjen eller p\u00e5 farten. Den er laget av sterkt krom-vanadiumst\u00e5l og gir lang holdbarhet og jevn skrallekraft for enkel vridning p\u00e5 trange steder.<\/p>\n<p data-start=\"87\" data-end=\"370\"><img decoding=\"async\" class=\"size-full wp-image-39144 aligncenter\" src=\"https:\/\/keluvo.com\/template\/wp-content\/uploads\/sites\/5\/2025\/10\/10226-ezgif.com-video-to-webp-converter-2.webp\" alt=\"\" \/><\/p>\n<h2 style=\"text-align: center;\" data-start=\"372\" data-end=\"393\"><strong>Hovedfordeler<\/strong><\/h2>\n<p data-start=\"396\" data-end=\"461\">\ud83e\uddf0 24-delt sett &#8211; flere skruehoder for alle reparasjonsbehov.<\/p>\n<p data-start=\"464\" data-end=\"528\">\ud83d\udcaa Sterkt krom-vanadiumst\u00e5l &#8211; slitesterkt og langvarig.<\/p>\n<p data-start=\"531\" data-end=\"615\">\ud83d\udd04 Skralle med h\u00f8y presisjon &#8211; 58-tanns design for jevn vridning p\u00e5 trange steder.<\/p>\n<p data-start=\"618\" data-end=\"684\">\ud83d\udd90\ufe0f Ergonomisk h\u00e5ndtak &#8211; komfortabelt grep reduserer tretthet i hendene.<\/p>\n<p data-start=\"687\" data-end=\"767\">\ud83d\udee0\ufe0f Multifunksjonell og b\u00e6rbar &#8211; perfekt for hjem, bil, elektronikk og gj\u00f8r-det-selv.<\/p>\n<p data-start=\"770\" data-end=\"820\">\u26a1 Ikke-magnetisk &#8211; trygg for elektroniske reparasjoner.<\/p>\n<p data-start=\"770\" data-end=\"820\"><img decoding=\"async\" class=\"size-full wp-image-39143 aligncenter\" src=\"https:\/\/keluvo.com\/template\/wp-content\/uploads\/sites\/5\/2025\/10\/10227-ezgif.com-video-to-webp-converter-2.webp\" alt=\"\" \/><\/p>\n<h2 style=\"text-align: center;\" data-start=\"822\" data-end=\"842\"><strong>Slik Bruker Du Den<\/strong><\/h2>\n<ol data-start=\"843\" data-end=\"1087\">\n<li data-start=\"843\" data-end=\"884\">\n<p data-start=\"846\" data-end=\"884\">Velg den skrutrekkerbiten du trenger.<\/p>\n<\/li>\n<li data-start=\"885\" data-end=\"929\">\n<p data-start=\"888\" data-end=\"929\">Sett biten inn i skralleh\u00e5ndtaket.<\/p>\n<\/li>\n<li data-start=\"930\" data-end=\"995\">\n<p data-start=\"933\" data-end=\"995\">Still inn retningen (stram eller l\u00f8sne) p\u00e5 skrallebryteren.<\/p>\n<\/li>\n<li data-start=\"996\" data-end=\"1044\">\n<p data-start=\"999\" data-end=\"1044\">Vri h\u00e5ndtaket for \u00e5 skru eller skru ut enkelt.<\/p>\n<\/li>\n<li data-start=\"1045\" data-end=\"1087\">\n<p data-start=\"1048\" data-end=\"1087\">Oppbevar biter i etuiet n\u00e5r du er ferdig.<\/p>\n<\/li>\n<\/ol>\n<h2 style=\"text-align: center;\" data-start=\"1089\" data-end=\"1113\"><strong>Produktdetaljer<\/strong><\/h2>\n<ul data-start=\"1114\" data-end=\"1382\">\n<li data-start=\"1114\" data-end=\"1149\">\n<p data-start=\"1116\" data-end=\"1149\">Materiale: Krom-vanadiumst\u00e5l<\/p>\n<\/li>\n<li data-start=\"1150\" data-end=\"1196\">\n<p data-start=\"1152\" data-end=\"1196\">Sperre: 58 tenner, 6,2\u00b0 design med trangt mellomrom<\/p>\n<\/li>\n<li data-start=\"1197\" data-end=\"1257\">\n<p data-start=\"1199\" data-end=\"1257\">Biter: 24 skruebiter (Hex, Pozidriv, 8-punkts med mer, du kan se p\u00e5 bildet for mer informasjon om st\u00f8rrelser og modeller)<\/p>\n<\/li>\n<li data-start=\"1258\" data-end=\"1284\">\n<p data-start=\"1260\" data-end=\"1284\">H\u00e5ndtak: Ergonomisk grep<\/p>\n<\/li>\n<li data-start=\"1285\" data-end=\"1320\">\n<p data-start=\"1287\" data-end=\"1320\">Magnetisk: Nei (elektronikksikker)<\/p>\n<\/li>\n<li data-start=\"1321\" data-end=\"1382\">\n<p data-start=\"1323\" data-end=\"1382\">Funksjoner: Sterk, b\u00e6rbar, multifunksjonell, demonterbar<\/p>\n<\/li>\n<li data-start=\"1321\" data-end=\"1382\">St\u00f8rrelse: 160 x 92,5 mm<\/li>\n<\/ul>\n<h2 style=\"text-align: center;\" data-start=\"1384\" data-end=\"1409\"><strong>Pakken inkluderer<\/strong><\/h2>\n<ul data-start=\"1410\" data-end=\"1458\">\n<li data-start=\"1410\" data-end=\"1432\">\n<p data-start=\"1412\" data-end=\"1432\">1x skralleh\u00e5ndtak<\/p>\n<\/li>\n<li data-start=\"1433\" data-end=\"1458\">\n<p data-start=\"1435\" data-end=\"1458\">24x skrutrekkerbits<\/p>\n<\/li>\n<li data-start=\"1433\" data-end=\"1458\">1x oppbevaringsboks.<\/li>\n<\/ul>\n","protected":false},"excerpt":{"rendered":"<p>H\u00e5ndter alle skrujobber med ett kompakt verkt\u00f8y &#8211; raskt, presist og bygget for \u00e5 vare. \ud83d\udd27\u2699\ufe0f Den 24-i-1 skralle skrutrekker [&hellip;]<\/p>\n","protected":false},"featured_media":53522,"comment_status":"open","ping_status":"closed","template":"","meta":{"site-sidebar-layout":"default","site-content-layout":"","ast-site-content-layout":"default","site-content-style":"default","site-sidebar-style":"default","ast-global-header-display":"","ast-banner-title-visibility":"","ast-main-header-display":"","ast-hfb-above-header-display":"","ast-hfb-below-header-display":"","ast-hfb-mobile-header-display":"","site-post-title":"","ast-breadcrumbs-content":"","ast-featured-img":"","footer-sml-layout":"","theme-transparent-header-meta":"default","adv-header-id-meta":"","stick-header-meta":"","header-above-stick-meta":"","header-main-stick-meta":"","header-below-stick-meta":"","astra-migrate-meta-layouts":"set","ast-page-background-enabled":"default","ast-page-background-meta":{"desktop":{"background-color":"var(--ast-global-color-4)","background-image":"","background-repeat":"repeat","background-position":"center center","background-size":"auto","background-attachment":"scroll","background-type":"","background-media":"","overlay-type":"","overlay-color":"","overlay-opacity":"","overlay-gradient":""},"tablet":{"background-color":"","background-image":"","background-repeat":"repeat","background-position":"center center","background-size":"auto","background-attachment":"scroll","background-type":"","background-media":"","overlay-type":"","overlay-color":"","overlay-opacity":"","overlay-gradient":""},"mobile":{"background-color":"","background-image":"","background-repeat":"repeat","background-position":"center center","background-size":"auto","background-attachment":"scroll","background-type":"","background-media":"","overlay-type":"","overlay-color":"","overlay-opacity":"","overlay-gradient":""}},"ast-content-background-meta":{"desktop":{"background-color":"var(--ast-global-color-5)","background-image":"","background-repeat":"repeat","background-position":"center center","background-size":"auto","background-attachment":"scroll","background-type":"","background-media":"","overlay-type":"","overlay-color":"","overlay-opacity":"","overlay-gradient":""},"tablet":{"background-color":"var(--ast-global-color-5)","background-image":"","background-repeat":"repeat","background-position":"center center","background-size":"auto","background-attachment":"scroll","background-type":"","background-media":"","overlay-type":"","overlay-color":"","overlay-opacity":"","overlay-gradient":""},"mobile":{"background-color":"var(--ast-global-color-5)","background-image":"","background-repeat":"repeat","background-position":"center center","background-size":"auto","background-attachment":"scroll","background-type":"","background-media":"","overlay-type":"","overlay-color":"","overlay-opacity":"","overlay-gradient":""}}},"product_brand":[],"product_cat":[996],"product_tag":[],"class_list":{"0":"post-53526","1":"product","2":"type-product","3":"status-publish","4":"has-post-thumbnail","6":"product_cat-verktoy","7":"desktop-align-left","8":"tablet-align-left","9":"mobile-align-left","11":"first","12":"instock","13":"shipping-taxable","14":"purchasable","15":"product-type-simple"},"_links":{"self":[{"href":"https:\/\/keluvo.com\/no\/wp-json\/wp\/v2\/product\/53526","targetHints":{"allow":["GET"]}}],"collection":[{"href":"https:\/\/keluvo.com\/no\/wp-json\/wp\/v2\/product"}],"about":[{"href":"https:\/\/keluvo.com\/no\/wp-json\/wp\/v2\/types\/product"}],"replies":[{"embeddable":true,"href":"https:\/\/keluvo.com\/no\/wp-json\/wp\/v2\/comments?post=53526"}],"wp:featuredmedia":[{"embeddable":true,"href":"https:\/\/keluvo.com\/no\/wp-json\/wp\/v2\/media\/53522"}],"wp:attachment":[{"href":"https:\/\/keluvo.com\/no\/wp-json\/wp\/v2\/media?parent=53526"}],"wp:term":[{"taxonomy":"product_brand","embeddable":true,"href":"https:\/\/keluvo.com\/no\/wp-json\/wp\/v2\/product_brand?post=53526"},{"taxonomy":"product_cat","embeddable":true,"href":"https:\/\/keluvo.com\/no\/wp-json\/wp\/v2\/product_cat?post=53526"},{"taxonomy":"product_tag","embeddable":true,"href":"https:\/\/keluvo.com\/no\/wp-json\/wp\/v2\/product_tag?post=53526"}],"curies":[{"name":"wp","href":"https:\/\/api.w.org\/{rel}","templated":true}]}}