{"id":53507,"date":"2025-11-05T10:24:05","date_gmt":"2025-11-05T08:24:05","guid":{"rendered":"https:\/\/keluvo.com\/no\/produkt\/selvjusterende-drikkeholder\/"},"modified":"2025-11-11T11:25:14","modified_gmt":"2025-11-11T09:25:14","slug":"selvjusterende-drikkeholder","status":"publish","type":"product","link":"https:\/\/keluvo.com\/no\/produkt\/selvjusterende-drikkeholder\/","title":{"rendered":"Selvjusterende drikkeholder"},"content":{"rendered":"<p style=\"text-align: center;\" data-start=\"0\" data-end=\"88\"><strong>Hold Drikken Din Sikker Og Innen Rekkevidde &#8211; Uansett Hvor Turen Tar Deg. \ud83d\udeb4\u200d\u2642\ufe0f\ud83e\udd64<\/strong><\/p>\n<p style=\"text-align: center;\" data-start=\"90\" data-end=\"366\">Denne selvjusterende drikkeholderen er designet for \u00e5 passe til nesten alle sykkel- eller motorsykkelstyr. Den holder vannflasken din godt fast, holder seg stabil p\u00e5 humpete turer og kan justeres for \u00e5 passe flasker i forskjellige st\u00f8rrelser &#8211; perfekt for \u00e5 holde deg hydrert under lange turer eller daglig pendling.<\/p>\n<p data-start=\"90\" data-end=\"366\"><img decoding=\"async\" class=\"size-full wp-image-39130 aligncenter\" src=\"https:\/\/keluvo.com\/template\/wp-content\/uploads\/sites\/5\/2025\/10\/10225-ezgif.com-video-to-webp-converter-2.webp\" alt=\"\" \/><\/p>\n<h2 style=\"text-align: center;\" data-start=\"368\" data-end=\"389\"><strong>Hovedfordeler<\/strong><\/h2>\n<p data-start=\"392\" data-end=\"467\">\ud83d\udeb2 Universell passform &#8211; kan justeres for \u00e5 passe de fleste sykkelstyrer (22-25 mm i diameter).<\/p>\n<p data-start=\"470\" data-end=\"536\">\ud83d\udcaa Sterk og holdbar &#8211; laget av solid plast som er bygget for \u00e5 vare.<\/p>\n<p data-start=\"539\" data-end=\"606\">\ud83d\udd12 Sikkert grep &#8211; holder flasken st\u00f8dig og forhindrer s\u00f8l.<\/p>\n<p data-start=\"609\" data-end=\"675\">\u2699\ufe0f Justerbar design &#8211; passer flasker i mange former og st\u00f8rrelser.<\/p>\n<p data-start=\"678\" data-end=\"745\">\ud83e\uddf0 Verkt\u00f8yfri installasjon &#8211; monteres eller fjernes enkelt p\u00e5 f\u00e5 sekunder.<\/p>\n<p data-start=\"748\" data-end=\"827\">\ud83c\udf0d Allsidig bruk &#8211; passer til sykler, elsykler, scootere og motorsykler.<\/p>\n<p data-start=\"748\" data-end=\"827\"><img decoding=\"async\" class=\"size-full wp-image-39129 aligncenter\" src=\"https:\/\/keluvo.com\/template\/wp-content\/uploads\/sites\/5\/2025\/10\/ed99436432e3d33f70672ba1aaa9e679a2b3e133.webp\" alt=\"\" \/><\/p>\n<h2 style=\"text-align: center;\" data-start=\"829\" data-end=\"849\"><strong>Slik Bruker Du Den<\/strong><\/h2>\n<ol data-start=\"850\" data-end=\"1086\">\n<li data-start=\"850\" data-end=\"908\">\n<p data-start=\"853\" data-end=\"908\">Plasser holderen rundt styret eller sykkelrammen.<\/p>\n<\/li>\n<li data-start=\"909\" data-end=\"970\">\n<p data-start=\"912\" data-end=\"970\">Juster klemmen slik at den sitter tett (22-25 mm stangdiameter).<\/p>\n<\/li>\n<li data-start=\"971\" data-end=\"1020\">\n<p data-start=\"974\" data-end=\"1020\">Sett flasken sikkert inn i holderen.<\/p>\n<\/li>\n<li data-start=\"1021\" data-end=\"1086\">\n<p data-start=\"1024\" data-end=\"1086\">Kj\u00f8r trygt &#8211; drikken din holder seg stabil og er lett \u00e5 f\u00e5 tak i.<\/p>\n<\/li>\n<\/ol>\n<h2 style=\"text-align: center;\" data-start=\"1088\" data-end=\"1112\"><strong>Produktdetaljer<\/strong><\/h2>\n<ul data-start=\"1113\" data-end=\"1328\">\n<li data-start=\"1113\" data-end=\"1142\">\n<p data-start=\"1115\" data-end=\"1142\">Materiale: Slitesterk plast<\/p>\n<\/li>\n<li data-start=\"1143\" data-end=\"1159\">\n<p data-start=\"1145\" data-end=\"1159\">Farge: Svart, gr\u00e5, gr\u00f8nn<\/p>\n<\/li>\n<li data-start=\"1160\" data-end=\"1198\">\n<p data-start=\"1162\" data-end=\"1198\">St\u00f8rrelse: 165 x 85 mm<\/p>\n<\/li>\n<li data-start=\"1199\" data-end=\"1248\">\n<p data-start=\"1201\" data-end=\"1248\">Passer til styrer\/stenger: 22-25 mm<\/p>\n<\/li>\n<li data-start=\"1249\" data-end=\"1328\">\n<p data-start=\"1251\" data-end=\"1328\">Kompatibel med: Alle sykler og motorsykler med standard hull for flaskeholder<\/p>\n<\/li>\n<\/ul>\n<h2 style=\"text-align: center;\" data-start=\"1330\" data-end=\"1355\"><strong>Pakken inneholder<\/strong><\/h2>\n<ul data-start=\"1356\" data-end=\"1401\">\n<li data-start=\"1356\" data-end=\"1401\">\n<p data-start=\"1358\" data-end=\"1401\">1x selvjusterende drikkeholder.<\/p>\n<\/li>\n<\/ul>\n","protected":false},"excerpt":{"rendered":"<p>Hold Drikken Din Sikker Og Innen Rekkevidde &#8211; Uansett Hvor Turen Tar Deg. \ud83d\udeb4\u200d\u2642\ufe0f\ud83e\udd64 Denne selvjusterende drikkeholderen er designet for [&hellip;]<\/p>\n","protected":false},"featured_media":53503,"comment_status":"open","ping_status":"closed","template":"","meta":{"site-sidebar-layout":"default","site-content-layout":"","ast-site-content-layout":"default","site-content-style":"default","site-sidebar-style":"default","ast-global-header-display":"","ast-banner-title-visibility":"","ast-main-header-display":"","ast-hfb-above-header-display":"","ast-hfb-below-header-display":"","ast-hfb-mobile-header-display":"","site-post-title":"","ast-breadcrumbs-content":"","ast-featured-img":"","footer-sml-layout":"","theme-transparent-header-meta":"default","adv-header-id-meta":"","stick-header-meta":"","header-above-stick-meta":"","header-main-stick-meta":"","header-below-stick-meta":"","astra-migrate-meta-layouts":"set","ast-page-background-enabled":"default","ast-page-background-meta":{"desktop":{"background-color":"var(--ast-global-color-4)","background-image":"","background-repeat":"repeat","background-position":"center center","background-size":"auto","background-attachment":"scroll","background-type":"","background-media":"","overlay-type":"","overlay-color":"","overlay-opacity":"","overlay-gradient":""},"tablet":{"background-color":"","background-image":"","background-repeat":"repeat","background-position":"center center","background-size":"auto","background-attachment":"scroll","background-type":"","background-media":"","overlay-type":"","overlay-color":"","overlay-opacity":"","overlay-gradient":""},"mobile":{"background-color":"","background-image":"","background-repeat":"repeat","background-position":"center center","background-size":"auto","background-attachment":"scroll","background-type":"","background-media":"","overlay-type":"","overlay-color":"","overlay-opacity":"","overlay-gradient":""}},"ast-content-background-meta":{"desktop":{"background-color":"var(--ast-global-color-5)","background-image":"","background-repeat":"repeat","background-position":"center center","background-size":"auto","background-attachment":"scroll","background-type":"","background-media":"","overlay-type":"","overlay-color":"","overlay-opacity":"","overlay-gradient":""},"tablet":{"background-color":"var(--ast-global-color-5)","background-image":"","background-repeat":"repeat","background-position":"center center","background-size":"auto","background-attachment":"scroll","background-type":"","background-media":"","overlay-type":"","overlay-color":"","overlay-opacity":"","overlay-gradient":""},"mobile":{"background-color":"var(--ast-global-color-5)","background-image":"","background-repeat":"repeat","background-position":"center center","background-size":"auto","background-attachment":"scroll","background-type":"","background-media":"","overlay-type":"","overlay-color":"","overlay-opacity":"","overlay-gradient":""}}},"product_brand":[],"product_cat":[993,1000],"product_tag":[],"class_list":{"0":"post-53507","1":"product","2":"type-product","3":"status-publish","4":"has-post-thumbnail","6":"product_cat-skotoy-tilbehor","7":"product_cat-tur-camping-og-fritidsutstyr","8":"pa_49124_3jobtf30-gra","9":"pa_49124_3jobtf30-gronn","10":"pa_49124_3jobtf30-svart","11":"desktop-align-left","12":"tablet-align-left","13":"mobile-align-left","15":"first","16":"instock","17":"shipping-taxable","18":"purchasable","19":"product-type-variable"},"_links":{"self":[{"href":"https:\/\/keluvo.com\/no\/wp-json\/wp\/v2\/product\/53507","targetHints":{"allow":["GET"]}}],"collection":[{"href":"https:\/\/keluvo.com\/no\/wp-json\/wp\/v2\/product"}],"about":[{"href":"https:\/\/keluvo.com\/no\/wp-json\/wp\/v2\/types\/product"}],"replies":[{"embeddable":true,"href":"https:\/\/keluvo.com\/no\/wp-json\/wp\/v2\/comments?post=53507"}],"wp:featuredmedia":[{"embeddable":true,"href":"https:\/\/keluvo.com\/no\/wp-json\/wp\/v2\/media\/53503"}],"wp:attachment":[{"href":"https:\/\/keluvo.com\/no\/wp-json\/wp\/v2\/media?parent=53507"}],"wp:term":[{"taxonomy":"product_brand","embeddable":true,"href":"https:\/\/keluvo.com\/no\/wp-json\/wp\/v2\/product_brand?post=53507"},{"taxonomy":"product_cat","embeddable":true,"href":"https:\/\/keluvo.com\/no\/wp-json\/wp\/v2\/product_cat?post=53507"},{"taxonomy":"product_tag","embeddable":true,"href":"https:\/\/keluvo.com\/no\/wp-json\/wp\/v2\/product_tag?post=53507"}],"curies":[{"name":"wp","href":"https:\/\/api.w.org\/{rel}","templated":true}]}}