{"id":53394,"date":"2025-11-05T10:16:51","date_gmt":"2025-11-05T08:16:51","guid":{"rendered":"https:\/\/keluvo.com\/no\/produkt\/grip-sokker-6-par\/"},"modified":"2025-11-11T11:26:31","modified_gmt":"2025-11-11T09:26:31","slug":"grip-sokker-6-par","status":"publish","type":"product","link":"https:\/\/keluvo.com\/no\/produkt\/grip-sokker-6-par\/","title":{"rendered":"Grip-sokker (6 par)"},"content":{"rendered":"<p style=\"text-align: center;\" data-start=\"0\" data-end=\"98\"><strong>Hold deg st\u00f8dig, st\u00f8ttet og komfortabel under hver eneste trenings\u00f8kt med disse sklisikre grepstr\u00f8mpene. \ud83e\udde6\ud83d\udcaa<\/strong><\/p>\n<p style=\"text-align: center;\" data-start=\"100\" data-end=\"317\">Disse grip-sokkene er laget for bevegelse. De holder f\u00f8ttene godt p\u00e5 plass i skoene, hindrer at de sklir under trening og holder f\u00f8ttene avkj\u00f8lt og dempet &#8211; perfekt for l\u00f8ping, hopping, trenings\u00f8kter eller hverdagsbruk.<\/p>\n<p data-start=\"100\" data-end=\"317\"><img decoding=\"async\" class=\"size-full wp-image-39044 aligncenter\" src=\"https:\/\/keluvo.com\/template\/wp-content\/uploads\/sites\/5\/2025\/10\/S9cde1c8dcdf04543b82a6add57fa4216r.jpg_960x960q75.jpg_.jpg\" alt=\"\" \/><\/p>\n<h2 style=\"text-align: center;\" data-start=\"319\" data-end=\"338\"><strong>Hovedfordeler<\/strong><\/h2>\n<p data-start=\"341\" data-end=\"408\">\ud83d\uded1 Antiskli-grep &#8211; sitter godt i skoen og hindrer at de sklir.<\/p>\n<p data-start=\"411\" data-end=\"495\">\ud83c\udfc3\u200d\u2642\ufe0f Stabil st\u00f8tte &#8211; perfekt for h\u00f8yintensiv aktivitet, sprint og hopping.<\/p>\n<p data-start=\"498\" data-end=\"571\">\ud83c\udf2c\ufe0f Pustende design &#8211; holder f\u00f8ttene avkj\u00f8lt og t\u00f8rre under t\u00f8ffe trenings\u00f8kter.<\/p>\n<p data-start=\"574\" data-end=\"638\">\ud83e\uddfd Polstret komfort &#8211; polstret i viktige omr\u00e5der for ekstra st\u00f8tte.<\/p>\n<p data-start=\"641\" data-end=\"720\">\ud83c\udfaf Smarte ventilasjonssoner &#8211; tynnere omr\u00e5der forbedrer luftgjennomstr\u00f8mningen og reduserer svette.<\/p>\n<p data-start=\"723\" data-end=\"808\">\ud83e\uddd8\u200d\u2642\ufe0f Allsidighet i hverdagen &#8211; ideell til sport, trenings\u00f8kter og daglig bruk.<\/p>\n<p data-start=\"723\" data-end=\"808\"><img decoding=\"async\" class=\"size-full wp-image-39046 aligncenter\" src=\"https:\/\/keluvo.com\/template\/wp-content\/uploads\/sites\/5\/2025\/10\/Sa280b4f8b3d64cd684968ae974f992f35.jpg_960x960q75.jpg_.avif\" alt=\"\" \/><\/p>\n<h2 style=\"text-align: center;\" data-start=\"810\" data-end=\"828\"><strong>Hvordan Bruke<\/strong><\/h2>\n<ol data-start=\"829\" data-end=\"979\">\n<li data-start=\"829\" data-end=\"872\">\n<p data-start=\"832\" data-end=\"872\">Ta p\u00e5 deg grip-sokkene som vanlige sokker.<\/p>\n<\/li>\n<li data-start=\"873\" data-end=\"918\">\n<p data-start=\"876\" data-end=\"918\">Bruk dem sammen med treningsskoene eller joggeskoene dine.<\/p>\n<\/li>\n<li data-start=\"919\" data-end=\"979\">\n<p data-start=\"922\" data-end=\"979\">Nyt sikker stabilitet og komfort i alle bevegelser.<\/p>\n<\/li>\n<\/ol>\n<h2 style=\"text-align: center;\" data-start=\"981\" data-end=\"1003\"><strong>Produktdetaljer<\/strong><\/h2>\n<ul data-start=\"1004\" data-end=\"1182\">\n<li data-start=\"1044\" data-end=\"1111\">\n<p data-start=\"1046\" data-end=\"1111\">Funksjoner: Polstret st\u00f8tte, pustende mesh-soner, gripebunn<\/p>\n<\/li>\n<li data-start=\"1112\" data-end=\"1182\">\n<p data-start=\"1114\" data-end=\"1182\">Egnet for: Treningsstudio, l\u00f8ping, hopp\u00f8velser, trening, daglig bruk<\/p>\n<\/li>\n<li data-start=\"1112\" data-end=\"1182\">St\u00f8rrelse: EU 37-45<\/li>\n<\/ul>\n<h2 style=\"text-align: center;\" data-start=\"1184\" data-end=\"1207\"><strong>Pakken inneholder<\/strong><\/h2>\n<ul data-start=\"1208\" data-end=\"1232\">\n<li data-start=\"1208\" data-end=\"1232\">\n<p data-start=\"1210\" data-end=\"1232\">6x par grip-sokker.<\/p>\n<\/li>\n<\/ul>\n","protected":false},"excerpt":{"rendered":"<p>Hold deg st\u00f8dig, st\u00f8ttet og komfortabel under hver eneste trenings\u00f8kt med disse sklisikre grepstr\u00f8mpene. \ud83e\udde6\ud83d\udcaa Disse grip-sokkene er laget for [&hellip;]<\/p>\n","protected":false},"featured_media":53390,"comment_status":"open","ping_status":"closed","template":"","meta":{"site-sidebar-layout":"default","site-content-layout":"","ast-site-content-layout":"default","site-content-style":"default","site-sidebar-style":"default","ast-global-header-display":"","ast-banner-title-visibility":"","ast-main-header-display":"","ast-hfb-above-header-display":"","ast-hfb-below-header-display":"","ast-hfb-mobile-header-display":"","site-post-title":"","ast-breadcrumbs-content":"","ast-featured-img":"","footer-sml-layout":"","theme-transparent-header-meta":"default","adv-header-id-meta":"","stick-header-meta":"","header-above-stick-meta":"","header-main-stick-meta":"","header-below-stick-meta":"","astra-migrate-meta-layouts":"set","ast-page-background-enabled":"default","ast-page-background-meta":{"desktop":{"background-color":"var(--ast-global-color-4)","background-image":"","background-repeat":"repeat","background-position":"center center","background-size":"auto","background-attachment":"scroll","background-type":"","background-media":"","overlay-type":"","overlay-color":"","overlay-opacity":"","overlay-gradient":""},"tablet":{"background-color":"","background-image":"","background-repeat":"repeat","background-position":"center center","background-size":"auto","background-attachment":"scroll","background-type":"","background-media":"","overlay-type":"","overlay-color":"","overlay-opacity":"","overlay-gradient":""},"mobile":{"background-color":"","background-image":"","background-repeat":"repeat","background-position":"center center","background-size":"auto","background-attachment":"scroll","background-type":"","background-media":"","overlay-type":"","overlay-color":"","overlay-opacity":"","overlay-gradient":""}},"ast-content-background-meta":{"desktop":{"background-color":"var(--ast-global-color-5)","background-image":"","background-repeat":"repeat","background-position":"center center","background-size":"auto","background-attachment":"scroll","background-type":"","background-media":"","overlay-type":"","overlay-color":"","overlay-opacity":"","overlay-gradient":""},"tablet":{"background-color":"var(--ast-global-color-5)","background-image":"","background-repeat":"repeat","background-position":"center center","background-size":"auto","background-attachment":"scroll","background-type":"","background-media":"","overlay-type":"","overlay-color":"","overlay-opacity":"","overlay-gradient":""},"mobile":{"background-color":"var(--ast-global-color-5)","background-image":"","background-repeat":"repeat","background-position":"center center","background-size":"auto","background-attachment":"scroll","background-type":"","background-media":"","overlay-type":"","overlay-color":"","overlay-opacity":"","overlay-gradient":""}}},"product_brand":[],"product_cat":[994,995],"product_tag":[],"class_list":{"0":"post-53394","1":"product","2":"type-product","3":"status-publish","4":"has-post-thumbnail","6":"product_cat-klaer-til-kvinner","7":"product_cat-klaer-til-menn","8":"pa_48462_sgxftbg9-bland-sett","9":"pa_48462_sgxftbg9-hvit","10":"pa_48462_sgxftbg9-svart","11":"desktop-align-left","12":"tablet-align-left","13":"mobile-align-left","15":"first","16":"instock","17":"shipping-taxable","18":"purchasable","19":"product-type-variable"},"_links":{"self":[{"href":"https:\/\/keluvo.com\/no\/wp-json\/wp\/v2\/product\/53394","targetHints":{"allow":["GET"]}}],"collection":[{"href":"https:\/\/keluvo.com\/no\/wp-json\/wp\/v2\/product"}],"about":[{"href":"https:\/\/keluvo.com\/no\/wp-json\/wp\/v2\/types\/product"}],"replies":[{"embeddable":true,"href":"https:\/\/keluvo.com\/no\/wp-json\/wp\/v2\/comments?post=53394"}],"wp:featuredmedia":[{"embeddable":true,"href":"https:\/\/keluvo.com\/no\/wp-json\/wp\/v2\/media\/53390"}],"wp:attachment":[{"href":"https:\/\/keluvo.com\/no\/wp-json\/wp\/v2\/media?parent=53394"}],"wp:term":[{"taxonomy":"product_brand","embeddable":true,"href":"https:\/\/keluvo.com\/no\/wp-json\/wp\/v2\/product_brand?post=53394"},{"taxonomy":"product_cat","embeddable":true,"href":"https:\/\/keluvo.com\/no\/wp-json\/wp\/v2\/product_cat?post=53394"},{"taxonomy":"product_tag","embeddable":true,"href":"https:\/\/keluvo.com\/no\/wp-json\/wp\/v2\/product_tag?post=53394"}],"curies":[{"name":"wp","href":"https:\/\/api.w.org\/{rel}","templated":true}]}}