{"id":53322,"date":"2025-11-05T10:12:26","date_gmt":"2025-11-05T08:12:26","guid":{"rendered":"https:\/\/keluvo.com\/no\/produkt\/elektrisk-krukkeapner\/"},"modified":"2025-11-05T12:36:15","modified_gmt":"2025-11-05T10:36:15","slug":"elektrisk-krukkeapner","status":"publish","type":"product","link":"https:\/\/keluvo.com\/no\/produkt\/elektrisk-krukkeapner\/","title":{"rendered":"Elektrisk krukke\u00e5pner"},"content":{"rendered":"<p style=\"text-align: center;\" data-start=\"0\" data-end=\"62\"><strong data-start=\"0\" data-end=\"60\">\u00c5pner Alle Krukker P\u00e5 Sekunder &#8211; Med Bare \u00c9n Knapp! \u26a1<\/strong><\/p>\n<p style=\"text-align: center;\" data-start=\"64\" data-end=\"368\">Denne krukke\u00e5pneren gj\u00f8r det enkelt og trygt \u00e5 \u00e5pne krukker. Med den elektriske, h\u00e5ndfrie designen kan du \u00e5pne alle st\u00f8rrelser med et enkelt knappetrykk &#8211; ingen vridning, ingen anstrengelse, ikke noe rot. Den er kompakt, b\u00e6rbar og perfekt for hjemmebruk, piknik eller som en gjennomtenkt gave til alle som elsker bekvemmelighet.<\/p>\n<p data-start=\"64\" data-end=\"368\"><img decoding=\"async\" class=\"size-full wp-image-38969 aligncenter\" src=\"https:\/\/keluvo.com\/template\/wp-content\/uploads\/sites\/5\/2025\/10\/102211-ezgif.com-video-to-webp-converter-1.webp\" alt=\"\" \/><\/p>\n<h2 style=\"text-align: center;\" data-start=\"375\" data-end=\"396\">\u2b50 Hovedfordeler<\/h2>\n<p data-start=\"399\" data-end=\"489\">\ud83d\udd18 Ett-trykks betjening &#8211; Trykk p\u00e5 den gr\u00f8nne knappen for \u00e5 starte og stoppe &#8211; ingen anstrengelse er n\u00f8dvendig.<\/p>\n<p data-start=\"492\" data-end=\"582\">\ud83e\udd6b Fungerer p\u00e5 alle st\u00f8rrelser krukker &#8211; Justerbar girdesign passer til forskjellige krukketyper og st\u00f8rrelser.<\/p>\n<p data-start=\"585\" data-end=\"652\">\u2728 Glatte kanter &#8211; Etterlater et rent, trygt lokk uten skarpe kanter.<\/p>\n<p data-start=\"655\" data-end=\"729\">\ud83d\udcaa Slitesterkt materiale &#8211; Laget av ABS-plast av h\u00f8y kvalitet som er bygget for \u00e5 vare lenge.<\/p>\n<p data-start=\"732\" data-end=\"803\">\ud83e\uddfc Enkel \u00e5 rengj\u00f8re &#8211; Enkel design som gj\u00f8r den rask \u00e5 vaske og oppbevare.<\/p>\n<p data-start=\"806\" data-end=\"888\">\ud83c\udf81 Perfekt gave &#8211; Perfekt til eldre, kokker eller alle som setter pris p\u00e5 bekvemmelighet.<\/p>\n<p data-start=\"806\" data-end=\"888\"><img decoding=\"async\" class=\"size-full wp-image-38973 aligncenter\" src=\"https:\/\/keluvo.com\/template\/wp-content\/uploads\/sites\/5\/2025\/10\/Sfd12c8a9c38547a48adbf5d7f0176c698.jpg_960x960q75.jpg_.avif\" alt=\"\" \/><\/p>\n<h2 style=\"text-align: center;\" data-start=\"895\" data-end=\"914\">\ud83e\ude84 Slik Bruker Du Den<\/h2>\n<ol data-start=\"915\" data-end=\"1182\">\n<li data-start=\"915\" data-end=\"962\">\n<p data-start=\"918\" data-end=\"962\">Installer 2x AA-batterier (ikke inkludert).<\/p>\n<\/li>\n<li data-start=\"963\" data-end=\"1003\">\n<p data-start=\"966\" data-end=\"1003\">Plasser \u00e5pneren p\u00e5 toppen av glasset.<\/p>\n<\/li>\n<li data-start=\"1004\" data-end=\"1053\">\n<p data-start=\"1007\" data-end=\"1053\">Trykk p\u00e5 den gr\u00f8nne knappen for \u00e5 begynne \u00e5 \u00e5pne.<\/p>\n<\/li>\n<li data-start=\"1054\" data-end=\"1114\">\n<p data-start=\"1057\" data-end=\"1114\">Trykk p\u00e5 knappen igjen for \u00e5 stoppe n\u00e5r glasset er fjernet.<\/p>\n<\/li>\n<li data-start=\"1115\" data-end=\"1182\">\n<p data-start=\"1118\" data-end=\"1182\">L\u00f8ft \u00e5pneren &#8211; glasset l\u00f8sner jevnt og uten s\u00f8l!<\/p>\n<\/li>\n<\/ol>\n<h2 style=\"text-align: center;\" data-start=\"1189\" data-end=\"1213\">\ud83d\udccf Produktdetaljer<\/h2>\n<ul data-start=\"1214\" data-end=\"1462\">\n<li data-start=\"1252\" data-end=\"1281\">\n<p data-start=\"1254\" data-end=\"1281\">Materiale: ABS-plast<\/p>\n<\/li>\n<li data-start=\"1282\" data-end=\"1334\">\n<p data-start=\"1284\" data-end=\"1334\">St\u00f8rrelse: 10 x 6 x 18 cm<\/p>\n<\/li>\n<li data-start=\"1335\" data-end=\"1367\">\n<p data-start=\"1337\" data-end=\"1367\">Vekt: 339 g<\/p>\n<\/li>\n<li data-start=\"1368\" data-end=\"1414\">\n<p data-start=\"1370\" data-end=\"1414\">Energi: 2 x AA-batterier (ikke inkludert)<\/p>\n<\/li>\n<li data-start=\"1415\" data-end=\"1462\">\n<p data-start=\"1417\" data-end=\"1462\">Design: Justerbar, elegant og b\u00e6rbar<\/p>\n<\/li>\n<\/ul>\n<h2 style=\"text-align: center;\" data-start=\"1469\" data-end=\"1494\">\ud83d\udce6 Pakken inneholder<\/h2>\n<ul data-start=\"1495\" data-end=\"1522\">\n<li data-start=\"1495\" data-end=\"1522\">\n<p data-start=\"1497\" data-end=\"1522\">1 x elektrisk krukke\u00e5pner.<\/p>\n<\/li>\n<\/ul>\n","protected":false},"excerpt":{"rendered":"<p>\u00c5pner Alle Krukker P\u00e5 Sekunder &#8211; Med Bare \u00c9n Knapp! \u26a1 Denne krukke\u00e5pneren gj\u00f8r det enkelt og trygt \u00e5 \u00e5pne [&hellip;]<\/p>\n","protected":false},"featured_media":53318,"comment_status":"open","ping_status":"closed","template":"","meta":{"site-sidebar-layout":"default","site-content-layout":"","ast-site-content-layout":"default","site-content-style":"default","site-sidebar-style":"default","ast-global-header-display":"","ast-banner-title-visibility":"","ast-main-header-display":"","ast-hfb-above-header-display":"","ast-hfb-below-header-display":"","ast-hfb-mobile-header-display":"","site-post-title":"","ast-breadcrumbs-content":"","ast-featured-img":"","footer-sml-layout":"","theme-transparent-header-meta":"default","adv-header-id-meta":"","stick-header-meta":"","header-above-stick-meta":"","header-main-stick-meta":"","header-below-stick-meta":"","astra-migrate-meta-layouts":"set","ast-page-background-enabled":"default","ast-page-background-meta":{"desktop":{"background-color":"var(--ast-global-color-4)","background-image":"","background-repeat":"repeat","background-position":"center center","background-size":"auto","background-attachment":"scroll","background-type":"","background-media":"","overlay-type":"","overlay-color":"","overlay-opacity":"","overlay-gradient":""},"tablet":{"background-color":"","background-image":"","background-repeat":"repeat","background-position":"center center","background-size":"auto","background-attachment":"scroll","background-type":"","background-media":"","overlay-type":"","overlay-color":"","overlay-opacity":"","overlay-gradient":""},"mobile":{"background-color":"","background-image":"","background-repeat":"repeat","background-position":"center center","background-size":"auto","background-attachment":"scroll","background-type":"","background-media":"","overlay-type":"","overlay-color":"","overlay-opacity":"","overlay-gradient":""}},"ast-content-background-meta":{"desktop":{"background-color":"var(--ast-global-color-5)","background-image":"","background-repeat":"repeat","background-position":"center center","background-size":"auto","background-attachment":"scroll","background-type":"","background-media":"","overlay-type":"","overlay-color":"","overlay-opacity":"","overlay-gradient":""},"tablet":{"background-color":"var(--ast-global-color-5)","background-image":"","background-repeat":"repeat","background-position":"center center","background-size":"auto","background-attachment":"scroll","background-type":"","background-media":"","overlay-type":"","overlay-color":"","overlay-opacity":"","overlay-gradient":""},"mobile":{"background-color":"var(--ast-global-color-5)","background-image":"","background-repeat":"repeat","background-position":"center center","background-size":"auto","background-attachment":"scroll","background-type":"","background-media":"","overlay-type":"","overlay-color":"","overlay-opacity":"","overlay-gradient":""}}},"product_brand":[],"product_cat":[1001],"product_tag":[],"class_list":{"0":"post-53322","1":"product","2":"type-product","3":"status-publish","4":"has-post-thumbnail","6":"product_cat-husholdningsartikler","7":"desktop-align-left","8":"tablet-align-left","9":"mobile-align-left","11":"first","12":"instock","13":"shipping-taxable","14":"purchasable","15":"product-type-simple"},"_links":{"self":[{"href":"https:\/\/keluvo.com\/no\/wp-json\/wp\/v2\/product\/53322","targetHints":{"allow":["GET"]}}],"collection":[{"href":"https:\/\/keluvo.com\/no\/wp-json\/wp\/v2\/product"}],"about":[{"href":"https:\/\/keluvo.com\/no\/wp-json\/wp\/v2\/types\/product"}],"replies":[{"embeddable":true,"href":"https:\/\/keluvo.com\/no\/wp-json\/wp\/v2\/comments?post=53322"}],"wp:featuredmedia":[{"embeddable":true,"href":"https:\/\/keluvo.com\/no\/wp-json\/wp\/v2\/media\/53318"}],"wp:attachment":[{"href":"https:\/\/keluvo.com\/no\/wp-json\/wp\/v2\/media?parent=53322"}],"wp:term":[{"taxonomy":"product_brand","embeddable":true,"href":"https:\/\/keluvo.com\/no\/wp-json\/wp\/v2\/product_brand?post=53322"},{"taxonomy":"product_cat","embeddable":true,"href":"https:\/\/keluvo.com\/no\/wp-json\/wp\/v2\/product_cat?post=53322"},{"taxonomy":"product_tag","embeddable":true,"href":"https:\/\/keluvo.com\/no\/wp-json\/wp\/v2\/product_tag?post=53322"}],"curies":[{"name":"wp","href":"https:\/\/api.w.org\/{rel}","templated":true}]}}