{"id":53295,"date":"2025-11-05T10:11:18","date_gmt":"2025-11-05T08:11:18","guid":{"rendered":"https:\/\/keluvo.com\/no\/produkt\/katteborste-3-stk-gratis-kattemynte\/"},"modified":"2025-11-05T10:11:42","modified_gmt":"2025-11-05T08:11:42","slug":"katteborste-3-stk-gratis-kattemynte","status":"publish","type":"product","link":"https:\/\/keluvo.com\/no\/produkt\/katteborste-3-stk-gratis-kattemynte\/","title":{"rendered":"Katteb\u00f8rste (3 stk + gratis kattemynte)"},"content":{"rendered":"<p style=\"text-align: center\" data-start=\"0\" data-end=\"53\"><strong data-start=\"0\" data-end=\"51\">Hold katten din glad, ren og underholdt! \ud83d\udc31<\/strong><\/p>\n<p style=\"text-align: center\" data-start=\"55\" data-end=\"368\">Denne katteb\u00f8rste er det perfekte verkt\u00f8yet for egenpleie for din pelskledde venn. Den er designet for \u00e5 monteres p\u00e5 hj\u00f8rner eller m\u00f8belben, og lar katter gni, kl\u00f8 og stelle seg selv n\u00e5r de vil &#8211; og hjelper til med \u00e5 fjerne l\u00f8se h\u00e5r samtidig som den gir en avslappende massasje. Enkel \u00e5 installere, lett \u00e5 rengj\u00f8re og elsket av alle katter!<\/p>\n<p data-start=\"55\" data-end=\"368\"><img decoding=\"async\" class=\"size-full wp-image-38952 aligncenter\" src=\"https:\/\/keluvo.com\/template\/wp-content\/uploads\/sites\/5\/2025\/10\/Gif2-ezgif.com-video-to-gif-converter.webp\" alt=\"\" \/><\/p>\n<h2 style=\"text-align: center\" data-start=\"375\" data-end=\"396\">\u2b50 Hovedfordeler<\/h2>\n<p data-start=\"399\" data-end=\"504\">\ud83d\ude3a Selvmassasje og stell &#8211; Katter kan gni seg mot den for \u00e5 fjerne l\u00f8s pels og nyte en sk\u00e5nsom massasje.<\/p>\n<p data-start=\"507\" data-end=\"587\">\ud83d\udcaa Slitesterk design &#8211; Laget av PP-plast av h\u00f8y kvalitet for langvarig bruk.<\/p>\n<p data-start=\"590\" data-end=\"671\">\ud83e\uddfd Enkel \u00e5 rengj\u00f8re &#8211; B\u00f8rsten kan enkelt tas av for rask vask og montering.<\/p>\n<p data-start=\"674\" data-end=\"767\">\ud83c\udfe0 Enkel installasjon &#8211; Monteres p\u00e5 et hvilket som helst vegghj\u00f8rne eller bordben ved hjelp av skruer eller 3M tape.<\/p>\n<p data-start=\"770\" data-end=\"841\">\ud83c\udf3f Kattmynte inkludert &#8211; tiltrekker katten din og oppmuntrer til regelmessig bruk.<\/p>\n<p data-start=\"770\" data-end=\"841\"><img decoding=\"async\" class=\"size-full wp-image-38951 aligncenter\" src=\"https:\/\/keluvo.com\/template\/wp-content\/uploads\/sites\/5\/2025\/10\/9c4fb871cf494824bf704731e015d878.SD-480p-0.9Mbps-31284552-ezgif.com-video-to-gif-converter.gif\" alt=\"\" \/><\/p>\n<h2 style=\"text-align: center\" data-start=\"848\" data-end=\"867\">\ud83e\ude84 Slik bruker du den<\/h2>\n<ol data-start=\"868\" data-end=\"1202\">\n<li data-start=\"868\" data-end=\"940\">\n<p data-start=\"871\" data-end=\"940\">Velg et sted katten din elsker &#8211; som et vegghj\u00f8rne eller et m\u00f8belbein.<\/p>\n<\/li>\n<li data-start=\"941\" data-end=\"1021\">\n<p data-start=\"944\" data-end=\"1021\">Fest b\u00f8rsten med dobbeltsidig tape eller skruer (begge inkludert).<\/p>\n<\/li>\n<li data-start=\"1022\" data-end=\"1071\">\n<p data-start=\"1025\" data-end=\"1071\">Tilsett litt kattemynte for \u00e5 tiltrekke katten din.<\/p>\n<\/li>\n<li data-start=\"1072\" data-end=\"1131\">\n<p data-start=\"1075\" data-end=\"1131\">Se katten din nyte en avslappende selvpleie\u00f8kt!<\/p>\n<\/li>\n<li data-start=\"1132\" data-end=\"1202\">\n<p data-start=\"1135\" data-end=\"1202\">Fjern b\u00f8rsten n\u00e5r det er n\u00f8dvendig for rengj\u00f8ring, og sett den deretter enkelt p\u00e5 plass igjen.<\/p>\n<\/li>\n<\/ol>\n<h2 style=\"text-align: center\" data-start=\"1209\" data-end=\"1233\">\ud83d\udccf Produktdetaljer<\/h2>\n<ul data-start=\"1234\" data-end=\"1481\">\n<li data-start=\"1234\" data-end=\"1275\">\n<p data-start=\"1236\" data-end=\"1275\">Materiale: PP-plast av h\u00f8y kvalitet<\/p>\n<\/li>\n<li data-start=\"1276\" data-end=\"1301\">\n<p data-start=\"1278\" data-end=\"1301\">St\u00f8rrelse: 8,5 x 13 cm<\/p>\n<\/li>\n<li data-start=\"1302\" data-end=\"1337\">\n<p data-start=\"1304\" data-end=\"1337\">Farger: Gr\u00e5, svart, rosa, bl\u00e5, gr\u00f8nn, oransje, r\u00f8d<\/p>\n<\/li>\n<li data-start=\"1338\" data-end=\"1400\">\n<p data-start=\"1340\" data-end=\"1400\">Installasjon: Skruer og 3M dobbeltsidig tape inkludert<\/p>\n<\/li>\n<li data-start=\"1401\" data-end=\"1429\">\n<p data-start=\"1403\" data-end=\"1429\">Inkluderer kattemynte: Ja<\/p>\n<\/li>\n<li data-start=\"1430\" data-end=\"1481\">\n<p data-start=\"1432\" data-end=\"1481\">Design: Avtakbar for rengj\u00f8ring og gjenbruk<\/p>\n<\/li>\n<\/ul>\n<h2 style=\"text-align: center\" data-start=\"1488\" data-end=\"1513\">\ud83d\udce6 Pakken inneholder<\/h2>\n<ul data-start=\"1514\" data-end=\"1607\">\n<li data-start=\"1514\" data-end=\"1540\">\n<p data-start=\"1516\" data-end=\"1540\">3x katteb\u00f8rste<\/p>\n<\/li>\n<li data-start=\"1541\" data-end=\"1555\">\n<p data-start=\"1543\" data-end=\"1555\">12x skruer<\/p>\n<\/li>\n<li data-start=\"1556\" data-end=\"1585\">\n<p data-start=\"1558\" data-end=\"1585\">12x 3m dobbeltsidig tape<\/p>\n<\/li>\n<li data-start=\"1586\" data-end=\"1607\">\n<p data-start=\"1588\" data-end=\"1607\">3x pose med kattemynte.<\/p>\n<\/li>\n<\/ul>\n","protected":false},"excerpt":{"rendered":"<p>Hold katten din glad, ren og underholdt! \ud83d\udc31 Denne katteb\u00f8rste er det perfekte verkt\u00f8yet for egenpleie for din pelskledde venn. [&hellip;]<\/p>\n","protected":false},"featured_media":53291,"comment_status":"open","ping_status":"closed","template":"","meta":{"site-sidebar-layout":"default","site-content-layout":"","ast-site-content-layout":"default","site-content-style":"default","site-sidebar-style":"default","ast-global-header-display":"","ast-banner-title-visibility":"","ast-main-header-display":"","ast-hfb-above-header-display":"","ast-hfb-below-header-display":"","ast-hfb-mobile-header-display":"","site-post-title":"","ast-breadcrumbs-content":"","ast-featured-img":"","footer-sml-layout":"","theme-transparent-header-meta":"default","adv-header-id-meta":"","stick-header-meta":"","header-above-stick-meta":"","header-main-stick-meta":"","header-below-stick-meta":"","astra-migrate-meta-layouts":"set","ast-page-background-enabled":"default","ast-page-background-meta":{"desktop":{"background-color":"var(--ast-global-color-4)","background-image":"","background-repeat":"repeat","background-position":"center center","background-size":"auto","background-attachment":"scroll","background-type":"","background-media":"","overlay-type":"","overlay-color":"","overlay-opacity":"","overlay-gradient":""},"tablet":{"background-color":"","background-image":"","background-repeat":"repeat","background-position":"center center","background-size":"auto","background-attachment":"scroll","background-type":"","background-media":"","overlay-type":"","overlay-color":"","overlay-opacity":"","overlay-gradient":""},"mobile":{"background-color":"","background-image":"","background-repeat":"repeat","background-position":"center center","background-size":"auto","background-attachment":"scroll","background-type":"","background-media":"","overlay-type":"","overlay-color":"","overlay-opacity":"","overlay-gradient":""}},"ast-content-background-meta":{"desktop":{"background-color":"var(--ast-global-color-5)","background-image":"","background-repeat":"repeat","background-position":"center center","background-size":"auto","background-attachment":"scroll","background-type":"","background-media":"","overlay-type":"","overlay-color":"","overlay-opacity":"","overlay-gradient":""},"tablet":{"background-color":"var(--ast-global-color-5)","background-image":"","background-repeat":"repeat","background-position":"center center","background-size":"auto","background-attachment":"scroll","background-type":"","background-media":"","overlay-type":"","overlay-color":"","overlay-opacity":"","overlay-gradient":""},"mobile":{"background-color":"var(--ast-global-color-5)","background-image":"","background-repeat":"repeat","background-position":"center center","background-size":"auto","background-attachment":"scroll","background-type":"","background-media":"","overlay-type":"","overlay-color":"","overlay-opacity":"","overlay-gradient":""}}},"product_brand":[],"product_cat":[997],"product_tag":[],"class_list":{"0":"post-53295","1":"product","2":"type-product","3":"status-publish","4":"has-post-thumbnail","6":"product_cat-husdyrprodukter","7":"pa_39042_xozibrcn-bla","8":"pa_39042_xozibrcn-gra","9":"pa_39042_xozibrcn-gronn","10":"pa_39042_xozibrcn-oransje","11":"pa_39042_xozibrcn-rod","12":"pa_39042_xozibrcn-rosa","13":"pa_39042_xozibrcn-svart","14":"desktop-align-left","15":"tablet-align-left","16":"mobile-align-left","18":"first","19":"instock","20":"shipping-taxable","21":"purchasable","22":"product-type-variable"},"_links":{"self":[{"href":"https:\/\/keluvo.com\/no\/wp-json\/wp\/v2\/product\/53295","targetHints":{"allow":["GET"]}}],"collection":[{"href":"https:\/\/keluvo.com\/no\/wp-json\/wp\/v2\/product"}],"about":[{"href":"https:\/\/keluvo.com\/no\/wp-json\/wp\/v2\/types\/product"}],"replies":[{"embeddable":true,"href":"https:\/\/keluvo.com\/no\/wp-json\/wp\/v2\/comments?post=53295"}],"wp:featuredmedia":[{"embeddable":true,"href":"https:\/\/keluvo.com\/no\/wp-json\/wp\/v2\/media\/53291"}],"wp:attachment":[{"href":"https:\/\/keluvo.com\/no\/wp-json\/wp\/v2\/media?parent=53295"}],"wp:term":[{"taxonomy":"product_brand","embeddable":true,"href":"https:\/\/keluvo.com\/no\/wp-json\/wp\/v2\/product_brand?post=53295"},{"taxonomy":"product_cat","embeddable":true,"href":"https:\/\/keluvo.com\/no\/wp-json\/wp\/v2\/product_cat?post=53295"},{"taxonomy":"product_tag","embeddable":true,"href":"https:\/\/keluvo.com\/no\/wp-json\/wp\/v2\/product_tag?post=53295"}],"curies":[{"name":"wp","href":"https:\/\/api.w.org\/{rel}","templated":true}]}}