{"id":52716,"date":"2025-10-29T12:13:52","date_gmt":"2025-10-29T10:13:52","guid":{"rendered":"https:\/\/keluvo.com\/no\/produkt\/blossom-byggeklosser\/"},"modified":"2025-11-11T11:33:40","modified_gmt":"2025-11-11T09:33:40","slug":"blossom-byggeklosser","status":"publish","type":"product","link":"https:\/\/keluvo.com\/no\/produkt\/blossom-byggeklosser\/","title":{"rendered":"Blossom byggeklosser"},"content":{"rendered":"<p style=\"text-align: center;\" data-start=\"0\" data-end=\"59\"><strong data-start=\"0\" data-end=\"57\">Bygg, Skap Og L\u00e6r Med Uendelig Fantasi! \ud83c\udf38<\/strong><\/p>\n<p style=\"text-align: center;\" data-start=\"61\" data-end=\"373\">Blossom-byggeklossene gj\u00f8r leken til et kreativt eventyr. Med fargerike, sn\u00f8fnuggformede biter kan barna bygge utallige former og strukturer &#8211; samtidig som de forbedrer sine motoriske ferdigheter, probleml\u00f8sning og kreativitet. Den er trygg, holdbar og morsom, og er det perfekte leket\u00f8yet for nysgjerrige sm\u00e5 hoder.<\/p>\n<p data-start=\"61\" data-end=\"373\"><img decoding=\"async\" class=\"size-full wp-image-38835 aligncenter\" src=\"https:\/\/keluvo.com\/template\/wp-content\/uploads\/sites\/5\/2025\/10\/10224-ezgif.com-video-to-webp-converter-1-1.webp\" alt=\"\" \/><\/p>\n<h2 style=\"text-align: center;\" data-start=\"380\" data-end=\"401\">\u2b50 Hovedfordeler<\/h2>\n<p data-start=\"404\" data-end=\"482\">\ud83c\udf08 \u00d8ker kreativiteten &#8211; Barn kan lage uendelige design og 3D-strukturer.<\/p>\n<p data-start=\"485\" data-end=\"586\">\ud83e\udde0 Pedagogisk lek &#8211; Forbedrer teknisk tenkning, fargegjenkjenning og h\u00e5nd-\u00f8ye-koordinasjon.<\/p>\n<p data-start=\"589\" data-end=\"688\">\ud83d\udcaa Slitesterkt materiale &#8211; Laget av sterk, BPA-fri og giftfri plast for langvarig moro.<\/p>\n<p data-start=\"691\" data-end=\"772\">\ud83d\udc76 Trygt for barn &#8211; Glatte kanter og deler i perfekt st\u00f8rrelse for sm\u00e5 hender.<\/p>\n<p data-start=\"775\" data-end=\"874\">\ud83e\udde9 Allsidig moro &#8211; Perfekt for b\u00e5de gutter og jenter til \u00e5 bygge, sette sammen og utforske fantasien.<\/p>\n<p data-start=\"877\" data-end=\"961\">\ud83d\udca7 Vannbestandig &#8211; Lett \u00e5 rengj\u00f8re og trygt for alle typer lekemilj\u00f8er.<\/p>\n<p data-start=\"877\" data-end=\"961\"><img decoding=\"async\" class=\"size-full wp-image-38836 aligncenter\" src=\"https:\/\/keluvo.com\/template\/wp-content\/uploads\/sites\/5\/2025\/10\/S2683a27a954c4a1b90cf57bad3ad34e3R.jpg_960x960q75.jpg_.jpg\" alt=\"\" \/><\/p>\n<h2 style=\"text-align: center;\" data-start=\"968\" data-end=\"987\">\ud83e\ude84 Slik Bruker Du Det<\/h2>\n<ol data-start=\"988\" data-end=\"1280\">\n<li data-start=\"988\" data-end=\"1047\">\n<p data-start=\"991\" data-end=\"1047\">Gi barnet ditt fargerike brikker som det kan sette sammen fritt.<\/p>\n<\/li>\n<li data-start=\"1048\" data-end=\"1119\">\n<p data-start=\"1051\" data-end=\"1119\">La dem sette sammen de sn\u00f8fnuggformede delene til 2D- eller 3D-design.<\/p>\n<\/li>\n<li data-start=\"1120\" data-end=\"1200\">\n<p data-start=\"1123\" data-end=\"1200\">Oppmuntre dem til \u00e5 bygge nye former, t\u00e5rn, blomster eller m\u00f8nstre hver gang.<\/p>\n<\/li>\n<li data-start=\"1201\" data-end=\"1280\">\n<p data-start=\"1204\" data-end=\"1280\">N\u00e5r leken er over, kan du enkelt oppbevare bitene til neste kreative \u00f8kt!<\/p>\n<\/li>\n<\/ol>\n<h2 style=\"text-align: center;\" data-start=\"1287\" data-end=\"1311\">\ud83d\udccf Produktdetaljer<\/h2>\n<ul data-start=\"1312\" data-end=\"1675\">\n<li data-start=\"1312\" data-end=\"1365\">\n<p data-start=\"1314\" data-end=\"1365\">Materiale: Sikker plast (BPA-fri, giftfri)<\/p>\n<\/li>\n<li data-start=\"1366\" data-end=\"1404\">\n<p data-start=\"1368\" data-end=\"1404\">Diameter p\u00e5 hver brikke: 2,9 cm<\/p>\n<\/li>\n<li data-start=\"1405\" data-end=\"1430\">\n<p data-start=\"1407\" data-end=\"1430\">Brikker i settet: 100, 290, 510 stk<\/p>\n<\/li>\n<li data-start=\"1431\" data-end=\"1477\">\n<p data-start=\"1433\" data-end=\"1477\">Vekt: Lett og enkel \u00e5 h\u00e5ndtere<\/p>\n<\/li>\n<li data-start=\"1478\" data-end=\"1511\">\n<p data-start=\"1480\" data-end=\"1511\">Anbefalt alder: 3+ \u00e5r<\/p>\n<\/li>\n<li data-start=\"1512\" data-end=\"1569\">\n<p data-start=\"1514\" data-end=\"1569\">Kj\u00f8nn: Unisex (passer for b\u00e5de gutter og jenter)<\/p>\n<\/li>\n<li data-start=\"1570\" data-end=\"1645\">\n<p data-start=\"1572\" data-end=\"1645\">Ferdigheter som utvikles: Motorikk, teknisk forst\u00e5else, kreativitet<\/p>\n<\/li>\n<li data-start=\"1646\" data-end=\"1675\">\n<p data-start=\"1648\" data-end=\"1675\">Vanntett: Ja<\/p>\n<\/li>\n<\/ul>\n<h2 style=\"text-align: center;\" data-start=\"1682\" data-end=\"1707\">\ud83d\udce6 Pakken inneholder<\/h2>\n<ul data-start=\"1708\" data-end=\"1760\">\n<li data-start=\"1708\" data-end=\"1760\">\n<p data-start=\"1710\" data-end=\"1760\">100, 290, 510x Blossom-byggeklosser.<\/p>\n<\/li>\n<\/ul>\n","protected":false},"excerpt":{"rendered":"<p>Bygg, Skap Og L\u00e6r Med Uendelig Fantasi! \ud83c\udf38 Blossom-byggeklossene gj\u00f8r leken til et kreativt eventyr. Med fargerike, sn\u00f8fnuggformede biter kan [&hellip;]<\/p>\n","protected":false},"featured_media":52712,"comment_status":"open","ping_status":"closed","template":"","meta":{"site-sidebar-layout":"default","site-content-layout":"","ast-site-content-layout":"default","site-content-style":"default","site-sidebar-style":"default","ast-global-header-display":"","ast-banner-title-visibility":"","ast-main-header-display":"","ast-hfb-above-header-display":"","ast-hfb-below-header-display":"","ast-hfb-mobile-header-display":"","site-post-title":"","ast-breadcrumbs-content":"","ast-featured-img":"","footer-sml-layout":"","theme-transparent-header-meta":"default","adv-header-id-meta":"","stick-header-meta":"","header-above-stick-meta":"","header-main-stick-meta":"","header-below-stick-meta":"","astra-migrate-meta-layouts":"set","ast-page-background-enabled":"default","ast-page-background-meta":{"desktop":{"background-color":"var(--ast-global-color-4)","background-image":"","background-repeat":"repeat","background-position":"center center","background-size":"auto","background-attachment":"scroll","background-type":"","background-media":"","overlay-type":"","overlay-color":"","overlay-opacity":"","overlay-gradient":""},"tablet":{"background-color":"","background-image":"","background-repeat":"repeat","background-position":"center center","background-size":"auto","background-attachment":"scroll","background-type":"","background-media":"","overlay-type":"","overlay-color":"","overlay-opacity":"","overlay-gradient":""},"mobile":{"background-color":"","background-image":"","background-repeat":"repeat","background-position":"center center","background-size":"auto","background-attachment":"scroll","background-type":"","background-media":"","overlay-type":"","overlay-color":"","overlay-opacity":"","overlay-gradient":""}},"ast-content-background-meta":{"desktop":{"background-color":"var(--ast-global-color-5)","background-image":"","background-repeat":"repeat","background-position":"center center","background-size":"auto","background-attachment":"scroll","background-type":"","background-media":"","overlay-type":"","overlay-color":"","overlay-opacity":"","overlay-gradient":""},"tablet":{"background-color":"var(--ast-global-color-5)","background-image":"","background-repeat":"repeat","background-position":"center center","background-size":"auto","background-attachment":"scroll","background-type":"","background-media":"","overlay-type":"","overlay-color":"","overlay-opacity":"","overlay-gradient":""},"mobile":{"background-color":"var(--ast-global-color-5)","background-image":"","background-repeat":"repeat","background-position":"center center","background-size":"auto","background-attachment":"scroll","background-type":"","background-media":"","overlay-type":"","overlay-color":"","overlay-opacity":"","overlay-gradient":""}}},"product_brand":[],"product_cat":[990],"product_tag":[],"class_list":{"0":"post-52716","1":"product","2":"type-product","3":"status-publish","4":"has-post-thumbnail","6":"product_cat-leker-barne-og-babyprodukter","7":"pa_24148_2u25ycpa-100-stk","8":"pa_24148_2u25ycpa-290-stk","9":"pa_24148_2u25ycpa-510-stk","10":"desktop-align-left","11":"tablet-align-left","12":"mobile-align-left","14":"first","15":"instock","16":"shipping-taxable","17":"purchasable","18":"product-type-variable"},"_links":{"self":[{"href":"https:\/\/keluvo.com\/no\/wp-json\/wp\/v2\/product\/52716","targetHints":{"allow":["GET"]}}],"collection":[{"href":"https:\/\/keluvo.com\/no\/wp-json\/wp\/v2\/product"}],"about":[{"href":"https:\/\/keluvo.com\/no\/wp-json\/wp\/v2\/types\/product"}],"replies":[{"embeddable":true,"href":"https:\/\/keluvo.com\/no\/wp-json\/wp\/v2\/comments?post=52716"}],"wp:featuredmedia":[{"embeddable":true,"href":"https:\/\/keluvo.com\/no\/wp-json\/wp\/v2\/media\/52712"}],"wp:attachment":[{"href":"https:\/\/keluvo.com\/no\/wp-json\/wp\/v2\/media?parent=52716"}],"wp:term":[{"taxonomy":"product_brand","embeddable":true,"href":"https:\/\/keluvo.com\/no\/wp-json\/wp\/v2\/product_brand?post=52716"},{"taxonomy":"product_cat","embeddable":true,"href":"https:\/\/keluvo.com\/no\/wp-json\/wp\/v2\/product_cat?post=52716"},{"taxonomy":"product_tag","embeddable":true,"href":"https:\/\/keluvo.com\/no\/wp-json\/wp\/v2\/product_tag?post=52716"}],"curies":[{"name":"wp","href":"https:\/\/api.w.org\/{rel}","templated":true}]}}