{"id":52603,"date":"2025-10-29T12:06:36","date_gmt":"2025-10-29T10:06:36","guid":{"rendered":"https:\/\/keluvo.com\/no\/produkt\/oredobberlas-4-stk\/"},"modified":"2025-11-11T11:23:53","modified_gmt":"2025-11-11T09:23:53","slug":"oredobberlas-4-stk","status":"publish","type":"product","link":"https:\/\/keluvo.com\/no\/produkt\/oredobberlas-4-stk\/","title":{"rendered":"\u00d8redobberl\u00e5s (4 stk)"},"content":{"rendered":"<p style=\"text-align: center;\" data-start=\"0\" data-end=\"57\"><strong data-start=\"0\" data-end=\"55\">Hold \u00d8redobbene Dine Sikre Og Skinnende Vakre \u2728<\/strong><\/p>\n<p style=\"text-align: center;\" data-start=\"59\" data-end=\"343\">Disse \u00f8redobbspennene er designet for \u00e5 holde \u00f8redobbene dine godt p\u00e5 plass og forhindre at de sklir ut eller blir borte. De er laget av allergivennlig metall, er sk\u00e5nsomme mot huden og trygge \u00e5 bruke hver dag &#8211; og kombinerer komfort, skj\u00f8nnhet og trygghet i ett lite tilbeh\u00f8r.<\/p>\n<p data-start=\"59\" data-end=\"343\"><img decoding=\"async\" class=\"size-full wp-image-38742 aligncenter\" src=\"https:\/\/keluvo.com\/template\/wp-content\/uploads\/sites\/5\/2025\/10\/102214-ezgif.com-video-to-webp-converter.webp\" alt=\"\" \/><\/p>\n<h2 style=\"text-align: center;\" data-start=\"350\" data-end=\"372\"><strong>Hovedfordeler<\/strong><\/h2>\n<p data-start=\"375\" data-end=\"440\">\ud83d\udd12 Sikker passform &#8211; holder \u00f8redobbene godt festet hele dagen.<\/p>\n<p data-start=\"443\" data-end=\"524\">\ud83d\udc8e Forbedrer utseendet &#8211; holder \u00f8redobbene jevnt p\u00e5 plass for et perfekt, balansert utseende.<\/p>\n<p data-start=\"527\" data-end=\"605\">\ud83c\udf3f Allergivennlig &#8211; trygg for f\u00f8lsomme \u00f8rer &#8211; ingen irritasjon eller allergi.<\/p>\n<p data-start=\"608\" data-end=\"690\">\ud83e\uddf2 Sterk &amp; holdbar &#8211; Laget av metall av h\u00f8y kvalitet som ikke ruster eller deformeres.<\/p>\n<p data-start=\"693\" data-end=\"771\">\ud83d\udc42 Elegant design &#8211; Ser pent og stilig ut selv fra baksiden av \u00f8ret.<\/p>\n<p data-start=\"693\" data-end=\"771\"><img decoding=\"async\" class=\"size-full wp-image-38745 aligncenter\" src=\"https:\/\/keluvo.com\/template\/wp-content\/uploads\/sites\/5\/2025\/10\/1_c6cdeac9-f883-428c-8a7a-1294ab3be457_480x480.webp\" alt=\"\" \/><\/p>\n<h2 style=\"text-align: center;\" data-start=\"778\" data-end=\"797\"><strong>Hvordan Bruke<\/strong><\/h2>\n<ol data-start=\"798\" data-end=\"1039\">\n<li data-start=\"798\" data-end=\"849\">\n<p data-start=\"801\" data-end=\"849\">Sett \u00f8redobben inn gjennom \u00f8ret som vanlig.<\/p>\n<\/li>\n<li data-start=\"850\" data-end=\"915\">\n<p data-start=\"853\" data-end=\"915\">Fest l\u00e5sen til \u00f8redobbens stolpe til den sitter godt.<\/p>\n<\/li>\n<li data-start=\"916\" data-end=\"984\">\n<p data-start=\"919\" data-end=\"984\">Juster om n\u00f8dvendig for \u00e5 sikre at \u00f8redobben sitter jevnt p\u00e5 \u00f8ret.<\/p>\n<\/li>\n<li data-start=\"985\" data-end=\"1039\">\n<p data-start=\"988\" data-end=\"1039\">Ta den forsiktig av n\u00e5r du skal bytte \u00f8redobber eller rengj\u00f8re.<\/p>\n<\/li>\n<\/ol>\n<h2 style=\"text-align: center;\" data-start=\"1046\" data-end=\"1070\"><strong>Produktdetaljer<\/strong><\/h2>\n<ul data-start=\"1071\" data-end=\"1214\">\n<li data-start=\"1071\" data-end=\"1105\">\n<p data-start=\"1073\" data-end=\"1105\">Materiale: Allergivennlig metall<\/p>\n<\/li>\n<li data-start=\"1106\" data-end=\"1132\">\n<p data-start=\"1108\" data-end=\"1132\">St\u00f8rrelse: 9,7 mm x 14,5 mm<\/p>\n<\/li>\n<li data-start=\"1133\" data-end=\"1155\">\n<p data-start=\"1135\" data-end=\"1155\">Farge: S\u00f8lvfarget<\/p>\n<\/li>\n<li data-start=\"1156\" data-end=\"1214\">\n<p data-start=\"1158\" data-end=\"1214\">Kompatibilitet: Passer til alle standard \u00f8redobber<\/p>\n<\/li>\n<\/ul>\n<h2 style=\"text-align: center;\" data-start=\"1221\" data-end=\"1246\"><strong>Pakken inneholder<\/strong><\/h2>\n<ul data-start=\"1247\" data-end=\"1269\">\n<li data-start=\"1247\" data-end=\"1269\">\n<p data-start=\"1249\" data-end=\"1269\">4x \u00f8redobbel\u00e5ser.<\/p>\n<\/li>\n<\/ul>\n","protected":false},"excerpt":{"rendered":"<p>Hold \u00d8redobbene Dine Sikre Og Skinnende Vakre \u2728 Disse \u00f8redobbspennene er designet for \u00e5 holde \u00f8redobbene dine godt p\u00e5 plass [&hellip;]<\/p>\n","protected":false},"featured_media":52599,"comment_status":"open","ping_status":"closed","template":"","meta":{"site-sidebar-layout":"default","site-content-layout":"","ast-site-content-layout":"default","site-content-style":"default","site-sidebar-style":"default","ast-global-header-display":"","ast-banner-title-visibility":"","ast-main-header-display":"","ast-hfb-above-header-display":"","ast-hfb-below-header-display":"","ast-hfb-mobile-header-display":"","site-post-title":"","ast-breadcrumbs-content":"","ast-featured-img":"","footer-sml-layout":"","theme-transparent-header-meta":"default","adv-header-id-meta":"","stick-header-meta":"","header-above-stick-meta":"","header-main-stick-meta":"","header-below-stick-meta":"","astra-migrate-meta-layouts":"set","ast-page-background-enabled":"default","ast-page-background-meta":{"desktop":{"background-color":"var(--ast-global-color-4)","background-image":"","background-repeat":"repeat","background-position":"center center","background-size":"auto","background-attachment":"scroll","background-type":"","background-media":"","overlay-type":"","overlay-color":"","overlay-opacity":"","overlay-gradient":""},"tablet":{"background-color":"","background-image":"","background-repeat":"repeat","background-position":"center center","background-size":"auto","background-attachment":"scroll","background-type":"","background-media":"","overlay-type":"","overlay-color":"","overlay-opacity":"","overlay-gradient":""},"mobile":{"background-color":"","background-image":"","background-repeat":"repeat","background-position":"center center","background-size":"auto","background-attachment":"scroll","background-type":"","background-media":"","overlay-type":"","overlay-color":"","overlay-opacity":"","overlay-gradient":""}},"ast-content-background-meta":{"desktop":{"background-color":"var(--ast-global-color-5)","background-image":"","background-repeat":"repeat","background-position":"center center","background-size":"auto","background-attachment":"scroll","background-type":"","background-media":"","overlay-type":"","overlay-color":"","overlay-opacity":"","overlay-gradient":""},"tablet":{"background-color":"var(--ast-global-color-5)","background-image":"","background-repeat":"repeat","background-position":"center center","background-size":"auto","background-attachment":"scroll","background-type":"","background-media":"","overlay-type":"","overlay-color":"","overlay-opacity":"","overlay-gradient":""},"mobile":{"background-color":"var(--ast-global-color-5)","background-image":"","background-repeat":"repeat","background-position":"center center","background-size":"auto","background-attachment":"scroll","background-type":"","background-media":"","overlay-type":"","overlay-color":"","overlay-opacity":"","overlay-gradient":""}}},"product_brand":[],"product_cat":[993],"product_tag":[],"class_list":{"0":"post-52603","1":"product","2":"type-product","3":"status-publish","4":"has-post-thumbnail","6":"product_cat-skotoy-tilbehor","7":"desktop-align-left","8":"tablet-align-left","9":"mobile-align-left","11":"first","12":"instock","13":"shipping-taxable","14":"purchasable","15":"product-type-simple"},"_links":{"self":[{"href":"https:\/\/keluvo.com\/no\/wp-json\/wp\/v2\/product\/52603","targetHints":{"allow":["GET"]}}],"collection":[{"href":"https:\/\/keluvo.com\/no\/wp-json\/wp\/v2\/product"}],"about":[{"href":"https:\/\/keluvo.com\/no\/wp-json\/wp\/v2\/types\/product"}],"replies":[{"embeddable":true,"href":"https:\/\/keluvo.com\/no\/wp-json\/wp\/v2\/comments?post=52603"}],"wp:featuredmedia":[{"embeddable":true,"href":"https:\/\/keluvo.com\/no\/wp-json\/wp\/v2\/media\/52599"}],"wp:attachment":[{"href":"https:\/\/keluvo.com\/no\/wp-json\/wp\/v2\/media?parent=52603"}],"wp:term":[{"taxonomy":"product_brand","embeddable":true,"href":"https:\/\/keluvo.com\/no\/wp-json\/wp\/v2\/product_brand?post=52603"},{"taxonomy":"product_cat","embeddable":true,"href":"https:\/\/keluvo.com\/no\/wp-json\/wp\/v2\/product_cat?post=52603"},{"taxonomy":"product_tag","embeddable":true,"href":"https:\/\/keluvo.com\/no\/wp-json\/wp\/v2\/product_tag?post=52603"}],"curies":[{"name":"wp","href":"https:\/\/api.w.org\/{rel}","templated":true}]}}