{"id":52560,"date":"2025-10-29T12:03:52","date_gmt":"2025-10-29T10:03:52","guid":{"rendered":"https:\/\/keluvo.com\/no\/produkt\/piano-kalender\/"},"modified":"2025-10-29T19:54:01","modified_gmt":"2025-10-29T17:54:01","slug":"piano-kalender","status":"publish","type":"product","link":"https:\/\/keluvo.com\/no\/produkt\/piano-kalender\/","title":{"rendered":"Piano-kalender"},"content":{"rendered":"<p style=\"text-align: center;\" data-start=\"0\" data-end=\"49\"><strong data-start=\"0\" data-end=\"47\">En Kalender Som Spiller Musikk \u2014 Bokstavelig Talt \ud83c\udfb9\u2728<\/strong><\/p>\n<p style=\"text-align: center;\" data-start=\"51\" data-end=\"396\">Start hver uke i 2026 med musikkglede! Pianokalenderen kombinerer en funksjonell bordkalender med et ekte minipiano som kan spilles p\u00e5, med 52 sanger du kan l\u00e6re og glede deg over gjennom hele \u00e5ret. Den er den perfekte blandingen av kreativitet, moro og inspirasjon &#8211; ideell for musikkelskere, Taylor Swift-fans eller alle som elsker unikt skrivebordstilbeh\u00f8r.<\/p>\n<p data-start=\"51\" data-end=\"396\"><img decoding=\"async\" class=\"size-full wp-image-38716 aligncenter\" src=\"https:\/\/keluvo.com\/template\/wp-content\/uploads\/sites\/5\/2025\/10\/102210-ezgif.com-video-to-webp-converter.webp\" alt=\"\" \/><\/p>\n<h2 style=\"text-align: center;\" data-start=\"403\" data-end=\"425\">\ud83c\udf1f Hovedfordeler<\/h2>\n<p data-start=\"428\" data-end=\"524\">\ud83c\udfb6 Spillbare pianotangenter &#8211; Inkluderer et ekte minitastatur for \u00e5 spille sanger direkte p\u00e5 skrivebordet.<\/p>\n<p data-start=\"527\" data-end=\"604\">\ud83d\udcc5 52 ukentlige sanger &#8211; Hver uke har en ny melodi \u00e5 l\u00e6re og nyte.<\/p>\n<p data-start=\"607\" data-end=\"685\">\ud83c\udf81 Perfekt for musikkelskere &#8211; En gjennomtenkt og kreativ gave for alle aldre.<\/p>\n<p data-start=\"688\" data-end=\"770\">\ud83c\udfb9 Nybegynnervennlig &#8211; Leveres med klistremerker for pianotangenter som gj\u00f8r det enkelt \u00e5 l\u00e6re.<\/p>\n<p data-start=\"773\" data-end=\"859\">\ud83d\udca1 Inspirerende og interaktiv &#8211; Gj\u00f8r kalenderen til en morsom, praktisk opplevelse.<\/p>\n<p data-start=\"862\" data-end=\"937\">\ud83e\uddf1 F\u00f8rsteklasses design &#8211; Laget av slitesterke materialer som varer hele \u00e5ret.<\/p>\n<p data-start=\"940\" data-end=\"994\">\ud83d\udd0c USB-drevet &#8211; Enkel \u00e5 lade og bruke hvor som helst.<\/p>\n<p data-start=\"940\" data-end=\"994\"><img decoding=\"async\" class=\"size-full wp-image-38711 aligncenter\" src=\"https:\/\/keluvo.com\/template\/wp-content\/uploads\/sites\/5\/2025\/10\/S44fffa3da90e4d179b9665d5ee707ddbP.jpg_960x960q75.jpg_.avif\" alt=\"\" \/><\/p>\n<h2 style=\"text-align: center;\" data-start=\"1001\" data-end=\"1020\">\ud83e\uddfe Slik Bruker Du Den<\/h2>\n<ol data-start=\"1021\" data-end=\"1320\">\n<li data-start=\"1021\" data-end=\"1102\">\n<p data-start=\"1024\" data-end=\"1102\">Plasser kalenderen p\u00e5 skrivebordet og koble den til ved hjelp av den medf\u00f8lgende USB-kabelen.<\/p>\n<\/li>\n<li data-start=\"1103\" data-end=\"1162\">\n<p data-start=\"1106\" data-end=\"1162\">Hver uke blar du til en ny side med et nytt sangark.<\/p>\n<\/li>\n<li data-start=\"1163\" data-end=\"1239\">\n<p data-start=\"1166\" data-end=\"1239\">F\u00f8lg klistremerkene med toneveiledning for \u00e5 spille melodien p\u00e5 det innebygde pianoet.<\/p>\n<\/li>\n<li data-start=\"1240\" data-end=\"1320\">\n<p data-start=\"1243\" data-end=\"1320\">Nyt minikonserten mens du holder deg organisert og inspirert hele \u00e5ret.<\/p>\n<\/li>\n<\/ol>\n<h2 style=\"text-align: center;\" data-start=\"1327\" data-end=\"1351\">\ud83d\udccf Produktdetaljer<\/h2>\n<ul data-start=\"1352\" data-end=\"1718\">\n<li data-start=\"1390\" data-end=\"1444\">\n<p data-start=\"1392\" data-end=\"1444\">Materiale: Premium tykt papir + pianotaster i plast<\/p>\n<\/li>\n<li data-start=\"1445\" data-end=\"1522\">\n<p data-start=\"1447\" data-end=\"1522\">Funksjoner: Spillbart minipiano, ukentlige noter (52 sanger), USB-drevet<\/p>\n<\/li>\n<li data-start=\"1523\" data-end=\"1589\">\n<p data-start=\"1525\" data-end=\"1589\">Design: 27 dobbeltsidige kort med musikkinspirerte kunstverk<\/p>\n<\/li>\n<li data-start=\"1590\" data-end=\"1628\">\n<p data-start=\"1592\" data-end=\"1628\">St\u00f8rrelse: Kompakt, skrivebordsvennlig design<\/p>\n<\/li>\n<li data-start=\"1629\" data-end=\"1667\">\n<p data-start=\"1631\" data-end=\"1667\">Str\u00f8m: USB-ladekabel inkludert<\/p>\n<\/li>\n<li data-start=\"1668\" data-end=\"1718\">\n<p data-start=\"1670\" data-end=\"1718\">Farger: Fargene p\u00e5 pianotastene er tilfeldig valgt<\/p>\n<\/li>\n<li data-start=\"1668\" data-end=\"1718\">St\u00f8rrelse: 17,5 x 11,6 x 6 cm<\/li>\n<\/ul>\n<h2 style=\"text-align: center;\" data-start=\"1725\" data-end=\"1750\">\ud83d\udce6 Pakken inneholder<\/h2>\n<ul data-start=\"1751\" data-end=\"1845\">\n<li data-start=\"1751\" data-end=\"1787\">\n<p data-start=\"1753\" data-end=\"1787\">1x spillbar pianokalender<\/p>\n<\/li>\n<li data-start=\"1788\" data-end=\"1805\">\n<p data-start=\"1790\" data-end=\"1805\">1x USB-kabel<\/p>\n<\/li>\n<li data-start=\"1788\" data-end=\"1805\">\n<p data-start=\"1790\" data-end=\"1805\">1x sett med klistremerker med pianotastguide<\/p>\n<\/li>\n<li data-start=\"1806\" data-end=\"1845\">\n<p data-start=\"1808\" data-end=\"1845\">27x dobbeltsidige kort.<\/p>\n<\/li>\n<\/ul>\n","protected":false},"excerpt":{"rendered":"<p>En Kalender Som Spiller Musikk \u2014 Bokstavelig Talt \ud83c\udfb9\u2728 Start hver uke i 2026 med musikkglede! Pianokalenderen kombinerer en funksjonell [&hellip;]<\/p>\n","protected":false},"featured_media":52556,"comment_status":"open","ping_status":"closed","template":"","meta":{"site-sidebar-layout":"default","site-content-layout":"","ast-site-content-layout":"default","site-content-style":"default","site-sidebar-style":"default","ast-global-header-display":"","ast-banner-title-visibility":"","ast-main-header-display":"","ast-hfb-above-header-display":"","ast-hfb-below-header-display":"","ast-hfb-mobile-header-display":"","site-post-title":"","ast-breadcrumbs-content":"","ast-featured-img":"","footer-sml-layout":"","theme-transparent-header-meta":"default","adv-header-id-meta":"","stick-header-meta":"","header-above-stick-meta":"","header-main-stick-meta":"","header-below-stick-meta":"","astra-migrate-meta-layouts":"set","ast-page-background-enabled":"default","ast-page-background-meta":{"desktop":{"background-color":"var(--ast-global-color-4)","background-image":"","background-repeat":"repeat","background-position":"center center","background-size":"auto","background-attachment":"scroll","background-type":"","background-media":"","overlay-type":"","overlay-color":"","overlay-opacity":"","overlay-gradient":""},"tablet":{"background-color":"","background-image":"","background-repeat":"repeat","background-position":"center center","background-size":"auto","background-attachment":"scroll","background-type":"","background-media":"","overlay-type":"","overlay-color":"","overlay-opacity":"","overlay-gradient":""},"mobile":{"background-color":"","background-image":"","background-repeat":"repeat","background-position":"center center","background-size":"auto","background-attachment":"scroll","background-type":"","background-media":"","overlay-type":"","overlay-color":"","overlay-opacity":"","overlay-gradient":""}},"ast-content-background-meta":{"desktop":{"background-color":"var(--ast-global-color-5)","background-image":"","background-repeat":"repeat","background-position":"center center","background-size":"auto","background-attachment":"scroll","background-type":"","background-media":"","overlay-type":"","overlay-color":"","overlay-opacity":"","overlay-gradient":""},"tablet":{"background-color":"var(--ast-global-color-5)","background-image":"","background-repeat":"repeat","background-position":"center center","background-size":"auto","background-attachment":"scroll","background-type":"","background-media":"","overlay-type":"","overlay-color":"","overlay-opacity":"","overlay-gradient":""},"mobile":{"background-color":"var(--ast-global-color-5)","background-image":"","background-repeat":"repeat","background-position":"center center","background-size":"auto","background-attachment":"scroll","background-type":"","background-media":"","overlay-type":"","overlay-color":"","overlay-opacity":"","overlay-gradient":""}}},"product_brand":[],"product_cat":[1001,990],"product_tag":[],"class_list":{"0":"post-52560","1":"product","2":"type-product","3":"status-publish","4":"has-post-thumbnail","6":"product_cat-husholdningsartikler","7":"product_cat-leker-barne-og-babyprodukter","8":"pa_32335_9sdfbo3b-hvit","9":"pa_32335_9sdfbo3b-svart","10":"desktop-align-left","11":"tablet-align-left","12":"mobile-align-left","14":"first","15":"instock","16":"shipping-taxable","17":"purchasable","18":"product-type-variable"},"_links":{"self":[{"href":"https:\/\/keluvo.com\/no\/wp-json\/wp\/v2\/product\/52560","targetHints":{"allow":["GET"]}}],"collection":[{"href":"https:\/\/keluvo.com\/no\/wp-json\/wp\/v2\/product"}],"about":[{"href":"https:\/\/keluvo.com\/no\/wp-json\/wp\/v2\/types\/product"}],"replies":[{"embeddable":true,"href":"https:\/\/keluvo.com\/no\/wp-json\/wp\/v2\/comments?post=52560"}],"wp:featuredmedia":[{"embeddable":true,"href":"https:\/\/keluvo.com\/no\/wp-json\/wp\/v2\/media\/52556"}],"wp:attachment":[{"href":"https:\/\/keluvo.com\/no\/wp-json\/wp\/v2\/media?parent=52560"}],"wp:term":[{"taxonomy":"product_brand","embeddable":true,"href":"https:\/\/keluvo.com\/no\/wp-json\/wp\/v2\/product_brand?post=52560"},{"taxonomy":"product_cat","embeddable":true,"href":"https:\/\/keluvo.com\/no\/wp-json\/wp\/v2\/product_cat?post=52560"},{"taxonomy":"product_tag","embeddable":true,"href":"https:\/\/keluvo.com\/no\/wp-json\/wp\/v2\/product_tag?post=52560"}],"curies":[{"name":"wp","href":"https:\/\/api.w.org\/{rel}","templated":true}]}}