{"id":52501,"date":"2025-10-29T11:58:41","date_gmt":"2025-10-29T09:58:41","guid":{"rendered":"https:\/\/keluvo.com\/no\/produkt\/speilrefleksklemmesett-for-kamera\/"},"modified":"2025-10-29T19:45:44","modified_gmt":"2025-10-29T17:45:44","slug":"speilrefleksklemmesett-for-kamera","status":"publish","type":"product","link":"https:\/\/keluvo.com\/no\/produkt\/speilrefleksklemmesett-for-kamera\/","title":{"rendered":"Speilrefleksklemmesett for kamera"},"content":{"rendered":"<p style=\"text-align: center;\" data-start=\"0\" data-end=\"62\"><strong data-start=\"0\" data-end=\"60\">Gj\u00f8r Telefonen Din Om Til Et Profesjonelt Kamera P\u00e5 F\u00e5 Sekunder \ud83d\udcf8<\/strong><\/p>\n<p style=\"text-align: center;\" data-start=\"64\" data-end=\"367\">Fotografer kreative bilder og videoer av h\u00f8y kvalitet med refleksjonskameraet. Denne speilrefleksjonsklemmen gir smarttelefonen din en profesjonell fotoeffekt &#8211; perfekt for selfies, vlogger og unike perspektivbilder. Holdbart, gjenbrukbart og enkelt \u00e5 bruke, det er et must-have-verkt\u00f8y for alle innholdsskapere.<\/p>\n<p data-start=\"64\" data-end=\"367\"><img decoding=\"async\" class=\"size-full wp-image-38663 aligncenter\" src=\"https:\/\/keluvo.com\/template\/wp-content\/uploads\/sites\/5\/2025\/10\/10227-ezgif.com-video-to-webp-converter-1.webp\" alt=\"\" \/><\/p>\n<h2 style=\"text-align: center;\" data-start=\"374\" data-end=\"396\">\ud83c\udf1f Hovedfordeler<\/h2>\n<p data-start=\"399\" data-end=\"495\">\ud83d\udd0d Profesjonelle refleksjonsbilder &#8211; Gir fantastiske speileffekter for kreativ fotografering.<\/p>\n<p data-start=\"498\" data-end=\"569\">\ud83d\udcf1 Universell passform &#8211; Justerbar klips passer sikkert til de fleste smarttelefoner.<\/p>\n<p data-start=\"572\" data-end=\"642\">\ud83d\udca1 Enkelt oppsett &#8211; Fest, juster og ta bilder &#8211; ingen ekstra verkt\u00f8y trengs.<\/p>\n<p data-start=\"724\" data-end=\"812\">\ud83d\udc8e Holdbart og gjenbrukbart &#8211; Laget av glass og PVC av h\u00f8y kvalitet for langvarig klarhet.<\/p>\n<p data-start=\"815\" data-end=\"914\">\ud83c\udfa5 Perfekt for kreat\u00f8rer &#8211; Ideell for vloggere, influencere og alle som elsker \u00e5 ta bilder.<\/p>\n<p data-start=\"815\" data-end=\"914\"><img decoding=\"async\" class=\"size-full wp-image-38666 aligncenter\" src=\"https:\/\/keluvo.com\/template\/wp-content\/uploads\/sites\/5\/2025\/10\/FM1_a011c57d-c60a-4396-87a4-f9889d17855e.webp\" alt=\"\" \/><\/p>\n<h2 style=\"text-align: center;\" data-start=\"921\" data-end=\"940\">\ud83e\uddfe Slik Bruker Du Det<\/h2>\n<ol data-start=\"941\" data-end=\"1207\">\n<li data-start=\"941\" data-end=\"988\">\n<p data-start=\"944\" data-end=\"988\">Ta ut klipset og speilet fra esken.<\/p>\n<\/li>\n<li data-start=\"989\" data-end=\"1024\">\n<p data-start=\"992\" data-end=\"1024\">Fest speilet til klipset.<\/p>\n<\/li>\n<li data-start=\"1025\" data-end=\"1076\">\n<p data-start=\"1028\" data-end=\"1076\">Fest klipset p\u00e5 telefonens bakre kamera.<\/p>\n<\/li>\n<li data-start=\"1077\" data-end=\"1133\">\n<p data-start=\"1080\" data-end=\"1133\">Juster speilet slik at det passer perfekt til linsen.<\/p>\n<\/li>\n<li data-start=\"1134\" data-end=\"1207\">\n<p data-start=\"1137\" data-end=\"1207\">Bruk den medf\u00f8lgende selfiefjernkontrollen til \u00e5 ta fantastiske refleksjonsbilder.<\/p>\n<\/li>\n<\/ol>\n<h2 style=\"text-align: center;\" data-start=\"1214\" data-end=\"1238\">\ud83d\udccf Produktdetaljer<\/h2>\n<ul data-start=\"1239\" data-end=\"1472\">\n<li data-start=\"1239\" data-end=\"1264\">\n<p data-start=\"1241\" data-end=\"1264\">Materiale: Glass + PVC<\/p>\n<\/li>\n<li data-start=\"1265\" data-end=\"1290\">\n<p data-start=\"1267\" data-end=\"1290\">Color: Svart, hvit, rosa<\/p>\n<\/li>\n<li data-start=\"1291\" data-end=\"1342\">\n<p data-start=\"1293\" data-end=\"1342\">St\u00f8rrelse: 8,5 x 13 x 3,5 cm<\/p>\n<\/li>\n<li data-start=\"1343\" data-end=\"1361\">\n<p data-start=\"1345\" data-end=\"1361\">Vekt: 91,8 g<\/p>\n<\/li>\n<li data-start=\"1362\" data-end=\"1402\">\n<p data-start=\"1364\" data-end=\"1402\">Kompatibilitet: Passer til de fleste smarttelefoner<\/p>\n<\/li>\n<li data-start=\"1403\" data-end=\"1472\">\n<p data-start=\"1405\" data-end=\"1472\">Funksjoner: Justerbar klips, gjenbrukbar design, selfie-fjernkontroll<\/p>\n<\/li>\n<\/ul>\n<h2 style=\"text-align: center;\" data-start=\"1479\" data-end=\"1504\">\ud83d\udce6 Pakken inneholder<\/h2>\n<ul data-start=\"1505\" data-end=\"1597\">\n<li data-start=\"1505\" data-end=\"1575\">\n<p data-start=\"1507\" data-end=\"1575\">1x refleksjonskamera speil klips sett (speil, refleksjonsklips, skinnveske, t\u00f8rkeklut).<\/p>\n<\/li>\n<\/ul>\n","protected":false},"excerpt":{"rendered":"<p>Gj\u00f8r Telefonen Din Om Til Et Profesjonelt Kamera P\u00e5 F\u00e5 Sekunder \ud83d\udcf8 Fotografer kreative bilder og videoer av h\u00f8y kvalitet [&hellip;]<\/p>\n","protected":false},"featured_media":52497,"comment_status":"open","ping_status":"closed","template":"","meta":{"site-sidebar-layout":"default","site-content-layout":"","ast-site-content-layout":"default","site-content-style":"default","site-sidebar-style":"default","ast-global-header-display":"","ast-banner-title-visibility":"","ast-main-header-display":"","ast-hfb-above-header-display":"","ast-hfb-below-header-display":"","ast-hfb-mobile-header-display":"","site-post-title":"","ast-breadcrumbs-content":"","ast-featured-img":"","footer-sml-layout":"","theme-transparent-header-meta":"default","adv-header-id-meta":"","stick-header-meta":"","header-above-stick-meta":"","header-main-stick-meta":"","header-below-stick-meta":"","astra-migrate-meta-layouts":"set","ast-page-background-enabled":"default","ast-page-background-meta":{"desktop":{"background-color":"var(--ast-global-color-4)","background-image":"","background-repeat":"repeat","background-position":"center center","background-size":"auto","background-attachment":"scroll","background-type":"","background-media":"","overlay-type":"","overlay-color":"","overlay-opacity":"","overlay-gradient":""},"tablet":{"background-color":"","background-image":"","background-repeat":"repeat","background-position":"center center","background-size":"auto","background-attachment":"scroll","background-type":"","background-media":"","overlay-type":"","overlay-color":"","overlay-opacity":"","overlay-gradient":""},"mobile":{"background-color":"","background-image":"","background-repeat":"repeat","background-position":"center center","background-size":"auto","background-attachment":"scroll","background-type":"","background-media":"","overlay-type":"","overlay-color":"","overlay-opacity":"","overlay-gradient":""}},"ast-content-background-meta":{"desktop":{"background-color":"var(--ast-global-color-5)","background-image":"","background-repeat":"repeat","background-position":"center center","background-size":"auto","background-attachment":"scroll","background-type":"","background-media":"","overlay-type":"","overlay-color":"","overlay-opacity":"","overlay-gradient":""},"tablet":{"background-color":"var(--ast-global-color-5)","background-image":"","background-repeat":"repeat","background-position":"center center","background-size":"auto","background-attachment":"scroll","background-type":"","background-media":"","overlay-type":"","overlay-color":"","overlay-opacity":"","overlay-gradient":""},"mobile":{"background-color":"var(--ast-global-color-5)","background-image":"","background-repeat":"repeat","background-position":"center center","background-size":"auto","background-attachment":"scroll","background-type":"","background-media":"","overlay-type":"","overlay-color":"","overlay-opacity":"","overlay-gradient":""}}},"product_brand":[],"product_cat":[15],"product_tag":[],"class_list":{"0":"post-52501","1":"product","2":"type-product","3":"status-publish","4":"has-post-thumbnail","6":"product_cat-uncategorized","7":"pa_29950_qmh13lem-hvit","8":"pa_29950_qmh13lem-rosa","9":"pa_29950_qmh13lem-svart","10":"desktop-align-left","11":"tablet-align-left","12":"mobile-align-left","14":"first","15":"instock","16":"shipping-taxable","17":"purchasable","18":"product-type-variable"},"_links":{"self":[{"href":"https:\/\/keluvo.com\/no\/wp-json\/wp\/v2\/product\/52501","targetHints":{"allow":["GET"]}}],"collection":[{"href":"https:\/\/keluvo.com\/no\/wp-json\/wp\/v2\/product"}],"about":[{"href":"https:\/\/keluvo.com\/no\/wp-json\/wp\/v2\/types\/product"}],"replies":[{"embeddable":true,"href":"https:\/\/keluvo.com\/no\/wp-json\/wp\/v2\/comments?post=52501"}],"wp:featuredmedia":[{"embeddable":true,"href":"https:\/\/keluvo.com\/no\/wp-json\/wp\/v2\/media\/52497"}],"wp:attachment":[{"href":"https:\/\/keluvo.com\/no\/wp-json\/wp\/v2\/media?parent=52501"}],"wp:term":[{"taxonomy":"product_brand","embeddable":true,"href":"https:\/\/keluvo.com\/no\/wp-json\/wp\/v2\/product_brand?post=52501"},{"taxonomy":"product_cat","embeddable":true,"href":"https:\/\/keluvo.com\/no\/wp-json\/wp\/v2\/product_cat?post=52501"},{"taxonomy":"product_tag","embeddable":true,"href":"https:\/\/keluvo.com\/no\/wp-json\/wp\/v2\/product_tag?post=52501"}],"curies":[{"name":"wp","href":"https:\/\/api.w.org\/{rel}","templated":true}]}}