{"id":52259,"date":"2025-10-28T11:36:53","date_gmt":"2025-10-28T09:36:53","guid":{"rendered":"https:\/\/keluvo.com\/no\/produkt\/trestrukturrulle-2-stk\/"},"modified":"2025-10-29T19:43:06","modified_gmt":"2025-10-29T17:43:06","slug":"trestrukturrulle-2-stk","status":"publish","type":"product","link":"https:\/\/keluvo.com\/no\/produkt\/trestrukturrulle-2-stk\/","title":{"rendered":"Trestrukturrulle (2 stk)"},"content":{"rendered":"<p style=\"text-align: center;\" data-start=\"0\" data-end=\"57\"><strong data-start=\"0\" data-end=\"55\">Forvandle Alle Overflater Til Vakkert Treverk \u2014 Umiddelbart \ud83c\udf33<\/strong><\/p>\n<p style=\"text-align: center;\" data-start=\"59\" data-end=\"346\">Denne trestrukturrullen gj\u00f8r det enkelt \u00e5 skape realistiske m\u00f8nstre med tre\u00e5rer p\u00e5 vegger, m\u00f8bler, d\u00f8rer og mye mer. Enten du dekorerer hjemmet ditt eller oppgraderer gamle gjenstander, gir den deg et naturlig treutseende uten kostnaden eller innsatsen til ekte tre &#8211; enkel, gjenbrukbar og morsom \u00e5 bruke!<\/p>\n<p data-start=\"59\" data-end=\"346\"><img decoding=\"async\" class=\"size-full wp-image-38385 aligncenter\" src=\"https:\/\/keluvo.com\/template\/wp-content\/uploads\/sites\/5\/2025\/10\/10226-ezgif.com-video-to-webp-converter-1.webp\" alt=\"&quot;\" \/><\/p>\n<h2 style=\"text-align: center;\" data-start=\"353\" data-end=\"375\">\ud83c\udf1f Hovedfordeler<\/h2>\n<p data-start=\"378\" data-end=\"464\">\ud83c\udfa8 Realistisk treeffekt &#8211; skaper \u00f8yeblikkelig naturlig utseende trekornm\u00f8nstre.<\/p>\n<p data-start=\"467\" data-end=\"550\">\ud83e\uddf1 Fungerer p\u00e5 alle overflater &#8211; Perfekt for vegger, metall, plast, gummi eller stein.<\/p>\n<p data-start=\"553\" data-end=\"622\">\ud83d\udd01 Gjenbrukbar og enkel \u00e5 rengj\u00f8re &#8211; Bare skyll med vann etter bruk.<\/p>\n<p data-start=\"625\" data-end=\"726\">\ud83d\udcaa Slitesterk design &#8211; Laget av giftfri, luktfri gummi som er slitesterk og har lang holdbarhet.<\/p>\n<p data-start=\"729\" data-end=\"824\">\ud83c\udfe0 Gj\u00f8r-det-selv-vennlig &#8211; Ingen erfaring er n\u00f8dvendig &#8211; perfekt for innredningsprosjekter og veggoppussing.<\/p>\n<p data-start=\"729\" data-end=\"824\"><img decoding=\"async\" class=\"size-full wp-image-38388 aligncenter\" src=\"https:\/\/keluvo.com\/template\/wp-content\/uploads\/sites\/5\/2025\/10\/10225-ezgif.com-video-to-webp-converter-1.webp\" alt=\"\" \/><\/p>\n<h2 style=\"text-align: center;\" data-start=\"831\" data-end=\"850\">\ud83e\uddfe Slik Bruker Du Det<\/h2>\n<ol data-start=\"851\" data-end=\"1182\">\n<li data-start=\"851\" data-end=\"909\">\n<p data-start=\"854\" data-end=\"909\">Grunning av veggen eller overflaten og la den t\u00f8rke helt.<\/p>\n<\/li>\n<li data-start=\"910\" data-end=\"948\">\n<p data-start=\"913\" data-end=\"948\">P\u00e5f\u00f8r et jevnt toppstr\u00f8k med maling.<\/p>\n<\/li>\n<li data-start=\"949\" data-end=\"1046\">\n<p data-start=\"952\" data-end=\"1046\">F\u00f8r malingen t\u00f8rker, drar du rullen over overflaten for \u00e5 skape et m\u00f8nster av trekorn.<\/p>\n<\/li>\n<li data-start=\"1047\" data-end=\"1110\">\n<p data-start=\"1050\" data-end=\"1110\">Juster vinkelen p\u00e5 rullen for \u00e5 f\u00e5 en mer naturlig, variert effekt.<\/p>\n<\/li>\n<li data-start=\"1111\" data-end=\"1182\">\n<p data-start=\"1114\" data-end=\"1182\">Vask rullen med vann etter bruk og la den t\u00f8rke til neste gang.<\/p>\n<\/li>\n<\/ol>\n<h2 style=\"text-align: center;\" data-start=\"1189\" data-end=\"1213\">\ud83d\udccf Produktdetaljer<\/h2>\n<ul data-start=\"1214\" data-end=\"1437\">\n<li data-start=\"1252\" data-end=\"1280\">\n<p data-start=\"1254\" data-end=\"1280\">Materiale: Slitesterk gummi<\/p>\n<\/li>\n<li data-start=\"1281\" data-end=\"1295\">\n<p data-start=\"1283\" data-end=\"1295\">Farge: R\u00f8d<\/p>\n<\/li>\n<li data-start=\"1296\" data-end=\"1358\">\n<p data-start=\"1298\" data-end=\"1358\">Funksjoner: Giftfri, luktfri, gjenbrukbar og enkel \u00e5 rengj\u00f8re<\/p>\n<\/li>\n<li data-start=\"1359\" data-end=\"1437\">\n<p data-start=\"1361\" data-end=\"1437\">Egnet for: Vegger, m\u00f8bler, metall, plast, gummi og steinoverflater<\/p>\n<\/li>\n<\/ul>\n<h2 style=\"text-align: center;\" data-start=\"1444\" data-end=\"1469\">\ud83d\udce6 Pakken inneholder<\/h2>\n<ul data-start=\"1470\" data-end=\"1497\">\n<li data-start=\"1470\" data-end=\"1497\">\n<p data-start=\"1472\" data-end=\"1497\">2x trestrukturrulle.<\/p>\n<\/li>\n<\/ul>\n","protected":false},"excerpt":{"rendered":"<p>Forvandle Alle Overflater Til Vakkert Treverk \u2014 Umiddelbart \ud83c\udf33 Denne trestrukturrullen gj\u00f8r det enkelt \u00e5 skape realistiske m\u00f8nstre med tre\u00e5rer [&hellip;]<\/p>\n","protected":false},"featured_media":52255,"comment_status":"open","ping_status":"closed","template":"","meta":{"site-sidebar-layout":"default","site-content-layout":"","ast-site-content-layout":"default","site-content-style":"default","site-sidebar-style":"default","ast-global-header-display":"","ast-banner-title-visibility":"","ast-main-header-display":"","ast-hfb-above-header-display":"","ast-hfb-below-header-display":"","ast-hfb-mobile-header-display":"","site-post-title":"","ast-breadcrumbs-content":"","ast-featured-img":"","footer-sml-layout":"","theme-transparent-header-meta":"default","adv-header-id-meta":"","stick-header-meta":"","header-above-stick-meta":"","header-main-stick-meta":"","header-below-stick-meta":"","astra-migrate-meta-layouts":"set","ast-page-background-enabled":"default","ast-page-background-meta":{"desktop":{"background-color":"var(--ast-global-color-4)","background-image":"","background-repeat":"repeat","background-position":"center center","background-size":"auto","background-attachment":"scroll","background-type":"","background-media":"","overlay-type":"","overlay-color":"","overlay-opacity":"","overlay-gradient":""},"tablet":{"background-color":"","background-image":"","background-repeat":"repeat","background-position":"center center","background-size":"auto","background-attachment":"scroll","background-type":"","background-media":"","overlay-type":"","overlay-color":"","overlay-opacity":"","overlay-gradient":""},"mobile":{"background-color":"","background-image":"","background-repeat":"repeat","background-position":"center center","background-size":"auto","background-attachment":"scroll","background-type":"","background-media":"","overlay-type":"","overlay-color":"","overlay-opacity":"","overlay-gradient":""}},"ast-content-background-meta":{"desktop":{"background-color":"var(--ast-global-color-5)","background-image":"","background-repeat":"repeat","background-position":"center center","background-size":"auto","background-attachment":"scroll","background-type":"","background-media":"","overlay-type":"","overlay-color":"","overlay-opacity":"","overlay-gradient":""},"tablet":{"background-color":"var(--ast-global-color-5)","background-image":"","background-repeat":"repeat","background-position":"center center","background-size":"auto","background-attachment":"scroll","background-type":"","background-media":"","overlay-type":"","overlay-color":"","overlay-opacity":"","overlay-gradient":""},"mobile":{"background-color":"var(--ast-global-color-5)","background-image":"","background-repeat":"repeat","background-position":"center center","background-size":"auto","background-attachment":"scroll","background-type":"","background-media":"","overlay-type":"","overlay-color":"","overlay-opacity":"","overlay-gradient":""}}},"product_brand":[],"product_cat":[1001,996],"product_tag":[],"class_list":{"0":"post-52259","1":"product","2":"type-product","3":"status-publish","4":"has-post-thumbnail","6":"product_cat-husholdningsartikler","7":"product_cat-verktoy","8":"pa_28399_1jgxy7j5-a","9":"pa_28399_1jgxy7j5-b","10":"desktop-align-left","11":"tablet-align-left","12":"mobile-align-left","14":"first","15":"instock","16":"shipping-taxable","17":"purchasable","18":"product-type-variable"},"_links":{"self":[{"href":"https:\/\/keluvo.com\/no\/wp-json\/wp\/v2\/product\/52259","targetHints":{"allow":["GET"]}}],"collection":[{"href":"https:\/\/keluvo.com\/no\/wp-json\/wp\/v2\/product"}],"about":[{"href":"https:\/\/keluvo.com\/no\/wp-json\/wp\/v2\/types\/product"}],"replies":[{"embeddable":true,"href":"https:\/\/keluvo.com\/no\/wp-json\/wp\/v2\/comments?post=52259"}],"wp:featuredmedia":[{"embeddable":true,"href":"https:\/\/keluvo.com\/no\/wp-json\/wp\/v2\/media\/52255"}],"wp:attachment":[{"href":"https:\/\/keluvo.com\/no\/wp-json\/wp\/v2\/media?parent=52259"}],"wp:term":[{"taxonomy":"product_brand","embeddable":true,"href":"https:\/\/keluvo.com\/no\/wp-json\/wp\/v2\/product_brand?post=52259"},{"taxonomy":"product_cat","embeddable":true,"href":"https:\/\/keluvo.com\/no\/wp-json\/wp\/v2\/product_cat?post=52259"},{"taxonomy":"product_tag","embeddable":true,"href":"https:\/\/keluvo.com\/no\/wp-json\/wp\/v2\/product_tag?post=52259"}],"curies":[{"name":"wp","href":"https:\/\/api.w.org\/{rel}","templated":true}]}}